{"id":3475,"date":"2025-05-12T04:09:11","date_gmt":"2025-05-12T04:09:11","guid":{"rendered":"https:\/\/sinkwithfaucet.com\/?post_type=product&#038;p=3475"},"modified":"2025-05-12T04:09:11","modified_gmt":"2025-05-12T04:09:11","slug":"brass-kitchen-faucet-5001","status":"publish","type":"product","link":"https:\/\/sinkwithfaucet.com\/tr\/brass-kitchen-faucet-5001\/","title":{"rendered":"Pirin\u00e7 Mutfak Bataryas\u0131 5001"},"content":{"rendered":"<h1 id=\"-best-brass-kitchen-faucet-strong-stylish-for-your-home-\"><strong>En \u0130yi Pirin\u00e7 Mutfak Bataryas\u0131 - Eviniz \u0130\u00e7in G\u00fc\u00e7l\u00fc ve \u015e\u0131k<\/strong><\/h1>\n<h3 id=\"-why-choose-a-brass-kitchen-faucet-\"><strong>Neden Pirin\u00e7 Mutfak Bataryas\u0131 Se\u00e7melisiniz?<\/strong><\/h3>\n<ul>\n<li><strong>G\u00fc\u00e7l\u00fc<\/strong>\u00a0- \u015eunlardan yap\u0131lm\u0131\u015ft\u0131r\u00a0<strong>som pirin\u00e7<\/strong>y\u0131llarca s\u00fcrer.<\/li>\n<li><strong>G\u00fczel<\/strong>\u00a0- Mutfa\u011f\u0131n\u0131za s\u0131cak bir hava verir,\u00a0<strong>l\u00fcks g\u00f6r\u00fcn\u00fcm<\/strong>.<\/li>\n<li><strong>Kolay Temizlenir<\/strong>\u00a0- Hi\u00e7bir leke veya leke yap\u0131\u015fmaz.<\/li>\n<\/ul>\n<p>\u0130stiyorum\u00a0<strong>modern pirin\u00e7 musluk<\/strong>\u00a0evinize uygun mu? Bizim bak\u0131n\u00a0<strong>\u015fik mutfaklar i\u0307\u00e7i\u0307n en i\u0307yi\u0307 2025 se\u00e7i\u0307m<\/strong>.<\/p>\n<hr \/>\n<h2 id=\"-1-best-brass-faucet-types-\"><strong>1. En \u0130yi Pirin\u00e7 Musluk \u00c7e\u015fitleri<\/strong><\/h2>\n<table>\n<thead>\n<tr>\n<th><strong>Tip<\/strong><\/th>\n<th><strong>\u0130\u00e7in En \u0130yisi<\/strong><\/th>\n<th><strong>Neden \u0130yi<\/strong><\/th>\n<\/tr>\n<\/thead>\n<tbody>\n<tr>\n<td><strong>K\u00f6pr\u00fc Musluk<\/strong><\/td>\n<td>Eski tarz mutfaklar<\/td>\n<td>G\u00fc\u00e7l\u00fc\u00a0<strong>vintage g\u00f6r\u00fcn\u00fcm<\/strong>, s\u0131cak\/so\u011fuk i\u00e7in iki tutamak<\/td>\n<\/tr>\n<tr>\n<td><strong>A\u015fa\u011f\u0131 \u00c7ekilebilir Musluk<\/strong><\/td>\n<td>Me\u015fgul mutfaklar<\/td>\n<td><strong>Esnek p\u00fcsk\u00fcrt\u00fcc\u00fc<\/strong>\u00a0b\u00fcy\u00fck tencereleri y\u0131kamak i\u00e7in<\/td>\n<\/tr>\n<tr>\n<td><strong>Tek Delikli Musluk<\/strong><\/td>\n<td>K\u00fc\u00e7\u00fck mutfaklar<\/td>\n<td><strong>Yer tasarrufu sa\u011flar<\/strong>, \u015f\u0131k ve sade<\/td>\n<\/tr>\n<\/tbody>\n<\/table>\n<blockquote><p>\ud83d\udca1\u00a0<strong>\u0130pucu:<\/strong>\u00a0<strong>Tek delikli bataryalar<\/strong>\u00a0istiyorsan\u0131z en iyisi\u00a0<strong>kurulumu kolay mutfak y\u00fckseltmesi<\/strong>.<\/p><\/blockquote>\n<hr \/>\n<h2 id=\"-2-key-features-to-look-for-\"><strong>2. Aranacak Temel \u00d6zellikler<\/strong><\/h2>\n<p>\u2705\u00a0<strong>G\u00fc\u00e7l\u00fc Pirin\u00e7 Yap\u0131<\/strong>\u00a0- Paslanmaz veya k\u0131r\u0131lmaz. \u2705\u00a0<strong>Y\u00fcksek Arkl\u0131 \u00c7\u0131k\u0131\u015f<\/strong>\u00a0- Uzun tencere ve s\u00fcrahilere uyar. \u2705\u00a0<strong>Kolay Tutu\u015flu Kulplar<\/strong>\u00a0- P\u00fcr\u00fczs\u00fcz kollar veya d\u00fc\u011fmeler. \u2705\u00a0<strong>Lekesiz Kaplama<\/strong>\u00a0- Filigran veya leke yok. \u2705\u00a0<strong>Su Tasarrufu<\/strong>\u00a0- Faturalar\u0131 d\u00fc\u015f\u00fcrmeye yard\u0131mc\u0131 olur.<\/p>\n<p>Hakk\u0131nda daha fazla bilgi edinin\u00a0<strong>neden pirin\u00e7 musluklar en uzun \u00f6m\u00fcrl\u00fcd\u00fcr<\/strong>.<\/p>\n<hr \/>\n<h2 id=\"-3-how-to-pick-the-right-one-\"><strong>3. Do\u011fru Olan Nas\u0131l Se\u00e7ilir?<\/strong><\/h2>\n<h3 id=\"-step-1-measure-your-sink-\"><strong>Ad\u0131m 1: Lavabonuzu \u00d6l\u00e7\u00fcn<\/strong><\/h3>\n<ul>\n<li><strong>1 delik<\/strong>\u00a0= tek kulplu musluk<\/li>\n<li><strong>3 delik<\/strong>\u00a0= k\u00f6pr\u00fc veya yayvan musluk<\/li>\n<\/ul>\n<h3 id=\"-step-2-choose-your-style-\"><strong>Ad\u0131m 2: Stilinizi Se\u00e7in<\/strong><\/h3>\n<ul>\n<li><strong>Parlak pirin\u00e7<\/strong>\u00a0- S\u00fcsl\u00fc mutfaklar i\u00e7in.<\/li>\n<li><strong>Mat pirin\u00e7<\/strong>\u00a0- Modern evler i\u00e7in.<\/li>\n<li><strong>Verniklenmemi\u015f pirin\u00e7<\/strong>\u00a0- Zaman i\u00e7inde renk de\u011fi\u015ftirir.<\/li>\n<\/ul>\n<h3 id=\"-step-3-check-the-sprayer-\"><strong>Ad\u0131m 3: P\u00fcsk\u00fcrt\u00fcc\u00fcy\u00fc Kontrol Edin<\/strong><\/h3>\n<ul>\n<li><strong>A\u015fa\u011f\u0131 \u00e7ekilebilir<\/strong>\u00a0- Temizlik i\u00e7in en iyisi.<\/li>\n<li><strong>Yan sprey<\/strong>\u00a0- Tencere doldurmak i\u00e7in daha h\u0131zl\u0131.<\/li>\n<\/ul>\n<p>Daha fazla yard\u0131ma m\u0131 ihtiyac\u0131n\u0131z var? Bizim okuyun\u00a0<strong>mutfak bataryas\u0131 sat\u0131n alma rehberi<\/strong>.<\/p>\n<hr \/>\n<h2 id=\"-5-ready-to-upgrade-\"><strong>5. Y\u00fckseltmeye Haz\u0131r m\u0131s\u0131n\u0131z?<\/strong><\/h2>\n<p>Bir tane se\u00e7\u00a0<strong>pirin\u00e7 musluk<\/strong>\u00a0Bu: \u2714 Lavabo deliklerinize uyar \u2714 Mutfak tarz\u0131n\u0131za uyar \u2714 Bir\u00a0<strong>iyi p\u00fcsk\u00fcrt\u00fcc\u00fc<\/strong><\/p>\n<p>\u27a1\u00a0<strong>Bug\u00fcn en iyi pirin\u00e7 musluklar\u0131 sat\u0131n al\u0131n!<\/strong><\/p>","protected":false},"excerpt":{"rendered":"<p>1. G\u00f6vde: pirin\u00e7<\/p>\n<p>2. Sap: pirin\u00e7<\/p>\n<p>3. Havaland\u0131r\u0131c\u0131:Mingdi<\/p>\n<p>4. Du\u015f ba\u015fl\u0131\u011f\u0131: \u00dc\u00e7 Fonksiyonlu Sprey<\/p>\n<p>5. Kartu\u015f: 35mm Wanhai<\/p>\n<p>6. D\u0131\u015far\u0131 \u00c7ekilebilir Hortum: Gri Naylon Plastik (1,5M)<\/p>\n<p>7. Su besleme Hortumu: 600mm, G 1\/2<\/p>\n<p>8. Y\u00fczey \u0130\u015flem: F\u0131r\u00e7alanm\u0131\u015f Kaplama \/ siyah + alt\u0131n<\/p>","protected":false},"featured_media":3476,"template":"","meta":[],"product_brand":[],"product_cat":[57],"product_tag":[],"class_list":{"0":"post-3475","1":"product","2":"type-product","3":"status-publish","4":"has-post-thumbnail","6":"product_cat-stainless-steel-faucet","8":"first","9":"instock","10":"shipping-taxable","11":"product-type-simple"},"_links":{"self":[{"href":"https:\/\/sinkwithfaucet.com\/tr\/wp-json\/wp\/v2\/product\/3475","targetHints":{"allow":["GET"]}}],"collection":[{"href":"https:\/\/sinkwithfaucet.com\/tr\/wp-json\/wp\/v2\/product"}],"about":[{"href":"https:\/\/sinkwithfaucet.com\/tr\/wp-json\/wp\/v2\/types\/product"}],"wp:featuredmedia":[{"embeddable":true,"href":"https:\/\/sinkwithfaucet.com\/tr\/wp-json\/wp\/v2\/media\/3476"}],"wp:attachment":[{"href":"https:\/\/sinkwithfaucet.com\/tr\/wp-json\/wp\/v2\/media?parent=3475"}],"wp:term":[{"taxonomy":"product_brand","embeddable":true,"href":"https:\/\/sinkwithfaucet.com\/tr\/wp-json\/wp\/v2\/product_brand?post=3475"},{"taxonomy":"product_cat","embeddable":true,"href":"https:\/\/sinkwithfaucet.com\/tr\/wp-json\/wp\/v2\/product_cat?post=3475"},{"taxonomy":"product_tag","embeddable":true,"href":"https:\/\/sinkwithfaucet.com\/tr\/wp-json\/wp\/v2\/product_tag?post=3475"}],"curies":[{"name":"wp","href":"https:\/\/api.w.org\/{rel}","templated":true}]}}