{"id":3469,"date":"2025-05-12T03:38:46","date_gmt":"2025-05-12T03:38:46","guid":{"rendered":"https:\/\/sinkwithfaucet.com\/?post_type=product&#038;p=3469"},"modified":"2025-05-12T03:38:46","modified_gmt":"2025-05-12T03:38:46","slug":"single-lever-kitchen-faucet-5002","status":"publish","type":"product","link":"https:\/\/sinkwithfaucet.com\/tr\/single-lever-kitchen-faucet-5002\/","title":{"rendered":"Tek Kollu Mutfak Bataryas\u0131 5002"},"content":{"rendered":"<h1 id=\"-easy-to-use-single-lever-kitchen-faucet-\"><strong>Kullan\u0131m\u0131 Kolay Tek Kollu Mutfak Bataryas\u0131<\/strong><\/h1>\n<h2 id=\"-why-buy-a-single-lever-kitchen-faucet-\"><strong>Neden Tek Kollu Mutfak Bataryas\u0131 Sat\u0131n Almal\u0131s\u0131n\u0131z?<\/strong><\/h2>\n<p>Tek kollu mutfak bataryas\u0131, s\u0131cak ve so\u011fuk su i\u00e7in tek elle kontrol ile hayat\u0131n\u0131z\u0131 kolayla\u015ft\u0131r\u0131r. Art\u0131k iki kulpla u\u011fra\u015fmak yok!<\/p>\n<p>\u2705\u00a0<strong>Size zaman kazand\u0131r\u0131r<\/strong>\u00a0- Ayarla\u00a0<strong>s\u0131cakl\u0131k ve ak\u0131\u015f<\/strong>\u00a0H\u0131zl\u0131.<\/p>\n<p>\u2705\u00a0<strong>K\u00fc\u00e7\u00fck mutfaklara uyar<\/strong>\u00a0- Bu\u00a0<strong>kol kolu<\/strong>\u00a0dar alanlarda bile kolayca d\u00f6ner.<\/p>\n<p>\u2705\u00a0<strong>G\u00fc\u00e7l\u00fc par\u00e7alar<\/strong>\u00a0-\u00a0<strong>Seramik kartu\u015f<\/strong>\u00a0s\u0131z\u0131nt\u0131lar\u0131 durdurur.<\/p>\n<p>\u2705\u00a0<strong>Modaya uygun g\u00f6r\u00fcn\u00fcmler<\/strong>\u00a0- Yeni\u00a0<strong>2025 tasar\u0131mlar\u0131<\/strong>\u00a0gibi\u00a0<strong>k\u00f6pr\u00fc bataryalari<\/strong>\u00a0ve\u00a0<strong>y\u00fcksek kemer musluklar\u0131<\/strong>.<\/p>\n<hr \/>\n<h2 id=\"-best-features-\"><strong>En \u0130yi \u00d6zellikler<\/strong><\/h2>\n<p>\u2714\u00a0<strong>1. Basit Kol Kontrol\u00fc<\/strong><\/p>\n<ul>\n<li><strong>Sadece bir kolu yukar\u0131\/a\u015fa\u011f\u0131 hareket ettirin<\/strong>\u00a0su ak\u0131\u015f\u0131 i\u00e7in.<\/li>\n<li>Sola d\u00f6n\u00fcn\u00a0<strong>so\u011fuk<\/strong>i\u00e7in do\u011fru\u00a0<strong>S\u0131cak<\/strong>.<\/li>\n<li>\u015eunun i\u00e7in harika\u00a0<strong>\u00e7ocuklar &amp; ya\u015flilar<\/strong>.<\/li>\n<\/ul>\n<p>\u2714\u00a0<strong>2. A\u015fa\u011f\u0131 \u00c7ekilebilir P\u00fcsk\u00fcrt\u00fcc\u00fc<\/strong><\/p>\n<ul>\n<li><strong>P\u00fcsk\u00fcrtme ba\u015fl\u0131\u011f\u0131<\/strong>\u00a0b\u00fcy\u00fck tencereleri y\u0131kamaya yard\u0131m eder.<\/li>\n<li>Aras\u0131nda ge\u00e7i\u015f yapar\u00a0<strong>ak\u0131nt\u0131 ve sprey<\/strong>.<\/li>\n<\/ul>\n<p>\u2714\u00a0<strong>3. G\u00fc\u00e7l\u00fc ve Dayan\u0131kl\u0131<\/strong><\/p>\n<ul>\n<li>ile yap\u0131lm\u0131\u015ft\u0131r\u00a0<strong>som pirin\u00e7 veya metal<\/strong>.<\/li>\n<li><strong>Seramik par\u00e7alar<\/strong>\u00a0damlama yok demek.<\/li>\n<li><strong>Vandalizme kar\u015f\u0131 dayan\u0131kl\u0131<\/strong> okullar + ofisler i\u00e7in<\/li>\n<\/ul>\n<p>\u2714\u00a0<strong>4. Her Tarza Uyar<\/strong><\/p>\n<ul>\n<li><strong>2025 en \u00f6nemli trendleri<\/strong>:\n<ul>\n<li><strong>K\u00f6pr\u00fc musluklar\u0131<\/strong>\u00a0(a\u00e7\u0131kta kalan borular haval\u0131 g\u00f6r\u00fcn\u00fcr).<\/li>\n<li><strong>Mat siyah\/alt\u0131n<\/strong>\u00a0Renkler.<\/li>\n<li><strong>Duvara veya g\u00fcverteye montaj<\/strong>\u00a0se\u00e7enekler.<\/li>\n<\/ul>\n<\/li>\n<\/ul>\n<hr \/>\n<h2 id=\"-technical-details-\"><strong>Teknik Ayr\u0131nt\u0131lar<\/strong><\/h2>\n<table>\n<thead>\n<tr>\n<th><strong>\u00d6zellik<\/strong><\/th>\n<th><strong>Ne anlama geliyor<\/strong><\/th>\n<\/tr>\n<\/thead>\n<tbody>\n<tr>\n<td><strong>Ak\u0131\u015f H\u0131z\u0131<\/strong><\/td>\n<td><strong>Dakikada 1,5 galon<\/strong>\u00a0(su tasarrufu sa\u011flar).<\/td>\n<\/tr>\n<tr>\n<td><strong>\u00c7\u0131k\u0131\u015f Y\u00fcksekli\u011fi<\/strong><\/td>\n<td><strong>15-20 in\u00e7<\/strong>\u00a0(uzun saks\u0131lara uyar).<\/td>\n<\/tr>\n<tr>\n<td><strong>Delik Gerekli<\/strong><\/td>\n<td><strong>1 veya 3 delik<\/strong>\u00a0(\u00e7o\u011fu lavabo ile \u00e7al\u0131\u015f\u0131r).<\/td>\n<\/tr>\n<tr>\n<td><strong>Garanti<\/strong><\/td>\n<td><strong>Par\u00e7alarda \u00f6m\u00fcr boyu<\/strong>\u00a0(s\u0131z\u0131nt\u0131 yok!).<\/td>\n<\/tr>\n<\/tbody>\n<\/table>\n<hr \/>\n<h2 id=\"-who-should-buy-this-\"><strong>Bunu Kimler Almal\u0131?<\/strong><\/h2>\n<p>\ud83d\udc69\ud83c\udf73\u00a0<strong>Me\u015fgul a\u015f\u00e7\u0131lar<\/strong>\u00a0-\u00a0<strong>Tek elle kullan\u0131m<\/strong>\u00a0yiyecek tutarken.<\/p>\n<p>\ud83c\udfe0\u00a0<strong>K\u00fc\u00e7\u00fck mutfaklar<\/strong>\u00a0-\u00a0<strong>90\u00b0 D\u00f6n\u00fc\u015fler<\/strong>\u00a0yer kazanmak i\u00e7in.<\/p>\n<p>\ud83c\udfeb\u00a0<strong>Okullar\/ofisler<\/strong>\u00a0-\u00a0<strong>K\u0131r\u0131lmas\u0131 zor<\/strong>\u00a0kald\u0131ra\u00e7.<\/p>\n<hr \/>\n<h2 id=\"-easy-install-\"><strong>Kolay Kurulum<\/strong><\/h2>\n<p>\ud83d\udd27\u00a0<strong>Kendin Yap dostu<\/strong>\u00a0- Uyuyor\u00a0<strong>30 dakika i\u00e7inde en \u00e7ok batan<\/strong>. \ud83d\udee0\u00a0<strong>Yard\u0131ma ihtiyac\u0131n\u0131z var m\u0131?<\/strong>\u00a0- \u0130\u015fe al\u0131n\u00a0<strong>duvara montaj i\u00e7in profesyonel<\/strong>\u00a0kurulumlar.<\/p>\n<hr \/>\n<h2 id=\"-final-thoughts-\"><strong>Son D\u00fc\u015f\u00fcnceler<\/strong><\/h2>\n<p>A\u00a0<strong>tek kollu mutfak bataryas\u0131<\/strong>\u00a0o\u00a0<strong>basit, g\u00fc\u00e7l\u00fc ve \u015f\u0131k<\/strong>. Birini se\u00e7:<\/p>\n<ul>\n<li><strong>Seramik par\u00e7alar<\/strong>\u00a0(s\u0131z\u0131nt\u0131 yok).<\/li>\n<li><strong>A\u015fa\u011f\u0131 \u00e7ekilebilir p\u00fcsk\u00fcrt\u00fcc\u00fc<\/strong>\u00a0(daha iyi temizler).<\/li>\n<li><strong>2025'in g\u00f6r\u00fcn\u00fc\u015f\u00fc<\/strong>\u00a0(mat siyah gibi).<\/li>\n<\/ul>\n<p><strong>\u2b06\ufe0f Lavabonuzu bug\u00fcn y\u00fckseltin! \u2b06\ufe0f<\/strong><\/p>","protected":false},"excerpt":{"rendered":"<p>1. G\u00f6vde: pirin\u00e7<\/p>\n<p>2. Sap: pirin\u00e7<\/p>\n<p>3. Havaland\u0131r\u0131c\u0131:Mingdi<\/p>\n<p>4. Du\u015f ba\u015fl\u0131\u011f\u0131: \u00dc\u00e7 Fonksiyonlu Sprey<\/p>\n<p>5. Kartu\u015f: 35mm Wanhai<\/p>\n<p>6. D\u0131\u015far\u0131 \u00c7ekilebilir Hortum: Gri Naylon Plastik (1,5M)<\/p>\n<p>7. Su besleme Hortumu: 600mm, G 1\/2<\/p>\n<p>8. Y\u00fczey \u0130\u015flem: F\u0131r\u00e7alanm\u0131\u015f Kaplama\/gunmetal\/gold<\/p>","protected":false},"featured_media":3470,"template":"","meta":[],"product_brand":[],"product_cat":[57],"product_tag":[],"class_list":{"0":"post-3469","1":"product","2":"type-product","3":"status-publish","4":"has-post-thumbnail","6":"product_cat-stainless-steel-faucet","8":"first","9":"instock","10":"shipping-taxable","11":"product-type-simple"},"_links":{"self":[{"href":"https:\/\/sinkwithfaucet.com\/tr\/wp-json\/wp\/v2\/product\/3469","targetHints":{"allow":["GET"]}}],"collection":[{"href":"https:\/\/sinkwithfaucet.com\/tr\/wp-json\/wp\/v2\/product"}],"about":[{"href":"https:\/\/sinkwithfaucet.com\/tr\/wp-json\/wp\/v2\/types\/product"}],"wp:featuredmedia":[{"embeddable":true,"href":"https:\/\/sinkwithfaucet.com\/tr\/wp-json\/wp\/v2\/media\/3470"}],"wp:attachment":[{"href":"https:\/\/sinkwithfaucet.com\/tr\/wp-json\/wp\/v2\/media?parent=3469"}],"wp:term":[{"taxonomy":"product_brand","embeddable":true,"href":"https:\/\/sinkwithfaucet.com\/tr\/wp-json\/wp\/v2\/product_brand?post=3469"},{"taxonomy":"product_cat","embeddable":true,"href":"https:\/\/sinkwithfaucet.com\/tr\/wp-json\/wp\/v2\/product_cat?post=3469"},{"taxonomy":"product_tag","embeddable":true,"href":"https:\/\/sinkwithfaucet.com\/tr\/wp-json\/wp\/v2\/product_tag?post=3469"}],"curies":[{"name":"wp","href":"https:\/\/api.w.org\/{rel}","templated":true}]}}