{"id":2660,"date":"2024-11-11T10:19:02","date_gmt":"2024-11-11T10:19:02","guid":{"rendered":"https:\/\/sinkwithfaucet.com\/?post_type=product&#038;p=2660"},"modified":"2024-12-27T03:10:06","modified_gmt":"2024-12-27T03:10:06","slug":"single-handle-pull-out-sprayer-kitchen-faucet","status":"publish","type":"product","link":"https:\/\/sinkwithfaucet.com\/tr\/single-handle-pull-out-sprayer-kitchen-faucet\/","title":{"rendered":"Tek Kulplu \u00c7ekmeli P\u00fcsk\u00fcrt\u00fcc\u00fc Mutfak Bataryas\u0131 1107"},"content":{"rendered":"<h2 class=\"a-size-base-plus a-text-bold\"><strong>Tek Kulplu Pull Out P\u00fcsk\u00fcrtmeli Mutfak Bataryas\u0131 Hakk\u0131nda<\/strong><\/h2>\n<ul class=\"a-unordered-list a-vertical a-spacing-mini\">\n<li class=\"a-spacing-mini\"><span class=\"a-list-item\"><strong>UZUN \u00d6M\u00dcRL\u00dc VE DAYANIKLIDIR: <\/strong>Bu mutfak muslu\u011fu, sa\u011flam bir yap\u0131ya sahip y\u00fcksek kaliteli paslanmaz \u00e7elikten yap\u0131lm\u0131\u015ft\u0131r ve y\u00fczey, a\u015f\u0131nmaya dayan\u0131kl\u0131 ve dayan\u0131kl\u0131, paslanmas\u0131 ve solmas\u0131 kolay olmayan ve uzun s\u00fcre kullan\u0131labilen y\u00fcksek s\u0131cakl\u0131kta f\u0131r\u0131n boya teknolojisini benimser.<\/span><\/li>\n<li class=\"a-spacing-mini\"><span class=\"a-list-item\"><strong>\u00c7IFT MUSLUK MODU: <\/strong>Eviye bataryas\u0131 ayr\u0131ca, farkl\u0131 ihtiya\u00e7lar\u0131n\u0131z\u0131 kar\u015f\u0131lamak i\u00e7in normal su s\u00fctunu ve g\u00fc\u00e7l\u00fc du\u015f se\u00e7enekleri aras\u0131nda kolayca de\u011fi\u015ftirilebilen \u00e7ift \u00e7\u0131k\u0131\u015f ucu i\u015fleviyle donat\u0131lm\u0131\u015ft\u0131r.<\/span><\/li>\n<li class=\"a-spacing-mini\"><span class=\"a-list-item\"><strong>SICAKLIK AYARI: <\/strong>Bu <a href=\"https:\/\/kitchensink.us\/stainless-steel-kitchen-faucet\/\" target=\"_blank\" rel=\"noopener\">lavabo muslu\u011fu<\/a> ayr\u0131ca bir s\u0131cakl\u0131k ayar fonksiyonu ile donat\u0131lm\u0131\u015ft\u0131r, istedi\u011finiz s\u0131cakl\u0131\u011f\u0131 istedi\u011finiz gibi ayarlayabilir, sizi s\u0131cak ve so\u011fuk suyu manuel olarak kar\u0131\u015ft\u0131rma zahmetinden kurtarabilirsiniz.<\/span><\/li>\n<li class=\"a-spacing-mini\"><span class=\"a-list-item\"><strong>360 DERECE D\u00d6NEBILIR: <\/strong>360 derece d\u00f6nme fonksiyonu, tam hareket ve esneklik sa\u011flayarak su ak\u0131\u015f\u0131n\u0131n lavabonun t\u00fcm k\u00f6\u015felerine esnek bir \u015fekilde ula\u015fmas\u0131na olanak tan\u0131r ve tencere ve kaselerin temizlenmesi i\u00e7in geni\u015f alan sa\u011flar.<\/span><\/li>\n<li class=\"a-spacing-mini\"><span class=\"a-list-item\"><strong>Y\u00dcKSEK KALITELI NOZUL: <\/strong>Yumu\u015fak cilt k\u00f6p\u00fcrt\u00fcc\u00fc sadece su ak\u0131\u015f\u0131n\u0131 k\u00f6p\u00fck a\u00e7\u0131s\u0131ndan zengin, yumu\u015fak ve s\u0131\u00e7ramayan, dokunmas\u0131 rahat hale getirmekle kalmaz, ayn\u0131 zamanda kirleri filtreler ve g\u00fcnl\u00fck ya\u015fam\u0131n\u0131zda su tasarrufu yapman\u0131za yard\u0131mc\u0131 olur.<\/span><\/li>\n<\/ul>\n<p>&nbsp;<\/p>\n<h2><strong>D\u0131\u015far\u0131 \u00c7ekilebilir Mutfak Bataryas\u0131 \u00c7e\u015fitleri<\/strong><\/h2>\n<ul>\n<li><strong>Tek kulplu:<\/strong><\/li>\n<\/ul>\n<p>En yayg\u0131n tiptir ve hem su s\u0131cakl\u0131\u011f\u0131n\u0131 hem de ak\u0131\u015f\u0131 kontrol eden tek bir kola sahiptir.  Kolay ve sezgisel kullan\u0131m sunar.<\/p>\n<ul>\n<li><strong>Profesyonel Tarz:<\/strong><\/li>\n<\/ul>\n<p>Muslu\u011fun alt\u0131nda daha iyi bo\u015fluk sa\u011flamak i\u00e7in genellikle y\u00fcksek arkl\u0131 bir muslu\u011fa sahiptir.  Genellikle g\u00fc\u00e7l\u00fc bir sprey ve dayan\u0131kl\u0131 bir yap\u0131ya sahiptir, bu da onlar\u0131 \u015fefler ve ciddi ev a\u015f\u00e7\u0131lar\u0131 aras\u0131nda pop\u00fcler hale getirir.<\/p>\n<ul>\n<li><strong>A\u011f\u0131rl\u0131kl\u0131:<\/strong><\/li>\n<\/ul>\n<p>P\u00fcsk\u00fcrtme ba\u015fl\u0131\u011f\u0131n\u0131n taban\u0131na bir a\u011f\u0131rl\u0131k ekleyerek sorunsuz bir \u015fekilde geri \u00e7ekilmesine yard\u0131mc\u0131 olun ve sarkmas\u0131n\u0131 \u00f6nleyin; b\u00f6ylece daha zarif ve kullan\u0131c\u0131 dostu bir deneyim elde edin.<\/p>\n<ul>\n<li><strong>Yayl\u0131:<\/strong><\/li>\n<\/ul>\n<p>P\u00fcsk\u00fcrtme ba\u015fl\u0131\u011f\u0131n\u0131 h\u0131zl\u0131 ve zahmetsizce geri \u00e7ekmek i\u00e7in bir yay mekanizmas\u0131 kullan\u0131n.  Bu, kullan\u0131m s\u0131ras\u0131nda zaman ve \u00e7aba tasarrufu sa\u011flayabilir.<\/p>\n<p>&nbsp;<\/p>\n<h2 data-sourcepos=\"16:1-16:57\"><strong>Tek Kulplu Pull Out P\u00fcsk\u00fcrtmeli Mutfak Bataryas\u0131 Se\u00e7erken Dikkat Edilmesi Gereken Fakt\u00f6rler<\/strong><\/h2>\n<ul data-sourcepos=\"18:1-22:0\">\n<li data-sourcepos=\"18:1-18:114\"><strong>\u00c7\u0131k\u0131\u015f Y\u00fcksekli\u011fi:<\/strong>\u00a0\u00c7\u0131k\u0131\u015f ucu y\u00fcksekli\u011finin lavabonuzun derinli\u011fi ve kulland\u0131\u011f\u0131n\u0131z tencere ve tavalar\u0131n boyutu i\u00e7in yeterli oldu\u011fundan emin olun.<\/li>\n<li data-sourcepos=\"19:1-19:116\"><strong>Bitir:<\/strong>\u00a0Krom, f\u0131r\u00e7alanm\u0131\u015f nikel veya mat siyah gibi mutfa\u011f\u0131n\u0131z\u0131n tarz\u0131n\u0131 tamamlayan bir kaplama se\u00e7in.<\/li>\n<li data-sourcepos=\"20:1-20:91\"><strong>Kurulum:<\/strong>\u00a0Kurulum y\u00f6ntemini ve gerekli tesisat ba\u011flant\u0131lar\u0131n\u0131 g\u00f6z \u00f6n\u00fcnde bulundurun.<\/li>\n<li data-sourcepos=\"21:1-22:0\"><strong>Su bas\u0131nc\u0131:<\/strong>\u00a0Muslu\u011fun evinizdeki su bas\u0131nc\u0131n\u0131 kar\u015f\u0131layabildi\u011finden emin olun.<\/li>\n<\/ul>\n<p>&nbsp;<\/p>\n<h2><strong>Pull Out Mutfak Bataryas\u0131n\u0131n \u00d6zellikleri ve Faydalar\u0131<\/strong><\/h2>\n<ul>\n<li>Tek delikli kurulum - 1,75\" maksimum g\u00fcverte kal\u0131nl\u0131\u011f\u0131<\/li>\n<li>ADA uyumlu - Tek kollu tutamak kontrol\u00fc kolayla\u015ft\u0131r\u0131r<\/li>\n<li>Ana g\u00f6vdeye dikey tutamak tasar\u0131m\u0131, 90\u00b0 \u00f6ne do\u011fru d\u00f6nerek dar alanlarda ve backsplash'lerde \u00e7al\u0131\u015fmaya olanak sa\u011flar<\/li>\n<li>\u00c7ift fonksiyonlu sprey ba\u015fl\u0131\u011f\u0131 - 1,8 GPM su ak\u0131\u015f\u0131, g\u00fc\u00e7l\u00fc sprey ve havaland\u0131r\u0131lm\u0131\u015f ak\u0131\u015f aras\u0131nda ge\u00e7i\u015f yapar: G\u00fc\u00e7l\u00fc f\u0131r\u00e7alama, nazik durulama ve kap doldurma i\u00e7in m\u00fckemmeldir<\/li>\n<li>Kur\u015funsuz CALGreen Kaliforniya uyumlu dayan\u0131kl\u0131 pirin\u00e7 yap\u0131<\/li>\n<li>360\u00b0 d\u00f6nebilen \u00e7\u0131k\u0131\u015f ucu a\u015fa\u011f\u0131 \u00e7ekme hareketinin sorunsuz \u00e7al\u0131\u015fmas\u0131n\u0131 sa\u011flar<\/li>\n<li>Y\u00fcksek kavisli \u00e7\u0131k\u0131\u015f a\u011fz\u0131 tasar\u0131m\u0131, tencereleri doldurmak ve daha b\u00fcy\u00fck pi\u015firme kaplar\u0131n\u0131 temizlemek i\u00e7in geni\u015f alan sa\u011flar<\/li>\n<li>Seramik kartu\u015f - en y\u00fcksek kalitede \"damlatmaz\" hassasiyet<\/li>\n<li>Y\u00fcksek verimli havaland\u0131r\u0131c\u0131, yumu\u015fak ve s\u0131\u00e7ramas\u0131z bir ak\u0131\u015f sa\u011flar<\/li>\n<li>60\" naylon \u00f6rg\u00fcl\u00fc hortuma sahip geri \u00e7ekilebilir sprey ba\u015fl\u0131\u011f\u0131 lavabonuzu her k\u00f6\u015fede durulaman\u0131z\u0131 sa\u011flar<\/li>\n<li>Kau\u00e7uk p\u00fcsk\u00fcrtme ba\u015fl\u0131\u011f\u0131 nozullar\u0131, uzun \u00f6m\u00fcrl\u00fc performans i\u00e7in mineral birikintilerinden kolayca temizlenir<\/li>\n<li>Zamanla kararmayan ve solmayan \u00e7ok kaplamal\u0131, korozyona dayan\u0131kl\u0131 kaplama<\/li>\n<li>\u00d6nceden monte edilmi\u015f montaj donan\u0131m\u0131 ve patlama \u00f6nleyici s\u0131cak\/so\u011fuk su hatlar\u0131 dahildir<\/li>\n<\/ul>\n<p>&nbsp;<\/p>\n<p>Klasik tasar\u0131m\u0131 ve sade \u00e7izgileriyle bu zarif musluk her mutfakta harika g\u00f6r\u00fcnecektir. \u00c7ekip \u00e7\u0131kar\u0131labilen musluk, mutfa\u011f\u0131n\u0131z\u0131n renk paletini tamamlamak i\u00e7in iki dayan\u0131kl\u0131 kaplama se\u00e7ene\u011fine sahiptir. Geri \u00e7ekilebilir hortuma sahip \u00e7ift etkili sprey ba\u015fl\u0131\u011f\u0131, y\u0131kama ve durulamay\u0131 \u00e7ocuk oyunca\u011f\u0131 haline getirecek. Ustal\u0131kla haz\u0131rlanm\u0131\u015f bu musluk en kaliteli malzemelerden \u00fcretilmi\u015ftir ve uzun y\u0131llar boyunca bak\u0131m gerektirmeden kullan\u0131m sa\u011flayacakt\u0131r.<\/p>\n<p>&nbsp;<\/p>\n<p>&nbsp;<\/p>\n<p>&nbsp;<\/p>\n<p>&nbsp;<\/p>\n<p>&nbsp;<\/p>\n<p>&nbsp;<\/p>","protected":false},"excerpt":{"rendered":"<table style=\"height: 407px;\" width=\"704\">\n<tbody>\n<tr>\n<td width=\"808\">1 Musluk \u00d6l\u00e7\u00fcleri Genel<\/td>\n<td width=\"1177\">380*225mm<\/td>\n<\/tr>\n<tr>\n<td width=\"808\">2 Musluk Net A\u011f\u0131rl\u0131k<\/td>\n<td width=\"1177\">2,5 kg<\/td>\n<\/tr>\n<tr>\n<td width=\"808\">3 Kutulu Musluk Br\u00fct A\u011f\u0131rl\u0131k<\/td>\n<td width=\"1177\">2.8kgs<\/td>\n<\/tr>\n<tr>\n<td width=\"808\">4 Kutu Boyutu<\/td>\n<td width=\"1177\">54*32*26mm<\/td>\n<\/tr>\n<tr>\n<td width=\"808\">5 Paketleme<\/td>\n<td width=\"1177\">4 ADET\/CTN; 10 ADET\/CTN; 12 ADET\/CTN<\/td>\n<\/tr>\n<tr>\n<td width=\"808\">6 Giri\u015f Hortum Uzunlu\u011fu<\/td>\n<td width=\"1177\">60mm<\/td>\n<\/tr>\n<tr>\n<td width=\"808\">7 Su Hatt\u0131 Somun Boyutu<\/td>\n<td width=\"1177\">3\/8\u2033 veya 1\/2\u2033 veya 9\/16\u2033<\/td>\n<\/tr>\n<tr>\n<td width=\"808\">8 Montaj Deli\u011fi Kesim Boyutu<\/td>\n<td width=\"1177\">35 mm<\/td>\n<\/tr>\n<tr>\n<td width=\"808\">9 Musluk Malzemeleri<\/td>\n<td width=\"1177\">Kur\u015funsuz Premium 304 Amerika Standard\u0131 Paslanmaz<br \/>\n\u00c7elik<\/td>\n<\/tr>\n<\/tbody>\n<\/table>","protected":false},"featured_media":2661,"template":"","meta":[],"product_brand":[],"product_cat":[57],"product_tag":[],"class_list":{"0":"post-2660","1":"product","2":"type-product","3":"status-publish","4":"has-post-thumbnail","6":"product_cat-stainless-steel-faucet","8":"first","9":"instock","10":"shipping-taxable","11":"product-type-simple"},"_links":{"self":[{"href":"https:\/\/sinkwithfaucet.com\/tr\/wp-json\/wp\/v2\/product\/2660","targetHints":{"allow":["GET"]}}],"collection":[{"href":"https:\/\/sinkwithfaucet.com\/tr\/wp-json\/wp\/v2\/product"}],"about":[{"href":"https:\/\/sinkwithfaucet.com\/tr\/wp-json\/wp\/v2\/types\/product"}],"wp:featuredmedia":[{"embeddable":true,"href":"https:\/\/sinkwithfaucet.com\/tr\/wp-json\/wp\/v2\/media\/2661"}],"wp:attachment":[{"href":"https:\/\/sinkwithfaucet.com\/tr\/wp-json\/wp\/v2\/media?parent=2660"}],"wp:term":[{"taxonomy":"product_brand","embeddable":true,"href":"https:\/\/sinkwithfaucet.com\/tr\/wp-json\/wp\/v2\/product_brand?post=2660"},{"taxonomy":"product_cat","embeddable":true,"href":"https:\/\/sinkwithfaucet.com\/tr\/wp-json\/wp\/v2\/product_cat?post=2660"},{"taxonomy":"product_tag","embeddable":true,"href":"https:\/\/sinkwithfaucet.com\/tr\/wp-json\/wp\/v2\/product_tag?post=2660"}],"curies":[{"name":"wp","href":"https:\/\/api.w.org\/{rel}","templated":true}]}}