{"id":2653,"date":"2024-11-11T09:53:20","date_gmt":"2024-11-11T09:53:20","guid":{"rendered":"https:\/\/sinkwithfaucet.com\/?post_type=product&#038;p=2653"},"modified":"2024-11-11T10:14:00","modified_gmt":"2024-11-11T10:14:00","slug":"spring-pull-down-kitchen-faucet-1003","status":"publish","type":"product","link":"https:\/\/sinkwithfaucet.com\/tr\/spring-pull-down-kitchen-faucet-1003\/","title":{"rendered":"Spring Pull Down Mutfak Bataryas\u0131 1003"},"content":{"rendered":"<h2 data-sourcepos=\"1:1-1:57\">Spring Pull Down Mutfak Bataryalar\u0131: Modern Bir Kolayl\u0131k<\/h2>\n<p data-sourcepos=\"3:1-3:174\">Yayl\u0131 mutfak bataryas\u0131 modern mutfaklar i\u00e7in pop\u00fcler bir se\u00e7imdir. Stil, i\u015flevsellik ve kullan\u0131m kolayl\u0131\u011f\u0131n\u0131 bir araya getirir. \u0130\u015fte \u00f6zelliklerinin ve faydalar\u0131n\u0131n bir d\u00f6k\u00fcm\u00fc:<\/p>\n<h3 data-sourcepos=\"5:1-5:21\">Nas\u0131l \u00c7al\u0131\u015f\u0131yor?<\/h3>\n<p data-sourcepos=\"6:1-6:227\">Yayl\u0131 musluk, lavabonuzun \u00e7e\u015fitli k\u0131s\u0131mlar\u0131na ula\u015fmak i\u00e7in a\u015fa\u011f\u0131 \u00e7ekilebilen ve uzat\u0131labilen esnek bir muslu\u011fa sahiptir. Muslu\u011fu b\u0131rakt\u0131\u011f\u0131n\u0131zda, yerle\u015fik bir yay mekanizmas\u0131 sayesinde sorunsuz bir \u015fekilde yerine geri \u00e7ekilir.<\/p>\n<h3 data-sourcepos=\"8:1-8:44\">Yayl\u0131 A\u015fa\u011f\u0131 \u00c7ekme Musluklar\u0131n\u0131n Temel Faydalar\u0131<\/h3>\n<ul data-sourcepos=\"9:1-13:0\">\n<li data-sourcepos=\"9:1-9:128\"><strong>Esneklik:<\/strong> A\u015fa\u011f\u0131 \u00e7ekilebilir tasar\u0131m, b\u00fcy\u00fck tencere ve tavalar\u0131 kolayca doldurman\u0131za veya lavabonuzun ula\u015f\u0131lmas\u0131 zor alanlar\u0131n\u0131 temizlemenize olanak tan\u0131r.<\/li>\n<li data-sourcepos=\"10:1-10:136\"><strong>\u00c7ok y\u00f6nl\u00fcl\u00fck:<\/strong> Bir\u00e7ok model, farkl\u0131 g\u00f6revlere uyum sa\u011flamak i\u00e7in havaland\u0131rmal\u0131 ak\u0131\u015f ve g\u00fc\u00e7l\u00fc sprey gibi birden fazla sprey ayar\u0131 sunar.<\/li>\n<li data-sourcepos=\"11:1-11:91\"><strong>Kullan\u0131m Kolayl\u0131\u011f\u0131:<\/strong> Yay mekanizmas\u0131 sorunsuz \u00e7al\u0131\u015fma ve zahmetsiz geri \u00e7ekme sa\u011flar.<\/li>\n<li data-sourcepos=\"12:1-13:0\"><strong>\u015e\u0131k Tasar\u0131m:<\/strong> Her t\u00fcrl\u00fc mutfak dekorunu tamamlamak i\u00e7in \u00e7e\u015fitli y\u00fczey ve stillerde mevcuttur.<\/li>\n<\/ul>\n<p data-sourcepos=\"21:1-21:143\">Bu fakt\u00f6rleri dikkatlice de\u011ferlendirerek, mutfa\u011f\u0131n\u0131z\u0131n i\u015flevselli\u011fini ve tarz\u0131n\u0131 geli\u015ftiren bir yayl\u0131 a\u00e7\u0131l\u0131r mutfak bataryas\u0131 se\u00e7ebilirsiniz.<\/p>","protected":false},"excerpt":{"rendered":"<table style=\"height: 407px;\" width=\"704\">\n<tbody>\n<tr>\n<td width=\"808\">1 Musluk \u00d6l\u00e7\u00fcleri Genel<\/td>\n<td width=\"1177\">405*225mm<\/td>\n<\/tr>\n<tr>\n<td width=\"808\">2 Musluk Net A\u011f\u0131rl\u0131k<\/td>\n<td width=\"1177\">2,5 kg<\/td>\n<\/tr>\n<tr>\n<td width=\"808\">3 Kutulu Musluk Br\u00fct A\u011f\u0131rl\u0131k<\/td>\n<td width=\"1177\">2.8kgs<\/td>\n<\/tr>\n<tr>\n<td width=\"808\">4 Kutu Boyutu<\/td>\n<td width=\"1177\">54*32*26mm<\/td>\n<\/tr>\n<tr>\n<td width=\"808\">5 Paketleme<\/td>\n<td width=\"1177\">4 ADET\/CTN; 10 ADET\/CTN; 12 ADET\/CTN<\/td>\n<\/tr>\n<tr>\n<td width=\"808\">6 Giri\u015f Hortum Uzunlu\u011fu<\/td>\n<td width=\"1177\">60mm<\/td>\n<\/tr>\n<tr>\n<td width=\"808\">7 Su Hatt\u0131 Somun Boyutu<\/td>\n<td width=\"1177\">3\/8\u2033 veya 1\/2\u2033 veya 9\/16\u2033<\/td>\n<\/tr>\n<tr>\n<td width=\"808\">8 Montaj Deli\u011fi Kesim Boyutu<\/td>\n<td width=\"1177\">35 mm<\/td>\n<\/tr>\n<tr>\n<td width=\"808\">9 Musluk Malzemeleri<\/td>\n<td width=\"1177\">Kur\u015funsuz Premium 304 Amerika Standard\u0131 Paslanmaz<br \/>\n\u00c7elik<\/td>\n<\/tr>\n<\/tbody>\n<\/table>","protected":false},"featured_media":2654,"template":"","meta":[],"product_brand":[],"product_cat":[57],"product_tag":[],"class_list":{"0":"post-2653","1":"product","2":"type-product","3":"status-publish","4":"has-post-thumbnail","6":"product_cat-stainless-steel-faucet","8":"first","9":"instock","10":"shipping-taxable","11":"product-type-simple"},"_links":{"self":[{"href":"https:\/\/sinkwithfaucet.com\/tr\/wp-json\/wp\/v2\/product\/2653","targetHints":{"allow":["GET"]}}],"collection":[{"href":"https:\/\/sinkwithfaucet.com\/tr\/wp-json\/wp\/v2\/product"}],"about":[{"href":"https:\/\/sinkwithfaucet.com\/tr\/wp-json\/wp\/v2\/types\/product"}],"wp:featuredmedia":[{"embeddable":true,"href":"https:\/\/sinkwithfaucet.com\/tr\/wp-json\/wp\/v2\/media\/2654"}],"wp:attachment":[{"href":"https:\/\/sinkwithfaucet.com\/tr\/wp-json\/wp\/v2\/media?parent=2653"}],"wp:term":[{"taxonomy":"product_brand","embeddable":true,"href":"https:\/\/sinkwithfaucet.com\/tr\/wp-json\/wp\/v2\/product_brand?post=2653"},{"taxonomy":"product_cat","embeddable":true,"href":"https:\/\/sinkwithfaucet.com\/tr\/wp-json\/wp\/v2\/product_cat?post=2653"},{"taxonomy":"product_tag","embeddable":true,"href":"https:\/\/sinkwithfaucet.com\/tr\/wp-json\/wp\/v2\/product_tag?post=2653"}],"curies":[{"name":"wp","href":"https:\/\/api.w.org\/{rel}","templated":true}]}}