{"id":2650,"date":"2024-11-11T09:47:41","date_gmt":"2024-11-11T09:47:41","guid":{"rendered":"https:\/\/sinkwithfaucet.com\/?post_type=product&#038;p=2650"},"modified":"2024-11-11T09:50:38","modified_gmt":"2024-11-11T09:50:38","slug":"commercial-sink-faucet-1101","status":"publish","type":"product","link":"https:\/\/sinkwithfaucet.com\/tr\/commercial-sink-faucet-1101\/","title":{"rendered":"Ticari Lavabo Bataryas\u0131 1101"},"content":{"rendered":"<h2 data-sourcepos=\"1:1-1:61\">Ticari Lavabo Bataryalar\u0131: Do\u011fru Se\u00e7imi Yapmak \u0130\u00e7in Bir K\u0131lavuz<\/h2>\n<p data-sourcepos=\"3:1-3:194\">Ticari lavabo bataryalar\u0131 a\u011f\u0131r kullan\u0131ma, y\u00fcksek bas\u0131n\u00e7l\u0131 suya ve sert temizlik kimyasallar\u0131na dayanacak \u015fekilde tasarlanm\u0131\u015ft\u0131r. Uzun \u00f6m\u00fcrl\u00fc olacak \u015fekilde \u00fcretilmi\u015flerdir ve zorlu ortamlarda g\u00fcvenilir performans sa\u011flarlar.<\/p>\n<h3 data-sourcepos=\"5:1-5:43\">Ticari Lavabo Bataryalar\u0131n\u0131n Temel \u00d6zellikleri<\/h3>\n<ul data-sourcepos=\"7:1-12:0\">\n<li data-sourcepos=\"7:1-7:88\"><strong>Dayan\u0131kl\u0131l\u0131k:<\/strong> Pirin\u00e7 veya paslanmaz \u00e7elik gibi y\u00fcksek kaliteli malzemelerden \u00fcretilmi\u015ftir.<\/li>\n<li data-sourcepos=\"8:1-8:78\"><strong>Y\u00fcksek Ak\u0131\u015f H\u0131z\u0131:<\/strong> Etkili temizlik i\u00e7in g\u00fc\u00e7l\u00fc bir su ak\u0131\u015f\u0131 sa\u011flar.<\/li>\n<li data-sourcepos=\"9:1-9:51\"><strong>Kolay Bak\u0131m:<\/strong> Temizlemesi ve onarmas\u0131 kolayd\u0131r.<\/li>\n<li data-sourcepos=\"10:1-10:89\"><strong>\u00c7e\u015fitli Stiller:<\/strong> Mutfa\u011f\u0131n\u0131z\u0131n esteti\u011fine uymas\u0131 i\u00e7in farkl\u0131 stillerde mevcuttur.<\/li>\n<li data-sourcepos=\"11:1-12:0\"><strong>\u00d6zel \u00d6zellikler:<\/strong> Baz\u0131 bataryalar sprey ba\u015fl\u0131klar\u0131, s\u0131cakl\u0131k kontrolleri ve temass\u0131z \u00e7al\u0131\u015fma gibi ek \u00f6zellikler sunar.<\/li>\n<\/ul>\n<h3 data-sourcepos=\"13:1-13:36\">Ticari Lavabo Bataryas\u0131 \u00c7e\u015fitleri<\/h3>\n<ol data-sourcepos=\"15:1-34:0\">\n<li data-sourcepos=\"15:1-18:3\">\n<p data-sourcepos=\"15:4-15:28\"><strong>Duvara Monte Musluklar:<\/strong><\/p>\n<ul data-sourcepos=\"16:4-18:3\">\n<li data-sourcepos=\"16:4-16:45\">Kolay temizlik ve bak\u0131m i\u00e7in idealdir.<\/li>\n<li data-sourcepos=\"17:4-18:3\">Yerle\u015fim ve tasar\u0131mda esneklik sunar.<\/li>\n<\/ul>\n<\/li>\n<li data-sourcepos=\"19:1-22:3\">\n<p data-sourcepos=\"19:4-19:28\"><strong>G\u00fcverte \u00dcst\u00fc Musluklar:<\/strong><\/p>\n<ul data-sourcepos=\"20:4-22:3\">\n<li data-sourcepos=\"20:4-20:42\">Do\u011frudan tezgah \u00fczerine monte edilir.<\/li>\n<li data-sourcepos=\"21:4-22:3\">Tek kollu ve \u00e7ift kollu modeller dahil olmak \u00fczere \u00e7e\u015fitli konfig\u00fcrasyonlarda mevcuttur.<\/li>\n<\/ul>\n<\/li>\n<li data-sourcepos=\"23:1-26:3\">\n<p data-sourcepos=\"23:4-23:25\"><strong>Gooseneck Musluklar:<\/strong><\/p>\n<ul data-sourcepos=\"24:4-26:3\">\n<li data-sourcepos=\"24:4-24:70\">B\u00fcy\u00fck tencere ve tavalara kolay eri\u015fim i\u00e7in y\u00fcksek arkl\u0131 bir \u00e7\u0131k\u0131\u015f a\u011fz\u0131na sahiptir.<\/li>\n<li data-sourcepos=\"25:4-26:3\">\u00c7ok y\u00f6nl\u00fcl\u00fckleri nedeniyle genellikle ticari mutfaklarda kullan\u0131l\u0131r.<\/li>\n<\/ul>\n<\/li>\n<li data-sourcepos=\"27:1-30:3\">\n<p data-sourcepos=\"27:4-27:25\"><strong>\u00d6n Durulama Musluklar\u0131:<\/strong><\/p>\n<ul data-sourcepos=\"28:4-30:3\">\n<li data-sourcepos=\"28:4-28:85\">Bula\u015f\u0131klardaki yemek art\u0131klar\u0131n\u0131 durulama gibi a\u011f\u0131r temizlik i\u015fleri i\u00e7in tasarlanm\u0131\u015ft\u0131r.<\/li>\n<li data-sourcepos=\"29:4-30:3\">Tipik olarak y\u00fcksek bas\u0131n\u00e7l\u0131 bir p\u00fcsk\u00fcrtme ba\u015fl\u0131\u011f\u0131na sahiptir.<\/li>\n<\/ul>\n<\/li>\n<li data-sourcepos=\"31:1-34:0\">\n<p data-sourcepos=\"31:4-31:25\"><strong>Temass\u0131z Musluklar:<\/strong><\/p>\n<ul data-sourcepos=\"32:4-34:0\">\n<li data-sourcepos=\"32:4-32:81\">Musluk ile elle temas ihtiyac\u0131n\u0131 ortadan kald\u0131rarak hijyeni te\u015fvik eder.<\/li>\n<li data-sourcepos=\"33:4-34:0\">Ticari mutfaklar ve tuvaletler gibi yo\u011fun trafikli alanlar i\u00e7in idealdir.<\/li>\n<\/ul>\n<\/li>\n<\/ol>\n<p data-sourcepos=\"44:1-44:135\">Bu fakt\u00f6rleri dikkatlice de\u011ferlendirerek, i\u015fletmenizin \u00f6zel ihtiya\u00e7lar\u0131n\u0131 kar\u015f\u0131layacak m\u00fckemmel ticari lavabo bataryas\u0131n\u0131 se\u00e7ebilirsiniz.<\/p>","protected":false},"excerpt":{"rendered":"<h3 data-sourcepos=\"35:1-35:62\">Ticari Lavabo Bataryas\u0131 Se\u00e7erken Dikkat Edilmesi Gereken Fakt\u00f6rler<\/h3>\n<ul data-sourcepos=\"37:1-43:0\">\n<li data-sourcepos=\"37:1-37:94\"><strong>Ak\u0131\u015f H\u0131z\u0131:<\/strong> Muslu\u011fun \u00f6zel ihtiya\u00e7lar\u0131n\u0131z i\u00e7in gerekli su ak\u0131\u015f\u0131n\u0131 kar\u015f\u0131layabildi\u011finden emin olun.<\/li>\n<li data-sourcepos=\"38:1-38:96\"><strong>Dayan\u0131kl\u0131l\u0131k:<\/strong> A\u011f\u0131r kullan\u0131ma dayanabilecek y\u00fcksek kaliteli malzemelerden yap\u0131lm\u0131\u015f bir musluk se\u00e7in.<\/li>\n<li data-sourcepos=\"39:1-39:79\"><strong>Bitir:<\/strong> Korozyona dayan\u0131kl\u0131 ve temizlenmesi kolay bir y\u00fczey se\u00e7in.<\/li>\n<li data-sourcepos=\"40:1-40:91\"><strong>Kurulum:<\/strong> Kurulum y\u00f6ntemini ve gerekli tesisat ba\u011flant\u0131lar\u0131n\u0131 g\u00f6z \u00f6n\u00fcnde bulundurun.<\/li>\n<li data-sourcepos=\"41:1-41:97\"><strong>Bak\u0131m:<\/strong> De\u011fi\u015ftirilmesi kolay par\u00e7alara ve basit bak\u0131m prosed\u00fcrlerine sahip musluklar\u0131 aray\u0131n.<\/li>\n<li data-sourcepos=\"42:1-43:0\"><strong>Kod Uyumlulu\u011fu:<\/strong> Muslu\u011fun yerel s\u0131hhi tesisat y\u00f6netmeliklerine ve d\u00fczenlemelerine uygun oldu\u011fundan emin olun.<\/li>\n<\/ul>","protected":false},"featured_media":2651,"template":"","meta":[],"product_brand":[],"product_cat":[57],"product_tag":[],"class_list":{"0":"post-2650","1":"product","2":"type-product","3":"status-publish","4":"has-post-thumbnail","6":"product_cat-stainless-steel-faucet","8":"first","9":"instock","10":"shipping-taxable","11":"product-type-simple"},"_links":{"self":[{"href":"https:\/\/sinkwithfaucet.com\/tr\/wp-json\/wp\/v2\/product\/2650","targetHints":{"allow":["GET"]}}],"collection":[{"href":"https:\/\/sinkwithfaucet.com\/tr\/wp-json\/wp\/v2\/product"}],"about":[{"href":"https:\/\/sinkwithfaucet.com\/tr\/wp-json\/wp\/v2\/types\/product"}],"wp:featuredmedia":[{"embeddable":true,"href":"https:\/\/sinkwithfaucet.com\/tr\/wp-json\/wp\/v2\/media\/2651"}],"wp:attachment":[{"href":"https:\/\/sinkwithfaucet.com\/tr\/wp-json\/wp\/v2\/media?parent=2650"}],"wp:term":[{"taxonomy":"product_brand","embeddable":true,"href":"https:\/\/sinkwithfaucet.com\/tr\/wp-json\/wp\/v2\/product_brand?post=2650"},{"taxonomy":"product_cat","embeddable":true,"href":"https:\/\/sinkwithfaucet.com\/tr\/wp-json\/wp\/v2\/product_cat?post=2650"},{"taxonomy":"product_tag","embeddable":true,"href":"https:\/\/sinkwithfaucet.com\/tr\/wp-json\/wp\/v2\/product_tag?post=2650"}],"curies":[{"name":"wp","href":"https:\/\/api.w.org\/{rel}","templated":true}]}}