{"id":2574,"date":"2024-11-09T06:26:09","date_gmt":"2024-11-09T06:26:09","guid":{"rendered":"https:\/\/sinkwithfaucet.com\/?post_type=product&#038;p=2574"},"modified":"2024-11-09T06:26:09","modified_gmt":"2024-11-09T06:26:09","slug":"overmount-sink-7646d","status":"publish","type":"product","link":"https:\/\/sinkwithfaucet.com\/tr\/overmount-sink-7646d\/","title":{"rendered":"\u00dcstten Montajl\u0131 Lavabo 7646D"},"content":{"rendered":"<h2 data-sourcepos=\"1:1-1:50\">\u00dcstten Montajl\u0131 Lavabolar: Klasik ve Pratik Bir Se\u00e7im<\/h2>\n<p data-sourcepos=\"3:1-3:203\"><strong>\u00dcstten montajl\u0131 lavabolar<\/strong>\u00dcstten montajl\u0131 veya g\u00f6mme lavabolar olarak da bilinen bu lavabolar, mutfaklar i\u00e7in pop\u00fcler ve geleneksel bir se\u00e7imdir. Tezgah\u0131n \u00fczerine monte edilerek basit ve kurulumu kolay bir g\u00f6r\u00fcn\u00fcm olu\u015ftururlar.<\/p>\n<p data-sourcepos=\"5:1-5:36\"><strong>Temel \u00d6zellikler:<\/strong><\/p>\n<ul data-sourcepos=\"7:1-11:0\">\n<li data-sourcepos=\"7:1-7:70\"><strong>Kolay Kurulum:<\/strong> Her t\u00fcrl\u00fc tezgah malzemesi \u00fczerine kolayca monte edilebilir.<\/li>\n<li data-sourcepos=\"8:1-8:112\"><strong>Geni\u015f Stil Yelpazesi:<\/strong> Farkl\u0131 mutfak tasar\u0131mlar\u0131na uyacak \u015fekilde \u00e7e\u015fitli \u015fekil, boyut ve malzemelerde mevcuttur.<\/li>\n<li data-sourcepos=\"9:1-9:100\"><strong>Dayan\u0131kl\u0131 ve Hijyenik:<\/strong> Paslanmaz \u00e7elik, seramik veya kompozit gibi dayan\u0131kl\u0131 malzemelerden \u00fcretilmi\u015ftir.<\/li>\n<li data-sourcepos=\"10:1-11:0\"><strong>Uygun Maliyetli:<\/strong> Genellikle alttan montajl\u0131 lavabolardan daha ekonomiktir.<\/li>\n<\/ul>\n<p data-sourcepos=\"12:1-12:29\"><strong>T\u00fcrleri:<\/strong><\/p>\n<ul data-sourcepos=\"14:1-18:0\">\n<li data-sourcepos=\"14:1-14:57\"><strong>Tekli Kase:<\/strong> Genel kullan\u0131m i\u00e7in tek, b\u00fcy\u00fck bir lavabo.<\/li>\n<li data-sourcepos=\"15:1-15:56\"><strong>Double Bowl:<\/strong> \u00c7oklu g\u00f6revler i\u00e7in iki ayr\u0131 lavabo.<\/li>\n<li data-sourcepos=\"16:1-16:92\"><strong>Triple Bowl:<\/strong> Daha fazla i\u015flevsellik i\u00e7in genellikle ticari mutfaklarda bulunan \u00fc\u00e7 lavabo.<\/li>\n<li data-sourcepos=\"17:1-18:0\"><strong>\u00c7iftlik Evi Lavabosu:<\/strong> \u00d6nl\u00fckl\u00fc geni\u015f, derin lavabolar rustik ve i\u015flevsel bir tasar\u0131m sa\u011flar.<\/li>\n<\/ul>\n<p data-sourcepos=\"19:1-19:51\"><strong>\u00dcstten Montajl\u0131 Lavabo Se\u00e7erken Dikkat Edilmesi Gerekenler:<\/strong><\/p>\n<ul data-sourcepos=\"21:1-25:0\">\n<li data-sourcepos=\"21:1-21:64\"><strong>Boyut:<\/strong> Lavabonun tezgah\u0131n\u0131za ve ihtiya\u00e7lar\u0131n\u0131za uygun oldu\u011fundan emin olun.<\/li>\n<li data-sourcepos=\"22:1-22:60\"><strong>Malzeme:<\/strong> Dayan\u0131kl\u0131 ve temizlemesi kolay bir malzeme se\u00e7in.<\/li>\n<li data-sourcepos=\"23:1-23:75\"><strong>Stil:<\/strong> Mutfa\u011f\u0131n\u0131z\u0131n genel tasar\u0131m\u0131n\u0131 tamamlayan bir stil se\u00e7in.<\/li>\n<li data-sourcepos=\"24:1-25:0\"><strong>Kurulum:<\/strong> S\u0131z\u0131nt\u0131lar\u0131 ve hasar\u0131 \u00f6nlemek i\u00e7in do\u011fru montaj yap\u0131ld\u0131\u011f\u0131ndan emin olun.<\/li>\n<\/ul>\n<p data-sourcepos=\"26:1-26:133\">Bu fakt\u00f6rleri dikkatlice de\u011ferlendirerek, mutfa\u011f\u0131n\u0131z\u0131n i\u015flevselli\u011fini ve tarz\u0131n\u0131 geli\u015ftirmek i\u00e7in m\u00fckemmel \u00fcstten montajl\u0131 evyeyi se\u00e7ebilirsiniz.<\/p>","protected":false},"excerpt":{"rendered":"<p>Toplam Boyut: 750*450*150 mm<\/p>\n<p>Kesim Boyutu: 730*430 mm<\/p>\n<p>Malzeme : Paslanmaz \u00e7elik<\/p>","protected":false},"featured_media":2576,"template":"","meta":[],"product_brand":[],"product_cat":[56],"product_tag":[],"class_list":{"0":"post-2574","1":"product","2":"type-product","3":"status-publish","4":"has-post-thumbnail","6":"product_cat-pressing-kitchen-sink","8":"first","9":"instock","10":"shipping-taxable","11":"product-type-simple"},"_links":{"self":[{"href":"https:\/\/sinkwithfaucet.com\/tr\/wp-json\/wp\/v2\/product\/2574","targetHints":{"allow":["GET"]}}],"collection":[{"href":"https:\/\/sinkwithfaucet.com\/tr\/wp-json\/wp\/v2\/product"}],"about":[{"href":"https:\/\/sinkwithfaucet.com\/tr\/wp-json\/wp\/v2\/types\/product"}],"wp:featuredmedia":[{"embeddable":true,"href":"https:\/\/sinkwithfaucet.com\/tr\/wp-json\/wp\/v2\/media\/2576"}],"wp:attachment":[{"href":"https:\/\/sinkwithfaucet.com\/tr\/wp-json\/wp\/v2\/media?parent=2574"}],"wp:term":[{"taxonomy":"product_brand","embeddable":true,"href":"https:\/\/sinkwithfaucet.com\/tr\/wp-json\/wp\/v2\/product_brand?post=2574"},{"taxonomy":"product_cat","embeddable":true,"href":"https:\/\/sinkwithfaucet.com\/tr\/wp-json\/wp\/v2\/product_cat?post=2574"},{"taxonomy":"product_tag","embeddable":true,"href":"https:\/\/sinkwithfaucet.com\/tr\/wp-json\/wp\/v2\/product_tag?post=2574"}],"curies":[{"name":"wp","href":"https:\/\/api.w.org\/{rel}","templated":true}]}}