{"id":2570,"date":"2024-11-09T06:21:01","date_gmt":"2024-11-09T06:21:01","guid":{"rendered":"https:\/\/sinkwithfaucet.com\/?post_type=product&#038;p=2570"},"modified":"2024-11-09T06:21:01","modified_gmt":"2024-11-09T06:21:01","slug":"large-kitchen-sink-7548d","status":"publish","type":"product","link":"https:\/\/sinkwithfaucet.com\/tr\/large-kitchen-sink-7548d\/","title":{"rendered":"b\u00fcy\u00fck mutfak evyesi 7548D"},"content":{"rendered":"<h2 data-sourcepos=\"1:1-1:56\">B\u00fcy\u00fck Mutfak Evyeleri: Ferah ve \u0130\u015flevsel Bir Se\u00e7im<\/h2>\n<p data-sourcepos=\"3:1-3:253\">Tipik olarak 36 in\u00e7 veya daha b\u00fcy\u00fck \u00f6l\u00e7\u00fclerdeki b\u00fcy\u00fck mutfak eviyeleri bula\u015f\u0131k y\u0131kama, yemek haz\u0131rlama ve b\u00fcy\u00fck e\u015fyalar\u0131 \u0131slatma gibi \u00e7e\u015fitli g\u00f6revler i\u00e7in geni\u015f alan sunar. Geni\u015f ve i\u015flevsel bir \u00e7al\u0131\u015fma alan\u0131na ihtiya\u00e7 duyan ev sahipleri i\u00e7in pop\u00fcler bir se\u00e7imdir.<\/p>\n<p data-sourcepos=\"5:1-5:36\"><strong>B\u00fcy\u00fck Mutfak Evyelerinin Faydalar\u0131:<\/strong><\/p>\n<ul data-sourcepos=\"7:1-10:0\">\n<li data-sourcepos=\"7:1-7:111\"><strong>Art\u0131r\u0131lm\u0131\u015f \u0130\u015flevsellik:<\/strong> B\u00fcy\u00fck lavabolar, \u00e7oklu g\u00f6revler ve daha b\u00fcy\u00fck e\u015fyalar\u0131n yerle\u015ftirilmesi i\u00e7in geni\u015f alan sa\u011flar.<\/li>\n<li data-sourcepos=\"8:1-8:133\"><strong>\u00c7ok y\u00f6nl\u00fcl\u00fck:<\/strong> Bula\u015f\u0131k y\u0131kamaktan yemek haz\u0131rlamaya ve meyve ve sebzeleri temizlemeye kadar \u00e7e\u015fitli g\u00f6revler i\u00e7in kullan\u0131labilirler.<\/li>\n<li data-sourcepos=\"9:1-10:0\"><strong>Modern Estetik:<\/strong> B\u00fcy\u00fck lavabolar mutfa\u011f\u0131n\u0131za \u015f\u0131k ve modern bir g\u00f6r\u00fcn\u00fcm katabilir.<\/li>\n<\/ul>\n<p data-sourcepos=\"11:1-11:33\"><strong>B\u00fcy\u00fck Mutfak Evyesi \u00c7e\u015fitleri:<\/strong><\/p>\n<ul data-sourcepos=\"13:1-17:0\">\n<li data-sourcepos=\"13:1-13:110\"><strong>Undermount Lavabolar:<\/strong> Bu lavabolar, kesintisiz ve modern bir g\u00f6r\u00fcn\u00fcm i\u00e7in tezgah\u0131n alt\u0131na monte edilir.<\/li>\n<li data-sourcepos=\"14:1-14:104\"><strong>\u00dcstten Montajl\u0131 Lavabolar:<\/strong> Bu lavabolar tezgah\u0131n \u00fczerine monte edilerek geleneksel bir g\u00f6r\u00fcn\u00fcm sa\u011flar.<\/li>\n<li data-sourcepos=\"15:1-15:109\"><strong>\u00c7iftlik Evi Lavabolar\u0131:<\/strong> Rustik ve \u00e7iftlik evi tarz\u0131 bir estetik sunan apron cepheli b\u00fcy\u00fck, derin lavabolar.<\/li>\n<li data-sourcepos=\"16:1-17:0\"><strong>Ticari Lavabolar:<\/strong> A\u011f\u0131r hizmet tipi kullan\u0131m i\u00e7in tasarlanm\u0131\u015f, genellikle birden fazla lavabo ve derin \u00e7anaklar i\u00e7eren end\u00fcstriyel s\u0131n\u0131f lavabolar.<\/li>\n<\/ul>\n<p data-sourcepos=\"18:1-18:54\"><strong>B\u00fcy\u00fck Mutfak Evyesi Se\u00e7erken Dikkat Edilmesi Gerekenler:<\/strong><\/p>\n<ul data-sourcepos=\"20:1-24:0\">\n<li data-sourcepos=\"20:1-20:107\"><strong>Boyut:<\/strong> Eviyenin mutfak alan\u0131n\u0131z i\u00e7in do\u011fru boyutta oldu\u011fundan ve di\u011fer cihazlar\u0131n\u0131z\u0131 tamamlad\u0131\u011f\u0131ndan emin olun.<\/li>\n<li data-sourcepos=\"21:1-21:88\"><strong>Malzeme:<\/strong> Paslanmaz \u00e7elik, kompozit veya d\u00f6kme demir gibi dayan\u0131kl\u0131 bir malzeme se\u00e7in.<\/li>\n<li data-sourcepos=\"22:1-22:112\"><strong>Musluk Delikleri:<\/strong> \u0130stedi\u011finiz konfig\u00fcrasyona uyum sa\u011flamak i\u00e7in musluk deliklerinin say\u0131s\u0131n\u0131 ve yerle\u015fimini g\u00f6z \u00f6n\u00fcnde bulundurun.<\/li>\n<li data-sourcepos=\"23:1-24:0\"><strong>Kurulum:<\/strong> B\u00fcy\u00fck lavabolar, boyutlar\u0131 ve a\u011f\u0131rl\u0131klar\u0131 nedeniyle profesyonel kurulum gerektirebilir.<\/li>\n<\/ul>\n<p data-sourcepos=\"25:1-25:202\"><strong>B\u00fcy\u00fck mutfak evyeleri, geni\u015f ve i\u015flevsel bir \u00e7al\u0131\u015fma alan\u0131 isteyen ev sahipleri i\u00e7in pop\u00fcler bir se\u00e7imdir.<\/strong> \u00c7ok y\u00f6nl\u00fcl\u00fck sunarlar ve mutfa\u011f\u0131n\u0131z\u0131n genel verimlili\u011fini ve esteti\u011fini art\u0131rabilirler.<\/p>","protected":false},"excerpt":{"rendered":"<p>Toplam Boyut: 680*450*210 mm<\/p>\n<p>Kesim Boyutu: 6600*430 mm<\/p>\n<p>Malzeme : Paslanmaz \u00e7elik<\/p>","protected":false},"featured_media":2573,"template":"","meta":[],"product_brand":[],"product_cat":[56],"product_tag":[],"class_list":{"0":"post-2570","1":"product","2":"type-product","3":"status-publish","4":"has-post-thumbnail","6":"product_cat-pressing-kitchen-sink","8":"first","9":"instock","10":"shipping-taxable","11":"product-type-simple"},"_links":{"self":[{"href":"https:\/\/sinkwithfaucet.com\/tr\/wp-json\/wp\/v2\/product\/2570","targetHints":{"allow":["GET"]}}],"collection":[{"href":"https:\/\/sinkwithfaucet.com\/tr\/wp-json\/wp\/v2\/product"}],"about":[{"href":"https:\/\/sinkwithfaucet.com\/tr\/wp-json\/wp\/v2\/types\/product"}],"wp:featuredmedia":[{"embeddable":true,"href":"https:\/\/sinkwithfaucet.com\/tr\/wp-json\/wp\/v2\/media\/2573"}],"wp:attachment":[{"href":"https:\/\/sinkwithfaucet.com\/tr\/wp-json\/wp\/v2\/media?parent=2570"}],"wp:term":[{"taxonomy":"product_brand","embeddable":true,"href":"https:\/\/sinkwithfaucet.com\/tr\/wp-json\/wp\/v2\/product_brand?post=2570"},{"taxonomy":"product_cat","embeddable":true,"href":"https:\/\/sinkwithfaucet.com\/tr\/wp-json\/wp\/v2\/product_cat?post=2570"},{"taxonomy":"product_tag","embeddable":true,"href":"https:\/\/sinkwithfaucet.com\/tr\/wp-json\/wp\/v2\/product_tag?post=2570"}],"curies":[{"name":"wp","href":"https:\/\/api.w.org\/{rel}","templated":true}]}}