{"id":2545,"date":"2024-11-09T03:34:45","date_gmt":"2024-11-09T03:34:45","guid":{"rendered":"https:\/\/sinkwithfaucet.com\/?post_type=product&#038;p=2545"},"modified":"2024-11-09T06:15:09","modified_gmt":"2024-11-09T06:15:09","slug":"countertop-sink-78495","status":"publish","type":"product","link":"https:\/\/sinkwithfaucet.com\/tr\/countertop-sink-78495\/","title":{"rendered":"Tezgah \u00dcst\u00fc Lavabo 78495"},"content":{"rendered":"<h2 data-sourcepos=\"1:1-1:51\">Tezgah \u00dcst\u00fc Lavabolar: \u015e\u0131k ve \u00c7ok Y\u00f6nl\u00fc Bir Se\u00e7im<\/h2>\n<p data-sourcepos=\"3:1-3:148\"><strong>Tezgah \u00fcst\u00fc lavabolar<\/strong> hem banyo hem de mutfak tasar\u0131m\u0131 i\u00e7in pop\u00fcler bir se\u00e7imdir. Tezgah\u0131n \u00fczerine oturarak temiz ve modern bir g\u00f6r\u00fcn\u00fcm yarat\u0131rlar.<\/p>\n<p data-sourcepos=\"5:1-5:37\"><strong>Temel \u00d6zellikler:<\/strong><\/p>\n<ul data-sourcepos=\"7:1-11:0\">\n<li data-sourcepos=\"7:1-7:99\"><strong>\u015e\u0131k Tasar\u0131m:<\/strong> Her t\u00fcrl\u00fc esteti\u011fe uyacak \u015fekilde \u00e7e\u015fitli \u015fekil, boyut ve malzemelerde mevcuttur.<\/li>\n<li data-sourcepos=\"8:1-8:78\"><strong>Kolay Kurulum:<\/strong> Mevcut tezgah\u0131n\u0131z\u0131n \u00fczerine kurulumu kolayd\u0131r.<\/li>\n<li data-sourcepos=\"9:1-9:75\"><strong>\u00c7ok y\u00f6nl\u00fc:<\/strong> Banyolarda, mutfaklarda ve hatta \u00e7ama\u015f\u0131r odalar\u0131nda kullan\u0131labilir.<\/li>\n<li data-sourcepos=\"10:1-11:0\"><strong>Kolay Temizlenir:<\/strong> P\u00fcr\u00fczs\u00fcz y\u00fczeylerin bak\u0131m\u0131 kolayd\u0131r.<\/li>\n<\/ul>\n<p data-sourcepos=\"12:1-12:30\"><strong>T\u00fcrleri:<\/strong><\/p>\n<ul data-sourcepos=\"14:1-18:0\">\n<li data-sourcepos=\"14:1-14:58\"><strong>Seramik:<\/strong> Zamans\u0131z bir g\u00f6r\u00fcn\u00fcm sunan klasik bir se\u00e7im.<\/li>\n<li data-sourcepos=\"15:1-15:82\"><strong>Bardak:<\/strong> \u00c7e\u015fitli renk ve tasar\u0131mlarda mevcut olan modern ve zarif bir se\u00e7enek.<\/li>\n<li data-sourcepos=\"16:1-16:85\"><strong>Paslanmaz \u00c7elik:<\/strong> Genellikle mutfak ortamlar\u0131nda kullan\u0131lan dayan\u0131kl\u0131 ve hijyenik bir se\u00e7imdir.<\/li>\n<li data-sourcepos=\"17:1-18:0\"><strong>Ta\u015f:<\/strong> Granit ve mermer gibi \u00e7e\u015fitli t\u00fcrlerde mevcut olan do\u011fal ve l\u00fcks bir se\u00e7enek.<\/li>\n<\/ul>\n<p data-sourcepos=\"19:1-19:51\"><strong>Tezgah \u00dcst\u00fc Lavabo Se\u00e7erken Dikkat Edilmesi Gerekenler:<\/strong><\/p>\n<ul data-sourcepos=\"21:1-26:0\">\n<li data-sourcepos=\"21:1-21:78\"><strong>Boyut:<\/strong> Mevcut alan\u0131n\u0131za uyan ve ihtiya\u00e7lar\u0131n\u0131z\u0131 kar\u015f\u0131layan bir boyut se\u00e7in.<\/li>\n<li data-sourcepos=\"22:1-22:81\"><strong>\u015eekil:<\/strong> Yuvarlak, oval veya dikd\u00f6rtgen gibi lavabonun \u015feklini g\u00f6z \u00f6n\u00fcnde bulundurun.<\/li>\n<li data-sourcepos=\"23:1-23:68\"><strong>Malzeme:<\/strong> Dayan\u0131kl\u0131 ve temizlenmesi kolay bir malzeme se\u00e7in.<\/li>\n<li data-sourcepos=\"24:1-24:102\"><strong>Musluk:<\/strong> Lavabonun stilini tamamlayan ve yeterli su ak\u0131\u015f\u0131 sa\u011flayan bir musluk se\u00e7in.<\/li>\n<li data-sourcepos=\"25:1-26:0\"><strong>Kurulum:<\/strong> S\u0131z\u0131nt\u0131lar\u0131 ve su hasar\u0131n\u0131 \u00f6nlemek i\u00e7in do\u011fru montaj yap\u0131ld\u0131\u011f\u0131ndan emin olun.<\/li>\n<\/ul>\n<p data-sourcepos=\"27:1-27:150\">Bu fakt\u00f6rleri dikkatlice de\u011ferlendirerek, banyonuzun veya mutfa\u011f\u0131n\u0131z\u0131n stilini ve i\u015flevselli\u011fini y\u00fckseltmek i\u00e7in m\u00fckemmel tezgah \u00fcst\u00fc lavaboyu se\u00e7ebilirsiniz.<\/p>","protected":false},"excerpt":{"rendered":"<p>Toplam Boyut: 600*450*210 mm<\/p>\n<p>Kesim Boyutu: 580*430 mm<\/p>\n<p>Malzeme : Paslanmaz \u00e7elik<\/p>","protected":false},"featured_media":2546,"template":"","meta":[],"product_brand":[],"product_cat":[56],"product_tag":[],"class_list":{"0":"post-2545","1":"product","2":"type-product","3":"status-publish","4":"has-post-thumbnail","6":"product_cat-pressing-kitchen-sink","8":"first","9":"instock","10":"shipping-taxable","11":"product-type-simple"},"_links":{"self":[{"href":"https:\/\/sinkwithfaucet.com\/tr\/wp-json\/wp\/v2\/product\/2545","targetHints":{"allow":["GET"]}}],"collection":[{"href":"https:\/\/sinkwithfaucet.com\/tr\/wp-json\/wp\/v2\/product"}],"about":[{"href":"https:\/\/sinkwithfaucet.com\/tr\/wp-json\/wp\/v2\/types\/product"}],"wp:featuredmedia":[{"embeddable":true,"href":"https:\/\/sinkwithfaucet.com\/tr\/wp-json\/wp\/v2\/media\/2546"}],"wp:attachment":[{"href":"https:\/\/sinkwithfaucet.com\/tr\/wp-json\/wp\/v2\/media?parent=2545"}],"wp:term":[{"taxonomy":"product_brand","embeddable":true,"href":"https:\/\/sinkwithfaucet.com\/tr\/wp-json\/wp\/v2\/product_brand?post=2545"},{"taxonomy":"product_cat","embeddable":true,"href":"https:\/\/sinkwithfaucet.com\/tr\/wp-json\/wp\/v2\/product_cat?post=2545"},{"taxonomy":"product_tag","embeddable":true,"href":"https:\/\/sinkwithfaucet.com\/tr\/wp-json\/wp\/v2\/product_tag?post=2545"}],"curies":[{"name":"wp","href":"https:\/\/api.w.org\/{rel}","templated":true}]}}