{"id":2434,"date":"2024-11-04T06:57:38","date_gmt":"2024-11-04T06:57:38","guid":{"rendered":"https:\/\/sinkwithfaucet.com\/?post_type=product&#038;p=2434"},"modified":"2024-11-04T06:57:38","modified_gmt":"2024-11-04T06:57:38","slug":"undermount-sink-3322dsa","status":"publish","type":"product","link":"https:\/\/sinkwithfaucet.com\/tr\/undermount-sink-3322dsa\/","title":{"rendered":"Undermount Evye 3322DSA"},"content":{"rendered":"<h2 data-sourcepos=\"1:1-1:46\">Undermount Lavabolar: \u015e\u0131k ve Modern Bir Se\u00e7im<\/h2>\n<p data-sourcepos=\"3:1-3:210\"><strong>Undermount lavabolar<\/strong> mutfaklar\u0131 i\u00e7in temiz ve \u00e7a\u011fda\u015f bir g\u00f6r\u00fcn\u00fcm arayan ev sahipleri i\u00e7in pop\u00fcler bir se\u00e7imdir. Bu lavabolar tezgah\u0131n alt\u0131na monte edilerek kesintisiz ve entegre bir g\u00f6r\u00fcn\u00fcm yarat\u0131r.<\/p>\n<p data-sourcepos=\"5:1-5:37\"><strong>Temel \u00d6zellikler:<\/strong><\/p>\n<ul data-sourcepos=\"7:1-11:0\">\n<li data-sourcepos=\"7:1-7:144\"><strong>\u015e\u0131k Tasar\u0131m:<\/strong> Alttan montaj, lavabo ve tezgah aras\u0131ndaki bo\u015fluklar\u0131 ortadan kald\u0131rarak minimalist ve modern bir estetik sa\u011flar.<\/li>\n<li data-sourcepos=\"8:1-8:125\"><strong>Kolay Temizlenir:<\/strong> Kusursuz tasar\u0131m, kir ve d\u00f6k\u00fcnt\u00fclerin birikebilece\u011fi yar\u0131klar olmad\u0131\u011f\u0131ndan temizli\u011fi \u00e7ocuk oyunca\u011f\u0131 haline getirir.<\/li>\n<li data-sourcepos=\"9:1-9:140\"><strong>Geli\u015ftirilmi\u015f Tezgah Alan\u0131:<\/strong> Tezgah alt\u0131 tasar\u0131m, tezgah alan\u0131n\u0131 en \u00fcst d\u00fczeye \u00e7\u0131kararak yemek haz\u0131rlama ve di\u011fer i\u015fler i\u00e7in daha fazla alan sa\u011flar.<\/li>\n<li data-sourcepos=\"10:1-11:0\"><strong>Dayan\u0131kl\u0131l\u0131k:<\/strong> Alttan montajl\u0131 lavabolar genellikle paslanmaz \u00e7elik veya kompozit gibi dayan\u0131kl\u0131 malzemelerden \u00fcretilir ve uzun \u00f6m\u00fcrl\u00fc performans sa\u011flar.<\/li>\n<\/ul>\n<p data-sourcepos=\"19:1-19:52\"><strong>Undermount Lavabo Se\u00e7erken Dikkat Edilmesi Gerekenler:<\/strong><\/p>\n<ul data-sourcepos=\"21:1-25:0\">\n<li data-sourcepos=\"21:1-21:69\"><strong>Boyut:<\/strong> Lavabonun mutfak alan\u0131n\u0131z i\u00e7in do\u011fru boyutta oldu\u011fundan emin olun.<\/li>\n<li data-sourcepos=\"22:1-22:98\"><strong>Malzeme:<\/strong> Paslanmaz \u00e7elik veya kompozit gibi dayan\u0131kl\u0131 ve temizlemesi kolay bir malzeme se\u00e7in.<\/li>\n<li data-sourcepos=\"23:1-23:112\"><strong>Musluk Delikleri:<\/strong> \u0130stedi\u011finiz konfig\u00fcrasyona uyum sa\u011flamak i\u00e7in musluk deliklerinin say\u0131s\u0131n\u0131 ve yerle\u015fimini g\u00f6z \u00f6n\u00fcnde bulundurun.<\/li>\n<li data-sourcepos=\"24:1-25:0\"><strong>Kurulum:<\/strong> Undermount lavabolar, d\u00fczg\u00fcn ve g\u00fcvenli bir uyum sa\u011flamak i\u00e7in profesyonel kurulum gerektirir.<\/li>\n<\/ul>\n<p data-sourcepos=\"26:1-26:139\">Bu fakt\u00f6rleri dikkatlice de\u011ferlendirerek, mutfa\u011f\u0131n\u0131z\u0131n stilini ve i\u015flevselli\u011fini y\u00fckseltmek i\u00e7in m\u00fckemmel alttan montajl\u0131 evyeyi se\u00e7ebilirsiniz.<\/p>","protected":false},"excerpt":{"rendered":"<p>Toplam Boyut: 33*22*10 in\u00e7 \/ 838*559*254 mm<\/p>\n<p>Kase Boyutu: 430*452\/330*452 mm<\/p>\n<p>Kesim Boyutu: 839*560 mm<\/p>\n<p>Radyan K\u00f6\u015fe : R10<\/p>","protected":false},"featured_media":2435,"template":"","meta":[],"product_brand":[],"product_cat":[54],"product_tag":[],"class_list":{"0":"post-2434","1":"product","2":"type-product","3":"status-publish","4":"has-post-thumbnail","6":"product_cat-apron-sink-1","8":"first","9":"instock","10":"shipping-taxable","11":"product-type-simple"},"_links":{"self":[{"href":"https:\/\/sinkwithfaucet.com\/tr\/wp-json\/wp\/v2\/product\/2434","targetHints":{"allow":["GET"]}}],"collection":[{"href":"https:\/\/sinkwithfaucet.com\/tr\/wp-json\/wp\/v2\/product"}],"about":[{"href":"https:\/\/sinkwithfaucet.com\/tr\/wp-json\/wp\/v2\/types\/product"}],"wp:featuredmedia":[{"embeddable":true,"href":"https:\/\/sinkwithfaucet.com\/tr\/wp-json\/wp\/v2\/media\/2435"}],"wp:attachment":[{"href":"https:\/\/sinkwithfaucet.com\/tr\/wp-json\/wp\/v2\/media?parent=2434"}],"wp:term":[{"taxonomy":"product_brand","embeddable":true,"href":"https:\/\/sinkwithfaucet.com\/tr\/wp-json\/wp\/v2\/product_brand?post=2434"},{"taxonomy":"product_cat","embeddable":true,"href":"https:\/\/sinkwithfaucet.com\/tr\/wp-json\/wp\/v2\/product_cat?post=2434"},{"taxonomy":"product_tag","embeddable":true,"href":"https:\/\/sinkwithfaucet.com\/tr\/wp-json\/wp\/v2\/product_tag?post=2434"}],"curies":[{"name":"wp","href":"https:\/\/api.w.org\/{rel}","templated":true}]}}