{"id":2429,"date":"2024-11-04T06:26:45","date_gmt":"2024-11-04T06:26:45","guid":{"rendered":"https:\/\/sinkwithfaucet.com\/?post_type=product&#038;p=2429"},"modified":"2024-11-04T06:27:51","modified_gmt":"2024-11-04T06:27:51","slug":"stainless-apron-sink-3322da","status":"publish","type":"product","link":"https:\/\/sinkwithfaucet.com\/tr\/stainless-apron-sink-3322da\/","title":{"rendered":"Paslanmaz Apron Evye 3322DA"},"content":{"rendered":"<h2><strong><b>Paslanmaz Apron Evyeler: Kal\u0131c\u0131 Bir Klasik<\/b><\/strong><\/h2>\n<p>Paslanmaz \u00f6nl\u00fckl\u00fc eviyeler, hem \u015f\u0131k hem de son derece i\u015flevsel bir mutfak arayan ev sahipleri i\u00e7in b\u00fcy\u00fck bir cazibeye sahiptir. Genellikle '\u00e7iftlik evi evyesi' olarak bilinen bu b\u00fcy\u00fck ve derin evyeler, tezgah\u0131n d\u0131\u015f\u0131na ta\u015fan benzersiz bir \u00f6nl\u00fck cephesine sahiptir.<\/p>\n<p>&nbsp;<\/p>\n<p><strong>Paslanmaz \u00c7elik Apron \u00d6n\u00fc Evyelerin Temel \u00d6zellikleri:<\/strong><\/p>\n<ul>\n<li>Geni\u015f Kase: B\u00fcy\u00fck tencere ve tavalar\u0131 y\u0131kamak i\u00e7in bolca alan sunar.<\/li>\n<li>\u015e\u0131k Tasar\u0131m: \u00d6nl\u00fck, mutfa\u011f\u0131n\u0131za klasik ve zarif bir g\u00f6r\u00fcn\u00fcm kazand\u0131r\u0131r.<\/li>\n<li>Dayan\u0131kl\u0131l\u0131k: Uzun s\u00fcreli performans\u0131 garanti eden y\u00fcksek kaliteli paslanmaz \u00e7elikten \u00fcretilmi\u015ftir.<\/li>\n<li>Temizlemesi Kolay: P\u00fcr\u00fczs\u00fcz y\u00fczeyin bak\u0131m\u0131 ve sterilizasyonu zahmetsizdir.<\/li>\n<\/ul>\n<p><strong><b>Paslanmaz \u00c7elik Apron \u00d6n\u00fc Evye Se\u00e7erken Dikkat Edilmesi Gerekenler:<\/b><\/strong><\/p>\n<ul>\n<li>Boyut: Mutfa\u011f\u0131n\u0131z\u0131n d\u00fczenine ve \u00f6zel gereksinimlerinize uygun bir boyut se\u00e7in.<\/li>\n<li>Kase Konfig\u00fcrasyonu: Tercihlerinize g\u00f6re tek veya \u00e7ift hazne kurulumu aras\u0131nda se\u00e7im yap\u0131n.<\/li>\n<li>\u00d6l\u00e7\u00fc: Daha kal\u0131n bir \u00f6l\u00e7\u00fc, daha dayan\u0131kl\u0131 bir lavabo anlam\u0131na gelir.<\/li>\n<li>Kaplama: F\u0131r\u00e7alanm\u0131\u015f veya parlat\u0131lm\u0131\u015f paslanmaz \u00e7elik gibi mutfa\u011f\u0131n\u0131z\u0131n tarz\u0131yla uyumlu bir kaplama se\u00e7in.<\/li>\n<\/ul>\n<p><strong><b>Kurulum:<\/b><\/strong><\/p>\n<p>Bu fakt\u00f6rleri titizlikle de\u011ferlendirerek, mutfa\u011f\u0131n\u0131z\u0131n stilini ve i\u015flevselli\u011fini y\u00fckseltmek i\u00e7in ideal paslanmaz \u00e7elik \u00f6nl\u00fckl\u00fc evyeyi se\u00e7ebilirsiniz.<\/p>","protected":false},"excerpt":{"rendered":"<p>Toplam Boyut: 33*22*10 in\u00e7 \/ 838*559*254 mm<\/p>\n<p>Kase Boyutu: 788*420\/330*452 mm<\/p>\n<p>Kesim Boyutu: 839*503 mm<\/p>\n<p>Radyan K\u00f6\u015fe : R10<\/p>","protected":false},"featured_media":2430,"template":"","meta":[],"product_brand":[],"product_cat":[54],"product_tag":[],"class_list":{"0":"post-2429","1":"product","2":"type-product","3":"status-publish","4":"has-post-thumbnail","6":"product_cat-apron-sink-1","8":"first","9":"instock","10":"shipping-taxable","11":"product-type-simple"},"_links":{"self":[{"href":"https:\/\/sinkwithfaucet.com\/tr\/wp-json\/wp\/v2\/product\/2429","targetHints":{"allow":["GET"]}}],"collection":[{"href":"https:\/\/sinkwithfaucet.com\/tr\/wp-json\/wp\/v2\/product"}],"about":[{"href":"https:\/\/sinkwithfaucet.com\/tr\/wp-json\/wp\/v2\/types\/product"}],"wp:featuredmedia":[{"embeddable":true,"href":"https:\/\/sinkwithfaucet.com\/tr\/wp-json\/wp\/v2\/media\/2430"}],"wp:attachment":[{"href":"https:\/\/sinkwithfaucet.com\/tr\/wp-json\/wp\/v2\/media?parent=2429"}],"wp:term":[{"taxonomy":"product_brand","embeddable":true,"href":"https:\/\/sinkwithfaucet.com\/tr\/wp-json\/wp\/v2\/product_brand?post=2429"},{"taxonomy":"product_cat","embeddable":true,"href":"https:\/\/sinkwithfaucet.com\/tr\/wp-json\/wp\/v2\/product_cat?post=2429"},{"taxonomy":"product_tag","embeddable":true,"href":"https:\/\/sinkwithfaucet.com\/tr\/wp-json\/wp\/v2\/product_tag?post=2429"}],"curies":[{"name":"wp","href":"https:\/\/api.w.org\/{rel}","templated":true}]}}