{"id":2427,"date":"2024-11-04T06:16:23","date_gmt":"2024-11-04T06:16:23","guid":{"rendered":"https:\/\/sinkwithfaucet.com\/?post_type=product&#038;p=2427"},"modified":"2024-11-04T06:16:23","modified_gmt":"2024-11-04T06:16:23","slug":"stainless-steel-apron-sink-3022sa","status":"publish","type":"product","link":"https:\/\/sinkwithfaucet.com\/tr\/stainless-steel-apron-sink-3022sa\/","title":{"rendered":"Paslanmaz \u00c7elik Apron Evye 3022SA"},"content":{"rendered":"<h2 data-sourcepos=\"1:1-1:56\">Paslanmaz \u00c7elik Apron Evyeler: Zamans\u0131z Bir Klasik<\/h2>\n<p data-sourcepos=\"3:1-3:252\">Paslanmaz \u00e7elik apron eviyeler, \u015f\u0131k ve i\u015flevsel bir mutfak isteyen ev sahipleri i\u00e7in pop\u00fcler bir se\u00e7imdir. Genellikle \"\u00e7iftlik evi evyesi\" olarak adland\u0131r\u0131lan bu b\u00fcy\u00fck, derin evyeler, tezgah\u0131n \u00f6tesine uzanan ay\u0131rt edici bir \u00f6nl\u00fck cephesine sahiptir.<\/p>\n<p data-sourcepos=\"5:1-5:54\"><strong>Paslanmaz \u00c7elik Apron \u00d6n\u00fc Evyelerin Temel \u00d6zellikleri:<\/strong><\/p>\n<ul data-sourcepos=\"7:1-11:0\">\n<li data-sourcepos=\"7:1-7:64\"><strong>Geni\u015f kase:<\/strong> B\u00fcy\u00fck tencere ve tavalar\u0131 y\u0131kamak i\u00e7in geni\u015f alan.<\/li>\n<li data-sourcepos=\"8:1-8:86\"><strong>\u015e\u0131k Tasar\u0131m:<\/strong> \u00d6nl\u00fck, mutfa\u011f\u0131n\u0131za klasik ve zarif bir g\u00f6r\u00fcn\u00fcm katar.<\/li>\n<li data-sourcepos=\"9:1-9:92\"><strong>Dayan\u0131kl\u0131l\u0131k:<\/strong> Uzun \u00f6m\u00fcrl\u00fc performans sa\u011flayan y\u00fcksek kaliteli paslanmaz \u00e7elikten \u00fcretilmi\u015ftir.<\/li>\n<li data-sourcepos=\"10:1-11:0\"><strong>Kolay Temizlenir:<\/strong> P\u00fcr\u00fczs\u00fcz y\u00fczeyin bak\u0131m\u0131 ve sterilizasyonu kolayd\u0131r.<\/li>\n<\/ul>\n<p data-sourcepos=\"12:1-12:68\"><strong>Paslanmaz \u00c7elik Apron \u00d6n\u00fc Evye Se\u00e7erken Dikkat Edilmesi Gerekenler:<\/strong><\/p>\n<ul data-sourcepos=\"14:1-19:0\">\n<li data-sourcepos=\"14:1-14:73\"><strong>Boyut:<\/strong> Mutfa\u011f\u0131n\u0131z\u0131n d\u00fczenine ve ihtiya\u00e7lar\u0131n\u0131za uygun bir boyut se\u00e7in.<\/li>\n<li data-sourcepos=\"15:1-15:97\"><strong>Kase Konfig\u00fcrasyonu:<\/strong> Tercihlerinize g\u00f6re tek veya \u00e7ift hazne konfig\u00fcrasyonu se\u00e7in.<\/li>\n<li data-sourcepos=\"16:1-16:59\"><strong>G\u00f6sterge:<\/strong> Daha kal\u0131n bir \u00f6l\u00e7\u00fc, daha dayan\u0131kl\u0131 bir lavaboya i\u015faret eder.<\/li>\n<li data-sourcepos=\"17:1-17:113\"><strong>Bitir:<\/strong> F\u0131r\u00e7alanm\u0131\u015f veya parlat\u0131lm\u0131\u015f paslanmaz \u00e7elik gibi mutfa\u011f\u0131n\u0131z\u0131n tarz\u0131n\u0131 tamamlayan bir y\u00fczey se\u00e7in.<\/li>\n<li data-sourcepos=\"18:1-19:0\"><strong>Kurulum:<\/strong> Alttan veya \u00fcstten montaj\u0131 d\u00fc\u015f\u00fcn\u00fcn.<\/li>\n<\/ul>\n<p data-sourcepos=\"20:1-20:150\">Bu fakt\u00f6rleri dikkatlice de\u011ferlendirerek, mutfa\u011f\u0131n\u0131z\u0131n stilini ve i\u015flevselli\u011fini geli\u015ftirmek i\u00e7in m\u00fckemmel paslanmaz \u00e7elik \u00f6nl\u00fckl\u00fc evyeyi se\u00e7ebilirsiniz.<\/p>","protected":false},"excerpt":{"rendered":"<p>Toplam Boyut: 30*22*10 in\u00e7 \/ 762*559*254 mm<\/p>\n<p>Kase Boyutu : 712*451 mm<\/p>\n<p>Kesim Boyutu: 763*503 mm<\/p>\n<p>Radyan K\u00f6\u015fe : R10<\/p>","protected":false},"featured_media":2428,"template":"","meta":[],"product_brand":[],"product_cat":[54],"product_tag":[],"class_list":{"0":"post-2427","1":"product","2":"type-product","3":"status-publish","4":"has-post-thumbnail","6":"product_cat-apron-sink-1","8":"first","9":"instock","10":"shipping-taxable","11":"product-type-simple"},"_links":{"self":[{"href":"https:\/\/sinkwithfaucet.com\/tr\/wp-json\/wp\/v2\/product\/2427","targetHints":{"allow":["GET"]}}],"collection":[{"href":"https:\/\/sinkwithfaucet.com\/tr\/wp-json\/wp\/v2\/product"}],"about":[{"href":"https:\/\/sinkwithfaucet.com\/tr\/wp-json\/wp\/v2\/types\/product"}],"wp:featuredmedia":[{"embeddable":true,"href":"https:\/\/sinkwithfaucet.com\/tr\/wp-json\/wp\/v2\/media\/2428"}],"wp:attachment":[{"href":"https:\/\/sinkwithfaucet.com\/tr\/wp-json\/wp\/v2\/media?parent=2427"}],"wp:term":[{"taxonomy":"product_brand","embeddable":true,"href":"https:\/\/sinkwithfaucet.com\/tr\/wp-json\/wp\/v2\/product_brand?post=2427"},{"taxonomy":"product_cat","embeddable":true,"href":"https:\/\/sinkwithfaucet.com\/tr\/wp-json\/wp\/v2\/product_cat?post=2427"},{"taxonomy":"product_tag","embeddable":true,"href":"https:\/\/sinkwithfaucet.com\/tr\/wp-json\/wp\/v2\/product_tag?post=2427"}],"curies":[{"name":"wp","href":"https:\/\/api.w.org\/{rel}","templated":true}]}}