{"id":2425,"date":"2024-11-04T06:09:13","date_gmt":"2024-11-04T06:09:13","guid":{"rendered":"https:\/\/sinkwithfaucet.com\/?post_type=product&#038;p=2425"},"modified":"2024-11-04T06:09:28","modified_gmt":"2024-11-04T06:09:28","slug":"matte-black-kitchen-sink-9246","status":"publish","type":"product","link":"https:\/\/sinkwithfaucet.com\/tr\/matte-black-kitchen-sink-9246\/","title":{"rendered":"Mat Siyah Mutfak Evyesi 9246"},"content":{"rendered":"<h2 data-sourcepos=\"1:1-1:55\">Mat Siyah Mutfak Evyeleri: Modern ve \u015e\u0131k Bir Se\u00e7im<\/h2>\n<p data-sourcepos=\"3:1-3:165\">Mat siyah mutfak evyeleri, \u015f\u0131k ve modern g\u00f6r\u00fcn\u00fcmleri nedeniyle giderek daha pop\u00fcler hale gelmi\u015ftir. Her t\u00fcrl\u00fc mutfak tasar\u0131m\u0131na sofistike bir dokunu\u015f katabilirler.<\/p>\n<p data-sourcepos=\"5:1-5:46\"><strong>Temel \u00d6zellikler:<\/strong><\/p>\n<ul data-sourcepos=\"7:1-11:0\">\n<li data-sourcepos=\"7:1-7:100\"><strong>\u015e\u0131k ve Modern Estetik:<\/strong> Mat siyah kaplama \u00e7a\u011fda\u015f ve minimalist bir g\u00f6r\u00fcn\u00fcm yarat\u0131r.<\/li>\n<li data-sourcepos=\"8:1-8:107\"><strong>Parmak \u0130zine Dayan\u0131kl\u0131:<\/strong> Mat y\u00fczey, parmak izlerinin ve lekelerin g\u00f6r\u00fcn\u00fcrl\u00fc\u011f\u00fcn\u00fc en aza indirmeye yard\u0131mc\u0131 olur.<\/li>\n<li data-sourcepos=\"9:1-9:99\"><strong>Dayan\u0131kl\u0131 ve Uzun \u00d6m\u00fcrl\u00fc:<\/strong> Paslanmaz \u00e7elik veya kompozit gibi y\u00fcksek kaliteli malzemelerden \u00fcretilmi\u015ftir.<\/li>\n<li data-sourcepos=\"10:1-11:0\"><strong>\u00c7ok y\u00f6nl\u00fc:<\/strong> Alttan montaj, \u00fcstten montaj ve \u00e7iftlik evi dahil olmak \u00fczere \u00e7e\u015fitli stillerde mevcuttur.<\/li>\n<\/ul>\n<p data-sourcepos=\"12:1-12:60\"><strong>Mat Siyah Mutfak Evyesi Se\u00e7erken Dikkat Edilmesi Gerekenler:<\/strong><\/p>\n<ul data-sourcepos=\"14:1-19:0\">\n<li data-sourcepos=\"14:1-14:76\"><strong>Malzeme:<\/strong> Paslanmaz \u00e7elik veya kompozit gibi dayan\u0131kl\u0131 bir malzeme se\u00e7in.<\/li>\n<li data-sourcepos=\"15:1-15:78\"><strong>Bitir:<\/strong> Mat siyah kaplaman\u0131n tutarl\u0131 ve y\u00fcksek kalitede oldu\u011fundan emin olun.<\/li>\n<li data-sourcepos=\"16:1-16:86\"><strong>Boyut ve \u015eekil:<\/strong> Mutfak d\u00fczeninize ve ihtiya\u00e7lar\u0131n\u0131za uygun bir boyut ve \u015fekil se\u00e7in.<\/li>\n<li data-sourcepos=\"17:1-17:91\"><strong>Kurulum:<\/strong> \u0130ster alttan ister \u00fcstten montaj olsun, montaj y\u00f6ntemini g\u00f6z \u00f6n\u00fcnde bulundurun.<\/li>\n<li data-sourcepos=\"18:1-19:0\"><strong>Bak\u0131m:<\/strong> Mat siyah lavabolar dayan\u0131kl\u0131 olsa da, g\u00f6r\u00fcn\u00fcmlerini korumak i\u00e7in d\u00fczenli temizlik \u015fartt\u0131r.<\/li>\n<\/ul>\n<p data-sourcepos=\"20:1-20:143\">Bu fakt\u00f6rleri dikkatlice de\u011ferlendirerek, mutfa\u011f\u0131n\u0131z\u0131n stilini ve i\u015flevselli\u011fini y\u00fckseltmek i\u00e7in m\u00fckemmel mat siyah mutfak evyesini se\u00e7ebilirsiniz.<\/p>","protected":false},"excerpt":{"rendered":"<p>Toplam Boyut: 9200*460*230 mm<\/p>\n<p>Kase Boyutu : 700*363 mm<\/p>\n<p>Kesim Boyutu: 896*436 mm<\/p>\n<p>Radyan K\u00f6\u015fe : R10<\/p>","protected":false},"featured_media":2426,"template":"","meta":[],"product_brand":[],"product_cat":[53],"product_tag":[],"class_list":{"0":"post-2425","1":"product","2":"type-product","3":"status-publish","4":"has-post-thumbnail","6":"product_cat-topmount-sink-1","8":"first","9":"instock","10":"shipping-taxable","11":"product-type-simple"},"_links":{"self":[{"href":"https:\/\/sinkwithfaucet.com\/tr\/wp-json\/wp\/v2\/product\/2425","targetHints":{"allow":["GET"]}}],"collection":[{"href":"https:\/\/sinkwithfaucet.com\/tr\/wp-json\/wp\/v2\/product"}],"about":[{"href":"https:\/\/sinkwithfaucet.com\/tr\/wp-json\/wp\/v2\/types\/product"}],"wp:featuredmedia":[{"embeddable":true,"href":"https:\/\/sinkwithfaucet.com\/tr\/wp-json\/wp\/v2\/media\/2426"}],"wp:attachment":[{"href":"https:\/\/sinkwithfaucet.com\/tr\/wp-json\/wp\/v2\/media?parent=2425"}],"wp:term":[{"taxonomy":"product_brand","embeddable":true,"href":"https:\/\/sinkwithfaucet.com\/tr\/wp-json\/wp\/v2\/product_brand?post=2425"},{"taxonomy":"product_cat","embeddable":true,"href":"https:\/\/sinkwithfaucet.com\/tr\/wp-json\/wp\/v2\/product_cat?post=2425"},{"taxonomy":"product_tag","embeddable":true,"href":"https:\/\/sinkwithfaucet.com\/tr\/wp-json\/wp\/v2\/product_tag?post=2425"}],"curies":[{"name":"wp","href":"https:\/\/api.w.org\/{rel}","templated":true}]}}