{"id":2421,"date":"2024-11-04T03:43:55","date_gmt":"2024-11-04T03:43:55","guid":{"rendered":"https:\/\/sinkwithfaucet.com\/?post_type=product&#038;p=2421"},"modified":"2024-11-04T03:43:55","modified_gmt":"2024-11-04T03:43:55","slug":"30-inch-sink-7046-a","status":"publish","type":"product","link":"https:\/\/sinkwithfaucet.com\/tr\/30-inch-sink-7046-a\/","title":{"rendered":"30 \u0130n\u00e7 Evye 7046-A"},"content":{"rendered":"<h2 data-sourcepos=\"1:1-1:45\">30 \u0130n\u00e7 Lavabolar: \u00c7ok Y\u00f6nl\u00fc Bir Se\u00e7im<\/h2>\n<p data-sourcepos=\"3:1-3:203\">30 in\u00e7lik bir eviye, alan ve i\u015flevsellik dengesi sunan pop\u00fcler bir boyuttur. Farkl\u0131 mutfak tasar\u0131mlar\u0131na ve ihtiya\u00e7lar\u0131na uyacak \u015fekilde \u00e7e\u015fitli stillerde, malzemelerde ve konfig\u00fcrasyonlarda mevcuttur.<\/p>\n<p data-sourcepos=\"5:1-5:42\"><strong>30 in\u00e7 Lavabolar\u0131n Temel \u00d6zellikleri:<\/strong><\/p>\n<ul data-sourcepos=\"7:1-11:0\">\n<li data-sourcepos=\"7:1-7:107\"><strong>Geni\u015f Alan:<\/strong> Bula\u015f\u0131k y\u0131kamak, yemek haz\u0131rlamak ve b\u00fcy\u00fck tencereleri \u0131slatmak i\u00e7in yeterli alan sa\u011flar.<\/li>\n<li data-sourcepos=\"8:1-8:94\"><strong>\u00c7ok Y\u00f6nl\u00fc Tasar\u0131m:<\/strong> Tek hazneli, \u00e7ift hazneli ve i\u015f istasyonu konfig\u00fcrasyonlar\u0131nda mevcuttur.<\/li>\n<li data-sourcepos=\"9:1-9:92\"><strong>Dayan\u0131kl\u0131 Malzemeler:<\/strong> Genellikle paslanmaz \u00e7elik, d\u00f6kme demir veya kompozit malzemelerden yap\u0131l\u0131r.<\/li>\n<li data-sourcepos=\"10:1-11:0\"><strong>Modern Estetik:<\/strong> \u00c7e\u015fitli mutfak stillerini tamamlayan \u015f\u0131k ve \u00e7a\u011fda\u015f tasar\u0131mlar.<\/li>\n<\/ul>\n<p data-sourcepos=\"12:1-12:35\"><strong>30 \u0130n\u00e7 Mutfak Evyesi \u00c7e\u015fitleri:<\/strong><\/p>\n<ul data-sourcepos=\"14:1-17:0\">\n<li data-sourcepos=\"14:1-14:77\"><strong>Undermount Lavabolar:<\/strong> Kesintisiz bir g\u00f6r\u00fcn\u00fcm i\u00e7in tezgah\u0131n alt\u0131na monte edilir.<\/li>\n<li data-sourcepos=\"15:1-15:93\"><strong>\u00dcstten Montajl\u0131 Lavabolar:<\/strong> Tezgah\u0131n \u00fczerine monte edilerek geleneksel bir g\u00f6r\u00fcn\u00fcm sunar.<\/li>\n<li data-sourcepos=\"16:1-17:0\"><strong>\u00c7iftlik Evi Lavabolar\u0131:<\/strong> \u00d6nl\u00fckl\u00fc geni\u015f, derin lavabolar rustik ve i\u015flevsel bir tasar\u0131m sa\u011flar.<\/li>\n<\/ul>\n<p data-sourcepos=\"18:1-18:73\"><strong>30 in\u00e7lik bir mutfak evyesi se\u00e7erken a\u015fa\u011f\u0131daki fakt\u00f6rleri g\u00f6z \u00f6n\u00fcnde bulundurun:<\/strong><\/p>\n<ul data-sourcepos=\"20:1-25:0\">\n<li data-sourcepos=\"20:1-20:94\"><strong>Malzeme:<\/strong> Paslanmaz \u00e7elik veya kompozit gibi dayan\u0131kl\u0131 ve temizlemesi kolay bir malzeme se\u00e7in.<\/li>\n<li data-sourcepos=\"21:1-21:100\"><strong>Kase Konfig\u00fcrasyonu:<\/strong> \u0130htiya\u00e7lar\u0131n\u0131za g\u00f6re tekli, ikili veya \u00fc\u00e7l\u00fc hazne konfig\u00fcrasyonu se\u00e7in.<\/li>\n<li data-sourcepos=\"22:1-22:64\"><strong>Derinlik:<\/strong> Daha derin bir hazneye daha b\u00fcy\u00fck tencere ve tavalar yerle\u015ftirilebilir.<\/li>\n<li data-sourcepos=\"23:1-23:105\"><strong>Bitir:<\/strong> F\u0131r\u00e7alanm\u0131\u015f, cilal\u0131 veya saten gibi mutfa\u011f\u0131n\u0131z\u0131n tarz\u0131n\u0131 tamamlayan bir y\u00fczey se\u00e7in.<\/li>\n<li data-sourcepos=\"24:1-25:0\"><strong>Kurulum:<\/strong> \u0130ster alttan ister \u00fcstten montaj olsun, montaj y\u00f6ntemini g\u00f6z \u00f6n\u00fcnde bulundurun.<\/li>\n<\/ul>\n<p data-sourcepos=\"26:1-26:138\">Bu fakt\u00f6rleri dikkatlice de\u011ferlendirerek m\u00fckemmel 30 in\u00e7 mutfak evyesini se\u00e7ebilirsiniz<\/p>","protected":false},"excerpt":{"rendered":"<p>Toplam Boyut: 700*460*230 mm<\/p>\n<p>Kase Boyutu : 660*363 mm<\/p>\n<p>Kesim Boyutu: 676*436 mm<\/p>\n<p>Radyan K\u00f6\u015fe : R10<\/p>","protected":false},"featured_media":2422,"template":"","meta":[],"product_brand":[],"product_cat":[53],"product_tag":[],"class_list":{"0":"post-2421","1":"product","2":"type-product","3":"status-publish","4":"has-post-thumbnail","6":"product_cat-topmount-sink-1","8":"first","9":"instock","10":"shipping-taxable","11":"product-type-simple"},"_links":{"self":[{"href":"https:\/\/sinkwithfaucet.com\/tr\/wp-json\/wp\/v2\/product\/2421","targetHints":{"allow":["GET"]}}],"collection":[{"href":"https:\/\/sinkwithfaucet.com\/tr\/wp-json\/wp\/v2\/product"}],"about":[{"href":"https:\/\/sinkwithfaucet.com\/tr\/wp-json\/wp\/v2\/types\/product"}],"wp:featuredmedia":[{"embeddable":true,"href":"https:\/\/sinkwithfaucet.com\/tr\/wp-json\/wp\/v2\/media\/2422"}],"wp:attachment":[{"href":"https:\/\/sinkwithfaucet.com\/tr\/wp-json\/wp\/v2\/media?parent=2421"}],"wp:term":[{"taxonomy":"product_brand","embeddable":true,"href":"https:\/\/sinkwithfaucet.com\/tr\/wp-json\/wp\/v2\/product_brand?post=2421"},{"taxonomy":"product_cat","embeddable":true,"href":"https:\/\/sinkwithfaucet.com\/tr\/wp-json\/wp\/v2\/product_cat?post=2421"},{"taxonomy":"product_tag","embeddable":true,"href":"https:\/\/sinkwithfaucet.com\/tr\/wp-json\/wp\/v2\/product_tag?post=2421"}],"curies":[{"name":"wp","href":"https:\/\/api.w.org\/{rel}","templated":true}]}}