{"id":2403,"date":"2024-11-04T02:39:18","date_gmt":"2024-11-04T02:39:18","guid":{"rendered":"https:\/\/sinkwithfaucet.com\/?post_type=product&#038;p=2403"},"modified":"2024-11-04T02:39:18","modified_gmt":"2024-11-04T02:39:18","slug":"black-stainless-steel-kitchen-sink-7843","status":"publish","type":"product","link":"https:\/\/sinkwithfaucet.com\/tr\/black-stainless-steel-kitchen-sink-7843\/","title":{"rendered":"Siyah Paslanmaz \u00c7elik Evye 7843"},"content":{"rendered":"<h2 data-sourcepos=\"1:1-1:57\">Siyah Paslanmaz \u00c7elik Mutfak Evyeleri: Modern ve \u015e\u0131k Bir Se\u00e7im<\/h2>\n<p data-sourcepos=\"3:1-3:231\">Siyah paslanmaz \u00e7elik mutfak evyeleri, geleneksel paslanmaz \u00e7eli\u011fe \u015f\u0131k ve modern bir alternatif sunarak son y\u0131llarda giderek daha pop\u00fcler hale gelmi\u015ftir. Bu benzersiz kaplama, her mutfa\u011fa sofistike ve \u015f\u0131k bir dokunu\u015f katar.<\/p>\n<p data-sourcepos=\"5:1-5:48\"><strong>Siyah Paslanmaz \u00c7elik Evyelerin Temel \u00d6zellikleri:<\/strong><\/p>\n<ul data-sourcepos=\"7:1-11:0\">\n<li data-sourcepos=\"7:1-7:93\"><strong>Modern Estetik:<\/strong> Koyu, \u015f\u0131k kaplama \u00e7a\u011fda\u015f ve sofistike bir g\u00f6r\u00fcn\u00fcm yarat\u0131r.<\/li>\n<li data-sourcepos=\"8:1-8:92\"><strong>Dayan\u0131kl\u0131l\u0131k:<\/strong> Uzun \u00f6m\u00fcrl\u00fc performans sa\u011flayan y\u00fcksek kaliteli paslanmaz \u00e7elikten \u00fcretilmi\u015ftir.<\/li>\n<li data-sourcepos=\"9:1-9:113\"><strong>Parmak \u0130zi Direnci:<\/strong> \u00d6zel kaplamalar parmak izlerini ve lekeleri en aza indirmeye yard\u0131mc\u0131 olarak temizli\u011fi kolayla\u015ft\u0131r\u0131r.<\/li>\n<li data-sourcepos=\"10:1-11:0\"><strong>\u00c7e\u015fitli Stiller:<\/strong> Alttan montajl\u0131, \u00fcstten montajl\u0131 ve \u00e7iftlik evi lavabolar dahil olmak \u00fczere \u00e7e\u015fitli stillerde mevcuttur.<\/li>\n<\/ul>\n<p data-sourcepos=\"12:1-12:62\"><strong>Siyah Paslanmaz \u00c7elik Evye Se\u00e7erken Dikkat Edilmesi Gerekenler:<\/strong><\/p>\n<ul data-sourcepos=\"14:1-18:0\">\n<li data-sourcepos=\"14:1-14:120\"><strong>Bitir:<\/strong> Mat siyah veya f\u0131r\u00e7alanm\u0131\u015f siyah \u00e7elik gibi mutfa\u011f\u0131n\u0131z\u0131n genel stilini tamamlayan bir y\u00fczey se\u00e7in.<\/li>\n<li data-sourcepos=\"15:1-15:75\"><strong>Boyut:<\/strong> \u00d6zel ihtiya\u00e7lar\u0131n\u0131za ve mutfak d\u00fczeninize uygun bir boyut se\u00e7in.<\/li>\n<li data-sourcepos=\"16:1-16:91\"><strong>Kurulum:<\/strong> \u0130ster alttan ister \u00fcstten montaj olsun, montaj y\u00f6ntemini g\u00f6z \u00f6n\u00fcnde bulundurun.<\/li>\n<li data-sourcepos=\"17:1-18:0\"><strong>Bak\u0131m:<\/strong> Siyah paslanmaz \u00e7elik dayan\u0131kl\u0131 olsa da, g\u00f6r\u00fcn\u00fcm\u00fcn\u00fc korumak i\u00e7in d\u00fczenli temizlik \u015fartt\u0131r.<\/li>\n<\/ul>\n<p data-sourcepos=\"19:1-19:149\">Bu fakt\u00f6rleri dikkatlice de\u011ferlendirerek, mutfa\u011f\u0131n\u0131z\u0131n stilini ve i\u015flevselli\u011fini y\u00fckseltmek i\u00e7in m\u00fckemmel siyah paslanmaz \u00e7elik evyeyi se\u00e7ebilirsiniz.<\/p>","protected":false},"excerpt":{"rendered":"<p>Toplam Boyut: 780*430*220 mm<\/p>\n<p>Kase Boyutu : 740*381 mm<\/p>\n<p>Kesim Boyutu: 740*381 mm<\/p>\n<p>Radyan K\u00f6\u015fe : R10<\/p>","protected":false},"featured_media":2404,"template":"","meta":[],"product_brand":[],"product_cat":[52],"product_tag":[],"class_list":{"0":"post-2403","1":"product","2":"type-product","3":"status-publish","4":"has-post-thumbnail","6":"product_cat-undermount-sink-1","8":"first","9":"instock","10":"shipping-taxable","11":"product-type-simple"},"_links":{"self":[{"href":"https:\/\/sinkwithfaucet.com\/tr\/wp-json\/wp\/v2\/product\/2403","targetHints":{"allow":["GET"]}}],"collection":[{"href":"https:\/\/sinkwithfaucet.com\/tr\/wp-json\/wp\/v2\/product"}],"about":[{"href":"https:\/\/sinkwithfaucet.com\/tr\/wp-json\/wp\/v2\/types\/product"}],"wp:featuredmedia":[{"embeddable":true,"href":"https:\/\/sinkwithfaucet.com\/tr\/wp-json\/wp\/v2\/media\/2404"}],"wp:attachment":[{"href":"https:\/\/sinkwithfaucet.com\/tr\/wp-json\/wp\/v2\/media?parent=2403"}],"wp:term":[{"taxonomy":"product_brand","embeddable":true,"href":"https:\/\/sinkwithfaucet.com\/tr\/wp-json\/wp\/v2\/product_brand?post=2403"},{"taxonomy":"product_cat","embeddable":true,"href":"https:\/\/sinkwithfaucet.com\/tr\/wp-json\/wp\/v2\/product_cat?post=2403"},{"taxonomy":"product_tag","embeddable":true,"href":"https:\/\/sinkwithfaucet.com\/tr\/wp-json\/wp\/v2\/product_tag?post=2403"}],"curies":[{"name":"wp","href":"https:\/\/api.w.org\/{rel}","templated":true}]}}