{"id":2401,"date":"2024-11-04T02:18:10","date_gmt":"2024-11-04T02:18:10","guid":{"rendered":"https:\/\/sinkwithfaucet.com\/?post_type=product&#038;p=2401"},"modified":"2024-11-04T02:18:10","modified_gmt":"2024-11-04T02:18:10","slug":"flat-sink-8348dr","status":"publish","type":"product","link":"https:\/\/sinkwithfaucet.com\/tr\/flat-sink-8348dr\/","title":{"rendered":"D\u00fcz Lavabo 8348DR"},"content":{"rendered":"<h2 data-sourcepos=\"1:1-1:45\">D\u00fcz Lavabolar: Minimalist ve Modern Bir Se\u00e7im<\/h2>\n<p data-sourcepos=\"3:1-3:191\">D\u00fcz lavabolar, mutfak ve banyolar i\u00e7in minimalist ve \u00e7a\u011fda\u015f bir tasar\u0131m se\u00e7ene\u011fidir. Genellikle paslanmaz \u00e7elik veya seramik gibi malzemelerden yap\u0131lm\u0131\u015f d\u00fcz, engelsiz bir lavaboya sahiptirler.<\/p>\n<p data-sourcepos=\"5:1-5:31\"><strong>Temel \u00d6zellikler:<\/strong><\/p>\n<ul data-sourcepos=\"7:1-11:0\">\n<li data-sourcepos=\"7:1-7:83\"><strong>Minimalist Estetik:<\/strong> Temiz, d\u00fcz tasar\u0131m \u015f\u0131k ve modern bir g\u00f6r\u00fcn\u00fcm yarat\u0131r.<\/li>\n<li data-sourcepos=\"8:1-8:96\"><strong>Kolay Temizlenir:<\/strong> P\u00fcr\u00fczs\u00fcz y\u00fczey kolayca silinerek temizlenir ve bakteri olu\u015fumunu azalt\u0131r.<\/li>\n<li data-sourcepos=\"9:1-9:61\"><strong>Yerden Tasarruf:<\/strong> Kompakt tasar\u0131m k\u00fc\u00e7\u00fck alanlar\u0131 optimize edebilir.<\/li>\n<li data-sourcepos=\"10:1-11:0\"><strong>E\u015fsiz Stil:<\/strong> Banyonuza veya mutfa\u011f\u0131n\u0131za farkl\u0131 bir dokunu\u015f katar.<\/li>\n<\/ul>\n<p data-sourcepos=\"12:1-12:45\"><strong>D\u00fcz Lavabo Se\u00e7erken Dikkat Edilmesi Gerekenler:<\/strong><\/p>\n<ul data-sourcepos=\"14:1-18:0\">\n<li data-sourcepos=\"14:1-14:79\"><strong>Drenaj:<\/strong> Su birikmesini \u00f6nlemek i\u00e7in lavabonun yeterli drenaja sahip oldu\u011fundan emin olun.<\/li>\n<li data-sourcepos=\"15:1-15:92\"><strong>Malzeme:<\/strong> Paslanmaz \u00e7elik veya seramik gibi dayan\u0131kl\u0131 ve temizlemesi kolay bir malzeme se\u00e7in.<\/li>\n<li data-sourcepos=\"16:1-16:89\"><strong>Kurulum:<\/strong> \u0130ster alttan montajl\u0131 ister g\u00f6mme olsun, montaj y\u00f6ntemini g\u00f6z \u00f6n\u00fcnde bulundurun.<\/li>\n<li data-sourcepos=\"17:1-18:0\"><strong>Musluk:<\/strong> Lavabonun minimalist tasar\u0131m\u0131n\u0131 tamamlayan bir musluk se\u00e7in.<\/li>\n<\/ul>","protected":false},"excerpt":{"rendered":"<p>Toplam Boyut: 33*19*10\/838*483*254 mm<\/p>\n<p>Kase Boyutu: 381*397\/381*397 mm<\/p>\n<p>Kesim Boyutu: 788*433 mm<\/p>\n<p>Radyan K\u00f6\u015fe : R10<\/p>","protected":false},"featured_media":2402,"template":"","meta":[],"product_brand":[],"product_cat":[52],"product_tag":[],"class_list":{"0":"post-2401","1":"product","2":"type-product","3":"status-publish","4":"has-post-thumbnail","6":"product_cat-undermount-sink-1","8":"first","9":"instock","10":"shipping-taxable","11":"product-type-simple"},"_links":{"self":[{"href":"https:\/\/sinkwithfaucet.com\/tr\/wp-json\/wp\/v2\/product\/2401","targetHints":{"allow":["GET"]}}],"collection":[{"href":"https:\/\/sinkwithfaucet.com\/tr\/wp-json\/wp\/v2\/product"}],"about":[{"href":"https:\/\/sinkwithfaucet.com\/tr\/wp-json\/wp\/v2\/types\/product"}],"wp:featuredmedia":[{"embeddable":true,"href":"https:\/\/sinkwithfaucet.com\/tr\/wp-json\/wp\/v2\/media\/2402"}],"wp:attachment":[{"href":"https:\/\/sinkwithfaucet.com\/tr\/wp-json\/wp\/v2\/media?parent=2401"}],"wp:term":[{"taxonomy":"product_brand","embeddable":true,"href":"https:\/\/sinkwithfaucet.com\/tr\/wp-json\/wp\/v2\/product_brand?post=2401"},{"taxonomy":"product_cat","embeddable":true,"href":"https:\/\/sinkwithfaucet.com\/tr\/wp-json\/wp\/v2\/product_cat?post=2401"},{"taxonomy":"product_tag","embeddable":true,"href":"https:\/\/sinkwithfaucet.com\/tr\/wp-json\/wp\/v2\/product_tag?post=2401"}],"curies":[{"name":"wp","href":"https:\/\/api.w.org\/{rel}","templated":true}]}}