{"id":2398,"date":"2024-11-04T02:02:40","date_gmt":"2024-11-04T02:02:40","guid":{"rendered":"https:\/\/sinkwithfaucet.com\/?post_type=product&#038;p=2398"},"modified":"2024-11-04T02:11:06","modified_gmt":"2024-11-04T02:11:06","slug":"ultimate-kitchen-sink-2519st","status":"publish","type":"product","link":"https:\/\/sinkwithfaucet.com\/tr\/ultimate-kitchen-sink-2519st\/","title":{"rendered":"Ultimate Mutfak Evyesi 2519ST"},"content":{"rendered":"<h2 data-sourcepos=\"1:1-1:58\">\u00dcst\u00fcn Mutfak Evyesi: Bi\u00e7im ve \u0130\u015flevin Bir Kar\u0131\u015f\u0131m\u0131<\/h2>\n<p data-sourcepos=\"3:1-3:219\">En iyi mutfak evyesi, bula\u015f\u0131k y\u0131kamak i\u00e7in bir yerden daha fazlas\u0131d\u0131r; mutfak deneyiminizi y\u00fckseltebilecek i\u015flevsel ve \u015f\u0131k bir merkezdir. \u0130\u015fte m\u00fckemmel bir mutfak evyesinde araman\u0131z gereken baz\u0131 temel \u00f6zellikler:<\/p>\n<h3 data-sourcepos=\"5:1-5:13\">Malzeme:<\/h3>\n<ul data-sourcepos=\"7:1-10:0\">\n<li data-sourcepos=\"7:1-7:97\"><strong>Paslanmaz \u00c7elik:<\/strong> Dayan\u0131kl\u0131l\u0131\u011f\u0131, hijyeni ve modern esteti\u011fi ile bilinen klasik bir se\u00e7im.<\/li>\n<li data-sourcepos=\"8:1-8:94\"><strong>D\u00f6kme Demir:<\/strong> Genellikle \u00e7iftlik evi tarz\u0131 mutfaklarla e\u015fle\u015ftirilen rustik ve vintage bir g\u00f6r\u00fcn\u00fcm sunar.<\/li>\n<li data-sourcepos=\"9:1-10:0\"><strong>Kompozit:<\/strong> Granit veya kuvars gibi malzemelerin bir kar\u0131\u015f\u0131m\u0131, \u015f\u0131k ve dayan\u0131kl\u0131 bir se\u00e7enek sunar.<\/li>\n<\/ul>\n<h3 data-sourcepos=\"11:1-11:21\">Stil ve Tasar\u0131m:<\/h3>\n<ul data-sourcepos=\"13:1-19:0\">\n<li data-sourcepos=\"13:1-13:81\"><strong>Undermount:<\/strong> Tezgah ile kusursuz bir g\u00f6r\u00fcn\u00fcm sunan \u015f\u0131k ve modern.<\/li>\n<li data-sourcepos=\"14:1-14:75\"><strong>\u00dcst Montaj:<\/strong> Geleneksel ve kurulumu kolay, klasik bir g\u00f6r\u00fcn\u00fcm sa\u011flar.<\/li>\n<li data-sourcepos=\"15:1-15:93\"><strong>\u00c7iftlik evi:<\/strong> B\u00fcy\u00fck, derin ve genellikle apron \u00f6nl\u00fc, rustik ve i\u015flevsel bir tasar\u0131m sunar.<\/li>\n<li data-sourcepos=\"16:1-16:70\"><strong>Tekli Kase:<\/strong> Basit ve verimli, k\u00fc\u00e7\u00fck mutfaklar i\u00e7in m\u00fckemmel.<\/li>\n<li data-sourcepos=\"17:1-17:71\"><strong>Double Bowl:<\/strong> \u00c7ok y\u00f6nl\u00fc ve i\u015flevseldir, \u00e7oklu g\u00f6revlere olanak sa\u011flar.<\/li>\n<li data-sourcepos=\"18:1-19:0\"><strong>Triple Bowl:<\/strong> B\u00fcy\u00fck evler veya s\u0131k s\u0131k yemek pi\u015firen ve e\u011flenenler i\u00e7in idealdir.<\/li>\n<\/ul>\n<h3 data-sourcepos=\"20:1-20:24\">Ek \u00d6zellikler:<\/h3>\n<ul data-sourcepos=\"22:1-26:0\">\n<li data-sourcepos=\"22:1-22:64\"><strong>Drainboard:<\/strong> Bula\u015f\u0131klar\u0131 kurutmak i\u00e7in uygun bir alan sa\u011flar.<\/li>\n<li data-sourcepos=\"23:1-23:86\"><strong>Kesme tahtas\u0131:<\/strong> Entegre kesme tahtas\u0131 tezgah alan\u0131ndan tasarruf sa\u011flar ve da\u011f\u0131n\u0131kl\u0131\u011f\u0131 azalt\u0131r.<\/li>\n<li data-sourcepos=\"24:1-24:87\"><strong>Kevgir:<\/strong> Dahili kevgir, yiyecek haz\u0131rlama ve temizleme i\u015flemlerini daha verimli hale getirir.<\/li>\n<li data-sourcepos=\"25:1-26:0\"><strong>Sabunluk:<\/strong> Ayr\u0131 bir sabunluk ihtiyac\u0131n\u0131 ortadan kald\u0131rarak sabun da\u011f\u0131tmak i\u00e7in uygun bir yol.<\/li>\n<\/ul>\n<p data-sourcepos=\"27:1-27:76\"><strong>En iyi mutfak evyesini se\u00e7erken a\u015fa\u011f\u0131daki fakt\u00f6rleri g\u00f6z \u00f6n\u00fcnde bulundurun:<\/strong><\/p>\n<ul data-sourcepos=\"29:1-34:0\">\n<li data-sourcepos=\"29:1-29:70\"><strong>Boyut:<\/strong> Eviyenin mutfa\u011f\u0131n\u0131z\u0131n d\u00fczenine ve ihtiya\u00e7lar\u0131n\u0131za uygun oldu\u011fundan emin olun.<\/li>\n<li data-sourcepos=\"30:1-30:61\"><strong>Derinlik:<\/strong> Daha derin bir lavabo, daha b\u00fcy\u00fck tencere ve tavalar i\u00e7in idealdir.<\/li>\n<li data-sourcepos=\"31:1-31:105\"><strong>Bitir:<\/strong> F\u0131r\u00e7alanm\u0131\u015f, cilal\u0131 veya saten gibi mutfa\u011f\u0131n\u0131z\u0131n tarz\u0131n\u0131 tamamlayan bir y\u00fczey se\u00e7in.<\/li>\n<li data-sourcepos=\"32:1-32:109\"><strong>Kurulum:<\/strong> \u0130ster alttan montajl\u0131, ister \u00fcstten montajl\u0131 veya \u00e7iftlik evi tarz\u0131 olsun, montaj y\u00f6ntemini g\u00f6z \u00f6n\u00fcnde bulundurun.<\/li>\n<li data-sourcepos=\"33:1-34:0\"><strong>B\u00fct\u00e7e:<\/strong> Bir b\u00fct\u00e7e belirleyin ve fiyat aral\u0131\u011f\u0131n\u0131za uygun se\u00e7enekleri ara\u015ft\u0131r\u0131n.<\/li>\n<\/ul>\n<p data-sourcepos=\"35:1-35:152\">Bu fakt\u00f6rleri dikkatlice de\u011ferlendirerek, mutfa\u011f\u0131n\u0131z\u0131n hem i\u015flevselli\u011fini hem de esteti\u011fini art\u0131racak m\u00fckemmel mutfak evyesini se\u00e7ebilirsiniz.<\/p>","protected":false},"excerpt":{"rendered":"<table style=\"border-collapse: collapse; width: 501.02pt;\" border=\"0\" width=\"668\" cellspacing=\"0\" cellpadding=\"0\">\n<tbody>\n<tr style=\"height: 25.00pt;\">\n<td class=\"et2\" style=\"height: 25pt; width: 54pt; text-align: center;\" width=\"72\" height=\"33\"><strong>Model<\/strong><\/td>\n<td class=\"et2\" style=\"width: 112.5pt; text-align: center;\" width=\"150\"><strong>Genel Boyut\uff08mm\uff09<\/strong><\/td>\n<td class=\"et2\" style=\"width: 122.25pt; text-align: center;\" width=\"163\"><strong>Kase Boyutu\uff08mm\uff09<\/strong><\/td>\n<td class=\"et2\" style=\"width: 121.5pt; text-align: center;\" width=\"162\"><strong>Kesik Boyutu\uff08mm\uff09<\/strong><\/td>\n<td class=\"et2\" style=\"width: 90.75pt; text-align: center;\" width=\"121\"><strong>Radyan K\u00f6\u015fe<\/strong><\/td>\n<\/tr>\n<tr style=\"height: 30.00pt;\">\n<td class=\"et3\" style=\"height: 30pt; text-align: center;\" height=\"40\">2519ST<\/td>\n<td class=\"et4\" style=\"width: 112.5pt; text-align: center;\" width=\"150\">25*19*10<br \/>\n635*483*254<\/td>\n<td class=\"et3\" style=\"text-align: center;\">585*397<\/td>\n<td class=\"et3\" style=\"text-align: center;\">585*433<\/td>\n<td class=\"et5\" style=\"text-align: center;\">R0+R10<\/td>\n<\/tr>\n<tr style=\"height: 30.00pt;\">\n<td class=\"et3\" style=\"height: 30pt; text-align: center;\" height=\"40\">2719ST<\/td>\n<td class=\"et4\" style=\"width: 112.5pt; text-align: center;\" width=\"150\">27*19*10<br \/>\n686*483*254<\/td>\n<td class=\"et3\" style=\"text-align: center;\">636*397<\/td>\n<td class=\"et3\" style=\"text-align: center;\">636*433<\/td>\n<td class=\"et5\" style=\"text-align: center;\">R0+R10<\/td>\n<\/tr>\n<tr style=\"height: 30.00pt;\">\n<td class=\"et3\" style=\"height: 30pt; text-align: center;\" height=\"40\">3019ST<\/td>\n<td class=\"et4\" style=\"width: 112.5pt; text-align: center;\" width=\"150\">30*19*10<br \/>\n762*483*254<\/td>\n<td class=\"et3\" style=\"text-align: center;\">712*397<\/td>\n<td class=\"et3\" style=\"text-align: center;\">712*433<\/td>\n<td class=\"et5\" style=\"text-align: center;\">R0+R10<\/td>\n<\/tr>\n<tr style=\"height: 30.00pt;\">\n<td class=\"et3\" style=\"height: 30pt; text-align: center;\" height=\"40\">3319ST<\/td>\n<td class=\"et4\" style=\"width: 112.5pt; text-align: center;\" width=\"150\">33*19*10<br \/>\n838*483*254<\/td>\n<td class=\"et3\" style=\"text-align: center;\">788*397<\/td>\n<td class=\"et3\" style=\"text-align: center;\">788*433<\/td>\n<td class=\"et5\" style=\"text-align: center;\">R0+R10<\/td>\n<\/tr>\n<\/tbody>\n<\/table>","protected":false},"featured_media":2399,"template":"","meta":[],"product_brand":[],"product_cat":[52],"product_tag":[],"class_list":{"0":"post-2398","1":"product","2":"type-product","3":"status-publish","4":"has-post-thumbnail","6":"product_cat-undermount-sink-1","8":"first","9":"instock","10":"shipping-taxable","11":"product-type-simple"},"_links":{"self":[{"href":"https:\/\/sinkwithfaucet.com\/tr\/wp-json\/wp\/v2\/product\/2398","targetHints":{"allow":["GET"]}}],"collection":[{"href":"https:\/\/sinkwithfaucet.com\/tr\/wp-json\/wp\/v2\/product"}],"about":[{"href":"https:\/\/sinkwithfaucet.com\/tr\/wp-json\/wp\/v2\/types\/product"}],"wp:featuredmedia":[{"embeddable":true,"href":"https:\/\/sinkwithfaucet.com\/tr\/wp-json\/wp\/v2\/media\/2399"}],"wp:attachment":[{"href":"https:\/\/sinkwithfaucet.com\/tr\/wp-json\/wp\/v2\/media?parent=2398"}],"wp:term":[{"taxonomy":"product_brand","embeddable":true,"href":"https:\/\/sinkwithfaucet.com\/tr\/wp-json\/wp\/v2\/product_brand?post=2398"},{"taxonomy":"product_cat","embeddable":true,"href":"https:\/\/sinkwithfaucet.com\/tr\/wp-json\/wp\/v2\/product_cat?post=2398"},{"taxonomy":"product_tag","embeddable":true,"href":"https:\/\/sinkwithfaucet.com\/tr\/wp-json\/wp\/v2\/product_tag?post=2398"}],"curies":[{"name":"wp","href":"https:\/\/api.w.org\/{rel}","templated":true}]}}