{"id":2394,"date":"2024-11-04T01:54:04","date_gmt":"2024-11-04T01:54:04","guid":{"rendered":"https:\/\/sinkwithfaucet.com\/?post_type=product&#038;p=2394"},"modified":"2024-11-04T01:55:37","modified_gmt":"2024-11-04T01:55:37","slug":"undermount-bar-sink-1144ddu","status":"publish","type":"product","link":"https:\/\/sinkwithfaucet.com\/tr\/undermount-bar-sink-1144ddu\/","title":{"rendered":"Undermount Bar Lavabo 1144DDU"},"content":{"rendered":"<h2 data-sourcepos=\"1:1-1:50\">Undermount Bar Lavabolar\u0131: \u015e\u0131k ve Modern Bir Se\u00e7im<\/h2>\n<p data-sourcepos=\"3:1-3:193\"><strong>Undermount bar lavabolar\u0131<\/strong> ev barlar\u0131, \u0131slak barlar ve daha k\u00fc\u00e7\u00fck mutfak alanlar\u0131 i\u00e7in pop\u00fcler bir se\u00e7imdir. Tezgah\u0131n alt\u0131na monte edilmek \u00fczere tasarlanm\u0131\u015flard\u0131r ve kesintisiz ve modern bir g\u00f6r\u00fcn\u00fcm yarat\u0131rlar.<\/p>\n<p data-sourcepos=\"5:1-5:41\"><strong>Temel \u00d6zellikler:<\/strong><\/p>\n<ul data-sourcepos=\"7:1-11:0\">\n<li data-sourcepos=\"7:1-7:92\"><strong>\u015e\u0131k Tasar\u0131m:<\/strong> Alttan montaj, temiz ve \u00e7a\u011fda\u015f bir estetik sa\u011flar.<\/li>\n<li data-sourcepos=\"8:1-8:119\"><strong>Kolay Temizlenir:<\/strong> Tezgahla kusursuz entegrasyon, kir ve d\u00f6k\u00fcnt\u00fclerin birikebilece\u011fi bo\u015fluklar\u0131 ortadan kald\u0131r\u0131r.<\/li>\n<li data-sourcepos=\"9:1-9:58\"><strong>Yerden Tasarruf:<\/strong> K\u00fc\u00e7\u00fck alanlar i\u00e7in ideal kompakt boyut.<\/li>\n<li data-sourcepos=\"10:1-11:0\"><strong>Dayan\u0131kl\u0131l\u0131k:<\/strong> Tipik olarak y\u00fcksek kaliteli paslanmaz \u00e7elikten yap\u0131lm\u0131\u015ft\u0131r ve uzun \u00f6m\u00fcrl\u00fc performans sa\u011flar.<\/li>\n<\/ul>\n<p data-sourcepos=\"12:1-12:56\"><strong>Undermount Bar Lavabosu Se\u00e7erken Dikkat Edilmesi Gerekenler:<\/strong><\/p>\n<ul data-sourcepos=\"14:1-18:0\">\n<li data-sourcepos=\"14:1-14:66\"><strong>Boyut:<\/strong> \u00d6zel alan\u0131n\u0131za ve ihtiya\u00e7lar\u0131n\u0131za uygun bir boyut se\u00e7in.<\/li>\n<li data-sourcepos=\"15:1-15:109\"><strong>Derinlik:<\/strong> Cam e\u015fyalar\u0131 y\u0131kamak veya i\u00e7ecek haz\u0131rlamak gibi \u00e7e\u015fitli i\u015fler i\u00e7in lavabonun derinli\u011fini g\u00f6z \u00f6n\u00fcnde bulundurun.<\/li>\n<li data-sourcepos=\"16:1-16:92\"><strong>Malzeme:<\/strong> Paslanmaz \u00e7elik, dayan\u0131kl\u0131l\u0131\u011f\u0131 ve kolay bak\u0131m\u0131 nedeniyle pop\u00fcler bir se\u00e7imdir.<\/li>\n<li data-sourcepos=\"17:1-18:0\"><strong>Musluk Delikleri:<\/strong> Lavabonun istedi\u011finiz konfig\u00fcrasyon i\u00e7in uygun say\u0131da musluk deli\u011fine sahip oldu\u011fundan emin olun.<\/li>\n<\/ul>\n<p data-sourcepos=\"19:1-20:30\">Bu fakt\u00f6rleri dikkatlice de\u011ferlendirerek, mutfa\u011f\u0131n\u0131z\u0131 veya bar alan\u0131n\u0131z\u0131 tamamlayacak m\u00fckemmel alttan montajl\u0131 bar evyesini se\u00e7ebilirsiniz.<\/p>","protected":false},"excerpt":{"rendered":"<p>Toplam Boyut \uff1a 1150*440*220 mm<\/p>\n<p>Kazan Boyutu \uff1a 400*400\/300*400 mm<\/p>\n<p>Kesim Boyutu \uff1a 1110*400 mm<\/p>\n<p>Radyan K\u00f6\u015fe \uff1a R10<\/p>","protected":false},"featured_media":2397,"template":"","meta":[],"product_brand":[],"product_cat":[52],"product_tag":[],"class_list":{"0":"post-2394","1":"product","2":"type-product","3":"status-publish","4":"has-post-thumbnail","6":"product_cat-undermount-sink-1","8":"first","9":"instock","10":"shipping-taxable","11":"product-type-simple"},"_links":{"self":[{"href":"https:\/\/sinkwithfaucet.com\/tr\/wp-json\/wp\/v2\/product\/2394","targetHints":{"allow":["GET"]}}],"collection":[{"href":"https:\/\/sinkwithfaucet.com\/tr\/wp-json\/wp\/v2\/product"}],"about":[{"href":"https:\/\/sinkwithfaucet.com\/tr\/wp-json\/wp\/v2\/types\/product"}],"wp:featuredmedia":[{"embeddable":true,"href":"https:\/\/sinkwithfaucet.com\/tr\/wp-json\/wp\/v2\/media\/2397"}],"wp:attachment":[{"href":"https:\/\/sinkwithfaucet.com\/tr\/wp-json\/wp\/v2\/media?parent=2394"}],"wp:term":[{"taxonomy":"product_brand","embeddable":true,"href":"https:\/\/sinkwithfaucet.com\/tr\/wp-json\/wp\/v2\/product_brand?post=2394"},{"taxonomy":"product_cat","embeddable":true,"href":"https:\/\/sinkwithfaucet.com\/tr\/wp-json\/wp\/v2\/product_cat?post=2394"},{"taxonomy":"product_tag","embeddable":true,"href":"https:\/\/sinkwithfaucet.com\/tr\/wp-json\/wp\/v2\/product_tag?post=2394"}],"curies":[{"name":"wp","href":"https:\/\/api.w.org\/{rel}","templated":true}]}}