{"id":2391,"date":"2024-11-04T01:44:51","date_gmt":"2024-11-04T01:44:51","guid":{"rendered":"https:\/\/sinkwithfaucet.com\/?post_type=product&#038;p=2391"},"modified":"2024-11-04T01:46:08","modified_gmt":"2024-11-04T01:46:08","slug":"integrated-sink-7544sdu","status":"publish","type":"product","link":"https:\/\/sinkwithfaucet.com\/tr\/integrated-sink-7544sdu\/","title":{"rendered":"Entegre Lavabo 7544SDU"},"content":{"rendered":"<h2 data-sourcepos=\"1:1-1:46\">Entegre Evyeler: Kusursuz Bir Mutfak Tasar\u0131m\u0131<\/h2>\n<p data-sourcepos=\"3:1-3:176\"><strong>Entegre lavabolar<\/strong> mutfak tezgahlar\u0131 i\u00e7in modern ve \u015f\u0131k bir se\u00e7imdir. Tezgah malzemesine sorunsuz bir \u015fekilde entegre edilerek temiz ve minimalist bir g\u00f6r\u00fcn\u00fcm yarat\u0131rlar.<\/p>\n<p data-sourcepos=\"5:1-5:37\"><strong>Temel \u00d6zellikler:<\/strong><\/p>\n<ul data-sourcepos=\"7:1-11:0\">\n<li data-sourcepos=\"7:1-7:139\"><strong>Kusursuz Tasar\u0131m:<\/strong> Lavabo ve tezgah tek ve birle\u015fik bir y\u00fczey olu\u015fturarak bakterilerin birikebilece\u011fi bo\u015fluklar\u0131 ve yar\u0131klar\u0131 ortadan kald\u0131r\u0131r.<\/li>\n<li data-sourcepos=\"8:1-8:117\"><strong>\u00d6zelle\u015ftirme:<\/strong> Entegre lavabolar boyut, \u015fekil ve derinlik dahil olmak \u00fczere \u00f6zel ihtiya\u00e7lar\u0131n\u0131za uyacak \u015fekilde \u00f6zelle\u015ftirilebilir.<\/li>\n<li data-sourcepos=\"9:1-9:121\"><strong>Dayan\u0131kl\u0131l\u0131k:<\/strong> Kuvars, granit veya masif y\u00fczey gibi dayan\u0131kl\u0131 malzemelerden \u00fcretilen entegre lavabolar uzun \u00f6m\u00fcrl\u00fcd\u00fcr.<\/li>\n<li data-sourcepos=\"10:1-11:0\"><strong>Kolay Temizlenir:<\/strong> P\u00fcr\u00fczs\u00fcz, diki\u015fsiz y\u00fczeyin temizlenmesi ve bak\u0131m\u0131 kolayd\u0131r.<\/li>\n<\/ul>\n<p data-sourcepos=\"12:1-12:30\"><strong>T\u00fcrleri:<\/strong><\/p>\n<ul data-sourcepos=\"14:1-17:0\">\n<li data-sourcepos=\"14:1-14:90\"><strong>Kuvars:<\/strong> Dayan\u0131kl\u0131l\u0131\u011f\u0131, \u0131s\u0131 direnci ve renk \u00e7e\u015fitlili\u011fi nedeniyle pop\u00fcler bir se\u00e7imdir.<\/li>\n<li data-sourcepos=\"15:1-15:79\"><strong>Granit:<\/strong> L\u00fcks ve zarif bir g\u00f6r\u00fcn\u00fcm sunan do\u011fal ta\u015f se\u00e7ene\u011fi.<\/li>\n<li data-sourcepos=\"16:1-17:0\"><strong>Kat\u0131 Y\u00fczey:<\/strong> Hem dayan\u0131kl\u0131 hem de \u015f\u0131k olan insan yap\u0131m\u0131 bir malzeme.<\/li>\n<\/ul>\n<p data-sourcepos=\"18:1-18:52\"><strong>Entegre Lavabo Se\u00e7erken Dikkat Edilmesi Gerekenler:<\/strong><\/p>\n<ul data-sourcepos=\"20:1-24:0\">\n<li data-sourcepos=\"20:1-20:108\"><strong>Malzeme:<\/strong> Mutfa\u011f\u0131n\u0131z\u0131n esteti\u011fini tamamlayan ve i\u015flevsel ihtiya\u00e7lar\u0131n\u0131z\u0131 kar\u015f\u0131layan bir malzeme se\u00e7in.<\/li>\n<li data-sourcepos=\"21:1-21:128\"><strong>Boyut ve \u015eekil:<\/strong> Mutfak d\u00fczeninize uydu\u011fundan ve ihtiya\u00e7lar\u0131n\u0131z\u0131 kar\u015f\u0131lad\u0131\u011f\u0131ndan emin olmak i\u00e7in lavabonun boyutunu ve \u015feklini g\u00f6z \u00f6n\u00fcnde bulundurun.<\/li>\n<li data-sourcepos=\"22:1-22:101\"><strong>Kurulum:<\/strong> Sorunsuz ve su ge\u00e7irmez bir uyum sa\u011flamak i\u00e7in profesyonel kurulum \u00f6nerilir.<\/li>\n<li data-sourcepos=\"23:1-24:0\"><strong>Bak\u0131m:<\/strong> \u00dcreticinin tavsiye etti\u011fi temizlik ve bak\u0131m y\u00f6nergelerine uyun.<\/li>\n<\/ul>\n<p data-sourcepos=\"25:1-25:184\"><strong>Entegre eviyeler, mutfa\u011f\u0131n\u0131z\u0131n tarz\u0131n\u0131 y\u00fckseltebilecek \u015f\u0131k ve modern bir g\u00f6r\u00fcn\u00fcm sunar.<\/strong> Hem esteti\u011fe hem de i\u015flevselli\u011fe \u00f6ncelik veren ev sahipleri i\u00e7in m\u00fckemmel bir se\u00e7imdir.<\/p>","protected":false},"excerpt":{"rendered":"<p>Toplam Boyut: 750*440*220 mm<\/p>\n<p>Kase Boyutu : 400*400 mm<\/p>\n<p>Kesim Boyutu: 710*400 mm<\/p>\n<p>Radyan K\u00f6\u015fe : R10<\/p>","protected":false},"featured_media":2392,"template":"","meta":[],"product_brand":[],"product_cat":[52],"product_tag":[],"class_list":{"0":"post-2391","1":"product","2":"type-product","3":"status-publish","4":"has-post-thumbnail","6":"product_cat-undermount-sink-1","8":"first","9":"instock","10":"shipping-taxable","11":"product-type-simple"},"_links":{"self":[{"href":"https:\/\/sinkwithfaucet.com\/tr\/wp-json\/wp\/v2\/product\/2391","targetHints":{"allow":["GET"]}}],"collection":[{"href":"https:\/\/sinkwithfaucet.com\/tr\/wp-json\/wp\/v2\/product"}],"about":[{"href":"https:\/\/sinkwithfaucet.com\/tr\/wp-json\/wp\/v2\/types\/product"}],"wp:featuredmedia":[{"embeddable":true,"href":"https:\/\/sinkwithfaucet.com\/tr\/wp-json\/wp\/v2\/media\/2392"}],"wp:attachment":[{"href":"https:\/\/sinkwithfaucet.com\/tr\/wp-json\/wp\/v2\/media?parent=2391"}],"wp:term":[{"taxonomy":"product_brand","embeddable":true,"href":"https:\/\/sinkwithfaucet.com\/tr\/wp-json\/wp\/v2\/product_brand?post=2391"},{"taxonomy":"product_cat","embeddable":true,"href":"https:\/\/sinkwithfaucet.com\/tr\/wp-json\/wp\/v2\/product_cat?post=2391"},{"taxonomy":"product_tag","embeddable":true,"href":"https:\/\/sinkwithfaucet.com\/tr\/wp-json\/wp\/v2\/product_tag?post=2391"}],"curies":[{"name":"wp","href":"https:\/\/api.w.org\/{rel}","templated":true}]}}