{"id":2342,"date":"2024-11-01T07:21:34","date_gmt":"2024-11-01T07:21:34","guid":{"rendered":"https:\/\/sinkwithfaucet.com\/?post_type=product&#038;p=2342"},"modified":"2024-11-01T07:23:29","modified_gmt":"2024-11-01T07:23:29","slug":"small-stainless-steel-sink-2344su","status":"publish","type":"product","link":"https:\/\/sinkwithfaucet.com\/tr\/small-stainless-steel-sink-2344su\/","title":{"rendered":"K\u00fc\u00e7\u00fck Paslanmaz \u00c7elik Evye 2344SU"},"content":{"rendered":"<h2 data-sourcepos=\"1:1-1:50\">K\u00fc\u00e7\u00fck Paslanmaz \u00c7elik Evyeler: Kompakt Bir \u00c7\u00f6z\u00fcm<\/h2>\n<p data-sourcepos=\"3:1-3:87\">K\u00fc\u00e7\u00fck paslanmaz \u00e7elik evyeler \u00e7e\u015fitli uygulamalar i\u00e7in pratik bir se\u00e7imdir.<\/p>\n<p data-sourcepos=\"10:1-10:44\"><strong>Avantajlar:<\/strong><\/p>\n<ul data-sourcepos=\"12:1-16:0\">\n<li data-sourcepos=\"12:1-12:58\"><strong>Yerden Tasarruf:<\/strong> Kompakt tasar\u0131m k\u00fc\u00e7\u00fck alanlara s\u0131\u011far.<\/li>\n<li data-sourcepos=\"13:1-13:88\"><strong>Dayan\u0131kl\u0131l\u0131k:<\/strong> Paslanmaz \u00e7elik, pas ve korozyona kar\u015f\u0131 dayan\u0131kl\u0131 bir malzemedir.<\/li>\n<li data-sourcepos=\"14:1-14:66\"><strong>Kolay Temizlenir:<\/strong> P\u00fcr\u00fczs\u00fcz y\u00fczeyin bak\u0131m\u0131 ve temizli\u011fi kolayd\u0131r.<\/li>\n<li data-sourcepos=\"15:1-16:0\"><strong>Modern Estetik:<\/strong> \u015e\u0131k ve zarif tasar\u0131m, \u00e7e\u015fitli mutfak stillerini tamamlar.<\/li>\n<\/ul>\n<p data-sourcepos=\"17:1-17:41\"><strong>T\u00fcrleri:<\/strong><\/p>\n<ul data-sourcepos=\"19:1-23:0\">\n<li data-sourcepos=\"19:1-19:77\"><strong>Undermount Lavabolar:<\/strong> Kesintisiz bir g\u00f6r\u00fcn\u00fcm i\u00e7in tezgah\u0131n alt\u0131na monte edilir.<\/li>\n<li data-sourcepos=\"20:1-20:93\"><strong>\u00dcstten Montajl\u0131 Lavabolar:<\/strong> Tezgah\u0131n \u00fczerine monte edilerek geleneksel bir g\u00f6r\u00fcn\u00fcm sunar.<\/li>\n<li data-sourcepos=\"21:1-21:65\"><strong>Tek \u00c7anakl\u0131 Lavabolar:<\/strong> Temel temizlik i\u015fleri i\u00e7in tek bir lavabo.<\/li>\n<li data-sourcepos=\"22:1-23:0\"><strong>\u00c7ift Hazneli Lavabolar:<\/strong> \u00c7oklu g\u00f6revler i\u00e7in iki ayr\u0131 lavabo.<\/li>\n<\/ul>\n<p data-sourcepos=\"24:1-24:78\"><strong>K\u00fc\u00e7\u00fck bir paslanmaz \u00e7elik evye se\u00e7erken a\u015fa\u011f\u0131daki fakt\u00f6rleri g\u00f6z \u00f6n\u00fcnde bulundurun:<\/strong><\/p>\n<ul data-sourcepos=\"26:1-30:0\">\n<li data-sourcepos=\"26:1-26:76\"><strong>Boyut:<\/strong> \u00d6zel ihtiya\u00e7lar\u0131n\u0131za ve mevcut alan\u0131n\u0131za uygun bir boyut se\u00e7in.<\/li>\n<li data-sourcepos=\"27:1-27:64\"><strong>Derinlik:<\/strong> Daha derin bir lavabo daha b\u00fcy\u00fck tencere ve tavalar\u0131 bar\u0131nd\u0131rabilir.<\/li>\n<li data-sourcepos=\"28:1-28:93\"><strong>G\u00f6sterge:<\/strong> Paslanmaz \u00e7eli\u011fin kal\u0131nl\u0131\u011f\u0131 lavabonun dayan\u0131kl\u0131l\u0131\u011f\u0131n\u0131 ve sesini etkileyebilir.<\/li>\n<li data-sourcepos=\"29:1-30:0\"><strong>Bitir:<\/strong> F\u0131r\u00e7alanm\u0131\u015f veya parlat\u0131lm\u0131\u015f paslanmaz \u00e7elik gibi mutfa\u011f\u0131n\u0131z\u0131n tarz\u0131n\u0131 tamamlayan bir y\u00fczey se\u00e7in.<\/li>\n<\/ul>\n<p data-sourcepos=\"31:1-31:109\">Bu fakt\u00f6rleri dikkatlice de\u011ferlendirerek, ihtiya\u00e7lar\u0131n\u0131z i\u00e7in m\u00fckemmel k\u00fc\u00e7\u00fck paslanmaz \u00e7elik evyeyi se\u00e7ebilirsiniz.<\/p>","protected":false},"excerpt":{"rendered":"<p>Toplam Boyut \uff1a 230*440*200 mm<\/p>\n<p>Kase Boyutu \uff1a 190*400 mm<\/p>\n<p>Kesim Boyutu \uff1a 190*400 mm<\/p>\n<p>Radyan K\u00f6\u015fe \uff1a R10<\/p>","protected":false},"featured_media":2343,"template":"","meta":[],"product_brand":[],"product_cat":[52],"product_tag":[],"class_list":{"0":"post-2342","1":"product","2":"type-product","3":"status-publish","4":"has-post-thumbnail","6":"product_cat-undermount-sink-1","8":"first","9":"instock","10":"shipping-taxable","11":"product-type-simple"},"_links":{"self":[{"href":"https:\/\/sinkwithfaucet.com\/tr\/wp-json\/wp\/v2\/product\/2342","targetHints":{"allow":["GET"]}}],"collection":[{"href":"https:\/\/sinkwithfaucet.com\/tr\/wp-json\/wp\/v2\/product"}],"about":[{"href":"https:\/\/sinkwithfaucet.com\/tr\/wp-json\/wp\/v2\/types\/product"}],"wp:featuredmedia":[{"embeddable":true,"href":"https:\/\/sinkwithfaucet.com\/tr\/wp-json\/wp\/v2\/media\/2343"}],"wp:attachment":[{"href":"https:\/\/sinkwithfaucet.com\/tr\/wp-json\/wp\/v2\/media?parent=2342"}],"wp:term":[{"taxonomy":"product_brand","embeddable":true,"href":"https:\/\/sinkwithfaucet.com\/tr\/wp-json\/wp\/v2\/product_brand?post=2342"},{"taxonomy":"product_cat","embeddable":true,"href":"https:\/\/sinkwithfaucet.com\/tr\/wp-json\/wp\/v2\/product_cat?post=2342"},{"taxonomy":"product_tag","embeddable":true,"href":"https:\/\/sinkwithfaucet.com\/tr\/wp-json\/wp\/v2\/product_tag?post=2342"}],"curies":[{"name":"wp","href":"https:\/\/api.w.org\/{rel}","templated":true}]}}