{"id":2665,"date":"2024-11-11T10:29:22","date_gmt":"2024-11-11T10:29:22","guid":{"rendered":"https:\/\/sinkwithfaucet.com\/?post_type=product&#038;p=2665"},"modified":"2024-11-11T10:29:22","modified_gmt":"2024-11-11T10:29:22","slug":"modern-sink-faucet-1008","status":"publish","type":"product","link":"https:\/\/sinkwithfaucet.com\/sv\/modern-sink-faucet-1008\/","title":{"rendered":"Modern tv\u00e4ttst\u00e4llsblandare 1008"},"content":{"rendered":"<h2 data-sourcepos=\"1:1-1:52\">Moderna tv\u00e4ttst\u00e4llskranar: En blandning av form och funktion<\/h2>\n<p data-sourcepos=\"3:1-3:211\">En modern diskb\u00e4nksblandare \u00e4r mer \u00e4n bara en funktionell VVS-armatur. Det \u00e4r ett designuttalande som kan h\u00f6ja det estetiska i ditt k\u00f6k eller badrum. H\u00e4r \u00e4r n\u00e5gra viktiga egenskaper hos moderna handfatkranar:<\/p>\n<h3 data-sourcepos=\"5:1-5:40\">Viktiga funktioner i moderna diskb\u00e4nksblandare:<\/h3>\n<ul data-sourcepos=\"7:1-13:0\">\n<li data-sourcepos=\"7:1-7:87\"><strong>Minimalistisk design:<\/strong> Rena linjer, enkla former och fokus p\u00e5 v\u00e4sentliga element.<\/li>\n<li data-sourcepos=\"8:1-8:87\"><strong>Smidig finish:<\/strong> Popul\u00e4ra ytbehandlingar \u00e4r matt svart, borstad nickel och krom.<\/li>\n<li data-sourcepos=\"9:1-9:65\"><strong>Utlopp med h\u00f6g b\u00e5ge:<\/strong> G\u00f6r det enkelt att fylla h\u00f6ga beh\u00e5llare.<\/li>\n<li data-sourcepos=\"10:1-10:72\"><strong>Neddragbara eller utdragbara sprutor:<\/strong> Erbjuder flexibilitet och bekv\u00e4mlighet.<\/li>\n<li data-sourcepos=\"11:1-11:70\"><strong>Ber\u00f6ringsfri teknik:<\/strong> Handsfree-funktion f\u00f6r f\u00f6rb\u00e4ttrad hygien.<\/li>\n<li data-sourcepos=\"12:1-13:0\"><strong>Vatteneffektiv design:<\/strong> Minska vattenf\u00f6rbrukningen utan att kompromissa med prestandan.<\/li>\n<\/ul>\n<h3 data-sourcepos=\"14:1-14:33\">Typer av moderna tv\u00e4ttst\u00e4llskranar:<\/h3>\n<ul data-sourcepos=\"16:1-20:0\">\n<li data-sourcepos=\"16:1-16:104\"><strong>Ettgreppsblandare:<\/strong> L\u00e4tt att anv\u00e4nda med en enda spak f\u00f6r att styra b\u00e5de vattentemperatur och fl\u00f6de.<\/li>\n<li data-sourcepos=\"17:1-17:70\"><strong>Tv\u00e5greppsblandare:<\/strong> Ger exakt kontroll \u00f6ver varmt och kallt vatten.<\/li>\n<li data-sourcepos=\"18:1-18:86\"><strong>Bridge kranar:<\/strong> En klassisk stil med tv\u00e5 separata handtag som \u00e4r f\u00f6rbundna med en bro.<\/li>\n<li data-sourcepos=\"19:1-20:0\"><strong>V\u00e4ggmonterade kranar:<\/strong> Skapa en minimalistisk och modern look.<\/li>\n<\/ul>\n<h3 data-sourcepos=\"21:1-21:59\">Faktorer att t\u00e4nka p\u00e5 n\u00e4r du v\u00e4ljer en modern tv\u00e4ttst\u00e4llsblandare:<\/h3>\n<ul data-sourcepos=\"23:1-29:0\">\n<li data-sourcepos=\"23:1-23:85\"><strong>Stil:<\/strong> V\u00e4lj en stil som kompletterar din \u00f6vergripande k\u00f6ks- eller badrumsdesign.<\/li>\n<li data-sourcepos=\"24:1-24:72\"><strong>Avsluta:<\/strong> V\u00e4lj en finish som \u00e4r h\u00e5llbar och matchar dina beslag.<\/li>\n<li data-sourcepos=\"25:1-25:88\"><strong>Funktionalitet:<\/strong> T\u00e4nk p\u00e5 funktioner som en neddragbar spruta eller ber\u00f6ringsfri teknik.<\/li>\n<li data-sourcepos=\"26:1-26:78\"><strong>Vattentryck:<\/strong> Se till att kranen klarar av vattentrycket i ditt hem.<\/li>\n<li data-sourcepos=\"27:1-27:99\"><strong>Installation:<\/strong> V\u00e4lj en kran som \u00e4r l\u00e4tt att installera eller r\u00e5dg\u00f6r med en professionell r\u00f6rmokare.<\/li>\n<li data-sourcepos=\"28:1-29:0\"><strong>Budget:<\/strong> S\u00e4tt en budget och unders\u00f6k alternativ inom din prisklass.<\/li>\n<\/ul>\n<p data-sourcepos=\"30:1-30:137\">Genom att noggrant \u00f6verv\u00e4ga dessa faktorer kan du v\u00e4lja en modern handfatkran som f\u00f6rb\u00e4ttrar stilen och funktionaliteten i ditt utrymme.<\/p>","protected":false},"excerpt":{"rendered":"<table style=\"height: 407px;\" width=\"704\">\n<tbody>\n<tr>\n<td width=\"808\">1 Kranens m\u00e5tt Totalt<\/td>\n<td width=\"1177\">300*225mm<\/td>\n<\/tr>\n<tr>\n<td width=\"808\">2 Kran Nettovikt<\/td>\n<td width=\"1177\">2 kg<\/td>\n<\/tr>\n<tr>\n<td width=\"808\">3 Kran med l\u00e5da Bruttovikt<\/td>\n<td width=\"1177\">2,5 kg<\/td>\n<\/tr>\n<tr>\n<td width=\"808\">4 Box Dimension<\/td>\n<td width=\"1177\">54*32*26mm<\/td>\n<\/tr>\n<tr>\n<td width=\"808\">5 F\u00f6rpackning<\/td>\n<td width=\"1177\">4 ST\/CTN;10 ST\/CTN;12 ST\/CTN<\/td>\n<\/tr>\n<tr>\n<td width=\"808\">6 L\u00e4ngd p\u00e5 inloppsslang<\/td>\n<td width=\"1177\">60 mm<\/td>\n<\/tr>\n<tr>\n<td width=\"808\">7 Storlek p\u00e5 vattenledningsmutter<\/td>\n<td width=\"1177\">3\/8\u2033eller 1\/2\u2033eller 9\/16\u2033<\/td>\n<\/tr>\n<tr>\n<td width=\"808\">8 Monteringsh\u00e5l Klippstorlek<\/td>\n<td width=\"1177\">35 mm<\/td>\n<\/tr>\n<tr>\n<td width=\"808\">9 Material f\u00f6r kranar<\/td>\n<td width=\"1177\">Blyfri Premium 304 America Standard Rostfritt<br \/>\nst\u00e5l<\/td>\n<\/tr>\n<\/tbody>\n<\/table>","protected":false},"featured_media":2666,"template":"","meta":[],"product_brand":[],"product_cat":[57],"product_tag":[],"class_list":{"0":"post-2665","1":"product","2":"type-product","3":"status-publish","4":"has-post-thumbnail","6":"product_cat-stainless-steel-faucet","8":"first","9":"instock","10":"shipping-taxable","11":"product-type-simple"},"_links":{"self":[{"href":"https:\/\/sinkwithfaucet.com\/sv\/wp-json\/wp\/v2\/product\/2665","targetHints":{"allow":["GET"]}}],"collection":[{"href":"https:\/\/sinkwithfaucet.com\/sv\/wp-json\/wp\/v2\/product"}],"about":[{"href":"https:\/\/sinkwithfaucet.com\/sv\/wp-json\/wp\/v2\/types\/product"}],"wp:featuredmedia":[{"embeddable":true,"href":"https:\/\/sinkwithfaucet.com\/sv\/wp-json\/wp\/v2\/media\/2666"}],"wp:attachment":[{"href":"https:\/\/sinkwithfaucet.com\/sv\/wp-json\/wp\/v2\/media?parent=2665"}],"wp:term":[{"taxonomy":"product_brand","embeddable":true,"href":"https:\/\/sinkwithfaucet.com\/sv\/wp-json\/wp\/v2\/product_brand?post=2665"},{"taxonomy":"product_cat","embeddable":true,"href":"https:\/\/sinkwithfaucet.com\/sv\/wp-json\/wp\/v2\/product_cat?post=2665"},{"taxonomy":"product_tag","embeddable":true,"href":"https:\/\/sinkwithfaucet.com\/sv\/wp-json\/wp\/v2\/product_tag?post=2665"}],"curies":[{"name":"wp","href":"https:\/\/api.w.org\/{rel}","templated":true}]}}