{"id":2660,"date":"2024-11-11T10:19:02","date_gmt":"2024-11-11T10:19:02","guid":{"rendered":"https:\/\/sinkwithfaucet.com\/?post_type=product&#038;p=2660"},"modified":"2024-12-27T03:10:06","modified_gmt":"2024-12-27T03:10:06","slug":"single-handle-pull-out-sprayer-kitchen-faucet","status":"publish","type":"product","link":"https:\/\/sinkwithfaucet.com\/sv\/single-handle-pull-out-sprayer-kitchen-faucet\/","title":{"rendered":"Ettgrepps k\u00f6ksblandare med utdragbar spruta 1107"},"content":{"rendered":"<h2 class=\"a-size-base-plus a-text-bold\"><strong>Om k\u00f6ksblandaren med ett handtag med utdragbar spruta<\/strong><\/h2>\n<ul class=\"a-unordered-list a-vertical a-spacing-mini\">\n<li class=\"a-spacing-mini\"><span class=\"a-list-item\"><strong>L\u00c5NGLIVAD OCH H\u00c5LLBAR: <\/strong>Denna utdragbara k\u00f6ksblandare \u00e4r gjord av h\u00f6gkvalitativt rostfritt st\u00e5l, med en solid struktur, och ytan antar h\u00f6gtemperaturbakningsteknik, som \u00e4r slitstark och h\u00e5llbar, inte l\u00e4tt att rosta och blekna och kan anv\u00e4ndas under l\u00e5ng tid.<\/span><\/li>\n<li class=\"a-spacing-mini\"><span class=\"a-list-item\"><strong>L\u00c4GE MED DUBBLA PIPAR: <\/strong>K\u00f6kshandfatkranen \u00e4r ocks\u00e5 utrustad med en dubbel pipfunktion, som enkelt kan v\u00e4xlas mellan normal vattenpelare och kraftfulla duschalternativ f\u00f6r att m\u00f6ta dina olika behov.<\/span><\/li>\n<li class=\"a-spacing-mini\"><span class=\"a-list-item\"><strong>TEMPERATURJUSTERING: <\/strong>Den <a href=\"https:\/\/kitchensink.us\/stainless-steel-kitchen-faucet\/\" target=\"_blank\" rel=\"noopener\">Handfatskran<\/a> \u00e4r ocks\u00e5 utrustad med en temperaturjusteringsfunktion, du kan justera \u00f6nskad temperatur n\u00e4r du vill, vilket sparar dig besv\u00e4ret med att manuellt blanda varmt och kallt vatten.<\/span><\/li>\n<li class=\"a-spacing-mini\"><span class=\"a-list-item\"><strong>360 GRADERS ROTATION: <\/strong>Den 360-gradiga rotationsfunktionen ger full r\u00f6relsefrihet och flexibilitet, s\u00e5 att vattenfl\u00f6det kan n\u00e5 alla h\u00f6rn av diskb\u00e4nken och ge gott om utrymme f\u00f6r reng\u00f6ring av kastruller och sk\u00e5lar.<\/span><\/li>\n<li class=\"a-spacing-mini\"><span class=\"a-list-item\"><strong>MUNSTYCKE AV H\u00d6G KVALITET: <\/strong>Den mjuka hudskummaren kan inte bara g\u00f6ra vattenfl\u00f6det rikt p\u00e5 skum, mjukt och st\u00e4nkfritt, behagligt att ta p\u00e5, utan ocks\u00e5 filtrera f\u00f6roreningar och hj\u00e4lpa dig att spara vatten i ditt dagliga liv.<\/span><\/li>\n<\/ul>\n<p>&nbsp;<\/p>\n<h2><strong>Typer av utdragbara k\u00f6ksblandare<\/strong><\/h2>\n<ul>\n<li><strong>Enhandtag:<\/strong><\/li>\n<\/ul>\n<p>Den vanligaste typen har ett enda handtag som styr b\u00e5de vattentemperatur och fl\u00f6de.  Ger enkel och intuitiv anv\u00e4ndning.<\/p>\n<ul>\n<li><strong>Professionell stil:<\/strong><\/li>\n<\/ul>\n<p>Har ofta en pip med h\u00f6g b\u00e5ge f\u00f6r b\u00e4ttre utrymme under kranen.  Har vanligtvis en kraftfull str\u00e5le och h\u00e5llbar konstruktion, vilket g\u00f6r dem popul\u00e4ra bland kockar och seri\u00f6sa hemmakockar.<\/p>\n<ul>\n<li><strong>Viktad:<\/strong><\/li>\n<\/ul>\n<p>Placera en vikt vid sprayhuvudets bas s\u00e5 att det dras tillbaka smidigt och inte dinglar, vilket ger en elegantare och mer anv\u00e4ndarv\u00e4nlig upplevelse.<\/p>\n<ul>\n<li><strong>Fj\u00e4derbelastad:<\/strong><\/li>\n<\/ul>\n<p>Anv\u00e4nd en fj\u00e4dermekanism f\u00f6r att dra tillbaka spruthuvudet snabbt och enkelt.  Detta kan spara tid och anstr\u00e4ngning under anv\u00e4ndningen.<\/p>\n<p>&nbsp;<\/p>\n<h2 data-sourcepos=\"16:1-16:57\"><strong>Faktorer att t\u00e4nka p\u00e5 n\u00e4r du v\u00e4ljer en k\u00f6ksblandare med ett handtag med utdragbar spruta<\/strong><\/h2>\n<ul data-sourcepos=\"18:1-22:0\">\n<li data-sourcepos=\"18:1-18:114\"><strong>Pipens h\u00f6jd:<\/strong>\u00a0Se till att pipens h\u00f6jd \u00e4r tillr\u00e4cklig f\u00f6r diskb\u00e4nkens djup och storleken p\u00e5 de kastruller och stekpannor du anv\u00e4nder.<\/li>\n<li data-sourcepos=\"19:1-19:116\"><strong>Avsluta:<\/strong>\u00a0V\u00e4lj en finish som kompletterar ditt k\u00f6ks stil, t.ex. krom, borstat nickel eller mattsvart.<\/li>\n<li data-sourcepos=\"20:1-20:91\"><strong>Installation:<\/strong>\u00a0T\u00e4nk p\u00e5 installationsmetoden och de VVS-anslutningar som kr\u00e4vs.<\/li>\n<li data-sourcepos=\"21:1-22:0\"><strong>Vattentryck:<\/strong>\u00a0Se till att kranen klarar av vattentrycket i ditt hem.<\/li>\n<\/ul>\n<p>&nbsp;<\/p>\n<h2><strong>Funktioner och f\u00f6rdelar med utdragbar k\u00f6ksblandare<\/strong><\/h2>\n<ul>\n<li>Installation med ett h\u00e5l - 1,75\" maximal tjocklek p\u00e5 d\u00e4cket<\/li>\n<li>ADA-kompatibel - Enkelspakshandtag g\u00f6r kontrollen enkel<\/li>\n<li>Vertikalt handtag p\u00e5 huvuddelen, roterar 90\u00b0 fram\u00e5t f\u00f6r att kunna anv\u00e4ndas i tr\u00e5nga utrymmen med bakstycken<\/li>\n<li>Sprayhuvud med dubbla funktioner - vattenfl\u00f6det p\u00e5 1,8 GPM v\u00e4xlar mellan kraftfull spray och luftat fl\u00f6de: Perfekt f\u00f6r kraftfull skrubbning, skonsam sk\u00f6ljning och p\u00e5fyllning av kastruller<\/li>\n<li>Blyfri CALGreen-konform kalifornisk h\u00e5llbar m\u00e4ssingskonstruktion<\/li>\n<li>360\u00b0 sv\u00e4ngbar pip g\u00f6r att neddragningen fungerar smidigt<\/li>\n<li>Pipen med h\u00f6g b\u00e5ge ger gott om utrymme f\u00f6r att fylla kastruller och reng\u00f6ra st\u00f6rre k\u00f6ksredskap<\/li>\n<li>Keramisk patron - h\u00f6gsta kvalitet och \"no-drip\"-precision<\/li>\n<li>H\u00f6geffektiv luftare som ger ett mjukt och st\u00e4nkfritt fl\u00f6de<\/li>\n<li>Inf\u00e4llbart utdragbart spruthuvud med 60\" nylonfl\u00e4tad slang g\u00f6r att du kan sk\u00f6lja diskb\u00e4nken i varje h\u00f6rn<\/li>\n<li>Spruthuvudets munstycken av gummi \u00e4r l\u00e4tta att reng\u00f6ra fr\u00e5n mineralavlagringar f\u00f6r l\u00e5ngvarig prestanda<\/li>\n<li>Multipl\u00e4terad, korrosionsbest\u00e4ndig yta som inte kommer att mattas av eller blekna med tiden<\/li>\n<li>F\u00f6rinstallerad monteringsutrustning och anti-burst varm-\/kallvattenledningar ing\u00e5r<\/li>\n<\/ul>\n<p>&nbsp;<\/p>\n<p>Med sin klassiska design och enkla linjer kommer den h\u00e4r eleganta kranen att se bra ut i alla k\u00f6k. Den utdragbara kranen finns i tv\u00e5 h\u00e5llbara finishalternativ f\u00f6r att komplettera ditt k\u00f6ks f\u00e4rgpalett. Det dubbelverkande spolhuvudet med inf\u00e4llbar slang g\u00f6r det enkelt att tv\u00e4tta och sk\u00f6lja. Denna expertutformade kran \u00e4r tillverkad av material av h\u00f6gsta kvalitet och kommer att ge m\u00e5nga \u00e5rs v\u00e5rdfri anv\u00e4ndning.<\/p>\n<p>&nbsp;<\/p>\n<p>&nbsp;<\/p>\n<p>&nbsp;<\/p>\n<p>&nbsp;<\/p>\n<p>&nbsp;<\/p>\n<p>&nbsp;<\/p>","protected":false},"excerpt":{"rendered":"<table style=\"height: 407px;\" width=\"704\">\n<tbody>\n<tr>\n<td width=\"808\">1 Kranens m\u00e5tt Totalt<\/td>\n<td width=\"1177\">380*225 mm<\/td>\n<\/tr>\n<tr>\n<td width=\"808\">2 Kran Nettovikt<\/td>\n<td width=\"1177\">2,5 kg<\/td>\n<\/tr>\n<tr>\n<td width=\"808\">3 Kran med l\u00e5da Bruttovikt<\/td>\n<td width=\"1177\">2,8 kg<\/td>\n<\/tr>\n<tr>\n<td width=\"808\">4 Box Dimension<\/td>\n<td width=\"1177\">54*32*26mm<\/td>\n<\/tr>\n<tr>\n<td width=\"808\">5 F\u00f6rpackning<\/td>\n<td width=\"1177\">4 ST\/CTN;10 ST\/CTN;12 ST\/CTN<\/td>\n<\/tr>\n<tr>\n<td width=\"808\">6 L\u00e4ngd p\u00e5 inloppsslang<\/td>\n<td width=\"1177\">60 mm<\/td>\n<\/tr>\n<tr>\n<td width=\"808\">7 Storlek p\u00e5 vattenledningsmutter<\/td>\n<td width=\"1177\">3\/8\u2033eller 1\/2\u2033eller 9\/16\u2033<\/td>\n<\/tr>\n<tr>\n<td width=\"808\">8 Monteringsh\u00e5l Klippstorlek<\/td>\n<td width=\"1177\">35 mm<\/td>\n<\/tr>\n<tr>\n<td width=\"808\">9 Material f\u00f6r kranar<\/td>\n<td width=\"1177\">Blyfri Premium 304 America Standard Rostfritt<br \/>\nst\u00e5l<\/td>\n<\/tr>\n<\/tbody>\n<\/table>","protected":false},"featured_media":2661,"template":"","meta":[],"product_brand":[],"product_cat":[57],"product_tag":[],"class_list":{"0":"post-2660","1":"product","2":"type-product","3":"status-publish","4":"has-post-thumbnail","6":"product_cat-stainless-steel-faucet","8":"first","9":"instock","10":"shipping-taxable","11":"product-type-simple"},"_links":{"self":[{"href":"https:\/\/sinkwithfaucet.com\/sv\/wp-json\/wp\/v2\/product\/2660","targetHints":{"allow":["GET"]}}],"collection":[{"href":"https:\/\/sinkwithfaucet.com\/sv\/wp-json\/wp\/v2\/product"}],"about":[{"href":"https:\/\/sinkwithfaucet.com\/sv\/wp-json\/wp\/v2\/types\/product"}],"wp:featuredmedia":[{"embeddable":true,"href":"https:\/\/sinkwithfaucet.com\/sv\/wp-json\/wp\/v2\/media\/2661"}],"wp:attachment":[{"href":"https:\/\/sinkwithfaucet.com\/sv\/wp-json\/wp\/v2\/media?parent=2660"}],"wp:term":[{"taxonomy":"product_brand","embeddable":true,"href":"https:\/\/sinkwithfaucet.com\/sv\/wp-json\/wp\/v2\/product_brand?post=2660"},{"taxonomy":"product_cat","embeddable":true,"href":"https:\/\/sinkwithfaucet.com\/sv\/wp-json\/wp\/v2\/product_cat?post=2660"},{"taxonomy":"product_tag","embeddable":true,"href":"https:\/\/sinkwithfaucet.com\/sv\/wp-json\/wp\/v2\/product_tag?post=2660"}],"curies":[{"name":"wp","href":"https:\/\/api.w.org\/{rel}","templated":true}]}}