{"id":2656,"date":"2024-11-11T10:04:28","date_gmt":"2024-11-11T10:04:28","guid":{"rendered":"https:\/\/sinkwithfaucet.com\/?post_type=product&#038;p=2656"},"modified":"2024-11-11T10:10:09","modified_gmt":"2024-11-11T10:10:09","slug":"single-lever-kitchen-faucet-1005","status":"publish","type":"product","link":"https:\/\/sinkwithfaucet.com\/sv\/single-lever-kitchen-faucet-1005\/","title":{"rendered":"K\u00f6ksblandare med ett grepp 1005"},"content":{"rendered":"<h2 data-sourcepos=\"1:1-1:49\">K\u00f6ksblandare med en spak: En modern klassiker<\/h2>\n<p data-sourcepos=\"3:1-3:124\">K\u00f6ksblandare med ett grepp har blivit ett popul\u00e4rt val f\u00f6r sin snygga design, anv\u00e4ndarv\u00e4nlighet och effektiva vattenkontroll.<\/p>\n<p data-sourcepos=\"5:1-5:18\"><strong>Hur de fungerar:<\/strong><\/p>\n<p data-sourcepos=\"7:1-7:213\">En ettgreppsblandare anv\u00e4nder ett enda handtag f\u00f6r att styra b\u00e5de vattentemperatur och fl\u00f6de. Genom att flytta handtaget upp och ner justerar du vattentemperaturen, medan du flyttar det fr\u00e5n sida till sida styr vattenfl\u00f6det.<\/p>\n<p data-sourcepos=\"9:1-9:49\"><strong>Viktiga f\u00f6rdelar med k\u00f6ksblandare med en spak:<\/strong><\/p>\n<ul data-sourcepos=\"11:1-16:0\">\n<li data-sourcepos=\"11:1-11:88\"><strong>Anv\u00e4ndarv\u00e4nlighet:<\/strong> Ett enda handtag g\u00f6r det enkelt att justera vattentemperatur och fl\u00f6de.<\/li>\n<li data-sourcepos=\"12:1-12:80\"><strong>Snygg design:<\/strong> Den minimalistiska designen kompletterar den moderna k\u00f6ksestetiken.<\/li>\n<li data-sourcepos=\"13:1-13:136\"><strong>Vatteneffektivitet:<\/strong> M\u00e5nga engreppsblandare \u00e4r WaterSense-certifierade, vilket inneb\u00e4r att de anv\u00e4nder mindre vatten utan att g\u00f6ra avkall p\u00e5 prestandan.<\/li>\n<li data-sourcepos=\"14:1-14:117\"><strong>H\u00e5llbarhet:<\/strong> Tillverkad av h\u00f6gkvalitativa material som m\u00e4ssing och rostfritt st\u00e5l, vilket garanterar l\u00e5ng livsl\u00e4ngd.<\/li>\n<li data-sourcepos=\"15:1-16:0\"><strong>M\u00e5nga olika stilar:<\/strong> Finns i olika utf\u00f6randen, fr\u00e5n krom till mattsvart, f\u00f6r att passa olika \u00f6nskem\u00e5l.<\/li>\n<\/ul>\n<p data-sourcepos=\"17:1-17:60\"><strong>Faktorer att t\u00e4nka p\u00e5 n\u00e4r du v\u00e4ljer en enspaks kran:<\/strong><\/p>\n<ul data-sourcepos=\"19:1-24:0\">\n<li data-sourcepos=\"19:1-19:102\"><strong>Pipens h\u00f6jd:<\/strong> T\u00e4nk p\u00e5 diskb\u00e4nkens h\u00f6jd och det utrymme som beh\u00f6vs f\u00f6r stora kastruller och stekpannor.<\/li>\n<li data-sourcepos=\"20:1-20:88\"><strong>Spruthuvud:<\/strong> Ett neddragbart eller utdragbart spruthuvud ger flexibilitet och bekv\u00e4mlighet.<\/li>\n<li data-sourcepos=\"21:1-21:83\"><strong>Avsluta:<\/strong> V\u00e4lj en ytbehandling som \u00e4r h\u00e5llbar och som passar in i ditt k\u00f6ks stil.<\/li>\n<li data-sourcepos=\"22:1-22:78\"><strong>Vattentryck:<\/strong> Se till att kranen klarar av vattentrycket i ditt hem.<\/li>\n<li data-sourcepos=\"23:1-24:0\"><strong>Installation:<\/strong> T\u00e4nk p\u00e5 installationstypen, oavsett om det \u00e4r en d\u00e4ckmonterad eller v\u00e4ggmonterad kran.<\/li>\n<\/ul>\n<p data-sourcepos=\"25:1-25:148\">Genom att noggrant \u00f6verv\u00e4ga dessa faktorer kan du v\u00e4lja en k\u00f6ksblandare med ett grepp som f\u00f6rb\u00e4ttrar b\u00e5de funktionaliteten och stilen i ditt k\u00f6k.<\/p>","protected":false},"excerpt":{"rendered":"<table style=\"height: 407px;\" width=\"704\">\n<tbody>\n<tr>\n<td width=\"808\">1 Kranens m\u00e5tt Totalt<\/td>\n<td width=\"1177\">380*225 mm<\/td>\n<\/tr>\n<tr>\n<td width=\"808\">2 Kran Nettovikt<\/td>\n<td width=\"1177\">2,5 kg<\/td>\n<\/tr>\n<tr>\n<td width=\"808\">3 Kran med l\u00e5da Bruttovikt<\/td>\n<td width=\"1177\">2,8 kg<\/td>\n<\/tr>\n<tr>\n<td width=\"808\">4 Box Dimension<\/td>\n<td width=\"1177\">54*32*26mm<\/td>\n<\/tr>\n<tr>\n<td width=\"808\">5 F\u00f6rpackning<\/td>\n<td width=\"1177\">4 ST\/CTN;10 ST\/CTN;12 ST\/CTN<\/td>\n<\/tr>\n<tr>\n<td width=\"808\">6 L\u00e4ngd p\u00e5 inloppsslang<\/td>\n<td width=\"1177\">60 mm<\/td>\n<\/tr>\n<tr>\n<td width=\"808\">7 Storlek p\u00e5 vattenledningsmutter<\/td>\n<td width=\"1177\">3\/8\u2033eller 1\/2\u2033eller 9\/16\u2033<\/td>\n<\/tr>\n<tr>\n<td width=\"808\">8 Monteringsh\u00e5l Klippstorlek<\/td>\n<td width=\"1177\">35 mm<\/td>\n<\/tr>\n<tr>\n<td width=\"808\">9 Material f\u00f6r kranar<\/td>\n<td width=\"1177\">Blyfri Premium 304 America Standard Rostfritt<br \/>\nst\u00e5l<\/td>\n<\/tr>\n<\/tbody>\n<\/table>","protected":false},"featured_media":2657,"template":"","meta":[],"product_brand":[],"product_cat":[57],"product_tag":[],"class_list":{"0":"post-2656","1":"product","2":"type-product","3":"status-publish","4":"has-post-thumbnail","6":"product_cat-stainless-steel-faucet","8":"first","9":"instock","10":"shipping-taxable","11":"product-type-simple"},"_links":{"self":[{"href":"https:\/\/sinkwithfaucet.com\/sv\/wp-json\/wp\/v2\/product\/2656","targetHints":{"allow":["GET"]}}],"collection":[{"href":"https:\/\/sinkwithfaucet.com\/sv\/wp-json\/wp\/v2\/product"}],"about":[{"href":"https:\/\/sinkwithfaucet.com\/sv\/wp-json\/wp\/v2\/types\/product"}],"wp:featuredmedia":[{"embeddable":true,"href":"https:\/\/sinkwithfaucet.com\/sv\/wp-json\/wp\/v2\/media\/2657"}],"wp:attachment":[{"href":"https:\/\/sinkwithfaucet.com\/sv\/wp-json\/wp\/v2\/media?parent=2656"}],"wp:term":[{"taxonomy":"product_brand","embeddable":true,"href":"https:\/\/sinkwithfaucet.com\/sv\/wp-json\/wp\/v2\/product_brand?post=2656"},{"taxonomy":"product_cat","embeddable":true,"href":"https:\/\/sinkwithfaucet.com\/sv\/wp-json\/wp\/v2\/product_cat?post=2656"},{"taxonomy":"product_tag","embeddable":true,"href":"https:\/\/sinkwithfaucet.com\/sv\/wp-json\/wp\/v2\/product_tag?post=2656"}],"curies":[{"name":"wp","href":"https:\/\/api.w.org\/{rel}","templated":true}]}}