{"id":2653,"date":"2024-11-11T09:53:20","date_gmt":"2024-11-11T09:53:20","guid":{"rendered":"https:\/\/sinkwithfaucet.com\/?post_type=product&#038;p=2653"},"modified":"2024-11-11T10:14:00","modified_gmt":"2024-11-11T10:14:00","slug":"spring-pull-down-kitchen-faucet-1003","status":"publish","type":"product","link":"https:\/\/sinkwithfaucet.com\/sv\/spring-pull-down-kitchen-faucet-1003\/","title":{"rendered":"Spring neddragbar k\u00f6ksblandare 1003"},"content":{"rendered":"<h2 data-sourcepos=\"1:1-1:57\">Spring Dra ner k\u00f6kskranar: En modern bekv\u00e4mlighet<\/h2>\n<p data-sourcepos=\"3:1-3:174\">En fj\u00e4derdragbar k\u00f6ksblandare \u00e4r ett popul\u00e4rt val f\u00f6r moderna k\u00f6k. Den kombinerar stil, funktionalitet och anv\u00e4ndarv\u00e4nlighet. H\u00e4r \u00e4r en uppdelning av dess funktioner och f\u00f6rdelar:<\/p>\n<h3 data-sourcepos=\"5:1-5:21\">Hur fungerar det?<\/h3>\n<p data-sourcepos=\"6:1-6:227\">En fj\u00e4derdragbar kran har en flexibel pip som kan dras ner och f\u00f6rl\u00e4ngas f\u00f6r att n\u00e5 olika delar av diskb\u00e4nken. N\u00e4r du sl\u00e4pper pipen dras den smidigt tillbaka p\u00e5 plats p\u00e5 grund av en inbyggd fj\u00e4dermekanism.<\/p>\n<h3 data-sourcepos=\"8:1-8:44\">Viktiga f\u00f6rdelar med Spring Pull Down-kranar<\/h3>\n<ul data-sourcepos=\"9:1-13:0\">\n<li data-sourcepos=\"9:1-9:128\"><strong>Flexibilitet:<\/strong> Den neddragbara designen g\u00f6r att du enkelt kan fylla stora kastruller och stekpannor eller reng\u00f6ra sv\u00e5r\u00e5tkomliga omr\u00e5den i diskhon.<\/li>\n<li data-sourcepos=\"10:1-10:136\"><strong>M\u00e5ngsidighet:<\/strong> M\u00e5nga modeller har flera olika sprayinst\u00e4llningar, t.ex. luftad str\u00e5le och kraftfull spray, f\u00f6r att passa olika arbetsuppgifter.<\/li>\n<li data-sourcepos=\"11:1-11:91\"><strong>Anv\u00e4ndarv\u00e4nlighet:<\/strong> Fj\u00e4dermekanismen s\u00e4kerst\u00e4ller smidig drift och enkel indragning.<\/li>\n<li data-sourcepos=\"12:1-13:0\"><strong>Snygg design:<\/strong> Finns i olika utf\u00f6randen och stilar f\u00f6r att passa alla k\u00f6ksinredningar.<\/li>\n<\/ul>\n<p data-sourcepos=\"21:1-21:143\">Genom att noggrant \u00f6verv\u00e4ga dessa faktorer kan du v\u00e4lja en fj\u00e4derdragbar k\u00f6ksblandare som f\u00f6rb\u00e4ttrar ditt k\u00f6ks funktionalitet och stil.<\/p>","protected":false},"excerpt":{"rendered":"<table style=\"height: 407px;\" width=\"704\">\n<tbody>\n<tr>\n<td width=\"808\">1 Kranens m\u00e5tt Totalt<\/td>\n<td width=\"1177\">405*225 mm<\/td>\n<\/tr>\n<tr>\n<td width=\"808\">2 Kran Nettovikt<\/td>\n<td width=\"1177\">2,5 kg<\/td>\n<\/tr>\n<tr>\n<td width=\"808\">3 Kran med l\u00e5da Bruttovikt<\/td>\n<td width=\"1177\">2,8 kg<\/td>\n<\/tr>\n<tr>\n<td width=\"808\">4 Box Dimension<\/td>\n<td width=\"1177\">54*32*26mm<\/td>\n<\/tr>\n<tr>\n<td width=\"808\">5 F\u00f6rpackning<\/td>\n<td width=\"1177\">4 ST\/CTN;10 ST\/CTN;12 ST\/CTN<\/td>\n<\/tr>\n<tr>\n<td width=\"808\">6 L\u00e4ngd p\u00e5 inloppsslang<\/td>\n<td width=\"1177\">60 mm<\/td>\n<\/tr>\n<tr>\n<td width=\"808\">7 Storlek p\u00e5 vattenledningsmutter<\/td>\n<td width=\"1177\">3\/8\u2033eller 1\/2\u2033eller 9\/16\u2033<\/td>\n<\/tr>\n<tr>\n<td width=\"808\">8 Monteringsh\u00e5l Klippstorlek<\/td>\n<td width=\"1177\">35 mm<\/td>\n<\/tr>\n<tr>\n<td width=\"808\">9 Material f\u00f6r kranar<\/td>\n<td width=\"1177\">Blyfri Premium 304 America Standard Rostfritt<br \/>\nst\u00e5l<\/td>\n<\/tr>\n<\/tbody>\n<\/table>","protected":false},"featured_media":2654,"template":"","meta":[],"product_brand":[],"product_cat":[57],"product_tag":[],"class_list":{"0":"post-2653","1":"product","2":"type-product","3":"status-publish","4":"has-post-thumbnail","6":"product_cat-stainless-steel-faucet","8":"first","9":"instock","10":"shipping-taxable","11":"product-type-simple"},"_links":{"self":[{"href":"https:\/\/sinkwithfaucet.com\/sv\/wp-json\/wp\/v2\/product\/2653","targetHints":{"allow":["GET"]}}],"collection":[{"href":"https:\/\/sinkwithfaucet.com\/sv\/wp-json\/wp\/v2\/product"}],"about":[{"href":"https:\/\/sinkwithfaucet.com\/sv\/wp-json\/wp\/v2\/types\/product"}],"wp:featuredmedia":[{"embeddable":true,"href":"https:\/\/sinkwithfaucet.com\/sv\/wp-json\/wp\/v2\/media\/2654"}],"wp:attachment":[{"href":"https:\/\/sinkwithfaucet.com\/sv\/wp-json\/wp\/v2\/media?parent=2653"}],"wp:term":[{"taxonomy":"product_brand","embeddable":true,"href":"https:\/\/sinkwithfaucet.com\/sv\/wp-json\/wp\/v2\/product_brand?post=2653"},{"taxonomy":"product_cat","embeddable":true,"href":"https:\/\/sinkwithfaucet.com\/sv\/wp-json\/wp\/v2\/product_cat?post=2653"},{"taxonomy":"product_tag","embeddable":true,"href":"https:\/\/sinkwithfaucet.com\/sv\/wp-json\/wp\/v2\/product_tag?post=2653"}],"curies":[{"name":"wp","href":"https:\/\/api.w.org\/{rel}","templated":true}]}}