{"id":2591,"date":"2024-11-09T06:48:13","date_gmt":"2024-11-09T06:48:13","guid":{"rendered":"https:\/\/sinkwithfaucet.com\/?post_type=product&#038;p=2591"},"modified":"2024-11-09T06:48:13","modified_gmt":"2024-11-09T06:48:13","slug":"single-kitchen-sink-8048l","status":"publish","type":"product","link":"https:\/\/sinkwithfaucet.com\/sv\/single-kitchen-sink-8048l\/","title":{"rendered":"Enkel k\u00f6ksb\u00e4nk 8048L"},"content":{"rendered":"<h2 data-sourcepos=\"1:1-1:46\">Enkel diskb\u00e4nk f\u00f6r k\u00f6k: Ett klassiskt val<\/h2>\n<p data-sourcepos=\"3:1-3:228\"><strong>Enkel diskho f\u00f6r k\u00f6k<\/strong> \u00e4r ett popul\u00e4rt val f\u00f6r m\u00e5nga hus\u00e4gare p\u00e5 grund av sin enkelhet och effektivitet. De ger ett rent och snyggt intryck och passar perfekt f\u00f6r mindre k\u00f6k eller f\u00f6r dem som f\u00f6redrar en minimalistisk estetik.<\/p>\n<p data-sourcepos=\"5:1-5:46\"><strong>Viktiga egenskaper hos enkla diskb\u00e4nkar:<\/strong><\/p>\n<ul data-sourcepos=\"7:1-11:0\">\n<li data-sourcepos=\"7:1-7:83\"><strong>Enkelt och elegant:<\/strong> En klassisk design som kompletterar olika k\u00f6ksstilar.<\/li>\n<li data-sourcepos=\"8:1-8:70\"><strong>Utrymmesbesparande:<\/strong> Perfekt f\u00f6r mindre k\u00f6k d\u00e4r utrymmet \u00e4r begr\u00e4nsat.<\/li>\n<li data-sourcepos=\"9:1-9:91\"><strong>M\u00e5ngsidig:<\/strong> Kan anv\u00e4ndas f\u00f6r en m\u00e4ngd olika uppgifter, fr\u00e5n att diska till att laga mat.<\/li>\n<li data-sourcepos=\"10:1-11:0\"><strong>L\u00e4tt att reng\u00f6ra:<\/strong> En enda, stor bass\u00e4ng \u00e4r l\u00e4tt att underh\u00e5lla.<\/li>\n<\/ul>\n<p data-sourcepos=\"12:1-12:39\"><strong>Typer av diskb\u00e4nkar med en sk\u00e5l:<\/strong><\/p>\n<ul data-sourcepos=\"14:1-17:0\">\n<li data-sourcepos=\"14:1-14:85\"><strong>Undermonterade diskb\u00e4nkar:<\/strong> Installeras under b\u00e4nkskivan f\u00f6r ett snyggt och modernt utseende.<\/li>\n<li data-sourcepos=\"15:1-15:93\"><strong>Toppmonterade diskb\u00e4nkar:<\/strong> Monteras ovanp\u00e5 b\u00e4nkskivan och ger ett traditionellt utseende.<\/li>\n<li data-sourcepos=\"16:1-17:0\"><strong>Farmhouse Diskb\u00e4nkar:<\/strong> Stora, djupa diskhoar med f\u00f6rkl\u00e4desfront som ger en rustik och funktionell design.<\/li>\n<\/ul>\n<p data-sourcepos=\"18:1-18:60\"><strong>\u00d6verv\u00e4ganden n\u00e4r du v\u00e4ljer en k\u00f6ksvask med en sk\u00e5l:<\/strong><\/p>\n<ul data-sourcepos=\"20:1-24:0\">\n<li data-sourcepos=\"20:1-20:71\"><strong>Storlek:<\/strong> V\u00e4lj en storlek som passar din k\u00f6kslayout och dina behov.<\/li>\n<li data-sourcepos=\"21:1-21:109\"><strong>Material:<\/strong> V\u00e4lj ett slitstarkt material som \u00e4r l\u00e4tt att reng\u00f6ra, t.ex. rostfritt st\u00e5l, komposit eller eldfast lera.<\/li>\n<li data-sourcepos=\"22:1-22:83\"><strong>Djup:<\/strong> T\u00e4nk p\u00e5 sk\u00e5lens djup f\u00f6r att f\u00e5 plats med st\u00f6rre kastruller och stekpannor.<\/li>\n<li data-sourcepos=\"23:1-24:0\"><strong>Installation:<\/strong> S\u00e4kerst\u00e4ll korrekt installation, oavsett om det \u00e4r under- eller \u00f6vermontering.<\/li>\n<\/ul>\n<p data-sourcepos=\"25:1-25:143\">Genom att noggrant \u00f6verv\u00e4ga dessa faktorer kan du v\u00e4lja den perfekta diskb\u00e4nken med en sk\u00e5l f\u00f6r att f\u00f6rb\u00e4ttra ditt k\u00f6ks funktionalitet och stil.<\/p>","protected":false},"excerpt":{"rendered":"<p>Total storlek: 720*470*210 mm<\/p>\n<p>Storlek p\u00e5 utsk\u00e4rning: 700*450 mm<\/p>\n<p>Material : Rostfritt st\u00e5l<\/p>","protected":false},"featured_media":2592,"template":"","meta":[],"product_brand":[],"product_cat":[56],"product_tag":[],"class_list":{"0":"post-2591","1":"product","2":"type-product","3":"status-publish","4":"has-post-thumbnail","6":"product_cat-pressing-kitchen-sink","8":"first","9":"instock","10":"shipping-taxable","11":"product-type-simple"},"_links":{"self":[{"href":"https:\/\/sinkwithfaucet.com\/sv\/wp-json\/wp\/v2\/product\/2591","targetHints":{"allow":["GET"]}}],"collection":[{"href":"https:\/\/sinkwithfaucet.com\/sv\/wp-json\/wp\/v2\/product"}],"about":[{"href":"https:\/\/sinkwithfaucet.com\/sv\/wp-json\/wp\/v2\/types\/product"}],"wp:featuredmedia":[{"embeddable":true,"href":"https:\/\/sinkwithfaucet.com\/sv\/wp-json\/wp\/v2\/media\/2592"}],"wp:attachment":[{"href":"https:\/\/sinkwithfaucet.com\/sv\/wp-json\/wp\/v2\/media?parent=2591"}],"wp:term":[{"taxonomy":"product_brand","embeddable":true,"href":"https:\/\/sinkwithfaucet.com\/sv\/wp-json\/wp\/v2\/product_brand?post=2591"},{"taxonomy":"product_cat","embeddable":true,"href":"https:\/\/sinkwithfaucet.com\/sv\/wp-json\/wp\/v2\/product_cat?post=2591"},{"taxonomy":"product_tag","embeddable":true,"href":"https:\/\/sinkwithfaucet.com\/sv\/wp-json\/wp\/v2\/product_tag?post=2591"}],"curies":[{"name":"wp","href":"https:\/\/api.w.org\/{rel}","templated":true}]}}