{"id":2587,"date":"2024-11-09T06:44:02","date_gmt":"2024-11-09T06:44:02","guid":{"rendered":"https:\/\/sinkwithfaucet.com\/?post_type=product&#038;p=2587"},"modified":"2024-11-09T06:44:03","modified_gmt":"2024-11-09T06:44:03","slug":"double-bowl-farmhouse-sink-7649","status":"publish","type":"product","link":"https:\/\/sinkwithfaucet.com\/sv\/double-bowl-farmhouse-sink-7649\/","title":{"rendered":"Tv\u00e4ttst\u00e4ll med dubbla sk\u00e5lar 7649"},"content":{"rendered":"<h2 data-sourcepos=\"1:1-1:63\">Dubbelsk\u00e5lade diskb\u00e4nkar f\u00f6r lantbruk: Ett snyggt och funktionellt val<\/h2>\n<p data-sourcepos=\"3:1-3:231\">En lantlig diskho med dubbla sk\u00e5lar \u00e4r ett popul\u00e4rt val f\u00f6r hus\u00e4gare som vill ha ett elegant och funktionellt k\u00f6k. Denna typ av diskb\u00e4nk har tv\u00e5 separata bass\u00e4nger, ofta med en f\u00f6rkl\u00e4desfront, vilket ger gott om utrymme f\u00f6r olika k\u00f6ksuppgifter.<\/p>\n<p data-sourcepos=\"5:1-5:48\"><strong>Viktiga egenskaper hos Double Bowl Farmhouse Sinks:<\/strong><\/p>\n<ul data-sourcepos=\"7:1-11:0\">\n<li data-sourcepos=\"7:1-7:108\"><strong>Rymlig design:<\/strong> Ger gott om plats f\u00f6r disk, matlagning och bl\u00f6tl\u00e4ggning av stora k\u00f6ksredskap.<\/li>\n<li data-sourcepos=\"8:1-8:138\"><strong>M\u00e5ngsidig funktionalitet:<\/strong> De tv\u00e5 handfaten g\u00f6r det m\u00f6jligt att g\u00f6ra flera saker samtidigt, till exempel att diska i det ena handfatet och laga mat i det andra.<\/li>\n<li data-sourcepos=\"9:1-9:90\"><strong>Snygg estetik:<\/strong> F\u00f6rkl\u00e4desfronten ger ditt k\u00f6k en klassisk och tidl\u00f6s look.<\/li>\n<li data-sourcepos=\"10:1-11:0\"><strong>Slitstarka material:<\/strong> Vanligtvis tillverkade av rostfritt st\u00e5l, eldfast lera eller gjutj\u00e4rn, vilket garanterar l\u00e5ng livsl\u00e4ngd.<\/li>\n<\/ul>\n<p data-sourcepos=\"12:1-12:62\"><strong>\u00d6verv\u00e4ganden n\u00e4r du v\u00e4ljer en dubbelsk\u00e5lad jordbrukshandfat:<\/strong><\/p>\n<ul data-sourcepos=\"14:1-19:0\">\n<li data-sourcepos=\"14:1-14:73\"><strong>Storlek:<\/strong> V\u00e4lj en storlek som passar ditt k\u00f6ks layout och dina behov.<\/li>\n<li data-sourcepos=\"15:1-15:106\"><strong>Sk\u00e5lens konfiguration:<\/strong> T\u00e4nk p\u00e5 storleken och formen p\u00e5 de tv\u00e5 sk\u00e5larna f\u00f6r att uppfylla dina specifika krav.<\/li>\n<li data-sourcepos=\"16:1-16:97\"><strong>Material:<\/strong> V\u00e4lj ett slitstarkt material som \u00e4r l\u00e4tt att reng\u00f6ra, t.ex. rostfritt st\u00e5l eller eldfast lera.<\/li>\n<li data-sourcepos=\"17:1-17:85\"><strong>Installation:<\/strong> S\u00e4kerst\u00e4ll korrekt installation, oavsett om det \u00e4r under- eller \u00f6vermontering.<\/li>\n<li data-sourcepos=\"18:1-19:0\"><strong>Stil:<\/strong> V\u00e4lj en stil som kompletterar ditt k\u00f6ks \u00f6vergripande design.<\/li>\n<\/ul>\n<p data-sourcepos=\"20:1-20:145\">Genom att noggrant \u00f6verv\u00e4ga dessa faktorer kan du v\u00e4lja den perfekta diskb\u00e4nken med dubbla sk\u00e5lar f\u00f6r att f\u00f6rb\u00e4ttra ditt k\u00f6ks funktionalitet och stil.<\/p>","protected":false},"excerpt":{"rendered":"<p>Total storlek: 1500*500*180 mm<\/p>\n<p>Utsk\u00e4rningsstorlek: 1480*480 mm<\/p>\n<p>Material : Rostfritt st\u00e5l<\/p>","protected":false},"featured_media":2589,"template":"","meta":[],"product_brand":[],"product_cat":[56],"product_tag":[],"class_list":{"0":"post-2587","1":"product","2":"type-product","3":"status-publish","4":"has-post-thumbnail","6":"product_cat-pressing-kitchen-sink","8":"first","9":"instock","10":"shipping-taxable","11":"product-type-simple"},"_links":{"self":[{"href":"https:\/\/sinkwithfaucet.com\/sv\/wp-json\/wp\/v2\/product\/2587","targetHints":{"allow":["GET"]}}],"collection":[{"href":"https:\/\/sinkwithfaucet.com\/sv\/wp-json\/wp\/v2\/product"}],"about":[{"href":"https:\/\/sinkwithfaucet.com\/sv\/wp-json\/wp\/v2\/types\/product"}],"wp:featuredmedia":[{"embeddable":true,"href":"https:\/\/sinkwithfaucet.com\/sv\/wp-json\/wp\/v2\/media\/2589"}],"wp:attachment":[{"href":"https:\/\/sinkwithfaucet.com\/sv\/wp-json\/wp\/v2\/media?parent=2587"}],"wp:term":[{"taxonomy":"product_brand","embeddable":true,"href":"https:\/\/sinkwithfaucet.com\/sv\/wp-json\/wp\/v2\/product_brand?post=2587"},{"taxonomy":"product_cat","embeddable":true,"href":"https:\/\/sinkwithfaucet.com\/sv\/wp-json\/wp\/v2\/product_cat?post=2587"},{"taxonomy":"product_tag","embeddable":true,"href":"https:\/\/sinkwithfaucet.com\/sv\/wp-json\/wp\/v2\/product_tag?post=2587"}],"curies":[{"name":"wp","href":"https:\/\/api.w.org\/{rel}","templated":true}]}}