{"id":2580,"date":"2024-11-09T06:33:57","date_gmt":"2024-11-09T06:33:57","guid":{"rendered":"https:\/\/sinkwithfaucet.com\/?post_type=product&#038;p=2580"},"modified":"2024-11-09T06:33:57","modified_gmt":"2024-11-09T06:33:57","slug":"drainboard-kitchen-sink-6844","status":"publish","type":"product","link":"https:\/\/sinkwithfaucet.com\/sv\/drainboard-kitchen-sink-6844\/","title":{"rendered":"Drainboard k\u00f6ksb\u00e4nk 6844"},"content":{"rendered":"<h2 data-sourcepos=\"1:1-1:56\">K\u00f6ksb\u00e4nkar med tv\u00e5sidiga avloppsr\u00f6r: Ett praktiskt val<\/h2>\n<p data-sourcepos=\"3:1-3:212\">En diskb\u00e4nk med tv\u00e5 sidor \u00e4r ett funktionellt och elegant tillskott till alla k\u00f6k. Den har avrinningsytor p\u00e5 b\u00e5da sidor av diskb\u00e4nken, vilket ger gott om utrymme f\u00f6r att torka disk, redskap och andra k\u00f6ksredskap.<\/p>\n<p data-sourcepos=\"5:1-5:54\"><strong>Viktiga egenskaper:<\/strong><\/p>\n<ul data-sourcepos=\"7:1-11:0\">\n<li data-sourcepos=\"7:1-7:102\"><strong>\u00d6kad funktionalitet:<\/strong> De dubbla avrinningsborden ger mer utrymme f\u00f6r torkning och organisering av disk.<\/li>\n<li data-sourcepos=\"8:1-8:109\"><strong>F\u00f6rb\u00e4ttrad effektivitet:<\/strong> Separata diskb\u00e4nkar f\u00f6r ren och smutsig disk kan bidra till att effektivisera k\u00f6ksarbetet.<\/li>\n<li data-sourcepos=\"9:1-9:105\"><strong>Modern design:<\/strong> Finns i olika stilar och utf\u00f6randen f\u00f6r att komplettera olika k\u00f6ksestetiker.<\/li>\n<li data-sourcepos=\"10:1-11:0\"><strong>Slitstarka material:<\/strong> Vanligtvis tillverkad av rostfritt st\u00e5l, vilket garanterar l\u00e5ng livsl\u00e4ngd.<\/li>\n<\/ul>\n<p data-sourcepos=\"12:1-12:68\"><strong>\u00d6verv\u00e4ganden n\u00e4r du v\u00e4ljer en diskb\u00e4nk med tv\u00e5sidigt avlopp:<\/strong><\/p>\n<ul data-sourcepos=\"14:1-18:0\">\n<li data-sourcepos=\"14:1-14:73\"><strong>Storlek:<\/strong> V\u00e4lj en storlek som passar ditt k\u00f6ks layout och dina behov.<\/li>\n<li data-sourcepos=\"15:1-15:85\"><strong>Material:<\/strong> V\u00e4lj ett slitstarkt material som \u00e4r l\u00e4tt att reng\u00f6ra, t.ex. rostfritt st\u00e5l.<\/li>\n<li data-sourcepos=\"16:1-16:105\"><strong>Storlek p\u00e5 dr\u00e4neringsplatta:<\/strong> T\u00e4nk p\u00e5 storleken p\u00e5 avloppssk\u00e5pen f\u00f6r att s\u00e4kerst\u00e4lla att de rymmer din disk.<\/li>\n<li data-sourcepos=\"17:1-18:0\"><strong>Installation:<\/strong> S\u00e4kerst\u00e4ll korrekt installation f\u00f6r att f\u00f6rhindra l\u00e4ckage och skador.<\/li>\n<\/ul>\n<p data-sourcepos=\"19:1-19:150\">Genom att noggrant \u00f6verv\u00e4ga dessa faktorer kan du v\u00e4lja den perfekta diskb\u00e4nken med tv\u00e5 sidor f\u00f6r att f\u00f6rb\u00e4ttra ditt k\u00f6ks funktionalitet och stil.<\/p>","protected":false},"excerpt":{"rendered":"<p>Total storlek: 1000*500*150 mm<\/p>\n<p>Utsk\u00e4rningsstorlek: 980*480 mm<\/p>\n<p>Material : Rostfritt st\u00e5l<\/p>","protected":false},"featured_media":2581,"template":"","meta":[],"product_brand":[],"product_cat":[56],"product_tag":[],"class_list":{"0":"post-2580","1":"product","2":"type-product","3":"status-publish","4":"has-post-thumbnail","6":"product_cat-pressing-kitchen-sink","8":"first","9":"instock","10":"shipping-taxable","11":"product-type-simple"},"_links":{"self":[{"href":"https:\/\/sinkwithfaucet.com\/sv\/wp-json\/wp\/v2\/product\/2580","targetHints":{"allow":["GET"]}}],"collection":[{"href":"https:\/\/sinkwithfaucet.com\/sv\/wp-json\/wp\/v2\/product"}],"about":[{"href":"https:\/\/sinkwithfaucet.com\/sv\/wp-json\/wp\/v2\/types\/product"}],"wp:featuredmedia":[{"embeddable":true,"href":"https:\/\/sinkwithfaucet.com\/sv\/wp-json\/wp\/v2\/media\/2581"}],"wp:attachment":[{"href":"https:\/\/sinkwithfaucet.com\/sv\/wp-json\/wp\/v2\/media?parent=2580"}],"wp:term":[{"taxonomy":"product_brand","embeddable":true,"href":"https:\/\/sinkwithfaucet.com\/sv\/wp-json\/wp\/v2\/product_brand?post=2580"},{"taxonomy":"product_cat","embeddable":true,"href":"https:\/\/sinkwithfaucet.com\/sv\/wp-json\/wp\/v2\/product_cat?post=2580"},{"taxonomy":"product_tag","embeddable":true,"href":"https:\/\/sinkwithfaucet.com\/sv\/wp-json\/wp\/v2\/product_tag?post=2580"}],"curies":[{"name":"wp","href":"https:\/\/api.w.org\/{rel}","templated":true}]}}