{"id":2434,"date":"2024-11-04T06:57:38","date_gmt":"2024-11-04T06:57:38","guid":{"rendered":"https:\/\/sinkwithfaucet.com\/?post_type=product&#038;p=2434"},"modified":"2024-11-04T06:57:38","modified_gmt":"2024-11-04T06:57:38","slug":"undermount-sink-3322dsa","status":"publish","type":"product","link":"https:\/\/sinkwithfaucet.com\/sv\/undermount-sink-3322dsa\/","title":{"rendered":"Undermonterad diskho 3322DSA"},"content":{"rendered":"<h2 data-sourcepos=\"1:1-1:46\">Undermonterade diskb\u00e4nkar: Ett snyggt och modernt val<\/h2>\n<p data-sourcepos=\"3:1-3:210\"><strong>Undermonterade diskb\u00e4nkar<\/strong> \u00e4r ett popul\u00e4rt val f\u00f6r hus\u00e4gare som s\u00f6ker ett rent och modernt utseende f\u00f6r sitt k\u00f6k. Dessa diskhoar installeras under b\u00e4nkskivan, vilket skapar ett s\u00f6ml\u00f6st och integrerat utseende.<\/p>\n<p data-sourcepos=\"5:1-5:37\"><strong>Viktiga egenskaper:<\/strong><\/p>\n<ul data-sourcepos=\"7:1-11:0\">\n<li data-sourcepos=\"7:1-7:144\"><strong>Snygg design:<\/strong> Den undermonterade installationen eliminerar mellanrummen mellan diskb\u00e4nken och b\u00e4nkskivan, vilket resulterar i en minimalistisk och modern estetik.<\/li>\n<li data-sourcepos=\"8:1-8:125\"><strong>L\u00e4tt att reng\u00f6ra:<\/strong> Den s\u00f6ml\u00f6sa designen g\u00f6r reng\u00f6ringen till en barnlek eftersom det inte finns n\u00e5gra skrymslen d\u00e4r smuts och skr\u00e4p kan samlas.<\/li>\n<li data-sourcepos=\"9:1-9:140\"><strong>F\u00f6rb\u00e4ttrat utrymme p\u00e5 b\u00e4nkskivan:<\/strong> Den undermonterade designen maximerar b\u00e4nkytan, vilket ger mer utrymme f\u00f6r matlagning och andra uppgifter.<\/li>\n<li data-sourcepos=\"10:1-11:0\"><strong>H\u00e5llbarhet:<\/strong> Underbyggda diskb\u00e4nkar \u00e4r vanligtvis tillverkade av h\u00e5llbara material som rostfritt st\u00e5l eller komposit, vilket garanterar l\u00e5ng livsl\u00e4ngd.<\/li>\n<\/ul>\n<p data-sourcepos=\"19:1-19:52\"><strong>\u00d6verv\u00e4ganden n\u00e4r du v\u00e4ljer en undermonterad diskb\u00e4nk:<\/strong><\/p>\n<ul data-sourcepos=\"21:1-25:0\">\n<li data-sourcepos=\"21:1-21:69\"><strong>Storlek:<\/strong> Se till att diskhon har r\u00e4tt storlek f\u00f6r ditt k\u00f6ksutrymme.<\/li>\n<li data-sourcepos=\"22:1-22:98\"><strong>Material:<\/strong> V\u00e4lj ett h\u00e5llbart material som \u00e4r l\u00e4tt att reng\u00f6ra, t.ex. rostfritt st\u00e5l eller komposit.<\/li>\n<li data-sourcepos=\"23:1-23:112\"><strong>H\u00e5l f\u00f6r kran:<\/strong> T\u00e4nk p\u00e5 antal och placering av kranh\u00e5l f\u00f6r att tillgodose \u00f6nskad konfiguration.<\/li>\n<li data-sourcepos=\"24:1-25:0\"><strong>Installation:<\/strong> Undermonterade diskb\u00e4nkar kr\u00e4ver professionell installation f\u00f6r att s\u00e4kerst\u00e4lla en korrekt och s\u00e4ker passform.<\/li>\n<\/ul>\n<p data-sourcepos=\"26:1-26:139\">Genom att noggrant \u00f6verv\u00e4ga dessa faktorer kan du v\u00e4lja den perfekta undermonterade diskb\u00e4nken f\u00f6r att h\u00f6ja stilen och funktionaliteten i ditt k\u00f6k.<\/p>","protected":false},"excerpt":{"rendered":"<p>Total storlek: 33*22*10 tum \/ 838*559*254 mm<\/p>\n<p>Sk\u00e5lstorlek: 430*452\/330*452 mm<\/p>\n<p>Storlek p\u00e5 utsk\u00e4rning: 839*560 mm<\/p>\n<p>Radianh\u00f6rn : R10<\/p>","protected":false},"featured_media":2435,"template":"","meta":[],"product_brand":[],"product_cat":[54],"product_tag":[],"class_list":{"0":"post-2434","1":"product","2":"type-product","3":"status-publish","4":"has-post-thumbnail","6":"product_cat-apron-sink-1","8":"first","9":"instock","10":"shipping-taxable","11":"product-type-simple"},"_links":{"self":[{"href":"https:\/\/sinkwithfaucet.com\/sv\/wp-json\/wp\/v2\/product\/2434","targetHints":{"allow":["GET"]}}],"collection":[{"href":"https:\/\/sinkwithfaucet.com\/sv\/wp-json\/wp\/v2\/product"}],"about":[{"href":"https:\/\/sinkwithfaucet.com\/sv\/wp-json\/wp\/v2\/types\/product"}],"wp:featuredmedia":[{"embeddable":true,"href":"https:\/\/sinkwithfaucet.com\/sv\/wp-json\/wp\/v2\/media\/2435"}],"wp:attachment":[{"href":"https:\/\/sinkwithfaucet.com\/sv\/wp-json\/wp\/v2\/media?parent=2434"}],"wp:term":[{"taxonomy":"product_brand","embeddable":true,"href":"https:\/\/sinkwithfaucet.com\/sv\/wp-json\/wp\/v2\/product_brand?post=2434"},{"taxonomy":"product_cat","embeddable":true,"href":"https:\/\/sinkwithfaucet.com\/sv\/wp-json\/wp\/v2\/product_cat?post=2434"},{"taxonomy":"product_tag","embeddable":true,"href":"https:\/\/sinkwithfaucet.com\/sv\/wp-json\/wp\/v2\/product_tag?post=2434"}],"curies":[{"name":"wp","href":"https:\/\/api.w.org\/{rel}","templated":true}]}}