{"id":2432,"date":"2024-11-04T06:50:40","date_gmt":"2024-11-04T06:50:40","guid":{"rendered":"https:\/\/sinkwithfaucet.com\/?post_type=product&#038;p=2432"},"modified":"2024-11-11T02:44:49","modified_gmt":"2024-11-11T02:44:49","slug":"30-inch-kitchen-sink-3022ssa","status":"publish","type":"product","link":"https:\/\/sinkwithfaucet.com\/sv\/30-inch-kitchen-sink-3022ssa\/","title":{"rendered":"30 tums diskho 3022SSA"},"content":{"rendered":"<p data-sourcepos=\"1:1-1:227\">30-tums diskb\u00e4nkar \u00e4r ett popul\u00e4rt val f\u00f6r m\u00e5nga hus\u00e4gare och erbjuder en balans mellan storlek och funktionalitet. De finns i en m\u00e4ngd olika stilar, material och konfigurationer f\u00f6r att passa olika k\u00f6ksdesign och behov.<\/p>\n<h3 data-sourcepos=\"3:1-3:42\">Viktiga funktioner i 30 tums diskb\u00e4nkar:<\/h3>\n<ul data-sourcepos=\"5:1-9:0\">\n<li data-sourcepos=\"5:1-5:107\"><strong>Gott om utrymme:<\/strong> Ger tillr\u00e4ckligt med utrymme f\u00f6r att diska, laga mat och bl\u00f6tl\u00e4gga stora k\u00f6ksredskap.<\/li>\n<li data-sourcepos=\"6:1-6:94\"><strong>M\u00e5ngsidig design:<\/strong> Finns i konfigurationer med en sk\u00e5l, tv\u00e5 sk\u00e5lar och arbetsstation.<\/li>\n<li data-sourcepos=\"7:1-7:80\"><strong>Slitstarka material:<\/strong> Ofta tillverkad av rostfritt st\u00e5l, komposit eller keramik.<\/li>\n<li data-sourcepos=\"8:1-9:0\"><strong>Snygga alternativ:<\/strong> Finns i olika ytbehandlingar och stilar f\u00f6r att komplettera olika k\u00f6ksestetiker.<\/li>\n<\/ul>\n<h3 data-sourcepos=\"10:1-10:35\">Typer av 30 tums diskb\u00e4nkar:<\/h3>\n<ul data-sourcepos=\"12:1-15:0\">\n<li data-sourcepos=\"12:1-12:85\"><strong><a href=\"https:\/\/sinkwithfaucet.com\/sv\/undermount-sink-1\/\">Undermonterade diskb\u00e4nkar<\/a>:<\/strong> Installeras under b\u00e4nkskivan f\u00f6r ett snyggt och modernt utseende.<\/li>\n<li data-sourcepos=\"13:1-13:93\"><strong><a href=\"https:\/\/sinkwithfaucet.com\/sv\/topmount-sink-1\/\">Toppmonterade diskb\u00e4nkar<\/a>:<\/strong> Monteras ovanp\u00e5 b\u00e4nkskivan och ger ett traditionellt utseende.<\/li>\n<li data-sourcepos=\"14:1-15:0\"><strong><a href=\"https:\/\/sinkwithfaucet.com\/sv\/apron-sink-1\/\">Diskb\u00e4nkar f\u00f6r lantbruk<\/a>:<\/strong> Stora, djupa diskhoar med f\u00f6rkl\u00e4desfront som ger en rustik och funktionell design.<\/li>\n<\/ul>\n<h3 data-sourcepos=\"16:1-16:56\">\u00d6verv\u00e4ganden n\u00e4r du v\u00e4ljer en 30-tums diskb\u00e4nk:<\/h3>\n<ul data-sourcepos=\"18:1-23:0\">\n<li data-sourcepos=\"18:1-18:94\"><strong>Material:<\/strong> V\u00e4lj ett slitstarkt material som \u00e4r l\u00e4tt att reng\u00f6ra, t.ex. rostfritt st\u00e5l eller komposit.<\/li>\n<li data-sourcepos=\"19:1-19:91\"><strong>Sk\u00e5lens konfiguration:<\/strong> V\u00e4lj en konfiguration med enkel eller dubbel sk\u00e5l utifr\u00e5n dina behov.<\/li>\n<li data-sourcepos=\"20:1-20:78\"><strong>Djup:<\/strong> T\u00e4nk p\u00e5 sk\u00e5lens djup f\u00f6r att f\u00e5 plats med st\u00f6rre k\u00f6ksredskap.<\/li>\n<li data-sourcepos=\"21:1-21:105\"><strong>Avsluta:<\/strong> V\u00e4lj en finish som kompletterar ditt k\u00f6ks stil, t.ex. borstad, polerad eller matt.<\/li>\n<li data-sourcepos=\"22:1-23:0\"><strong>Installation:<\/strong> Se till att installationen blir korrekt, oavsett om den \u00e4r under- eller \u00f6vermonterad.<\/li>\n<\/ul>\n<p data-sourcepos=\"24:1-24:139\">Genom att noggrant \u00f6verv\u00e4ga dessa faktorer kan du v\u00e4lja den perfekta 30-tums diskb\u00e4nken f\u00f6r att f\u00f6rb\u00e4ttra ditt k\u00f6ks funktionalitet och stil.<\/p>","protected":false},"excerpt":{"rendered":"<p>Total storlek: 30*22*10 tum \/ 762*559*254 mm<\/p>\n<p>Sk\u00e5lstorlek: 712*451 mm<\/p>\n<p>Storlek p\u00e5 utsk\u00e4rning: 763*503 mm<\/p>\n<p>Radianh\u00f6rn : R10<\/p>","protected":false},"featured_media":2433,"template":"","meta":[],"product_brand":[],"product_cat":[54],"product_tag":[],"class_list":{"0":"post-2432","1":"product","2":"type-product","3":"status-publish","4":"has-post-thumbnail","6":"product_cat-apron-sink-1","8":"first","9":"instock","10":"shipping-taxable","11":"product-type-simple"},"_links":{"self":[{"href":"https:\/\/sinkwithfaucet.com\/sv\/wp-json\/wp\/v2\/product\/2432","targetHints":{"allow":["GET"]}}],"collection":[{"href":"https:\/\/sinkwithfaucet.com\/sv\/wp-json\/wp\/v2\/product"}],"about":[{"href":"https:\/\/sinkwithfaucet.com\/sv\/wp-json\/wp\/v2\/types\/product"}],"wp:featuredmedia":[{"embeddable":true,"href":"https:\/\/sinkwithfaucet.com\/sv\/wp-json\/wp\/v2\/media\/2433"}],"wp:attachment":[{"href":"https:\/\/sinkwithfaucet.com\/sv\/wp-json\/wp\/v2\/media?parent=2432"}],"wp:term":[{"taxonomy":"product_brand","embeddable":true,"href":"https:\/\/sinkwithfaucet.com\/sv\/wp-json\/wp\/v2\/product_brand?post=2432"},{"taxonomy":"product_cat","embeddable":true,"href":"https:\/\/sinkwithfaucet.com\/sv\/wp-json\/wp\/v2\/product_cat?post=2432"},{"taxonomy":"product_tag","embeddable":true,"href":"https:\/\/sinkwithfaucet.com\/sv\/wp-json\/wp\/v2\/product_tag?post=2432"}],"curies":[{"name":"wp","href":"https:\/\/api.w.org\/{rel}","templated":true}]}}