{"id":2429,"date":"2024-11-04T06:26:45","date_gmt":"2024-11-04T06:26:45","guid":{"rendered":"https:\/\/sinkwithfaucet.com\/?post_type=product&#038;p=2429"},"modified":"2024-11-04T06:27:51","modified_gmt":"2024-11-04T06:27:51","slug":"stainless-apron-sink-3322da","status":"publish","type":"product","link":"https:\/\/sinkwithfaucet.com\/sv\/stainless-apron-sink-3322da\/","title":{"rendered":"Rostfri f\u00f6rkl\u00e4dd diskho 3322DA"},"content":{"rendered":"<h2><strong><b>Rostfria f\u00f6rkl\u00e4dda diskb\u00e4nkar: En klassiker som h\u00e5ller i l\u00e4ngden<\/b><\/strong><\/h2>\n<p>Rostfria f\u00f6rkl\u00e4de s\u00e4nkor har stor \u00f6verklagande f\u00f6r hus\u00e4gare som s\u00f6ker ett k\u00f6k som \u00e4r b\u00e5de elegant och mycket funktionellt. Dessa stora och djupa diskb\u00e4nkar, som ofta kallas \"bondg\u00e5rdss\u00e4nkor\", har en unik f\u00f6rkl\u00e4desfront som sticker ut utanf\u00f6r b\u00e4nkskivan.<\/p>\n<p>&nbsp;<\/p>\n<p><strong>Viktiga egenskaper hos diskb\u00e4nkar i rostfritt st\u00e5l med f\u00f6rkl\u00e4de:<\/strong><\/p>\n<ul>\n<li>Rymlig sk\u00e5l: Ger gott om utrymme f\u00f6r diskning av stora kastruller och stekpannor.<\/li>\n<li>Snygg design: F\u00f6rkl\u00e4desfronten ger ett klassiskt och raffinerat utseende till ditt k\u00f6k.<\/li>\n<li>H\u00e5llbarhet: Tillverkad av h\u00f6gkvalitativt rostfritt st\u00e5l, vilket garanterar l\u00e5ngsiktig prestanda.<\/li>\n<li>L\u00e4tt att reng\u00f6ra: Den sl\u00e4ta ytan \u00e4r enkel att underh\u00e5lla och sanera.<\/li>\n<\/ul>\n<p><strong><b>\u00d6verv\u00e4ganden n\u00e4r du v\u00e4ljer en rostfri diskho med f\u00f6rkl\u00e4dd front:<\/b><\/strong><\/p>\n<ul>\n<li>Storlek: V\u00e4lj en storlek som passar ditt k\u00f6ks layout och dina specifika krav.<\/li>\n<li>Konfiguration av sk\u00e5len: V\u00e4lj mellan en enkel eller dubbel sk\u00e5l enligt dina \u00f6nskem\u00e5l.<\/li>\n<li>M\u00e4tare: En tjockare m\u00e4tare inneb\u00e4r ett mer h\u00e5llbart handfat.<\/li>\n<li>Ytbehandling: V\u00e4lj en ytbehandling som harmonierar med ditt k\u00f6ks stil, t.ex. borstat eller polerat rostfritt st\u00e5l.<\/li>\n<\/ul>\n<p><strong><b>Installation:<\/b><\/strong><\/p>\n<p>Genom att noggrant v\u00e4ga dessa faktorer kan du v\u00e4lja den perfekta diskb\u00e4nken i rostfritt st\u00e5l f\u00f6r att h\u00f6ja ditt k\u00f6ks stil och funktionalitet.<\/p>","protected":false},"excerpt":{"rendered":"<p>Total storlek: 33*22*10 tum \/ 838*559*254 mm<\/p>\n<p>Sk\u00e5lstorlek: 788*420\/330*452 mm<\/p>\n<p>Storlek p\u00e5 utsk\u00e4rning: 839*503 mm<\/p>\n<p>Radianh\u00f6rn : R10<\/p>","protected":false},"featured_media":2430,"template":"","meta":[],"product_brand":[],"product_cat":[54],"product_tag":[],"class_list":{"0":"post-2429","1":"product","2":"type-product","3":"status-publish","4":"has-post-thumbnail","6":"product_cat-apron-sink-1","8":"first","9":"instock","10":"shipping-taxable","11":"product-type-simple"},"_links":{"self":[{"href":"https:\/\/sinkwithfaucet.com\/sv\/wp-json\/wp\/v2\/product\/2429","targetHints":{"allow":["GET"]}}],"collection":[{"href":"https:\/\/sinkwithfaucet.com\/sv\/wp-json\/wp\/v2\/product"}],"about":[{"href":"https:\/\/sinkwithfaucet.com\/sv\/wp-json\/wp\/v2\/types\/product"}],"wp:featuredmedia":[{"embeddable":true,"href":"https:\/\/sinkwithfaucet.com\/sv\/wp-json\/wp\/v2\/media\/2430"}],"wp:attachment":[{"href":"https:\/\/sinkwithfaucet.com\/sv\/wp-json\/wp\/v2\/media?parent=2429"}],"wp:term":[{"taxonomy":"product_brand","embeddable":true,"href":"https:\/\/sinkwithfaucet.com\/sv\/wp-json\/wp\/v2\/product_brand?post=2429"},{"taxonomy":"product_cat","embeddable":true,"href":"https:\/\/sinkwithfaucet.com\/sv\/wp-json\/wp\/v2\/product_cat?post=2429"},{"taxonomy":"product_tag","embeddable":true,"href":"https:\/\/sinkwithfaucet.com\/sv\/wp-json\/wp\/v2\/product_tag?post=2429"}],"curies":[{"name":"wp","href":"https:\/\/api.w.org\/{rel}","templated":true}]}}