{"id":2427,"date":"2024-11-04T06:16:23","date_gmt":"2024-11-04T06:16:23","guid":{"rendered":"https:\/\/sinkwithfaucet.com\/?post_type=product&#038;p=2427"},"modified":"2024-11-04T06:16:23","modified_gmt":"2024-11-04T06:16:23","slug":"stainless-steel-apron-sink-3022sa","status":"publish","type":"product","link":"https:\/\/sinkwithfaucet.com\/sv\/stainless-steel-apron-sink-3022sa\/","title":{"rendered":"F\u00f6rkl\u00e4dd diskho i rostfritt st\u00e5l 3022SA"},"content":{"rendered":"<h2 data-sourcepos=\"1:1-1:56\">F\u00f6rkl\u00e4dda diskb\u00e4nkar i rostfritt st\u00e5l: En tidl\u00f6s klassiker<\/h2>\n<p data-sourcepos=\"3:1-3:252\">Rostfria diskb\u00e4nkar med f\u00f6rkl\u00e4de \u00e4r ett popul\u00e4rt val f\u00f6r hus\u00e4gare som vill ha ett snyggt och funktionellt k\u00f6k. Dessa stora, djupa diskb\u00e4nkar, som ofta kallas \"bondg\u00e5rdss\u00e4nkor\", har en distinkt f\u00f6rkl\u00e4desfront som str\u00e4cker sig bortom b\u00e4nkskivan.<\/p>\n<p data-sourcepos=\"5:1-5:54\"><strong>Viktiga egenskaper hos diskb\u00e4nkar i rostfritt st\u00e5l med f\u00f6rkl\u00e4de:<\/strong><\/p>\n<ul data-sourcepos=\"7:1-11:0\">\n<li data-sourcepos=\"7:1-7:64\"><strong>Rymlig sk\u00e5l:<\/strong> Gott om plats f\u00f6r att diska stora kastruller och stekpannor.<\/li>\n<li data-sourcepos=\"8:1-8:86\"><strong>Snygg design:<\/strong> F\u00f6rkl\u00e4desfronten ger ditt k\u00f6k en klassisk och elegant look.<\/li>\n<li data-sourcepos=\"9:1-9:92\"><strong>H\u00e5llbarhet:<\/strong> Tillverkad av h\u00f6gkvalitativt rostfritt st\u00e5l, vilket garanterar l\u00e5ng livsl\u00e4ngd.<\/li>\n<li data-sourcepos=\"10:1-11:0\"><strong>L\u00e4tt att reng\u00f6ra:<\/strong> Den sl\u00e4ta ytan \u00e4r l\u00e4tt att underh\u00e5lla och reng\u00f6ra.<\/li>\n<\/ul>\n<p data-sourcepos=\"12:1-12:68\"><strong>\u00d6verv\u00e4ganden n\u00e4r du v\u00e4ljer en rostfri diskho med f\u00f6rkl\u00e4dd front:<\/strong><\/p>\n<ul data-sourcepos=\"14:1-19:0\">\n<li data-sourcepos=\"14:1-14:73\"><strong>Storlek:<\/strong> V\u00e4lj en storlek som passar ditt k\u00f6ks layout och dina behov.<\/li>\n<li data-sourcepos=\"15:1-15:97\"><strong>Sk\u00e5lens konfiguration:<\/strong> V\u00e4lj en konfiguration med enkel eller dubbel sk\u00e5l beroende p\u00e5 dina \u00f6nskem\u00e5l.<\/li>\n<li data-sourcepos=\"16:1-16:59\"><strong>M\u00e4tare:<\/strong> En tjockare m\u00e4tare indikerar ett mer h\u00e5llbart handfat.<\/li>\n<li data-sourcepos=\"17:1-17:113\"><strong>Avsluta:<\/strong> V\u00e4lj en finish som kompletterar ditt k\u00f6ks stil, t.ex. borstat eller polerat rostfritt st\u00e5l.<\/li>\n<li data-sourcepos=\"18:1-19:0\"><strong>Installation:<\/strong> \u00d6verv\u00e4g undermontering eller toppmontering.<\/li>\n<\/ul>\n<p data-sourcepos=\"20:1-20:150\">Genom att noga \u00f6verv\u00e4ga dessa faktorer kan du v\u00e4lja den perfekta diskb\u00e4nken i rostfritt st\u00e5l som f\u00f6rb\u00e4ttrar ditt k\u00f6ks stil och funktionalitet.<\/p>","protected":false},"excerpt":{"rendered":"<p>Total storlek: 30*22*10 tum \/ 762*559*254 mm<\/p>\n<p>Sk\u00e5lstorlek: 712*451 mm<\/p>\n<p>Storlek p\u00e5 utsk\u00e4rning: 763*503 mm<\/p>\n<p>Radianh\u00f6rn : R10<\/p>","protected":false},"featured_media":2428,"template":"","meta":[],"product_brand":[],"product_cat":[54],"product_tag":[],"class_list":{"0":"post-2427","1":"product","2":"type-product","3":"status-publish","4":"has-post-thumbnail","6":"product_cat-apron-sink-1","8":"first","9":"instock","10":"shipping-taxable","11":"product-type-simple"},"_links":{"self":[{"href":"https:\/\/sinkwithfaucet.com\/sv\/wp-json\/wp\/v2\/product\/2427","targetHints":{"allow":["GET"]}}],"collection":[{"href":"https:\/\/sinkwithfaucet.com\/sv\/wp-json\/wp\/v2\/product"}],"about":[{"href":"https:\/\/sinkwithfaucet.com\/sv\/wp-json\/wp\/v2\/types\/product"}],"wp:featuredmedia":[{"embeddable":true,"href":"https:\/\/sinkwithfaucet.com\/sv\/wp-json\/wp\/v2\/media\/2428"}],"wp:attachment":[{"href":"https:\/\/sinkwithfaucet.com\/sv\/wp-json\/wp\/v2\/media?parent=2427"}],"wp:term":[{"taxonomy":"product_brand","embeddable":true,"href":"https:\/\/sinkwithfaucet.com\/sv\/wp-json\/wp\/v2\/product_brand?post=2427"},{"taxonomy":"product_cat","embeddable":true,"href":"https:\/\/sinkwithfaucet.com\/sv\/wp-json\/wp\/v2\/product_cat?post=2427"},{"taxonomy":"product_tag","embeddable":true,"href":"https:\/\/sinkwithfaucet.com\/sv\/wp-json\/wp\/v2\/product_tag?post=2427"}],"curies":[{"name":"wp","href":"https:\/\/api.w.org\/{rel}","templated":true}]}}