{"id":2425,"date":"2024-11-04T06:09:13","date_gmt":"2024-11-04T06:09:13","guid":{"rendered":"https:\/\/sinkwithfaucet.com\/?post_type=product&#038;p=2425"},"modified":"2024-11-04T06:09:28","modified_gmt":"2024-11-04T06:09:28","slug":"matte-black-kitchen-sink-9246","status":"publish","type":"product","link":"https:\/\/sinkwithfaucet.com\/sv\/matte-black-kitchen-sink-9246\/","title":{"rendered":"Diskho i matt svart 9246"},"content":{"rendered":"<h2 data-sourcepos=\"1:1-1:55\">Matt svarta diskb\u00e4nkar: Ett modernt och snyggt val<\/h2>\n<p data-sourcepos=\"3:1-3:165\">Mattsvarta diskb\u00e4nkar har blivit alltmer popul\u00e4ra p\u00e5 grund av sitt snygga och moderna utseende. De kan ge en touch av sofistikering till alla k\u00f6ksdesigner.<\/p>\n<p data-sourcepos=\"5:1-5:46\"><strong>Viktiga egenskaper:<\/strong><\/p>\n<ul data-sourcepos=\"7:1-11:0\">\n<li data-sourcepos=\"7:1-7:100\"><strong>Snygg och modern estetik:<\/strong> Den mattsvarta ytan skapar en modern och minimalistisk look.<\/li>\n<li data-sourcepos=\"8:1-8:107\"><strong>Motst\u00e5ndskraftig mot fingeravtryck:<\/strong> Den matta ytan bidrar till att minimera synligheten av fingeravtryck och fl\u00e4ckar.<\/li>\n<li data-sourcepos=\"9:1-9:99\"><strong>H\u00e5llbar och l\u00e5nglivad:<\/strong> Tillverkad av h\u00f6gkvalitativa material som rostfritt st\u00e5l eller komposit.<\/li>\n<li data-sourcepos=\"10:1-11:0\"><strong>M\u00e5ngsidig:<\/strong> Finns i flera olika utf\u00f6randen, bland annat undermonterad, toppmonterad och lantlig.<\/li>\n<\/ul>\n<p data-sourcepos=\"12:1-12:60\"><strong>\u00d6verv\u00e4ganden n\u00e4r du v\u00e4ljer en matt svart diskb\u00e4nk:<\/strong><\/p>\n<ul data-sourcepos=\"14:1-19:0\">\n<li data-sourcepos=\"14:1-14:76\"><strong>Material:<\/strong> V\u00e4lj ett h\u00e5llbart material som rostfritt st\u00e5l eller komposit.<\/li>\n<li data-sourcepos=\"15:1-15:78\"><strong>Avsluta:<\/strong> Se till att den mattsvarta ytan \u00e4r konsekvent och av h\u00f6g kvalitet.<\/li>\n<li data-sourcepos=\"16:1-16:86\"><strong>Storlek och form:<\/strong> V\u00e4lj en storlek och form som passar ditt k\u00f6ks layout och behov.<\/li>\n<li data-sourcepos=\"17:1-17:91\"><strong>Installation:<\/strong> T\u00e4nk p\u00e5 installationsmetoden, om det \u00e4r undermontering eller toppmontering.<\/li>\n<li data-sourcepos=\"18:1-19:0\"><strong>Underh\u00e5ll:<\/strong> \u00c4ven om mattsvarta diskb\u00e4nkar \u00e4r h\u00e5llbara \u00e4r regelbunden reng\u00f6ring n\u00f6dv\u00e4ndig f\u00f6r att beh\u00e5lla deras utseende.<\/li>\n<\/ul>\n<p data-sourcepos=\"20:1-20:143\">Genom att noggrant \u00f6verv\u00e4ga dessa faktorer kan du v\u00e4lja den perfekta mattsvarta diskb\u00e4nken f\u00f6r att h\u00f6ja ditt k\u00f6ks stil och funktionalitet.<\/p>","protected":false},"excerpt":{"rendered":"<p>Total storlek: 9200*460*230 mm<\/p>\n<p>Sk\u00e5lstorlek: 700*363 mm<\/p>\n<p>Utsk\u00e4rningsstorlek: 896*436 mm<\/p>\n<p>Radianh\u00f6rn : R10<\/p>","protected":false},"featured_media":2426,"template":"","meta":[],"product_brand":[],"product_cat":[53],"product_tag":[],"class_list":{"0":"post-2425","1":"product","2":"type-product","3":"status-publish","4":"has-post-thumbnail","6":"product_cat-topmount-sink-1","8":"first","9":"instock","10":"shipping-taxable","11":"product-type-simple"},"_links":{"self":[{"href":"https:\/\/sinkwithfaucet.com\/sv\/wp-json\/wp\/v2\/product\/2425","targetHints":{"allow":["GET"]}}],"collection":[{"href":"https:\/\/sinkwithfaucet.com\/sv\/wp-json\/wp\/v2\/product"}],"about":[{"href":"https:\/\/sinkwithfaucet.com\/sv\/wp-json\/wp\/v2\/types\/product"}],"wp:featuredmedia":[{"embeddable":true,"href":"https:\/\/sinkwithfaucet.com\/sv\/wp-json\/wp\/v2\/media\/2426"}],"wp:attachment":[{"href":"https:\/\/sinkwithfaucet.com\/sv\/wp-json\/wp\/v2\/media?parent=2425"}],"wp:term":[{"taxonomy":"product_brand","embeddable":true,"href":"https:\/\/sinkwithfaucet.com\/sv\/wp-json\/wp\/v2\/product_brand?post=2425"},{"taxonomy":"product_cat","embeddable":true,"href":"https:\/\/sinkwithfaucet.com\/sv\/wp-json\/wp\/v2\/product_cat?post=2425"},{"taxonomy":"product_tag","embeddable":true,"href":"https:\/\/sinkwithfaucet.com\/sv\/wp-json\/wp\/v2\/product_tag?post=2425"}],"curies":[{"name":"wp","href":"https:\/\/api.w.org\/{rel}","templated":true}]}}