{"id":2423,"date":"2024-11-04T06:01:20","date_gmt":"2024-11-04T06:01:20","guid":{"rendered":"https:\/\/sinkwithfaucet.com\/?post_type=product&#038;p=2423"},"modified":"2024-11-04T06:01:20","modified_gmt":"2024-11-04T06:01:20","slug":"flush-mount-sink-7948","status":"publish","type":"product","link":"https:\/\/sinkwithfaucet.com\/sv\/flush-mount-sink-7948\/","title":{"rendered":"Tv\u00e4ttst\u00e4ll med inf\u00e4lld montering 7948"},"content":{"rendered":"<h2 data-sourcepos=\"1:1-1:50\">Inf\u00e4llda diskb\u00e4nkar: Ett modernt och hygieniskt val<\/h2>\n<p data-sourcepos=\"3:1-3:186\">Inf\u00e4llda diskb\u00e4nkar \u00e4r ett modernt och snyggt alternativ f\u00f6r k\u00f6k. De installeras s\u00e5 att diskb\u00e4nkens kant \u00e4r i j\u00e4mnh\u00f6jd med b\u00e4nkskivan, vilket skapar en s\u00f6ml\u00f6s och hygienisk yta.<\/p>\n<p data-sourcepos=\"5:1-5:38\"><strong>Viktiga egenskaper:<\/strong><\/p>\n<ul data-sourcepos=\"7:1-11:0\">\n<li data-sourcepos=\"7:1-7:81\"><strong>Snygg design:<\/strong> Den inf\u00e4llda designen skapar ett rent och minimalistiskt utseende.<\/li>\n<li data-sourcepos=\"8:1-8:127\"><strong>L\u00e4tt att reng\u00f6ra:<\/strong> Den s\u00f6ml\u00f6sa integrationen med b\u00e4nkskivan f\u00f6rhindrar att skr\u00e4p fastnar, vilket g\u00f6r reng\u00f6ringen enklare.<\/li>\n<li data-sourcepos=\"9:1-9:72\"><strong>Hygienisk:<\/strong> Avsaknaden av luckor minskar risken f\u00f6r bakterietillv\u00e4xt.<\/li>\n<li data-sourcepos=\"10:1-11:0\"><strong>Modern estetik:<\/strong> Kompletterar modern k\u00f6ksdesign.<\/li>\n<\/ul>\n<p data-sourcepos=\"12:1-12:52\"><strong>\u00d6verv\u00e4ganden n\u00e4r du v\u00e4ljer ett inf\u00e4llt handfat:<\/strong><\/p>\n<ul data-sourcepos=\"14:1-18:0\">\n<li data-sourcepos=\"14:1-14:76\"><strong>Material:<\/strong> V\u00e4lj ett h\u00e5llbart material som rostfritt st\u00e5l eller komposit.<\/li>\n<li data-sourcepos=\"15:1-15:86\"><strong>Storlek och form:<\/strong> V\u00e4lj en storlek och form som passar ditt k\u00f6ks layout och behov.<\/li>\n<li data-sourcepos=\"16:1-16:93\"><strong>Installation:<\/strong> Professionell installation rekommenderas f\u00f6r att s\u00e4kerst\u00e4lla korrekt passform och t\u00e4tning.<\/li>\n<li data-sourcepos=\"17:1-18:0\"><strong>Material f\u00f6r b\u00e4nkskiva:<\/strong> B\u00e4nkskivans material ska vara kompatibelt med installationsmetoden f\u00f6r det inf\u00e4llda handfatet.<\/li>\n<\/ul>\n<p data-sourcepos=\"19:1-19:135\">Genom att noggrant \u00f6verv\u00e4ga dessa faktorer kan du v\u00e4lja den perfekta inf\u00e4llda diskb\u00e4nken f\u00f6r att h\u00f6ja ditt k\u00f6ks stil och funktionalitet.<\/p>","protected":false},"excerpt":{"rendered":"<p>Total storlek: 787*480*230 mm<\/p>\n<p>Sk\u00e5lstorlek: 736*362 mm<\/p>\n<p>Storlek p\u00e5 utsk\u00e4rning: 763*456 mm<\/p>\n<p>Radianh\u00f6rn : R10<\/p>","protected":false},"featured_media":2424,"template":"","meta":[],"product_brand":[],"product_cat":[53],"product_tag":[],"class_list":{"0":"post-2423","1":"product","2":"type-product","3":"status-publish","4":"has-post-thumbnail","6":"product_cat-topmount-sink-1","8":"first","9":"instock","10":"shipping-taxable","11":"product-type-simple"},"_links":{"self":[{"href":"https:\/\/sinkwithfaucet.com\/sv\/wp-json\/wp\/v2\/product\/2423","targetHints":{"allow":["GET"]}}],"collection":[{"href":"https:\/\/sinkwithfaucet.com\/sv\/wp-json\/wp\/v2\/product"}],"about":[{"href":"https:\/\/sinkwithfaucet.com\/sv\/wp-json\/wp\/v2\/types\/product"}],"wp:featuredmedia":[{"embeddable":true,"href":"https:\/\/sinkwithfaucet.com\/sv\/wp-json\/wp\/v2\/media\/2424"}],"wp:attachment":[{"href":"https:\/\/sinkwithfaucet.com\/sv\/wp-json\/wp\/v2\/media?parent=2423"}],"wp:term":[{"taxonomy":"product_brand","embeddable":true,"href":"https:\/\/sinkwithfaucet.com\/sv\/wp-json\/wp\/v2\/product_brand?post=2423"},{"taxonomy":"product_cat","embeddable":true,"href":"https:\/\/sinkwithfaucet.com\/sv\/wp-json\/wp\/v2\/product_cat?post=2423"},{"taxonomy":"product_tag","embeddable":true,"href":"https:\/\/sinkwithfaucet.com\/sv\/wp-json\/wp\/v2\/product_tag?post=2423"}],"curies":[{"name":"wp","href":"https:\/\/api.w.org\/{rel}","templated":true}]}}