{"id":2418,"date":"2024-11-04T03:36:44","date_gmt":"2024-11-04T03:36:44","guid":{"rendered":"https:\/\/sinkwithfaucet.com\/?post_type=product&#038;p=2418"},"modified":"2024-11-04T03:36:44","modified_gmt":"2024-11-04T03:36:44","slug":"black-kitchen-sink-7647b","status":"publish","type":"product","link":"https:\/\/sinkwithfaucet.com\/sv\/black-kitchen-sink-7647b\/","title":{"rendered":"Svart k\u00f6ksb\u00e4nk 7647B"},"content":{"rendered":"<h2 data-sourcepos=\"1:1-1:215\">Svarta diskb\u00e4nkar:<\/h2>\n<p data-sourcepos=\"1:1-1:215\">Svarta diskb\u00e4nkar har blivit alltmer popul\u00e4ra de senaste \u00e5ren och erbjuder ett modernt och sofistikerat utseende som kan lyfta vilken k\u00f6ksdesign som helst. De finns i en m\u00e4ngd olika material och stilar.<\/p>\n<ul data-sourcepos=\"5:1-8:0\">\n<li data-sourcepos=\"5:1-5:89\"><strong>Snygg och modern:<\/strong> Den m\u00f6rka, matta ytan ger en modern touch till ditt k\u00f6k.<\/li>\n<li data-sourcepos=\"6:1-6:84\"><strong>H\u00e5llbar och hygienisk:<\/strong> Rostfritt st\u00e5l \u00e4r ett slitstarkt material som \u00e4r l\u00e4tt att reng\u00f6ra.<\/li>\n<li data-sourcepos=\"7:1-8:0\"><strong>Motst\u00e5ndskraftig mot fingeravtryck:<\/strong> Specialbel\u00e4ggningar minimerar fingeravtryck och fl\u00e4ckar.<\/li>\n<\/ul>\n<p data-sourcepos=\"21:1-21:71\"><strong>N\u00e4r du v\u00e4ljer en svart diskb\u00e4nk b\u00f6r du t\u00e4nka p\u00e5 f\u00f6ljande faktorer:<\/strong><\/p>\n<ul data-sourcepos=\"23:1-28:0\">\n<li data-sourcepos=\"23:1-23:67\"><strong>Material:<\/strong> V\u00e4lj ett material som passar din stil och budget.<\/li>\n<li data-sourcepos=\"24:1-24:76\"><strong>Storlek och form:<\/strong> V\u00e4lj en storlek och form som passar din k\u00f6kslayout.<\/li>\n<li data-sourcepos=\"25:1-25:72\"><strong>Installation:<\/strong> V\u00e4lj mellan undermontering eller toppmontering.<\/li>\n<li data-sourcepos=\"26:1-26:74\"><strong>Avsluta:<\/strong> T\u00e4nk p\u00e5 den specifika nyansen av svart och niv\u00e5n p\u00e5 glans.<\/li>\n<li data-sourcepos=\"27:1-28:0\"><strong>Underh\u00e5ll:<\/strong> F\u00f6lj tillverkarens sk\u00f6tselanvisningar f\u00f6r att h\u00e5lla diskb\u00e4nken i b\u00e4sta skick.<\/li>\n<\/ul>\n<p data-sourcepos=\"29:1-29:142\">Genom att noggrant \u00f6verv\u00e4ga dessa faktorer kan du v\u00e4lja den perfekta svarta diskb\u00e4nken f\u00f6r att f\u00f6rb\u00e4ttra stilen och funktionaliteten i ditt k\u00f6k.<\/p>","protected":false},"excerpt":{"rendered":"<p>Total storlek: 760*470*230 mm<\/p>\n<p>Sk\u00e5lstorlek: 720*363 mm<\/p>\n<p>Storlek p\u00e5 utsk\u00e4rning: 736*446 mm<\/p>\n<p>Radianh\u00f6rn : R10<\/p>","protected":false},"featured_media":2419,"template":"","meta":[],"product_brand":[],"product_cat":[53],"product_tag":[],"class_list":{"0":"post-2418","1":"product","2":"type-product","3":"status-publish","4":"has-post-thumbnail","6":"product_cat-topmount-sink-1","8":"first","9":"instock","10":"shipping-taxable","11":"product-type-simple"},"_links":{"self":[{"href":"https:\/\/sinkwithfaucet.com\/sv\/wp-json\/wp\/v2\/product\/2418","targetHints":{"allow":["GET"]}}],"collection":[{"href":"https:\/\/sinkwithfaucet.com\/sv\/wp-json\/wp\/v2\/product"}],"about":[{"href":"https:\/\/sinkwithfaucet.com\/sv\/wp-json\/wp\/v2\/types\/product"}],"wp:featuredmedia":[{"embeddable":true,"href":"https:\/\/sinkwithfaucet.com\/sv\/wp-json\/wp\/v2\/media\/2419"}],"wp:attachment":[{"href":"https:\/\/sinkwithfaucet.com\/sv\/wp-json\/wp\/v2\/media?parent=2418"}],"wp:term":[{"taxonomy":"product_brand","embeddable":true,"href":"https:\/\/sinkwithfaucet.com\/sv\/wp-json\/wp\/v2\/product_brand?post=2418"},{"taxonomy":"product_cat","embeddable":true,"href":"https:\/\/sinkwithfaucet.com\/sv\/wp-json\/wp\/v2\/product_cat?post=2418"},{"taxonomy":"product_tag","embeddable":true,"href":"https:\/\/sinkwithfaucet.com\/sv\/wp-json\/wp\/v2\/product_tag?post=2418"}],"curies":[{"name":"wp","href":"https:\/\/api.w.org\/{rel}","templated":true}]}}