{"id":2413,"date":"2024-11-04T03:17:48","date_gmt":"2024-11-04T03:17:48","guid":{"rendered":"https:\/\/sinkwithfaucet.com\/?post_type=product&#038;p=2413"},"modified":"2024-11-04T06:17:09","modified_gmt":"2024-11-04T06:17:09","slug":"stainless-sink-3322so","status":"publish","type":"product","link":"https:\/\/sinkwithfaucet.com\/sv\/stainless-sink-3322so\/","title":{"rendered":"Rostfri diskho 3322SO"},"content":{"rendered":"<h2 data-sourcepos=\"1:1-1:44\">Rostfria diskb\u00e4nkar: En tidl\u00f6s klassiker<\/h2>\n<p data-sourcepos=\"3:1-3:251\">Rostfria diskb\u00e4nkar \u00e4r ett popul\u00e4rt val f\u00f6r k\u00f6k p\u00e5 grund av deras h\u00e5llbarhet, hygien och moderna estetik. De \u00e4r tillverkade av en metallegering som \u00e4r motst\u00e5ndskraftig mot rost, korrosion och fl\u00e4ckar, vilket g\u00f6r dem till ett l\u00e5ngvarigt och l\u00e4ttrengjort alternativ.<\/p>\n<p data-sourcepos=\"18:1-18:38\"><strong>F\u00f6rdelar med diskb\u00e4nkar i rostfritt st\u00e5l:<\/strong><\/p>\n<ul data-sourcepos=\"20:1-24:0\">\n<li data-sourcepos=\"20:1-20:57\"><strong>H\u00e5llbarhet:<\/strong> Motst\u00e5ndskraftig mot rost, korrosion och v\u00e4rme.<\/li>\n<li data-sourcepos=\"21:1-21:42\"><strong>Hygien:<\/strong> L\u00e4tt att reng\u00f6ra och desinficera.<\/li>\n<li data-sourcepos=\"22:1-22:86\"><strong>Stil:<\/strong> Finns i en m\u00e4ngd olika utf\u00f6randen och stilar f\u00f6r att passa alla k\u00f6ksinredningar.<\/li>\n<li data-sourcepos=\"23:1-24:0\"><strong>M\u00e5ngsidighet:<\/strong> L\u00e4mplig f\u00f6r b\u00e5de bostads- och stork\u00f6k.<\/li>\n<\/ul>\n<p data-sourcepos=\"25:1-25:56\"><strong>Att t\u00e4nka p\u00e5 n\u00e4r man v\u00e4ljer en diskb\u00e4nk i rostfritt st\u00e5l:<\/strong><\/p>\n<ul data-sourcepos=\"27:1-31:0\">\n<li data-sourcepos=\"27:1-27:90\"><strong>M\u00e4tare:<\/strong> Tjockleken p\u00e5 det rostfria st\u00e5let, d\u00e4r tjockare tjocklek \u00e4r mer h\u00e5llbart.<\/li>\n<li data-sourcepos=\"28:1-28:85\"><strong>Avsluta:<\/strong> V\u00e4lj mellan en m\u00e4ngd olika ytbehandlingar, t.ex. borstad, polerad eller satinerad.<\/li>\n<li data-sourcepos=\"29:1-29:73\"><strong>Storlek:<\/strong> V\u00e4lj en storlek som passar ditt k\u00f6ks layout och dina behov.<\/li>\n<li data-sourcepos=\"30:1-31:0\"><strong>Installation:<\/strong> Fundera p\u00e5 om du vill ha en undermonterad eller \u00f6vermonterad diskho.<\/li>\n<\/ul>\n<p data-sourcepos=\"32:1-32:143\">Genom att noga \u00f6verv\u00e4ga dessa faktorer kan du v\u00e4lja den perfekta diskb\u00e4nken i rostfritt st\u00e5l f\u00f6r att f\u00f6rb\u00e4ttra funktionaliteten och stilen i ditt k\u00f6k.<\/p>","protected":false},"excerpt":{"rendered":"<p>Total storlek: 33*22*10 tum \/ 838*559*254 mm<\/p>\n<p>Sk\u00e5lstorlek: 768*394 mm<\/p>\n<p>Storlek p\u00e5 utsk\u00e4rning: 814*535 mm<\/p>\n<p>Radianh\u00f6rn : R0<\/p>","protected":false},"featured_media":2414,"template":"","meta":[],"product_brand":[],"product_cat":[53],"product_tag":[],"class_list":{"0":"post-2413","1":"product","2":"type-product","3":"status-publish","4":"has-post-thumbnail","6":"product_cat-topmount-sink-1","8":"first","9":"instock","10":"shipping-taxable","11":"product-type-simple"},"_links":{"self":[{"href":"https:\/\/sinkwithfaucet.com\/sv\/wp-json\/wp\/v2\/product\/2413","targetHints":{"allow":["GET"]}}],"collection":[{"href":"https:\/\/sinkwithfaucet.com\/sv\/wp-json\/wp\/v2\/product"}],"about":[{"href":"https:\/\/sinkwithfaucet.com\/sv\/wp-json\/wp\/v2\/types\/product"}],"wp:featuredmedia":[{"embeddable":true,"href":"https:\/\/sinkwithfaucet.com\/sv\/wp-json\/wp\/v2\/media\/2414"}],"wp:attachment":[{"href":"https:\/\/sinkwithfaucet.com\/sv\/wp-json\/wp\/v2\/media?parent=2413"}],"wp:term":[{"taxonomy":"product_brand","embeddable":true,"href":"https:\/\/sinkwithfaucet.com\/sv\/wp-json\/wp\/v2\/product_brand?post=2413"},{"taxonomy":"product_cat","embeddable":true,"href":"https:\/\/sinkwithfaucet.com\/sv\/wp-json\/wp\/v2\/product_cat?post=2413"},{"taxonomy":"product_tag","embeddable":true,"href":"https:\/\/sinkwithfaucet.com\/sv\/wp-json\/wp\/v2\/product_tag?post=2413"}],"curies":[{"name":"wp","href":"https:\/\/api.w.org\/{rel}","templated":true}]}}