{"id":2409,"date":"2024-11-04T03:03:16","date_gmt":"2024-11-04T03:03:16","guid":{"rendered":"https:\/\/sinkwithfaucet.com\/?post_type=product&#038;p=2409"},"modified":"2024-11-04T03:03:16","modified_gmt":"2024-11-04T03:03:16","slug":"double-kitchen-sink-1160ddo","status":"publish","type":"product","link":"https:\/\/sinkwithfaucet.com\/sv\/double-kitchen-sink-1160ddo\/","title":{"rendered":"Dubbel diskho 1160DDO"},"content":{"rendered":"<h2 data-sourcepos=\"1:1-1:48\">Dubbla diskhoar i k\u00f6ket: Ett m\u00e5ngsidigt val<\/h2>\n<p data-sourcepos=\"3:1-3:237\">Dubbla diskb\u00e4nkar \u00e4r en praktisk och effektiv l\u00f6sning f\u00f6r upptagna hush\u00e5ll. Med tv\u00e5 separata bass\u00e4nger ger de gott om utrymme f\u00f6r olika uppgifter, t.ex. diskning, matlagning och reng\u00f6ring av frukt och gr\u00f6nsaker.<\/p>\n<p data-sourcepos=\"5:1-5:46\"><strong>Viktiga f\u00f6rdelar:<\/strong><\/p>\n<ul data-sourcepos=\"7:1-11:0\">\n<li data-sourcepos=\"7:1-7:97\"><strong>\u00d6kad funktionalitet:<\/strong> Med tv\u00e5 handfat kan du g\u00f6ra flera saker samtidigt och h\u00e5lla ordning i k\u00f6ket.<\/li>\n<li data-sourcepos=\"8:1-8:135\"><strong>Effektivitet:<\/strong> Separata handfat kan anv\u00e4ndas f\u00f6r olika uppgifter, t.ex. f\u00f6r att diska i ett handfat och laga mat i ett annat.<\/li>\n<li data-sourcepos=\"9:1-9:126\"><strong>Flexibilitet:<\/strong> Dubbla diskhoar ger flexibilitet n\u00e4r det g\u00e4ller layout och design och passar olika k\u00f6kskonfigurationer.<\/li>\n<li data-sourcepos=\"10:1-11:0\"><strong>Stil:<\/strong> Dubbla diskb\u00e4nkar kan ge ditt k\u00f6k en touch av sofistikering och funktionalitet.<\/li>\n<\/ul>\n<p data-sourcepos=\"12:1-12:39\"><strong>Typer av diskb\u00e4nkar med dubbla sk\u00e5lar:<\/strong><\/p>\n<ul data-sourcepos=\"14:1-18:0\">\n<li data-sourcepos=\"14:1-14:100\"><strong>Sida vid sida:<\/strong> De tv\u00e5 handfaten \u00e4r placerade sida vid sida, vilket ger ett klassiskt och traditionellt utseende.<\/li>\n<li data-sourcepos=\"15:1-15:105\"><strong>Sk\u00e5lar av olika storlek:<\/strong> Den ena bass\u00e4ngen \u00e4r st\u00f6rre \u00e4n den andra, vilket ger flexibilitet f\u00f6r olika arbetsuppgifter.<\/li>\n<li data-sourcepos=\"16:1-16:95\"><strong>S\u00f6ndra och h\u00e4rska:<\/strong> Ett enda handfat med en avdelare som skapar tv\u00e5 separata fack.<\/li>\n<li data-sourcepos=\"17:1-18:0\"><strong>Undermonterad:<\/strong> Dubbla undermonterade diskb\u00e4nkar ger ett s\u00f6ml\u00f6st och modernt utseende genom att de installeras under b\u00e4nkskivan.<\/li>\n<\/ul>\n<p data-sourcepos=\"19:1-19:60\"><strong>\u00d6verv\u00e4ganden n\u00e4r du v\u00e4ljer en k\u00f6ksvask med dubbla sk\u00e5lar:<\/strong><\/p>\n<ul data-sourcepos=\"21:1-25:0\">\n<li data-sourcepos=\"21:1-21:69\"><strong>Storlek:<\/strong> Se till att diskhon har r\u00e4tt storlek f\u00f6r ditt k\u00f6ksutrymme.<\/li>\n<li data-sourcepos=\"22:1-22:74\"><strong>Stil:<\/strong> V\u00e4lj en diskho som passar in i k\u00f6kets \u00f6vriga design.<\/li>\n<li data-sourcepos=\"23:1-23:76\"><strong>Material:<\/strong> V\u00e4lj ett h\u00e5llbart material som rostfritt st\u00e5l eller komposit.<\/li>\n<li data-sourcepos=\"24:1-25:0\"><strong>H\u00e5l f\u00f6r kran:<\/strong> T\u00e4nk p\u00e5 antal och placering av kranh\u00e5l f\u00f6r att tillgodose \u00f6nskad konfiguration.<\/li>\n<\/ul>\n<p data-sourcepos=\"26:1-26:185\"><strong>Dubbla diskhoar \u00e4r ett praktiskt och m\u00e5ngsidigt val f\u00f6r upptagna hush\u00e5ll.<\/strong> H\u00e5llbarheten, hygienen och den moderna estetiken g\u00f6r dem till ett popul\u00e4rt alternativ f\u00f6r k\u00f6k i alla storlekar.<\/p>","protected":false},"excerpt":{"rendered":"<p>Total storlek: 1160*510*220 mm<\/p>\n<p>Sk\u00e5lstorlek: 400*400\/335*400 mm<\/p>\n<p>Utsk\u00e4rningsstorlek: 1135*485 mm<\/p>\n<p>Radianh\u00f6rn : R10<\/p>","protected":false},"featured_media":2410,"template":"","meta":[],"product_brand":[],"product_cat":[53],"product_tag":[],"class_list":{"0":"post-2409","1":"product","2":"type-product","3":"status-publish","4":"has-post-thumbnail","6":"product_cat-topmount-sink-1","8":"first","9":"instock","10":"shipping-taxable","11":"product-type-simple"},"_links":{"self":[{"href":"https:\/\/sinkwithfaucet.com\/sv\/wp-json\/wp\/v2\/product\/2409","targetHints":{"allow":["GET"]}}],"collection":[{"href":"https:\/\/sinkwithfaucet.com\/sv\/wp-json\/wp\/v2\/product"}],"about":[{"href":"https:\/\/sinkwithfaucet.com\/sv\/wp-json\/wp\/v2\/types\/product"}],"wp:featuredmedia":[{"embeddable":true,"href":"https:\/\/sinkwithfaucet.com\/sv\/wp-json\/wp\/v2\/media\/2410"}],"wp:attachment":[{"href":"https:\/\/sinkwithfaucet.com\/sv\/wp-json\/wp\/v2\/media?parent=2409"}],"wp:term":[{"taxonomy":"product_brand","embeddable":true,"href":"https:\/\/sinkwithfaucet.com\/sv\/wp-json\/wp\/v2\/product_brand?post=2409"},{"taxonomy":"product_cat","embeddable":true,"href":"https:\/\/sinkwithfaucet.com\/sv\/wp-json\/wp\/v2\/product_cat?post=2409"},{"taxonomy":"product_tag","embeddable":true,"href":"https:\/\/sinkwithfaucet.com\/sv\/wp-json\/wp\/v2\/product_tag?post=2409"}],"curies":[{"name":"wp","href":"https:\/\/api.w.org\/{rel}","templated":true}]}}