{"id":2407,"date":"2024-11-04T02:52:17","date_gmt":"2024-11-04T02:52:17","guid":{"rendered":"https:\/\/sinkwithfaucet.com\/?post_type=product&#038;p=2407"},"modified":"2024-11-04T02:52:17","modified_gmt":"2024-11-04T02:52:17","slug":"top-mount-kitchen-sink-1200sdo","status":"publish","type":"product","link":"https:\/\/sinkwithfaucet.com\/sv\/top-mount-kitchen-sink-1200sdo\/","title":{"rendered":"Toppmonterad k\u00f6ksb\u00e4nk 1200SDO"},"content":{"rendered":"<h2 data-sourcepos=\"1:1-1:44\">Toppmonterade diskb\u00e4nkar: Ett klassiskt val<\/h2>\n<p data-sourcepos=\"3:1-3:206\">Toppmonterade diskb\u00e4nkar, \u00e4ven k\u00e4nda som drop-in-diskb\u00e4nkar, \u00e4r ett klassiskt och m\u00e5ngsidigt alternativ f\u00f6r m\u00e5nga k\u00f6k. De installeras ovanp\u00e5 b\u00e4nkskivan, vilket skapar ett traditionellt och l\u00e4ttinstallerat utseende.<\/p>\n<p data-sourcepos=\"5:1-5:44\"><strong>Viktiga egenskaper:<\/strong><\/p>\n<ul data-sourcepos=\"7:1-11:0\">\n<li data-sourcepos=\"7:1-7:70\"><strong>Enkel installation:<\/strong> Enkel att installera p\u00e5 alla b\u00e4nkskivmaterial.<\/li>\n<li data-sourcepos=\"8:1-8:112\"><strong>Brett utbud av stilar:<\/strong> Finns i olika former, storlekar och material f\u00f6r att passa olika k\u00f6ksutformningar.<\/li>\n<li data-sourcepos=\"9:1-9:127\"><strong>H\u00e5llbar och hygienisk:<\/strong> Tillverkad av material som rostfritt st\u00e5l, keramik eller komposit, vilket garanterar l\u00e5ng livsl\u00e4ngd.<\/li>\n<li data-sourcepos=\"10:1-11:0\"><strong>Kostnadseffektivt:<\/strong> Ofta mer prisv\u00e4rda \u00e4n undermonterade diskb\u00e4nkar.<\/li>\n<\/ul>\n<p data-sourcepos=\"12:1-12:37\"><strong>Typer av toppmonterade diskb\u00e4nkar:<\/strong><\/p>\n<ul data-sourcepos=\"14:1-18:0\">\n<li data-sourcepos=\"14:1-14:57\"><strong>Enkel sk\u00e5l:<\/strong> Ett enda stort handfat f\u00f6r allm\u00e4nt bruk.<\/li>\n<li data-sourcepos=\"15:1-15:56\"><strong>Double Bowl:<\/strong> Tv\u00e5 separata handfat f\u00f6r multitasking.<\/li>\n<li data-sourcepos=\"16:1-16:92\"><strong>Triple Bowl:<\/strong> Tre bass\u00e4nger f\u00f6r extra funktionalitet, ofta f\u00f6rekommande i stork\u00f6k.<\/li>\n<li data-sourcepos=\"17:1-18:0\"><strong>Farmhouse Sink:<\/strong> En stor, djup diskho med f\u00f6rkl\u00e4desfront som ger ett rustikt och traditionellt utseende.<\/li>\n<\/ul>\n<p data-sourcepos=\"19:1-19:75\"><strong>N\u00e4r du v\u00e4ljer en toppmonterad diskb\u00e4nk b\u00f6r du beakta f\u00f6ljande faktorer:<\/strong><\/p>\n<ul data-sourcepos=\"21:1-25:0\">\n<li data-sourcepos=\"21:1-21:70\"><strong>Storlek:<\/strong> Se till att diskb\u00e4nken passar din b\u00e4nkskiva och uppfyller dina behov.<\/li>\n<li data-sourcepos=\"22:1-22:98\"><strong>Material:<\/strong> V\u00e4lj ett h\u00e5llbart material som \u00e4r l\u00e4tt att reng\u00f6ra, t.ex. rostfritt st\u00e5l eller komposit.<\/li>\n<li data-sourcepos=\"23:1-23:75\"><strong>Stil:<\/strong> V\u00e4lj en stil som kompletterar ditt k\u00f6ks \u00f6vergripande design.<\/li>\n<li data-sourcepos=\"24:1-25:0\"><strong>Installation:<\/strong> S\u00e4kerst\u00e4ll korrekt installation f\u00f6r att f\u00f6rhindra l\u00e4ckage och skador.<\/li>\n<\/ul>\n<p data-sourcepos=\"26:1-26:141\">Genom att noggrant \u00f6verv\u00e4ga dessa faktorer kan du v\u00e4lja den perfekta toppmonterade diskb\u00e4nken f\u00f6r att f\u00f6rb\u00e4ttra ditt k\u00f6ks funktionalitet och stil.<\/p>","protected":false},"excerpt":{"rendered":"<p>Total storlek: 1200*510*220 mm<\/p>\n<p>Sk\u00e5lstorlek: 440*400 mm<\/p>\n<p>Storlek p\u00e5 utsk\u00e4rning: 1175*485 mm<\/p>\n<p>Radianh\u00f6rn : R10<\/p>","protected":false},"featured_media":2408,"template":"","meta":[],"product_brand":[],"product_cat":[53],"product_tag":[],"class_list":{"0":"post-2407","1":"product","2":"type-product","3":"status-publish","4":"has-post-thumbnail","6":"product_cat-topmount-sink-1","8":"first","9":"instock","10":"shipping-taxable","11":"product-type-simple"},"_links":{"self":[{"href":"https:\/\/sinkwithfaucet.com\/sv\/wp-json\/wp\/v2\/product\/2407","targetHints":{"allow":["GET"]}}],"collection":[{"href":"https:\/\/sinkwithfaucet.com\/sv\/wp-json\/wp\/v2\/product"}],"about":[{"href":"https:\/\/sinkwithfaucet.com\/sv\/wp-json\/wp\/v2\/types\/product"}],"wp:featuredmedia":[{"embeddable":true,"href":"https:\/\/sinkwithfaucet.com\/sv\/wp-json\/wp\/v2\/media\/2408"}],"wp:attachment":[{"href":"https:\/\/sinkwithfaucet.com\/sv\/wp-json\/wp\/v2\/media?parent=2407"}],"wp:term":[{"taxonomy":"product_brand","embeddable":true,"href":"https:\/\/sinkwithfaucet.com\/sv\/wp-json\/wp\/v2\/product_brand?post=2407"},{"taxonomy":"product_cat","embeddable":true,"href":"https:\/\/sinkwithfaucet.com\/sv\/wp-json\/wp\/v2\/product_cat?post=2407"},{"taxonomy":"product_tag","embeddable":true,"href":"https:\/\/sinkwithfaucet.com\/sv\/wp-json\/wp\/v2\/product_tag?post=2407"}],"curies":[{"name":"wp","href":"https:\/\/api.w.org\/{rel}","templated":true}]}}