{"id":2405,"date":"2024-11-04T02:44:36","date_gmt":"2024-11-04T02:44:36","guid":{"rendered":"https:\/\/sinkwithfaucet.com\/?post_type=product&#038;p=2405"},"modified":"2024-11-04T02:45:56","modified_gmt":"2024-11-04T02:45:56","slug":"above-counter-sink-8151sdo","status":"publish","type":"product","link":"https:\/\/sinkwithfaucet.com\/sv\/above-counter-sink-8151sdo\/","title":{"rendered":"Diskb\u00e4nk ovanf\u00f6r diskb\u00e4nk 8151SDO"},"content":{"rendered":"<h2 data-sourcepos=\"1:1-1:51\">Handfat ovanf\u00f6r diskb\u00e4nken: Ett snyggt och modernt val<\/h2>\n<p data-sourcepos=\"3:1-3:194\"><strong>Diskb\u00e4nkar ovanf\u00f6r diskb\u00e4nken<\/strong>, \u00e4ven k\u00e4nda som k\u00e4rlhandfat, \u00e4r ett popul\u00e4rt val f\u00f6r b\u00e5de badrums- och k\u00f6ksdesign. De sitter ovanp\u00e5 b\u00e4nkskivan och skapar en unik och i\u00f6gonfallande fokuspunkt.<\/p>\n<p data-sourcepos=\"5:1-5:40\"><strong>Viktiga egenskaper hos diskb\u00e4nkar ovanf\u00f6r diskb\u00e4nken:<\/strong><\/p>\n<ul data-sourcepos=\"7:1-11:0\">\n<li data-sourcepos=\"7:1-7:88\"><strong>Snygg design:<\/strong> Finns i ett brett utbud av stilar, fr\u00e5n klassiska till moderna.<\/li>\n<li data-sourcepos=\"8:1-8:78\"><strong>Enkel installation:<\/strong> Enkel att installera ovanp\u00e5 din befintliga b\u00e4nkskiva.<\/li>\n<li data-sourcepos=\"9:1-9:72\"><strong>Olika typer av material:<\/strong> V\u00e4lj mellan keramik, glas, sten eller metall.<\/li>\n<li data-sourcepos=\"10:1-11:0\"><strong>Anpassning:<\/strong> Kan anpassas f\u00f6r att passa dina specifika behov och \u00f6nskem\u00e5l.<\/li>\n<\/ul>\n<p data-sourcepos=\"12:1-12:55\"><strong>\u00d6verv\u00e4ganden n\u00e4r du v\u00e4ljer en diskb\u00e4nk ovanf\u00f6r b\u00e4nken:<\/strong><\/p>\n<ul data-sourcepos=\"14:1-18:0\">\n<li data-sourcepos=\"14:1-14:144\"><strong>Storlek och form:<\/strong> T\u00e4nk p\u00e5 diskb\u00e4nkens storlek och form f\u00f6r att se till att den passar din b\u00e4nkskiva och kompletterar din badrums- eller k\u00f6ksdesign.<\/li>\n<li data-sourcepos=\"15:1-15:82\"><strong>Material:<\/strong> V\u00e4lj ett slitstarkt material som \u00e4r l\u00e4tt att reng\u00f6ra och som passar din stil.<\/li>\n<li data-sourcepos=\"16:1-16:87\"><strong>Kran:<\/strong> V\u00e4lj en kran som \u00e4r kompatibel med diskb\u00e4nkens h\u00f6jd och stil.<\/li>\n<li data-sourcepos=\"17:1-18:0\"><strong>Installation:<\/strong> Se till att installationen \u00e4r korrekt f\u00f6r att f\u00f6rhindra vattenskador och s\u00e4kerst\u00e4lla optimal funktion.<\/li>\n<\/ul>\n<p data-sourcepos=\"19:1-19:143\"><strong>Genom att noggrant \u00f6verv\u00e4ga dessa faktorer kan du v\u00e4lja den perfekta diskb\u00e4nken ovanf\u00f6r b\u00e4nken f\u00f6r att h\u00f6ja stilen och funktionaliteten i ditt utrymme.<\/strong><\/p>","protected":false},"excerpt":{"rendered":"<p>Total storlek: 810*510*220 mm<\/p>\n<p>Sk\u00e5lstorlek: 400*400 mm<\/p>\n<p>Storlek p\u00e5 utsk\u00e4rning: 785*485 mm<\/p>\n<p>Radianh\u00f6rn : R10<\/p>","protected":false},"featured_media":2406,"template":"","meta":[],"product_brand":[],"product_cat":[53],"product_tag":[],"class_list":{"0":"post-2405","1":"product","2":"type-product","3":"status-publish","4":"has-post-thumbnail","6":"product_cat-topmount-sink-1","8":"first","9":"instock","10":"shipping-taxable","11":"product-type-simple"},"_links":{"self":[{"href":"https:\/\/sinkwithfaucet.com\/sv\/wp-json\/wp\/v2\/product\/2405","targetHints":{"allow":["GET"]}}],"collection":[{"href":"https:\/\/sinkwithfaucet.com\/sv\/wp-json\/wp\/v2\/product"}],"about":[{"href":"https:\/\/sinkwithfaucet.com\/sv\/wp-json\/wp\/v2\/types\/product"}],"wp:featuredmedia":[{"embeddable":true,"href":"https:\/\/sinkwithfaucet.com\/sv\/wp-json\/wp\/v2\/media\/2406"}],"wp:attachment":[{"href":"https:\/\/sinkwithfaucet.com\/sv\/wp-json\/wp\/v2\/media?parent=2405"}],"wp:term":[{"taxonomy":"product_brand","embeddable":true,"href":"https:\/\/sinkwithfaucet.com\/sv\/wp-json\/wp\/v2\/product_brand?post=2405"},{"taxonomy":"product_cat","embeddable":true,"href":"https:\/\/sinkwithfaucet.com\/sv\/wp-json\/wp\/v2\/product_cat?post=2405"},{"taxonomy":"product_tag","embeddable":true,"href":"https:\/\/sinkwithfaucet.com\/sv\/wp-json\/wp\/v2\/product_tag?post=2405"}],"curies":[{"name":"wp","href":"https:\/\/api.w.org\/{rel}","templated":true}]}}