{"id":2403,"date":"2024-11-04T02:39:18","date_gmt":"2024-11-04T02:39:18","guid":{"rendered":"https:\/\/sinkwithfaucet.com\/?post_type=product&#038;p=2403"},"modified":"2024-11-04T02:39:18","modified_gmt":"2024-11-04T02:39:18","slug":"black-stainless-steel-kitchen-sink-7843","status":"publish","type":"product","link":"https:\/\/sinkwithfaucet.com\/sv\/black-stainless-steel-kitchen-sink-7843\/","title":{"rendered":"Svart k\u00f6ksb\u00e4nk i rostfritt st\u00e5l 7843"},"content":{"rendered":"<h2 data-sourcepos=\"1:1-1:57\">Svarta k\u00f6ksb\u00e4nkar i rostfritt st\u00e5l: Ett modernt och snyggt val<\/h2>\n<p data-sourcepos=\"3:1-3:231\">Svarta diskb\u00e4nkar i rostfritt st\u00e5l har blivit alltmer popul\u00e4ra de senaste \u00e5ren och erbjuder ett elegant och modernt alternativ till traditionellt rostfritt st\u00e5l. Denna unika finish ger en touch av sofistikering och elegans till alla k\u00f6k.<\/p>\n<p data-sourcepos=\"5:1-5:48\"><strong>Viktiga egenskaper hos svarta diskb\u00e4nkar i rostfritt st\u00e5l:<\/strong><\/p>\n<ul data-sourcepos=\"7:1-11:0\">\n<li data-sourcepos=\"7:1-7:93\"><strong>Modern estetik:<\/strong> Den m\u00f6rka, eleganta finishen skapar en modern och sofistikerad look.<\/li>\n<li data-sourcepos=\"8:1-8:92\"><strong>H\u00e5llbarhet:<\/strong> Tillverkad av h\u00f6gkvalitativt rostfritt st\u00e5l, vilket garanterar l\u00e5ng livsl\u00e4ngd.<\/li>\n<li data-sourcepos=\"9:1-9:113\"><strong>Motst\u00e5nd mot fingeravtryck:<\/strong> Specialbel\u00e4ggningar minimerar fingeravtryck och fl\u00e4ckar, vilket underl\u00e4ttar reng\u00f6ringen.<\/li>\n<li data-sourcepos=\"10:1-11:0\"><strong>M\u00e5nga olika stilar:<\/strong> Finns i olika stilar, inklusive undermonterade, toppmonterade och lantbruksdiskb\u00e4nkar.<\/li>\n<\/ul>\n<p data-sourcepos=\"12:1-12:62\"><strong>\u00d6verv\u00e4ganden n\u00e4r du v\u00e4ljer en svart diskb\u00e4nk i rostfritt st\u00e5l:<\/strong><\/p>\n<ul data-sourcepos=\"14:1-18:0\">\n<li data-sourcepos=\"14:1-14:120\"><strong>Avsluta:<\/strong> V\u00e4lj en finish som kompletterar ditt k\u00f6ks \u00f6vergripande stil, t.ex. matt svart eller borstat svart st\u00e5l.<\/li>\n<li data-sourcepos=\"15:1-15:75\"><strong>Storlek:<\/strong> V\u00e4lj en storlek som passar dina specifika behov och din k\u00f6kslayout.<\/li>\n<li data-sourcepos=\"16:1-16:91\"><strong>Installation:<\/strong> T\u00e4nk p\u00e5 installationsmetoden, om det \u00e4r undermontering eller toppmontering.<\/li>\n<li data-sourcepos=\"17:1-18:0\"><strong>Underh\u00e5ll:<\/strong> Svart rostfritt st\u00e5l \u00e4r h\u00e5llbart, men regelbunden reng\u00f6ring \u00e4r n\u00f6dv\u00e4ndig f\u00f6r att beh\u00e5lla utseendet.<\/li>\n<\/ul>\n<p data-sourcepos=\"19:1-19:149\">Genom att noggrant \u00f6verv\u00e4ga dessa faktorer kan du v\u00e4lja den perfekta svarta diskb\u00e4nken i rostfritt st\u00e5l f\u00f6r att h\u00f6ja stilen och funktionaliteten i ditt k\u00f6k.<\/p>","protected":false},"excerpt":{"rendered":"<p>Total storlek: 780*430*220 mm<\/p>\n<p>Sk\u00e5lstorlek: 740*381 mm<\/p>\n<p>Storlek p\u00e5 utsk\u00e4rning: 740*381 mm<\/p>\n<p>Radianh\u00f6rn : R10<\/p>","protected":false},"featured_media":2404,"template":"","meta":[],"product_brand":[],"product_cat":[52],"product_tag":[],"class_list":{"0":"post-2403","1":"product","2":"type-product","3":"status-publish","4":"has-post-thumbnail","6":"product_cat-undermount-sink-1","8":"first","9":"instock","10":"shipping-taxable","11":"product-type-simple"},"_links":{"self":[{"href":"https:\/\/sinkwithfaucet.com\/sv\/wp-json\/wp\/v2\/product\/2403","targetHints":{"allow":["GET"]}}],"collection":[{"href":"https:\/\/sinkwithfaucet.com\/sv\/wp-json\/wp\/v2\/product"}],"about":[{"href":"https:\/\/sinkwithfaucet.com\/sv\/wp-json\/wp\/v2\/types\/product"}],"wp:featuredmedia":[{"embeddable":true,"href":"https:\/\/sinkwithfaucet.com\/sv\/wp-json\/wp\/v2\/media\/2404"}],"wp:attachment":[{"href":"https:\/\/sinkwithfaucet.com\/sv\/wp-json\/wp\/v2\/media?parent=2403"}],"wp:term":[{"taxonomy":"product_brand","embeddable":true,"href":"https:\/\/sinkwithfaucet.com\/sv\/wp-json\/wp\/v2\/product_brand?post=2403"},{"taxonomy":"product_cat","embeddable":true,"href":"https:\/\/sinkwithfaucet.com\/sv\/wp-json\/wp\/v2\/product_cat?post=2403"},{"taxonomy":"product_tag","embeddable":true,"href":"https:\/\/sinkwithfaucet.com\/sv\/wp-json\/wp\/v2\/product_tag?post=2403"}],"curies":[{"name":"wp","href":"https:\/\/api.w.org\/{rel}","templated":true}]}}