{"id":2401,"date":"2024-11-04T02:18:10","date_gmt":"2024-11-04T02:18:10","guid":{"rendered":"https:\/\/sinkwithfaucet.com\/?post_type=product&#038;p=2401"},"modified":"2024-11-04T02:18:10","modified_gmt":"2024-11-04T02:18:10","slug":"flat-sink-8348dr","status":"publish","type":"product","link":"https:\/\/sinkwithfaucet.com\/sv\/flat-sink-8348dr\/","title":{"rendered":"Platt diskho 8348DR"},"content":{"rendered":"<h2 data-sourcepos=\"1:1-1:45\">Platta diskb\u00e4nkar: Ett minimalistiskt och modernt val<\/h2>\n<p data-sourcepos=\"3:1-3:191\">Platta diskb\u00e4nkar \u00e4r ett minimalistiskt och modernt designval f\u00f6r k\u00f6k och badrum. De har en platt, obehindrad bass\u00e4ng, ofta tillverkad av material som rostfritt st\u00e5l eller keramik.<\/p>\n<p data-sourcepos=\"5:1-5:31\"><strong>Viktiga egenskaper:<\/strong><\/p>\n<ul data-sourcepos=\"7:1-11:0\">\n<li data-sourcepos=\"7:1-7:83\"><strong>Minimalistisk estetik:<\/strong> Den rena, platta designen skapar ett snyggt och modernt utseende.<\/li>\n<li data-sourcepos=\"8:1-8:96\"><strong>L\u00e4tt att reng\u00f6ra:<\/strong> Den sl\u00e4ta ytan \u00e4r l\u00e4tt att torka av, vilket minskar uppkomsten av bakterier.<\/li>\n<li data-sourcepos=\"9:1-9:61\"><strong>Utrymmesbesparande:<\/strong> Kompakt design kan optimera sm\u00e5 utrymmen.<\/li>\n<li data-sourcepos=\"10:1-11:0\"><strong>Unik stil:<\/strong> Ger en distinkt touch till ditt badrum eller k\u00f6k.<\/li>\n<\/ul>\n<p data-sourcepos=\"12:1-12:45\"><strong>\u00d6verv\u00e4ganden n\u00e4r du v\u00e4ljer en platt diskho:<\/strong><\/p>\n<ul data-sourcepos=\"14:1-18:0\">\n<li data-sourcepos=\"14:1-14:79\"><strong>Dr\u00e4nering:<\/strong> Se till att diskb\u00e4nken har tillr\u00e4cklig dr\u00e4nering f\u00f6r att f\u00f6rhindra att vatten ansamlas.<\/li>\n<li data-sourcepos=\"15:1-15:92\"><strong>Material:<\/strong> V\u00e4lj ett slitstarkt material som \u00e4r l\u00e4tt att reng\u00f6ra, t.ex. rostfritt st\u00e5l eller keramik.<\/li>\n<li data-sourcepos=\"16:1-16:89\"><strong>Installation:<\/strong> T\u00e4nk p\u00e5 installationsmetoden, om det \u00e4r undermontering eller drop-in.<\/li>\n<li data-sourcepos=\"17:1-18:0\"><strong>Kran:<\/strong> V\u00e4lj en kran som kompletterar diskb\u00e4nkens minimalistiska design.<\/li>\n<\/ul>","protected":false},"excerpt":{"rendered":"<p>Total storlek: 33*19*10\/838*483*254 mm<\/p>\n<p>Sk\u00e5lstorlek: 381*397\/381*397 mm<\/p>\n<p>Utsk\u00e4rningsstorlek: 788*433 mm<\/p>\n<p>Radianh\u00f6rn : R10<\/p>","protected":false},"featured_media":2402,"template":"","meta":[],"product_brand":[],"product_cat":[52],"product_tag":[],"class_list":{"0":"post-2401","1":"product","2":"type-product","3":"status-publish","4":"has-post-thumbnail","6":"product_cat-undermount-sink-1","8":"first","9":"instock","10":"shipping-taxable","11":"product-type-simple"},"_links":{"self":[{"href":"https:\/\/sinkwithfaucet.com\/sv\/wp-json\/wp\/v2\/product\/2401","targetHints":{"allow":["GET"]}}],"collection":[{"href":"https:\/\/sinkwithfaucet.com\/sv\/wp-json\/wp\/v2\/product"}],"about":[{"href":"https:\/\/sinkwithfaucet.com\/sv\/wp-json\/wp\/v2\/types\/product"}],"wp:featuredmedia":[{"embeddable":true,"href":"https:\/\/sinkwithfaucet.com\/sv\/wp-json\/wp\/v2\/media\/2402"}],"wp:attachment":[{"href":"https:\/\/sinkwithfaucet.com\/sv\/wp-json\/wp\/v2\/media?parent=2401"}],"wp:term":[{"taxonomy":"product_brand","embeddable":true,"href":"https:\/\/sinkwithfaucet.com\/sv\/wp-json\/wp\/v2\/product_brand?post=2401"},{"taxonomy":"product_cat","embeddable":true,"href":"https:\/\/sinkwithfaucet.com\/sv\/wp-json\/wp\/v2\/product_cat?post=2401"},{"taxonomy":"product_tag","embeddable":true,"href":"https:\/\/sinkwithfaucet.com\/sv\/wp-json\/wp\/v2\/product_tag?post=2401"}],"curies":[{"name":"wp","href":"https:\/\/api.w.org\/{rel}","templated":true}]}}