{"id":2398,"date":"2024-11-04T02:02:40","date_gmt":"2024-11-04T02:02:40","guid":{"rendered":"https:\/\/sinkwithfaucet.com\/?post_type=product&#038;p=2398"},"modified":"2024-11-04T02:11:06","modified_gmt":"2024-11-04T02:11:06","slug":"ultimate-kitchen-sink-2519st","status":"publish","type":"product","link":"https:\/\/sinkwithfaucet.com\/sv\/ultimate-kitchen-sink-2519st\/","title":{"rendered":"Ultimate k\u00f6ksb\u00e4nk 2519ST"},"content":{"rendered":"<h2 data-sourcepos=\"1:1-1:58\">Den ultimata k\u00f6ksvasken: En blandning av form och funktion<\/h2>\n<p data-sourcepos=\"3:1-3:219\">Den ultimata diskb\u00e4nken \u00e4r mer \u00e4n bara en plats att diska; det \u00e4r en funktionell och elegant mittpunkt som kan f\u00f6rh\u00f6ja din k\u00f6ksupplevelse. H\u00e4r \u00e4r n\u00e5gra viktiga egenskaper som du b\u00f6r leta efter i den perfekta diskb\u00e4nken:<\/p>\n<h3 data-sourcepos=\"5:1-5:13\">Material:<\/h3>\n<ul data-sourcepos=\"7:1-10:0\">\n<li data-sourcepos=\"7:1-7:97\"><strong>Rostfritt st\u00e5l:<\/strong> Ett klassiskt val som \u00e4r k\u00e4nt f\u00f6r sin h\u00e5llbarhet, hygien och moderna estetik.<\/li>\n<li data-sourcepos=\"8:1-8:94\"><strong>Gjutj\u00e4rn:<\/strong> Ger en rustik och vintage look som ofta kombineras med k\u00f6k i lantlig stil.<\/li>\n<li data-sourcepos=\"9:1-10:0\"><strong>Komposit:<\/strong> En blandning av material som granit eller kvarts, vilket ger ett snyggt och h\u00e5llbart alternativ.<\/li>\n<\/ul>\n<h3 data-sourcepos=\"11:1-11:21\">Stil och design:<\/h3>\n<ul data-sourcepos=\"13:1-19:0\">\n<li data-sourcepos=\"13:1-13:81\"><strong>Undermonterad:<\/strong> Snygg och modern, med en s\u00f6ml\u00f6s look tillsammans med b\u00e4nkskivan.<\/li>\n<li data-sourcepos=\"14:1-14:75\"><strong>Toppmonterad:<\/strong> Traditionell och enkel att installera, ger ett klassiskt utseende.<\/li>\n<li data-sourcepos=\"15:1-15:93\"><strong>Bondg\u00e5rd:<\/strong> Stor, djup och ofta med f\u00f6rkl\u00e4de framtill, med en rustik och funktionell design.<\/li>\n<li data-sourcepos=\"16:1-16:70\"><strong>Enkel sk\u00e5l:<\/strong> Enkel och effektiv, perfekt f\u00f6r mindre k\u00f6k.<\/li>\n<li data-sourcepos=\"17:1-17:71\"><strong>Double Bowl:<\/strong> M\u00e5ngsidig och funktionell, vilket m\u00f6jligg\u00f6r multitasking.<\/li>\n<li data-sourcepos=\"18:1-19:0\"><strong>Triple Bowl:<\/strong> Perfekt f\u00f6r stora hush\u00e5ll eller f\u00f6r dem som ofta lagar mat och underh\u00e5ller.<\/li>\n<\/ul>\n<h3 data-sourcepos=\"20:1-20:24\">Ytterligare funktioner:<\/h3>\n<ul data-sourcepos=\"22:1-26:0\">\n<li data-sourcepos=\"22:1-22:64\"><strong>Drainboard:<\/strong> Ger ett bekv\u00e4mt utrymme f\u00f6r torkning av disk.<\/li>\n<li data-sourcepos=\"23:1-23:86\"><strong>Sk\u00e4rbr\u00e4da:<\/strong> En integrerad sk\u00e4rbr\u00e4da sparar plats p\u00e5 b\u00e4nken och minskar r\u00f6ran.<\/li>\n<li data-sourcepos=\"24:1-24:87\"><strong>Durkslag:<\/strong> Ett inbyggt durkslag g\u00f6r matlagning och reng\u00f6ring mer effektiv.<\/li>\n<li data-sourcepos=\"25:1-26:0\"><strong>Tv\u00e5lpump:<\/strong> Ett bekv\u00e4mt s\u00e4tt att dosera tv\u00e5l, vilket eliminerar behovet av en separat tv\u00e5lkopp.<\/li>\n<\/ul>\n<p data-sourcepos=\"27:1-27:76\"><strong>N\u00e4r du v\u00e4ljer den ultimata diskb\u00e4nken b\u00f6r du ta h\u00e4nsyn till f\u00f6ljande faktorer:<\/strong><\/p>\n<ul data-sourcepos=\"29:1-34:0\">\n<li data-sourcepos=\"29:1-29:70\"><strong>Storlek:<\/strong> Se till att diskb\u00e4nken passar ditt k\u00f6ks layout och dina behov.<\/li>\n<li data-sourcepos=\"30:1-30:61\"><strong>Djup:<\/strong> En djupare diskho \u00e4r perfekt f\u00f6r st\u00f6rre kastruller och stekpannor.<\/li>\n<li data-sourcepos=\"31:1-31:105\"><strong>Avsluta:<\/strong> V\u00e4lj en finish som kompletterar ditt k\u00f6ks stil, t.ex. borstad, polerad eller satinerad.<\/li>\n<li data-sourcepos=\"32:1-32:109\"><strong>Installation:<\/strong> T\u00e4nk p\u00e5 installationsmetoden, oavsett om den \u00e4r undermonterad, toppmonterad eller i lantlig stil.<\/li>\n<li data-sourcepos=\"33:1-34:0\"><strong>Budget:<\/strong> S\u00e4tt en budget och unders\u00f6k vilka alternativ som passar inom din prisklass.<\/li>\n<\/ul>\n<p data-sourcepos=\"35:1-35:152\">Genom att noga \u00f6verv\u00e4ga dessa faktorer kan du v\u00e4lja den perfekta diskb\u00e4nken som kommer att f\u00f6rb\u00e4ttra b\u00e5de funktionaliteten och estetiken i ditt k\u00f6k.<\/p>","protected":false},"excerpt":{"rendered":"<table style=\"border-collapse: collapse; width: 501.02pt;\" border=\"0\" width=\"668\" cellspacing=\"0\" cellpadding=\"0\">\n<tbody>\n<tr style=\"height: 25.00pt;\">\n<td class=\"et2\" style=\"height: 25pt; width: 54pt; text-align: center;\" width=\"72\" height=\"33\"><strong>Modell<\/strong><\/td>\n<td class=\"et2\" style=\"width: 112.5pt; text-align: center;\" width=\"150\"><strong>\u00d6vergripande storlek \uff08mm\uff09<\/strong><\/td>\n<td class=\"et2\" style=\"width: 122.25pt; text-align: center;\" width=\"163\"><strong>Sk\u00e5lstorlek \uff08mm\uff09<\/strong><\/td>\n<td class=\"et2\" style=\"width: 121.5pt; text-align: center;\" width=\"162\"><strong>Utsk\u00e4rningsstorlek \uff08mm\uff09<\/strong><\/td>\n<td class=\"et2\" style=\"width: 90.75pt; text-align: center;\" width=\"121\"><strong>Radianh\u00f6rn<\/strong><\/td>\n<\/tr>\n<tr style=\"height: 30.00pt;\">\n<td class=\"et3\" style=\"height: 30pt; text-align: center;\" height=\"40\">2519ST<\/td>\n<td class=\"et4\" style=\"width: 112.5pt; text-align: center;\" width=\"150\">25*19*10<br \/>\n635*483*254<\/td>\n<td class=\"et3\" style=\"text-align: center;\">585*397<\/td>\n<td class=\"et3\" style=\"text-align: center;\">585*433<\/td>\n<td class=\"et5\" style=\"text-align: center;\">R0+R10<\/td>\n<\/tr>\n<tr style=\"height: 30.00pt;\">\n<td class=\"et3\" style=\"height: 30pt; text-align: center;\" height=\"40\">2719ST<\/td>\n<td class=\"et4\" style=\"width: 112.5pt; text-align: center;\" width=\"150\">27*19*10<br \/>\n686*483*254<\/td>\n<td class=\"et3\" style=\"text-align: center;\">636*397<\/td>\n<td class=\"et3\" style=\"text-align: center;\">636*433<\/td>\n<td class=\"et5\" style=\"text-align: center;\">R0+R10<\/td>\n<\/tr>\n<tr style=\"height: 30.00pt;\">\n<td class=\"et3\" style=\"height: 30pt; text-align: center;\" height=\"40\">3019ST<\/td>\n<td class=\"et4\" style=\"width: 112.5pt; text-align: center;\" width=\"150\">30*19*10<br \/>\n762*483*254<\/td>\n<td class=\"et3\" style=\"text-align: center;\">712*397<\/td>\n<td class=\"et3\" style=\"text-align: center;\">712*433<\/td>\n<td class=\"et5\" style=\"text-align: center;\">R0+R10<\/td>\n<\/tr>\n<tr style=\"height: 30.00pt;\">\n<td class=\"et3\" style=\"height: 30pt; text-align: center;\" height=\"40\">3319ST<\/td>\n<td class=\"et4\" style=\"width: 112.5pt; text-align: center;\" width=\"150\">33*19*10<br \/>\n838*483*254<\/td>\n<td class=\"et3\" style=\"text-align: center;\">788*397<\/td>\n<td class=\"et3\" style=\"text-align: center;\">788*433<\/td>\n<td class=\"et5\" style=\"text-align: center;\">R0+R10<\/td>\n<\/tr>\n<\/tbody>\n<\/table>","protected":false},"featured_media":2399,"template":"","meta":[],"product_brand":[],"product_cat":[52],"product_tag":[],"class_list":{"0":"post-2398","1":"product","2":"type-product","3":"status-publish","4":"has-post-thumbnail","6":"product_cat-undermount-sink-1","8":"first","9":"instock","10":"shipping-taxable","11":"product-type-simple"},"_links":{"self":[{"href":"https:\/\/sinkwithfaucet.com\/sv\/wp-json\/wp\/v2\/product\/2398","targetHints":{"allow":["GET"]}}],"collection":[{"href":"https:\/\/sinkwithfaucet.com\/sv\/wp-json\/wp\/v2\/product"}],"about":[{"href":"https:\/\/sinkwithfaucet.com\/sv\/wp-json\/wp\/v2\/types\/product"}],"wp:featuredmedia":[{"embeddable":true,"href":"https:\/\/sinkwithfaucet.com\/sv\/wp-json\/wp\/v2\/media\/2399"}],"wp:attachment":[{"href":"https:\/\/sinkwithfaucet.com\/sv\/wp-json\/wp\/v2\/media?parent=2398"}],"wp:term":[{"taxonomy":"product_brand","embeddable":true,"href":"https:\/\/sinkwithfaucet.com\/sv\/wp-json\/wp\/v2\/product_brand?post=2398"},{"taxonomy":"product_cat","embeddable":true,"href":"https:\/\/sinkwithfaucet.com\/sv\/wp-json\/wp\/v2\/product_cat?post=2398"},{"taxonomy":"product_tag","embeddable":true,"href":"https:\/\/sinkwithfaucet.com\/sv\/wp-json\/wp\/v2\/product_tag?post=2398"}],"curies":[{"name":"wp","href":"https:\/\/api.w.org\/{rel}","templated":true}]}}