{"id":2394,"date":"2024-11-04T01:54:04","date_gmt":"2024-11-04T01:54:04","guid":{"rendered":"https:\/\/sinkwithfaucet.com\/?post_type=product&#038;p=2394"},"modified":"2024-11-04T01:55:37","modified_gmt":"2024-11-04T01:55:37","slug":"undermount-bar-sink-1144ddu","status":"publish","type":"product","link":"https:\/\/sinkwithfaucet.com\/sv\/undermount-bar-sink-1144ddu\/","title":{"rendered":"Undermonterad bardiskho 1144DDU"},"content":{"rendered":"<h2 data-sourcepos=\"1:1-1:50\">Undermonterade bar diskhoar: Ett snyggt och modernt val<\/h2>\n<p data-sourcepos=\"3:1-3:193\"><strong>Undermonterade bardiskhoar<\/strong> \u00e4r ett popul\u00e4rt val f\u00f6r hemmabarer, v\u00e5tbarer och mindre k\u00f6ksutrymmen. De \u00e4r utformade f\u00f6r att installeras under b\u00e4nkskivan, vilket skapar ett s\u00f6ml\u00f6st och modernt utseende.<\/p>\n<p data-sourcepos=\"5:1-5:41\"><strong>Viktiga egenskaper:<\/strong><\/p>\n<ul data-sourcepos=\"7:1-11:0\">\n<li data-sourcepos=\"7:1-7:92\"><strong>Snygg design:<\/strong> Den undermonterade installationen ger en ren och modern estetik.<\/li>\n<li data-sourcepos=\"8:1-8:119\"><strong>L\u00e4tt att reng\u00f6ra:<\/strong> Den s\u00f6ml\u00f6sa integrationen med b\u00e4nkskivan eliminerar luckor d\u00e4r smuts och skr\u00e4p kan samlas.<\/li>\n<li data-sourcepos=\"9:1-9:58\"><strong>Utrymmesbesparande:<\/strong> Kompakt storlek som \u00e4r idealisk f\u00f6r mindre utrymmen.<\/li>\n<li data-sourcepos=\"10:1-11:0\"><strong>H\u00e5llbarhet:<\/strong> Vanligtvis tillverkad av h\u00f6gkvalitativt rostfritt st\u00e5l, vilket garanterar l\u00e5ng livsl\u00e4ngd.<\/li>\n<\/ul>\n<p data-sourcepos=\"12:1-12:56\"><strong>\u00d6verv\u00e4ganden n\u00e4r du v\u00e4ljer en undermonterad bar diskb\u00e4nk:<\/strong><\/p>\n<ul data-sourcepos=\"14:1-18:0\">\n<li data-sourcepos=\"14:1-14:66\"><strong>Storlek:<\/strong> V\u00e4lj en storlek som passar just ditt utrymme och dina behov.<\/li>\n<li data-sourcepos=\"15:1-15:109\"><strong>Djup:<\/strong> T\u00e4nk p\u00e5 diskb\u00e4nkens djup f\u00f6r olika uppgifter, t.ex. att diska glas eller f\u00f6rbereda drycker.<\/li>\n<li data-sourcepos=\"16:1-16:92\"><strong>Material:<\/strong> Rostfritt st\u00e5l \u00e4r ett popul\u00e4rt val eftersom det \u00e4r h\u00e5llbart och l\u00e4tt att underh\u00e5lla.<\/li>\n<li data-sourcepos=\"17:1-18:0\"><strong>H\u00e5l f\u00f6r kran:<\/strong> Se till att diskb\u00e4nken har r\u00e4tt antal kranh\u00e5l f\u00f6r \u00f6nskad konfiguration.<\/li>\n<\/ul>\n<p data-sourcepos=\"19:1-20:30\">Genom att noggrant \u00f6verv\u00e4ga dessa faktorer kan du v\u00e4lja den perfekta undermonterade diskb\u00e4nken f\u00f6r att komplettera ditt k\u00f6k eller baromr\u00e5de.<\/p>","protected":false},"excerpt":{"rendered":"<p>Total storlek \uff1a 1150*440*220 mm<\/p>\n<p>Sk\u00e5lstorlek \uff1a400*400\/300*400 mm<\/p>\n<p>Utsk\u00e4rningsstorlek \uff1a1110*400 mm<\/p>\n<p>Radianh\u00f6rn \uff1aR10<\/p>","protected":false},"featured_media":2397,"template":"","meta":[],"product_brand":[],"product_cat":[52],"product_tag":[],"class_list":{"0":"post-2394","1":"product","2":"type-product","3":"status-publish","4":"has-post-thumbnail","6":"product_cat-undermount-sink-1","8":"first","9":"instock","10":"shipping-taxable","11":"product-type-simple"},"_links":{"self":[{"href":"https:\/\/sinkwithfaucet.com\/sv\/wp-json\/wp\/v2\/product\/2394","targetHints":{"allow":["GET"]}}],"collection":[{"href":"https:\/\/sinkwithfaucet.com\/sv\/wp-json\/wp\/v2\/product"}],"about":[{"href":"https:\/\/sinkwithfaucet.com\/sv\/wp-json\/wp\/v2\/types\/product"}],"wp:featuredmedia":[{"embeddable":true,"href":"https:\/\/sinkwithfaucet.com\/sv\/wp-json\/wp\/v2\/media\/2397"}],"wp:attachment":[{"href":"https:\/\/sinkwithfaucet.com\/sv\/wp-json\/wp\/v2\/media?parent=2394"}],"wp:term":[{"taxonomy":"product_brand","embeddable":true,"href":"https:\/\/sinkwithfaucet.com\/sv\/wp-json\/wp\/v2\/product_brand?post=2394"},{"taxonomy":"product_cat","embeddable":true,"href":"https:\/\/sinkwithfaucet.com\/sv\/wp-json\/wp\/v2\/product_cat?post=2394"},{"taxonomy":"product_tag","embeddable":true,"href":"https:\/\/sinkwithfaucet.com\/sv\/wp-json\/wp\/v2\/product_tag?post=2394"}],"curies":[{"name":"wp","href":"https:\/\/api.w.org\/{rel}","templated":true}]}}