{"id":2391,"date":"2024-11-04T01:44:51","date_gmt":"2024-11-04T01:44:51","guid":{"rendered":"https:\/\/sinkwithfaucet.com\/?post_type=product&#038;p=2391"},"modified":"2024-11-04T01:46:08","modified_gmt":"2024-11-04T01:46:08","slug":"integrated-sink-7544sdu","status":"publish","type":"product","link":"https:\/\/sinkwithfaucet.com\/sv\/integrated-sink-7544sdu\/","title":{"rendered":"Integrerad diskho 7544SDU"},"content":{"rendered":"<h2 data-sourcepos=\"1:1-1:46\">Integrerade diskhoar: En s\u00f6ml\u00f6s k\u00f6ksdesign<\/h2>\n<p data-sourcepos=\"3:1-3:176\"><strong>Integrerade diskb\u00e4nkar<\/strong> \u00e4r ett modernt och elegant val f\u00f6r k\u00f6ksb\u00e4nkar. De \u00e4r s\u00f6ml\u00f6st integrerade i b\u00e4nkskivans material, vilket skapar ett rent och minimalistiskt utseende.<\/p>\n<p data-sourcepos=\"5:1-5:37\"><strong>Viktiga egenskaper:<\/strong><\/p>\n<ul data-sourcepos=\"7:1-11:0\">\n<li data-sourcepos=\"7:1-7:139\"><strong>S\u00f6ml\u00f6s design:<\/strong> Diskb\u00e4nken och b\u00e4nkskivan bildar en enda enhetlig yta, vilket eliminerar luckor och sprickor d\u00e4r bakterier kan samlas.<\/li>\n<li data-sourcepos=\"8:1-8:117\"><strong>Anpassning:<\/strong> Integrerade diskb\u00e4nkar kan anpassas efter dina specifika behov, till exempel storlek, form och djup.<\/li>\n<li data-sourcepos=\"9:1-9:121\"><strong>H\u00e5llbarhet:<\/strong> Integrerade diskb\u00e4nkar \u00e4r tillverkade av h\u00e5llbara material som kvarts, granit eller solid yta och \u00e4r byggda f\u00f6r att h\u00e5lla l\u00e4nge.<\/li>\n<li data-sourcepos=\"10:1-11:0\"><strong>L\u00e4tt att reng\u00f6ra:<\/strong> Den sl\u00e4ta, s\u00f6ml\u00f6sa ytan \u00e4r l\u00e4tt att reng\u00f6ra och underh\u00e5lla.<\/li>\n<\/ul>\n<p data-sourcepos=\"12:1-12:30\"><strong>Typer:<\/strong><\/p>\n<ul data-sourcepos=\"14:1-17:0\">\n<li data-sourcepos=\"14:1-14:90\"><strong>Quartz:<\/strong> Ett popul\u00e4rt val f\u00f6r sin h\u00e5llbarhet, v\u00e4rmebest\u00e4ndighet och m\u00e5nga olika f\u00e4rger.<\/li>\n<li data-sourcepos=\"15:1-15:79\"><strong>Granit:<\/strong> Ett alternativ i natursten som ger ett lyxigt och elegant utseende.<\/li>\n<li data-sourcepos=\"16:1-17:0\"><strong>Solid yta:<\/strong> Ett konstgjort material som \u00e4r b\u00e5de slitstarkt och snyggt.<\/li>\n<\/ul>\n<p data-sourcepos=\"18:1-18:52\"><strong>Att t\u00e4nka p\u00e5 n\u00e4r du v\u00e4ljer en integrerad diskho:<\/strong><\/p>\n<ul data-sourcepos=\"20:1-24:0\">\n<li data-sourcepos=\"20:1-20:108\"><strong>Material:<\/strong> V\u00e4lj ett material som kompletterar ditt k\u00f6ks estetik och uppfyller dina funktionella behov.<\/li>\n<li data-sourcepos=\"21:1-21:128\"><strong>Storlek och form:<\/strong> T\u00e4nk p\u00e5 diskb\u00e4nkens storlek och form f\u00f6r att s\u00e4kerst\u00e4lla att den passar din k\u00f6kslayout och tillgodoser dina behov.<\/li>\n<li data-sourcepos=\"22:1-22:101\"><strong>Installation:<\/strong> Professionell installation rekommenderas f\u00f6r att s\u00e4kerst\u00e4lla en s\u00f6ml\u00f6s och vattent\u00e4t passform.<\/li>\n<li data-sourcepos=\"23:1-24:0\"><strong>Underh\u00e5ll:<\/strong> F\u00f6lj tillverkarens rekommenderade riktlinjer f\u00f6r reng\u00f6ring och underh\u00e5ll.<\/li>\n<\/ul>\n<p data-sourcepos=\"25:1-25:184\"><strong>Integrerade diskb\u00e4nkar ger ett snyggt och modernt utseende som kan lyfta stilen i ditt k\u00f6k.<\/strong> De \u00e4r ett utm\u00e4rkt val f\u00f6r hus\u00e4gare som prioriterar b\u00e5de estetik och funktionalitet.<\/p>","protected":false},"excerpt":{"rendered":"<p>Total storlek: 750*440*220 mm<\/p>\n<p>Sk\u00e5lstorlek: 400*400 mm<\/p>\n<p>Storlek p\u00e5 utsk\u00e4rning: 710*400 mm<\/p>\n<p>Radianh\u00f6rn : R10<\/p>","protected":false},"featured_media":2392,"template":"","meta":[],"product_brand":[],"product_cat":[52],"product_tag":[],"class_list":{"0":"post-2391","1":"product","2":"type-product","3":"status-publish","4":"has-post-thumbnail","6":"product_cat-undermount-sink-1","8":"first","9":"instock","10":"shipping-taxable","11":"product-type-simple"},"_links":{"self":[{"href":"https:\/\/sinkwithfaucet.com\/sv\/wp-json\/wp\/v2\/product\/2391","targetHints":{"allow":["GET"]}}],"collection":[{"href":"https:\/\/sinkwithfaucet.com\/sv\/wp-json\/wp\/v2\/product"}],"about":[{"href":"https:\/\/sinkwithfaucet.com\/sv\/wp-json\/wp\/v2\/types\/product"}],"wp:featuredmedia":[{"embeddable":true,"href":"https:\/\/sinkwithfaucet.com\/sv\/wp-json\/wp\/v2\/media\/2392"}],"wp:attachment":[{"href":"https:\/\/sinkwithfaucet.com\/sv\/wp-json\/wp\/v2\/media?parent=2391"}],"wp:term":[{"taxonomy":"product_brand","embeddable":true,"href":"https:\/\/sinkwithfaucet.com\/sv\/wp-json\/wp\/v2\/product_brand?post=2391"},{"taxonomy":"product_cat","embeddable":true,"href":"https:\/\/sinkwithfaucet.com\/sv\/wp-json\/wp\/v2\/product_cat?post=2391"},{"taxonomy":"product_tag","embeddable":true,"href":"https:\/\/sinkwithfaucet.com\/sv\/wp-json\/wp\/v2\/product_tag?post=2391"}],"curies":[{"name":"wp","href":"https:\/\/api.w.org\/{rel}","templated":true}]}}