{"id":2389,"date":"2024-11-04T01:38:16","date_gmt":"2024-11-04T01:38:16","guid":{"rendered":"https:\/\/sinkwithfaucet.com\/?post_type=product&#038;p=2389"},"modified":"2024-11-04T01:38:17","modified_gmt":"2024-11-04T01:38:17","slug":"free-standing-sink-7544du","status":"publish","type":"product","link":"https:\/\/sinkwithfaucet.com\/sv\/free-standing-sink-7544du\/","title":{"rendered":"Frist\u00e5ende diskho 7544DU"},"content":{"rendered":"<h2 data-sourcepos=\"1:1-1:54\">Frist\u00e5ende diskb\u00e4nkar: Ett snyggt och funktionellt val<\/h2>\n<p data-sourcepos=\"3:1-3:226\">Frist\u00e5ende diskhoar \u00e4r ett m\u00e5ngsidigt och i\u00f6gonfallande tillskott till b\u00e5de badrum och k\u00f6k. Till skillnad fr\u00e5n traditionella diskb\u00e4nkar installeras frist\u00e5ende diskb\u00e4nkar p\u00e5 golvet, vilket ger en unik och elegant touch till ditt utrymme.<\/p>\n<p data-sourcepos=\"5:1-5:39\"><strong>Viktiga egenskaper hos frist\u00e5ende diskb\u00e4nkar:<\/strong><\/p>\n<ul data-sourcepos=\"7:1-11:0\">\n<li data-sourcepos=\"7:1-7:90\"><strong>M\u00e5ngsidig design:<\/strong> Finns i ett brett utbud av stilar, fr\u00e5n klassiska till moderna.<\/li>\n<li data-sourcepos=\"8:1-8:90\"><strong>Enkel installation:<\/strong> Enkel att installera utan behov av omfattande arbete med b\u00e4nkskivan.<\/li>\n<li data-sourcepos=\"9:1-9:74\"><strong>Unik estetik:<\/strong> Skapar en fokuspunkt i ditt badrum eller k\u00f6k.<\/li>\n<li data-sourcepos=\"10:1-11:0\"><strong>L\u00e4tt att reng\u00f6ra:<\/strong> Sl\u00e4ta ytor och \u00f6ppen design g\u00f6r reng\u00f6ringen till en barnlek.<\/li>\n<li data-sourcepos=\"10:1-11:0\"><strong>Diskhoar i k\u00f6k:<\/strong>\n<ul data-sourcepos=\"19:5-21:0\">\n<li data-sourcepos=\"19:5-19:126\"><strong>Farmhouse Diskb\u00e4nkar:<\/strong> Stora, djupa diskb\u00e4nkar med f\u00f6rkl\u00e4desfront som ger gott om plats f\u00f6r disk och matlagning.<\/li>\n<li data-sourcepos=\"20:5-21:0\"><strong>Verktyg diskb\u00e4nkar:<\/strong> Perfekt f\u00f6r tv\u00e4ttstugor, garage eller utek\u00f6k.<\/li>\n<\/ul>\n<\/li>\n<\/ul>\n<ul data-sourcepos=\"14:1-21:0\">\n<li style=\"list-style-type: none;\" data-sourcepos=\"14:1-17:100\"><\/li>\n<\/ul>\n<p data-sourcepos=\"22:1-22:53\"><strong>\u00d6verv\u00e4ganden n\u00e4r du v\u00e4ljer en frist\u00e5ende diskho:<\/strong><\/p>\n<ul data-sourcepos=\"24:1-28:0\">\n<li data-sourcepos=\"24:1-24:74\"><strong>Stil:<\/strong> V\u00e4lj ett handfat som kompletterar din \u00f6vergripande designestetik.<\/li>\n<li data-sourcepos=\"25:1-25:78\"><strong>Storlek:<\/strong> V\u00e4lj en storlek som passar ditt tillg\u00e4ngliga utrymme och uppfyller dina behov.<\/li>\n<li data-sourcepos=\"26:1-26:129\"><strong>Material:<\/strong> T\u00e4nk p\u00e5 materialet, t.ex. keramik, porslin eller rostfritt st\u00e5l, utifr\u00e5n h\u00e5llbarhet och stilpreferenser.<\/li>\n<li data-sourcepos=\"27:1-28:0\"><strong>R\u00f6rmokare:<\/strong> Se till att r\u00f6ranslutningarna \u00e4r korrekta och t\u00e4nk p\u00e5 eventuella problem, s\u00e4rskilt n\u00e4r det g\u00e4ller frist\u00e5ende diskhoar.<\/li>\n<\/ul>","protected":false},"excerpt":{"rendered":"<p>Total storlek: 750*440*220 mm<\/p>\n<p>Sk\u00e5lstorlek: 340*400\/340*400 mm<\/p>\n<p>Storlek p\u00e5 utsk\u00e4rning: 710*400 mm<\/p>\n<p>Radianh\u00f6rn : R10<\/p>","protected":false},"featured_media":2390,"template":"","meta":[],"product_brand":[],"product_cat":[52],"product_tag":[],"class_list":{"0":"post-2389","1":"product","2":"type-product","3":"status-publish","4":"has-post-thumbnail","6":"product_cat-undermount-sink-1","8":"first","9":"instock","10":"shipping-taxable","11":"product-type-simple"},"_links":{"self":[{"href":"https:\/\/sinkwithfaucet.com\/sv\/wp-json\/wp\/v2\/product\/2389","targetHints":{"allow":["GET"]}}],"collection":[{"href":"https:\/\/sinkwithfaucet.com\/sv\/wp-json\/wp\/v2\/product"}],"about":[{"href":"https:\/\/sinkwithfaucet.com\/sv\/wp-json\/wp\/v2\/types\/product"}],"wp:featuredmedia":[{"embeddable":true,"href":"https:\/\/sinkwithfaucet.com\/sv\/wp-json\/wp\/v2\/media\/2390"}],"wp:attachment":[{"href":"https:\/\/sinkwithfaucet.com\/sv\/wp-json\/wp\/v2\/media?parent=2389"}],"wp:term":[{"taxonomy":"product_brand","embeddable":true,"href":"https:\/\/sinkwithfaucet.com\/sv\/wp-json\/wp\/v2\/product_brand?post=2389"},{"taxonomy":"product_cat","embeddable":true,"href":"https:\/\/sinkwithfaucet.com\/sv\/wp-json\/wp\/v2\/product_cat?post=2389"},{"taxonomy":"product_tag","embeddable":true,"href":"https:\/\/sinkwithfaucet.com\/sv\/wp-json\/wp\/v2\/product_tag?post=2389"}],"curies":[{"name":"wp","href":"https:\/\/api.w.org\/{rel}","templated":true}]}}