{"id":2342,"date":"2024-11-01T07:21:34","date_gmt":"2024-11-01T07:21:34","guid":{"rendered":"https:\/\/sinkwithfaucet.com\/?post_type=product&#038;p=2342"},"modified":"2024-11-01T07:23:29","modified_gmt":"2024-11-01T07:23:29","slug":"small-stainless-steel-sink-2344su","status":"publish","type":"product","link":"https:\/\/sinkwithfaucet.com\/sv\/small-stainless-steel-sink-2344su\/","title":{"rendered":"Liten diskho i rostfritt st\u00e5l 2344SU"},"content":{"rendered":"<h2 data-sourcepos=\"1:1-1:50\">Sm\u00e5 diskb\u00e4nkar i rostfritt st\u00e5l: En kompakt l\u00f6sning<\/h2>\n<p data-sourcepos=\"3:1-3:87\">Sm\u00e5 diskb\u00e4nkar i rostfritt st\u00e5l \u00e4r ett praktiskt val f\u00f6r olika anv\u00e4ndningsomr\u00e5den.<\/p>\n<p data-sourcepos=\"10:1-10:44\"><strong>F\u00f6rdelar:<\/strong><\/p>\n<ul data-sourcepos=\"12:1-16:0\">\n<li data-sourcepos=\"12:1-12:58\"><strong>Utrymmesbesparande:<\/strong> Kompakt design som passar i sm\u00e5 utrymmen.<\/li>\n<li data-sourcepos=\"13:1-13:88\"><strong>H\u00e5llbarhet:<\/strong> Rostfritt st\u00e5l \u00e4r ett slitstarkt material som st\u00e5r emot rost och korrosion.<\/li>\n<li data-sourcepos=\"14:1-14:66\"><strong>L\u00e4tt att reng\u00f6ra:<\/strong> Den sl\u00e4ta ytan \u00e4r l\u00e4tt att underh\u00e5lla och reng\u00f6ra.<\/li>\n<li data-sourcepos=\"15:1-16:0\"><strong>Modern estetik:<\/strong> Snygg och stilren design som kompletterar olika k\u00f6ksstilar.<\/li>\n<\/ul>\n<p data-sourcepos=\"17:1-17:41\"><strong>Typer:<\/strong><\/p>\n<ul data-sourcepos=\"19:1-23:0\">\n<li data-sourcepos=\"19:1-19:77\"><strong>Undermonterade diskb\u00e4nkar:<\/strong> Monteras under b\u00e4nkskivan f\u00f6r ett s\u00f6ml\u00f6st utseende.<\/li>\n<li data-sourcepos=\"20:1-20:93\"><strong>Toppmonterade diskb\u00e4nkar:<\/strong> Monteras ovanp\u00e5 b\u00e4nkskivan och ger ett traditionellt utseende.<\/li>\n<li data-sourcepos=\"21:1-21:65\"><strong>Diskb\u00e4nkar med enkel sk\u00e5l:<\/strong> Ett enda handfat f\u00f6r grundl\u00e4ggande reng\u00f6ringsuppgifter.<\/li>\n<li data-sourcepos=\"22:1-23:0\"><strong>Diskhoar med dubbla sk\u00e5lar:<\/strong> Tv\u00e5 separata handfat f\u00f6r multitasking.<\/li>\n<\/ul>\n<p data-sourcepos=\"24:1-24:78\"><strong>T\u00e4nk p\u00e5 f\u00f6ljande faktorer n\u00e4r du v\u00e4ljer en liten diskho i rostfritt st\u00e5l:<\/strong><\/p>\n<ul data-sourcepos=\"26:1-30:0\">\n<li data-sourcepos=\"26:1-26:76\"><strong>Storlek:<\/strong> V\u00e4lj en storlek som passar dina specifika behov och det utrymme du har till f\u00f6rfogande.<\/li>\n<li data-sourcepos=\"27:1-27:64\"><strong>Djup:<\/strong> En djupare diskho rymmer st\u00f6rre kastruller och stekpannor.<\/li>\n<li data-sourcepos=\"28:1-28:93\"><strong>M\u00e4tare:<\/strong> Tjockleken p\u00e5 det rostfria st\u00e5let kan p\u00e5verka diskb\u00e4nkens h\u00e5llbarhet och ljud.<\/li>\n<li data-sourcepos=\"29:1-30:0\"><strong>Avsluta:<\/strong> V\u00e4lj en finish som kompletterar ditt k\u00f6ks stil, t.ex. borstat eller polerat rostfritt st\u00e5l.<\/li>\n<\/ul>\n<p data-sourcepos=\"31:1-31:109\">Genom att noga \u00f6verv\u00e4ga dessa faktorer kan du v\u00e4lja den perfekta lilla diskb\u00e4nken i rostfritt st\u00e5l f\u00f6r dina behov.<\/p>","protected":false},"excerpt":{"rendered":"<p>Total storlek \uff1a 230*440*200 mm<\/p>\n<p>Sk\u00e5lstorlek \uff1a190*400 mm<\/p>\n<p>Storlek p\u00e5 utsk\u00e4rning \uff1a190*400 mm<\/p>\n<p>Radianh\u00f6rn \uff1aR10<\/p>","protected":false},"featured_media":2343,"template":"","meta":[],"product_brand":[],"product_cat":[52],"product_tag":[],"class_list":{"0":"post-2342","1":"product","2":"type-product","3":"status-publish","4":"has-post-thumbnail","6":"product_cat-undermount-sink-1","8":"first","9":"instock","10":"shipping-taxable","11":"product-type-simple"},"_links":{"self":[{"href":"https:\/\/sinkwithfaucet.com\/sv\/wp-json\/wp\/v2\/product\/2342","targetHints":{"allow":["GET"]}}],"collection":[{"href":"https:\/\/sinkwithfaucet.com\/sv\/wp-json\/wp\/v2\/product"}],"about":[{"href":"https:\/\/sinkwithfaucet.com\/sv\/wp-json\/wp\/v2\/types\/product"}],"wp:featuredmedia":[{"embeddable":true,"href":"https:\/\/sinkwithfaucet.com\/sv\/wp-json\/wp\/v2\/media\/2343"}],"wp:attachment":[{"href":"https:\/\/sinkwithfaucet.com\/sv\/wp-json\/wp\/v2\/media?parent=2342"}],"wp:term":[{"taxonomy":"product_brand","embeddable":true,"href":"https:\/\/sinkwithfaucet.com\/sv\/wp-json\/wp\/v2\/product_brand?post=2342"},{"taxonomy":"product_cat","embeddable":true,"href":"https:\/\/sinkwithfaucet.com\/sv\/wp-json\/wp\/v2\/product_cat?post=2342"},{"taxonomy":"product_tag","embeddable":true,"href":"https:\/\/sinkwithfaucet.com\/sv\/wp-json\/wp\/v2\/product_tag?post=2342"}],"curies":[{"name":"wp","href":"https:\/\/api.w.org\/{rel}","templated":true}]}}