{"id":2050,"date":"2024-10-19T09:28:07","date_gmt":"2024-10-19T09:28:07","guid":{"rendered":"https:\/\/sinkwithfaucet.com\/?page_id=2050"},"modified":"2024-11-11T08:47:26","modified_gmt":"2024-11-11T08:47:26","slug":"faqs-about-kitchen-sink","status":"publish","type":"page","link":"https:\/\/sinkwithfaucet.com\/sv\/faqs-about-kitchen-sink\/","title":{"rendered":"Vanliga fr\u00e5gor"},"content":{"rendered":"<div class=\"banner has-hover has-parallax\" id=\"banner-209505635\">\n          <div class=\"banner-inner fill\">\n        <div class=\"banner-bg fill\" data-parallax=\"-3\" data-parallax-container=\".banner\" data-parallax-background>\n            <div class=\"bg fill bg-fill\"><\/div>\n                                    \n                    <\/div>\n\t\t\n        <div class=\"banner-layers container\">\n            <div class=\"fill banner-link\"><\/div>            \n   <div id=\"text-box-1496710925\" class=\"text-box banner-layer x50 md-x50 lg-x50 y50 md-y50 lg-y50 res-text\">\n                     <div data-animate=\"fadeInLeft\">           <div class=\"text-box-content text dark\">\n              \n              <div class=\"text-inner text-center\">\n                  \n<h1 style=\"text-align: center;\">Vanliga fr\u00e5gor<\/h1>\n              <\/div>\n           <\/div>\n       <\/div>                     \n<style>\n#text-box-1496710925 {\n  width: 80%;\n}\n#text-box-1496710925 .text-box-content {\n  font-size: 100%;\n}\n@media (min-width:550px) {\n  #text-box-1496710925 {\n    width: 41%;\n  }\n}\n<\/style>\n    <\/div>\n \n        <\/div>\n      <\/div>\n\n            \n<style>\n#banner-209505635 {\n  padding-top: 145px;\n}\n#banner-209505635 .bg.bg-loaded {\n  background-image: 8950;\n}\n#banner-209505635 .overlay {\n  background-color: rgba(0, 0, 0, 0.3);\n}\n#banner-209505635 .bg {\n  background-position: 35% 23%;\n}\n<\/style>\n  <\/div>\n\n\n\t<section class=\"section\" id=\"section_231852214\">\n\t\t<div class=\"bg section-bg fill bg-fill  bg-loaded\" >\n\n\t\t\t\n\t\t\t\n\t\t\t\n\n\t\t<\/div>\n\n\t\t\n\n\t\t<div class=\"section-content relative\">\n\t\t\t\n<div class=\"row\"  id=\"row-153613799\">\n\n\t<div id=\"col-1555959913\" class=\"col small-12 large-12\"  >\n\t\t\t\t<div class=\"col-inner\"  >\n\t\t\t\n\t\t\t\n<h3 data-sourcepos=\"3:1-3:58\"><strong>1. G\u00f6r ditt k\u00f6k personligt med logotyptryck<\/strong><\/h3>\n<p data-sourcepos=\"5:1-5:170\">Lyft ditt varum\u00e4rke med v\u00e5r anpassade logotyputskriftstj\u00e4nst. Vi kan laserskriva eller silver svart skriva ut din logotyp direkt p\u00e5 v\u00e5ra rostfria diskb\u00e4nkar och kranar.<\/p>\n<p data-sourcepos=\"7:1-7:150\">F\u00f6r att komma ig\u00e5ng beh\u00f6ver du bara f\u00f6rse oss med ett brev med tillst\u00e5nd att anv\u00e4nda logotypen. Vi kommer att arbeta med dig f\u00f6r att skapa en unik varum\u00e4rkesprodukt som s\u00e4rskiljer dig fr\u00e5n m\u00e4ngden.<\/p>\n<h3 data-sourcepos=\"9:1-9:50\"><strong>2. Skr\u00e4ddarsydda k\u00f6ksl\u00f6sningar, bara f\u00f6r dig<\/strong><\/h3>\n<p data-sourcepos=\"11:1-11:134\">Beh\u00f6ver du en diskb\u00e4nk som \u00e4r lika unik som ditt utrymme? V\u00e5rt erfarna designteam kan skapa anpassade diskb\u00e4nkar enligt dina exakta specifikationer.<\/p>\n<p data-sourcepos=\"13:1-13:176\">Med \u00f6ver 5-10 \u00e5rs branschexpertis \u00e4r vi st\u00e4ndigt innovativa och introducerar nya produktlinjer. Kontakta oss idag f\u00f6r att diskutera dina anpassade diskb\u00e4nks- eller kranbehov.<\/p>\n<h3 data-sourcepos=\"15:1-15:41\"><strong>3. Garanterad kvalitet och effektivitet<\/strong><\/h3>\n<p data-sourcepos=\"17:1-17:173\">P\u00e5 Dexing \u00e4r vi fast beslutna att leverera exceptionell kvalitet och effektivitet. V\u00e5r ISO9001-certifierade produktionsprocess s\u00e4kerst\u00e4ller att varje produkt uppfyller de h\u00f6gsta standarderna.<\/p>\n<p data-sourcepos=\"19:1-19:112\">Fr\u00e5n inkommande material till slutkontroll \u00f6vervakar vi noggrant varje steg f\u00f6r att garantera en felfri produkt.<\/p>\n<h3 data-sourcepos=\"21:1-21:45\"><strong>4. Kompletta k\u00f6ksl\u00f6sningar, f\u00f6renklat<\/strong><\/h3>\n<p data-sourcepos=\"23:1-23:190\">Ut\u00f6ver v\u00e5ra premiumdiskb\u00e4nkar erbjuder vi ett brett utbud av tillbeh\u00f6r f\u00f6r att g\u00f6ra ditt k\u00f6k komplett. Fr\u00e5n kranar och avlopp till tv\u00e5ldispensrar och sk\u00e4rbr\u00e4dor - vi har allt du beh\u00f6ver.<\/p>\n<p data-sourcepos=\"25:1-25:97\">V\u00e4lj Dexing f\u00f6r en helt\u00e4ckande k\u00f6ksl\u00f6sning som kombinerar stil, funktion och h\u00e5llbarhet.<\/p>\n<h3 data-sourcepos=\"27:1-27:40\"><strong>5. Konsten att g\u00f6ra handgjorda diskb\u00e4nkar<\/strong><\/h3>\n<p data-sourcepos=\"29:1-29:150\">Upplev sk\u00f6nheten och hantverket i en handgjord diskb\u00e4nk. Varje diskb\u00e4nk \u00e4r ett unikt konstverk, omsorgsfullt tillverkat med k\u00e4nsla f\u00f6r detaljer.<\/p>\n<p data-sourcepos=\"31:1-31:31\"><strong>Varf\u00f6r v\u00e4lja en handgjord diskho?<\/strong><\/p>\n<ul data-sourcepos=\"33:1-36:0\">\n<li data-sourcepos=\"33:1-33:65\"><strong>Utm\u00e4rkande stil:<\/strong> L\u00e4gg till en touch av elegans i ditt k\u00f6k.<\/li>\n<li data-sourcepos=\"34:1-34:67\"><strong>\u00d6verl\u00e4gset hantverksm\u00e4ssigt utf\u00f6rande:<\/strong> Byggd f\u00f6r att h\u00e5lla med f\u00f6rstklassiga material.<\/li>\n<li data-sourcepos=\"35:1-36:0\"><strong>Personlig design:<\/strong> Skapa ett handfat som \u00e4r unikt f\u00f6r just dig.<\/li>\n<\/ul>\n<p data-sourcepos=\"37:1-37:66\">Investera i en handgjord diskb\u00e4nk och lyft ditt kulinariska utrymme.<\/p>\n\t\t<\/div>\n\t\t\t\t\t<\/div>\n\n\t\n<\/div>\n\t\t<\/div>\n\n\t\t\n<style>\n#section_231852214 {\n  padding-top: 30px;\n  padding-bottom: 30px;\n}\n<\/style>\n\t<\/section>\n\t\n\t<section class=\"section\" id=\"section_141587172\">\n\t\t<div class=\"bg section-bg fill bg-fill  bg-loaded\" >\n\n\t\t\t\n\t\t\t\n\t\t\t\n\n\t\t<\/div>\n\n\t\t\n\n\t\t<div class=\"section-content relative\">\n\t\t\t\n<div class=\"row\"  id=\"row-1910714156\">\n\n\t<div id=\"col-559103035\" class=\"col small-12 large-12\"  >\n\t\t\t\t<div class=\"col-inner\"  >\n\t\t\t\n\t\t\t\n<h2 style=\"text-align: center;\">Kontakta oss<\/h2>\n<p style=\"text-align: center;\">F\u00e5 det senaste priset? Vi svarar s\u00e5 snart som m\u00f6jligt (inom 12 timmar)<\/p>\n\t\t<\/div>\n\t\t\t\t\t<\/div>\n\n\t\n<\/div>\n<div class=\"row\"  id=\"row-507937009\">\n\n\t<div id=\"col-342867907\" class=\"col small-12 large-12\"  >\n\t\t\t\t<div class=\"col-inner\"  >\n\t\t\t\n\t\t\t\n\n<div class=\"wpcf7 no-js\" id=\"wpcf7-f280-o1\" lang=\"en-US\" dir=\"ltr\" data-wpcf7-id=\"280\">\n<div class=\"screen-reader-response\"><p role=\"status\" aria-live=\"polite\" aria-atomic=\"true\"><\/p> <ul><\/ul><\/div>\n<form action=\"\/sv\/wp-json\/wp\/v2\/pages\/2050#wpcf7-f280-o1\" method=\"post\" class=\"wpcf7-form init\" aria-label=\"Kontaktformul\u00e4r\" novalidate=\"novalidate\" data-status=\"init\" data-trp-original-action=\"\/sv\/wp-json\/wp\/v2\/pages\/2050#wpcf7-f280-o1\">\n<fieldset class=\"hidden-fields-container\"><input type=\"hidden\" name=\"_wpcf7\" value=\"280\" \/><input type=\"hidden\" name=\"_wpcf7_version\" value=\"6.1\" \/><input type=\"hidden\" name=\"_wpcf7_locale\" value=\"en_US\" \/><input type=\"hidden\" name=\"_wpcf7_unit_tag\" value=\"wpcf7-f280-o1\" \/><input type=\"hidden\" name=\"_wpcf7_container_post\" value=\"0\" \/><input type=\"hidden\" name=\"_wpcf7_posted_data_hash\" value=\"\" \/>\n<\/fieldset>\n<div class='custom_contact_style'>\n\t<div class=\"row row-small\">\n\t\t<div class=\"col medium-6 small-12 large-6\">\n\t\t\t<div class=\"col-inner\">\n\t\t\t\t<p><span class=\"wpcf7-form-control-wrap\" data-name=\"your-name\"><input size=\"40\" maxlength=\"400\" class=\"wpcf7-form-control wpcf7-text wpcf7-validates-as-required\" aria-required=\"true\" aria-invalid=\"false\" placeholder=\"Namn\" value=\"\" type=\"text\" name=\"your-name\" \/><\/span>\n\t\t\t\t<\/p>\n\t\t\t<\/div>\n\t\t<\/div>\n\t\t<div class=\"col medium-6 small-12 large-6\">\n\t\t\t<div class=\"col-inner\">\n\t\t\t\t<p><span class=\"wpcf7-form-control-wrap\" data-name=\"your-email\"><input size=\"40\" maxlength=\"400\" class=\"wpcf7-form-control wpcf7-email wpcf7-validates-as-required wpcf7-text wpcf7-validates-as-email\" aria-required=\"true\" aria-invalid=\"false\" placeholder=\"E-post*\" value=\"\" type=\"email\" name=\"your-email\" \/><\/span>\n\t\t\t\t<\/p>\n\t\t\t<\/div>\n\t\t<\/div>\n\t<\/div>\n\t<div class='cus_contact_form_bottom'>\n\t\t<p><span class=\"wpcf7-form-control-wrap\" data-name=\"your-phone\"><input size=\"40\" maxlength=\"400\" class=\"wpcf7-form-control wpcf7-text\" aria-invalid=\"false\" placeholder=\"Telefon\" value=\"\" type=\"text\" name=\"your-phone\" \/><\/span>\n\t\t<\/p>\n\t<\/div>\n\t<div class='cus_contact_form_bottom'>\n\t\t<p><span class=\"wpcf7-form-control-wrap\" data-name=\"your-country\"><input size=\"40\" maxlength=\"400\" class=\"wpcf7-form-control wpcf7-text\" aria-invalid=\"false\" placeholder=\"Land\" value=\"\" type=\"text\" name=\"your-country\" \/><\/span>\n\t\t<\/p>\n\t<\/div>\n\t<p><span class=\"wpcf7-form-control-wrap\" data-name=\"your-message\"><textarea cols=\"40\" rows=\"10\" maxlength=\"2000\" class=\"wpcf7-form-control wpcf7-textarea wpcf7-validates-as-required\" aria-required=\"true\" aria-invalid=\"false\" placeholder=\"Ditt meddelande *\" name=\"your-message\"><\/textarea><\/span>\n\t<\/p>\n\t<div style=\"margin-bottom:10px;\">\n\t\t<p><span class=\"wpcf7-form-control-wrap kc_captcha cf7ic-toggle\" data-name=\"kc_captcha\"><span class=\"wpcf7-form-control wpcf7-radio\"><span class=\"captcha-image\" style=\"display: none;\"><span class=\"cf7ic_instructions\">Bevisa att du \u00e4r m\u00e4nniska genom att v\u00e4lja<span> bil<\/span>.<\/span><label><input aria-label=\"1\" type=\"radio\" name=\"kc_captcha\" value=\"bot\" \/><svg aria-hidden=\"true\" role=\"img\" xmlns=\"http:\/\/www.w3.org\/2000\/svg\" viewbox=\"0 0 576 512\"><path fill=\"currentColor\" d=\"M415 24c-53 0-103 42-127 65-24-23-74-65-127-65C70 24 16 77 16 166c0 72 67 133 69 135l187 181c9 8 23 8 32 0l187-180c2-3 69-64 69-136 0-89-54-142-145-142z\"\/><\/svg><\/label><label><input aria-label=\"2\" type=\"radio\" name=\"kc_captcha\" value=\"kc_human\" \/><svg aria-hidden=\"true\" role=\"img\" xmlns=\"http:\/\/www.w3.org\/2000\/svg\" viewbox=\"0 0 512 512\"><path fill=\"currentColor\" d=\"M500 168h-55l-8-21a127 127 0 00-120-83H195a127 127 0 00-120 83l-8 21H12c-8 0-14 8-11 16l8 24a12 12 0 0011 8h29a64 64 0 00-33 56v48c0 16 6 31 16 42v62c0 13 11 24 24 24h48c13 0 24-11 24-24v-40h256v40c0 13 11 24 24 24h48c13 0 24-11 24-24v-62c10-11 16-26 16-42v-48c0-24-13-45-33-56h29a12 12 0 0011-8l8-24c3-8-3-16-11-16zm-365 2c9-25 33-42 60-42h122c27 0 51 17 60 42l15 38H120l15-38zM88 328a32 32 0 010-64c18 0 48 30 48 48s-30 16-48 16zm336 0c-18 0-48 2-48-16s30-48 48-48 32 14 32 32-14 32-32 32z\"\/><\/svg><\/label><label><input aria-label=\"3\" type=\"radio\" name=\"kc_captcha\" value=\"bot\" \/><svg aria-hidden=\"true\" role=\"img\" xmlns=\"http:\/\/www.w3.org\/2000\/svg\" viewbox=\"0 0 512 512\"><path fill=\"currentColor\" d=\"M512 176a176 176 0 01-209 173l-24 27a24 24 0 01-18 8h-37v40c0 13-11 24-24 24h-40v40c0 13-11 24-24 24H24c-13 0-24-11-24-24v-78c0-6 3-13 7-17l162-162a176 176 0 11343-55zm-176-48a48 48 0 1096 0 48 48 0 00-96 0z\"\/><\/svg><\/label>\r\n    <\/span>\r\n    <span style=\"display:none\">\r\n        <input type=\"text\" name=\"kc_honeypot\">\r\n    <\/span><\/span><\/span>\n\t\t<\/p>\n\t<\/div>\n\t<p><input class=\"wpcf7-form-control wpcf7-submit has-spinner\" type=\"submit\" value=\"Skicka meddelande\" \/>\n\t<\/p>\n<\/div><div class=\"wpcf7-response-output\" aria-hidden=\"true\"><\/div>\n<input type=\"hidden\" name=\"trp-form-language\" value=\"sv\"\/><\/form>\n<\/div>\n\n\t\t<\/div>\n\t\t\t\t\t<\/div>\n\n\t\n<\/div>\n\t\t<\/div>\n\n\t\t\n<style>\n#section_141587172 {\n  padding-top: 30px;\n  padding-bottom: 30px;\n  background-color: rgba(216, 247, 240, 0.39);\n}\n<\/style>\n\t<\/section>","protected":false},"excerpt":{"rendered":"","protected":false},"author":4,"featured_media":2076,"parent":0,"menu_order":0,"comment_status":"closed","ping_status":"closed","template":"page-blank.php","meta":{"footnotes":""},"class_list":["post-2050","page","type-page","status-publish","has-post-thumbnail","hentry"],"_links":{"self":[{"href":"https:\/\/sinkwithfaucet.com\/sv\/wp-json\/wp\/v2\/pages\/2050","targetHints":{"allow":["GET"]}}],"collection":[{"href":"https:\/\/sinkwithfaucet.com\/sv\/wp-json\/wp\/v2\/pages"}],"about":[{"href":"https:\/\/sinkwithfaucet.com\/sv\/wp-json\/wp\/v2\/types\/page"}],"author":[{"embeddable":true,"href":"https:\/\/sinkwithfaucet.com\/sv\/wp-json\/wp\/v2\/users\/4"}],"replies":[{"embeddable":true,"href":"https:\/\/sinkwithfaucet.com\/sv\/wp-json\/wp\/v2\/comments?post=2050"}],"version-history":[{"count":11,"href":"https:\/\/sinkwithfaucet.com\/sv\/wp-json\/wp\/v2\/pages\/2050\/revisions"}],"predecessor-version":[{"id":2632,"href":"https:\/\/sinkwithfaucet.com\/sv\/wp-json\/wp\/v2\/pages\/2050\/revisions\/2632"}],"wp:featuredmedia":[{"embeddable":true,"href":"https:\/\/sinkwithfaucet.com\/sv\/wp-json\/wp\/v2\/media\/2076"}],"wp:attachment":[{"href":"https:\/\/sinkwithfaucet.com\/sv\/wp-json\/wp\/v2\/media?parent=2050"}],"curies":[{"name":"wp","href":"https:\/\/api.w.org\/{rel}","templated":true}]}}