{"id":2011,"date":"2024-10-19T08:46:47","date_gmt":"2024-10-19T08:46:47","guid":{"rendered":"https:\/\/sinkwithfaucet.com\/?page_id=2011"},"modified":"2024-11-08T02:04:17","modified_gmt":"2024-11-08T02:04:17","slug":"stainless-kitchen-sink-oem-service","status":"publish","type":"page","link":"https:\/\/sinkwithfaucet.com\/sv\/stainless-kitchen-sink-oem-service\/","title":{"rendered":"OEM-service"},"content":{"rendered":"<div class=\"banner has-hover has-parallax\" id=\"banner-1544916275\">\n          <div class=\"banner-inner fill\">\n        <div class=\"banner-bg fill\" data-parallax=\"-3\" data-parallax-container=\".banner\" data-parallax-background>\n            <div class=\"bg fill bg-fill\"><\/div>\n                                    \n                    <\/div>\n\t\t\n        <div class=\"banner-layers container\">\n            <div class=\"fill banner-link\"><\/div>            \n   <div id=\"text-box-744464050\" class=\"text-box banner-layer x50 md-x50 lg-x50 y50 md-y50 lg-y50 res-text\">\n                     <div data-animate=\"fadeInLeft\">           <div class=\"text-box-content text dark\">\n              \n              <div class=\"text-inner text-center\">\n                  \n<h1>Rostfri diskb\u00e4nk OEM-service<\/h1>\n              <\/div>\n           <\/div>\n       <\/div>                     \n<style>\n#text-box-744464050 {\n  width: 80%;\n}\n#text-box-744464050 .text-box-content {\n  font-size: 100%;\n}\n@media (min-width:550px) {\n  #text-box-744464050 {\n    width: 81%;\n  }\n}\n<\/style>\n    <\/div>\n \n        <\/div>\n      <\/div>\n\n            \n<style>\n#banner-1544916275 {\n  padding-top: 169px;\n}\n#banner-1544916275 .bg.bg-loaded {\n  background-image: 8950;\n}\n#banner-1544916275 .overlay {\n  background-color: rgba(0, 0, 0, 0.3);\n}\n#banner-1544916275 .bg {\n  background-position: 35% 23%;\n}\n<\/style>\n  <\/div>\n\n\n\t<section class=\"section\" id=\"section_154608137\">\n\t\t<div class=\"bg section-bg fill bg-fill  bg-loaded\" >\n\n\t\t\t\n\t\t\t\n\t\t\t\n\n\t\t<\/div>\n\n\t\t\n\n\t\t<div class=\"section-content relative\">\n\t\t\t\n<div class=\"row\"  id=\"row-967577311\">\n\n\t<div id=\"col-688274652\" class=\"col small-12 large-12\"  >\n\t\t\t\t<div class=\"col-inner\"  >\n\t\t\t\n\t\t\t\n<h2 style=\"text-align: center;\">Anpassningsplan f\u00f6r rostfritt k\u00f6kshandfat<\/h2>\n\t<div id=\"gap-915224127\" class=\"gap-element clearfix\" style=\"display:block; height:auto;\">\n\t\t\n<style>\n#gap-915224127 {\n  padding-top: 30px;\n}\n<\/style>\n\t<\/div>\n\t\n<div class=\"row\"  id=\"row-2121653829\">\n\n\t<div id=\"col-31214373\" class=\"col medium-2 small-12 large-2\"  >\n\t\t\t\t<div class=\"col-inner\"  >\n\t\t\t\n\t\t\t\n\t<div id=\"gap-1036419867\" class=\"gap-element clearfix\" style=\"display:block; height:auto;\">\n\t\t\n<style>\n#gap-1036419867 {\n  padding-top: 45px;\n}\n<\/style>\n\t<\/div>\n\t\n\t<div class=\"img has-hover x md-x lg-x y md-y lg-y\" id=\"image_386633904\">\n\t\t\t\t\t\t\t\t<div class=\"img-inner dark\" >\n\t\t\t<img loading=\"lazy\" decoding=\"async\" width=\"200\" height=\"200\" src=\"https:\/\/sinkwithfaucet.com\/wp-content\/uploads\/2024\/10\/\u9700\u6c42\u5206\u6790-1.png\" class=\"attachment-original size-original\" alt=\"Analys av efterfr\u00e5gan\" srcset=\"https:\/\/sinkwithfaucet.com\/wp-content\/uploads\/2024\/10\/\u9700\u6c42\u5206\u6790-1.png 200w, https:\/\/sinkwithfaucet.com\/wp-content\/uploads\/2024\/10\/\u9700\u6c42\u5206\u6790-1-150x150.png 150w, https:\/\/sinkwithfaucet.com\/wp-content\/uploads\/2024\/10\/\u9700\u6c42\u5206\u6790-1-12x12.png 12w, https:\/\/sinkwithfaucet.com\/wp-content\/uploads\/2024\/10\/\u9700\u6c42\u5206\u6790-1-100x100.png 100w\" sizes=\"auto, (max-width: 200px) 100vw, 200px\" title=\"\">\t\t\t\t\t\t\n\t\t\t\t\t<\/div>\n\t\t\t\t\t\t\t\t\n<style>\n#image_386633904 {\n  width: 100%;\n}\n<\/style>\n\t<\/div>\n\t\n\t\t<\/div>\n\t\t\t\t\t<\/div>\n\n\t\n\n\t<div id=\"col-1408107710\" class=\"col medium-10 small-12 large-10\"  >\n\t\t\t\t<div class=\"col-inner\"  >\n\t\t\t\n\t\t\t\n<h3>1. Analys av efterfr\u00e5gan<\/h3>\n<div class=\"auto-hide-last-sibling-br paragraph-u1TS5p paragraph-element br-paragraph-space\">Utrymmets storlek: M\u00e4t l\u00e4ngden, bredden och djupet p\u00e5 din k\u00f6ksb\u00e4nk eller den reserverade diskb\u00e4nkspositionen. Detta kommer att s\u00e4kerst\u00e4lla att den anpassade rostfria diskb\u00e4nken passar perfekt i ditt utrymme.<\/div>\n<div><\/div>\n<div class=\"auto-hide-last-sibling-br paragraph-u1TS5p paragraph-element br-paragraph-space\">Krav p\u00e5 anv\u00e4ndning: T\u00e4nk p\u00e5 antalet personer i din familj, dina dagliga matlagningsvanor och dina tv\u00e4ttbehov. Best\u00e4m diskb\u00e4nkens storlek, om du vill ha en enkel eller dubbel tank och om du beh\u00f6ver ytterligare funktioner som en avrinningskorg eller sk\u00e4rbr\u00e4da.<\/div>\n<div><\/div>\n<div class=\"auto-hide-last-sibling-br paragraph-u1TS5p paragraph-element br-paragraph-space\">Preferens f\u00f6r stil: Matcha den \u00f6vergripande dekorationsstilen i ditt k\u00f6k n\u00e4r du v\u00e4ljer utseende design av den rostfria diskb\u00e4nken. T\u00e4nk p\u00e5 form (fyrkantig, rund, oval etc.), ytbehandling (borstad, polerad, frostad etc.) och f\u00e4rg.<\/div>\n\t\t<\/div>\n\t\t\t\t\t<\/div>\n\n\t\n<\/div>\n\t\t<\/div>\n\t\t\t\t\t<\/div>\n\n\t\n<\/div>\n\t\t<\/div>\n\n\t\t\n<style>\n#section_154608137 {\n  padding-top: 30px;\n  padding-bottom: 30px;\n}\n<\/style>\n\t<\/section>\n\t\n\t<section class=\"section\" id=\"section_838980173\">\n\t\t<div class=\"bg section-bg fill bg-fill  bg-loaded\" >\n\n\t\t\t\n\t\t\t\n\t\t\t\n\n\t\t<\/div>\n\n\t\t\n\n\t\t<div class=\"section-content relative\">\n\t\t\t\n<div class=\"row\"  id=\"row-1438123989\">\n\n\t<div id=\"col-959463239\" class=\"col medium-2 small-12 large-2\"  >\n\t\t\t\t<div class=\"col-inner\"  >\n\t\t\t\n\t\t\t\n\t<div id=\"gap-1546866637\" class=\"gap-element clearfix\" style=\"display:block; height:auto;\">\n\t\t\n<style>\n#gap-1546866637 {\n  padding-top: 40px;\n}\n<\/style>\n\t<\/div>\n\t\n\t<div class=\"img has-hover x md-x lg-x y md-y lg-y\" id=\"image_780501443\">\n\t\t\t\t\t\t\t\t<div class=\"img-inner dark\" >\n\t\t\t<img loading=\"lazy\" decoding=\"async\" width=\"200\" height=\"200\" src=\"https:\/\/sinkwithfaucet.com\/wp-content\/uploads\/2024\/10\/\u6750\u6599\u9009\u62e9.png\" class=\"attachment-large size-large\" alt=\"Val av material\" srcset=\"https:\/\/sinkwithfaucet.com\/wp-content\/uploads\/2024\/10\/\u6750\u6599\u9009\u62e9.png 200w, https:\/\/sinkwithfaucet.com\/wp-content\/uploads\/2024\/10\/\u6750\u6599\u9009\u62e9-150x150.png 150w, https:\/\/sinkwithfaucet.com\/wp-content\/uploads\/2024\/10\/\u6750\u6599\u9009\u62e9-12x12.png 12w, https:\/\/sinkwithfaucet.com\/wp-content\/uploads\/2024\/10\/\u6750\u6599\u9009\u62e9-100x100.png 100w\" sizes=\"auto, (max-width: 200px) 100vw, 200px\" title=\"\">\t\t\t\t\t\t\n\t\t\t\t\t<\/div>\n\t\t\t\t\t\t\t\t\n<style>\n#image_780501443 {\n  width: 100%;\n}\n<\/style>\n\t<\/div>\n\t\n\t\t<\/div>\n\t\t\t\t\t<\/div>\n\n\t\n\n\t<div id=\"col-1760762080\" class=\"col medium-10 small-12 large-10\"  >\n\t\t\t\t<div class=\"col-inner\"  >\n\t\t\t\n\t\t\t\n<h3>2. val av material<\/h3>\n<div class=\"auto-hide-last-sibling-br paragraph-u1TS5p paragraph-element br-paragraph-space\">Material i rostfritt st\u00e5l: V\u00e4lj 304 rostfritt st\u00e5l eftersom det \u00e4r utm\u00e4rkt n\u00e4r det g\u00e4ller korrosionsbest\u00e4ndighet, v\u00e4rmebest\u00e4ndighet och styrka, vilket garanterar diskb\u00e4nkens l\u00e5nga livsl\u00e4ngd.<\/div>\n<div><\/div>\n<div class=\"auto-hide-last-sibling-br paragraph-u1TS5p paragraph-element br-paragraph-space\">Tjocklek: Beroende p\u00e5 hur ofta diskb\u00e4nken anv\u00e4nds och de b\u00e4rande kraven, v\u00e4lj l\u00e4mplig tjocklek p\u00e5 den rostfria st\u00e5lpl\u00e5ten. I allm\u00e4nhet varierar det fr\u00e5n 0,8 mm till 4 mm.<\/div>\n<div><\/div>\n<div class=\"auto-hide-last-sibling-br paragraph-u1TS5p paragraph-element br-paragraph-space\">Tillbeh\u00f6r: V\u00e4lj kranar, avlopp, slangar och andra tillbeh\u00f6r av h\u00f6g kvalitet f\u00f6r att s\u00e4kerst\u00e4lla kompatibilitet och kvalitet med diskb\u00e4nken.<\/div>\n\t\t<\/div>\n\t\t\t\t\t<\/div>\n\n\t\n<\/div>\n\t\t<\/div>\n\n\t\t\n<style>\n#section_838980173 {\n  padding-top: 30px;\n  padding-bottom: 30px;\n  background-color: rgb(240, 252, 249);\n}\n<\/style>\n\t<\/section>\n\t\n\t<section class=\"section\" id=\"section_725119093\">\n\t\t<div class=\"bg section-bg fill bg-fill  bg-loaded\" >\n\n\t\t\t\n\t\t\t\n\t\t\t\n\n\t\t<\/div>\n\n\t\t\n\n\t\t<div class=\"section-content relative\">\n\t\t\t\n<div class=\"row\"  id=\"row-784777390\">\n\n\t<div id=\"col-1668038653\" class=\"col medium-2 small-12 large-2\"  >\n\t\t\t\t<div class=\"col-inner\"  >\n\t\t\t\n\t\t\t\n\t<div id=\"gap-2044810976\" class=\"gap-element clearfix\" style=\"display:block; height:auto;\">\n\t\t\n<style>\n#gap-2044810976 {\n  padding-top: 60px;\n}\n<\/style>\n\t<\/div>\n\t\n\t<div class=\"img has-hover x md-x lg-x y md-y lg-y\" id=\"image_1290105012\">\n\t\t\t\t\t\t\t\t<div class=\"img-inner dark\" >\n\t\t\t<img loading=\"lazy\" decoding=\"async\" width=\"201\" height=\"200\" src=\"https:\/\/sinkwithfaucet.com\/wp-content\/uploads\/2024\/10\/\u65b9\u6848\u8bbe\u8ba1.png\" class=\"attachment-original size-original\" alt=\"Designschema\" srcset=\"https:\/\/sinkwithfaucet.com\/wp-content\/uploads\/2024\/10\/\u65b9\u6848\u8bbe\u8ba1.png 201w, https:\/\/sinkwithfaucet.com\/wp-content\/uploads\/2024\/10\/\u65b9\u6848\u8bbe\u8ba1-150x150.png 150w, https:\/\/sinkwithfaucet.com\/wp-content\/uploads\/2024\/10\/\u65b9\u6848\u8bbe\u8ba1-12x12.png 12w, https:\/\/sinkwithfaucet.com\/wp-content\/uploads\/2024\/10\/\u65b9\u6848\u8bbe\u8ba1-100x100.png 100w\" sizes=\"auto, (max-width: 201px) 100vw, 201px\" title=\"\">\t\t\t\t\t\t\n\t\t\t\t\t<\/div>\n\t\t\t\t\t\t\t\t\n<style>\n#image_1290105012 {\n  width: 100%;\n}\n<\/style>\n\t<\/div>\n\t\n\t\t<\/div>\n\t\t\t\t\t<\/div>\n\n\t\n\n\t<div id=\"col-1973290383\" class=\"col medium-10 small-12 large-10\"  >\n\t\t\t\t<div class=\"col-inner\"  >\n\t\t\t\n\t\t\t\n<h3>3.Designschema<\/h3>\n<div class=\"auto-hide-last-sibling-br paragraph-u1TS5p paragraph-element br-paragraph-space\">Form p\u00e5 diskb\u00e4nken: Utforma en diskb\u00e4nk som passar dina krav p\u00e5 utrymme och anv\u00e4ndning. Vanligt f\u00f6rekommande \u00e4r kvadratiska, rektangul\u00e4ra och runda former. Den kan ocks\u00e5 anpassas efter speciella behov.<\/div>\n<div><\/div>\n<div class=\"auto-hide-last-sibling-br paragraph-u1TS5p paragraph-element br-paragraph-space\">Antal luckor: En enkel spolplats \u00e4r l\u00e4mplig f\u00f6r k\u00f6k med begr\u00e4nsat utrymme eller enkla diskbehov. Dubbla luckor g\u00f6r det d\u00e4remot m\u00f6jligt att diska och t\u00f6mma samtidigt, vilket \u00f6kar effektiviteten.<\/div>\n<div><\/div>\n<div class=\"auto-hide-last-sibling-br paragraph-u1TS5p paragraph-element br-paragraph-space\">Ytterligare funktioner: L\u00e4gg till extra funktioner som en avloppskorg, sk\u00e4rbr\u00e4da, tv\u00e5ldispenser och s\u00e5 vidare efter dina behov f\u00f6r att \u00f6ka diskb\u00e4nkens praktiska egenskaper.<\/div>\n<div><\/div>\n<div class=\"auto-hide-last-sibling-br paragraph-u1TS5p paragraph-element br-paragraph-space\">Installationsmetod: Best\u00e4m vilken installationsmetod som ska anv\u00e4ndas f\u00f6r diskhon, t.ex. installation ovanf\u00f6r bordet, installation under bordet och inb\u00e4ddad installation. Olika installationsmetoder har olika krav och estetiska effekter p\u00e5 k\u00f6ksb\u00e4nken.<\/div>\n\t\t<\/div>\n\t\t\t\t\t<\/div>\n\n\t\n<\/div>\n\t\t<\/div>\n\n\t\t\n<style>\n#section_725119093 {\n  padding-top: 30px;\n  padding-bottom: 30px;\n}\n<\/style>\n\t<\/section>\n\t\n\t<section class=\"section\" id=\"section_239795631\">\n\t\t<div class=\"bg section-bg fill bg-fill  bg-loaded\" >\n\n\t\t\t\n\t\t\t\n\t\t\t\n\n\t\t<\/div>\n\n\t\t\n\n\t\t<div class=\"section-content relative\">\n\t\t\t\n<div class=\"row\"  id=\"row-360924806\">\n\n\t<div id=\"col-1459388401\" class=\"col medium-2 small-12 large-2\"  >\n\t\t\t\t<div class=\"col-inner\"  >\n\t\t\t\n\t\t\t\n\t<div id=\"gap-594292333\" class=\"gap-element clearfix\" style=\"display:block; height:auto;\">\n\t\t\n<style>\n#gap-594292333 {\n  padding-top: 45px;\n}\n<\/style>\n\t<\/div>\n\t\n\t<div class=\"img has-hover x md-x lg-x y md-y lg-y\" id=\"image_823098298\">\n\t\t\t\t\t\t\t\t<div class=\"img-inner dark\" >\n\t\t\t<img loading=\"lazy\" decoding=\"async\" width=\"200\" height=\"200\" src=\"https:\/\/sinkwithfaucet.com\/wp-content\/uploads\/2024\/10\/\u5236\u4f5c\u5de5\u827a\u5355.png\" class=\"attachment-original size-original\" alt=\"Tillverkningsprocess\" srcset=\"https:\/\/sinkwithfaucet.com\/wp-content\/uploads\/2024\/10\/\u5236\u4f5c\u5de5\u827a\u5355.png 200w, https:\/\/sinkwithfaucet.com\/wp-content\/uploads\/2024\/10\/\u5236\u4f5c\u5de5\u827a\u5355-150x150.png 150w, https:\/\/sinkwithfaucet.com\/wp-content\/uploads\/2024\/10\/\u5236\u4f5c\u5de5\u827a\u5355-12x12.png 12w, https:\/\/sinkwithfaucet.com\/wp-content\/uploads\/2024\/10\/\u5236\u4f5c\u5de5\u827a\u5355-100x100.png 100w\" sizes=\"auto, (max-width: 200px) 100vw, 200px\" title=\"\">\t\t\t\t\t\t\n\t\t\t\t\t<\/div>\n\t\t\t\t\t\t\t\t\n<style>\n#image_823098298 {\n  width: 100%;\n}\n<\/style>\n\t<\/div>\n\t\n\t\t<\/div>\n\t\t\t\t\t<\/div>\n\n\t\n\n\t<div id=\"col-357217367\" class=\"col medium-10 small-12 large-10\"  >\n\t\t\t\t<div class=\"col-inner\"  >\n\t\t\t\n\t\t\t\n<h3>4. Tillverkningsprocess<\/h3>\n<div class=\"auto-hide-last-sibling-br paragraph-u1TS5p paragraph-element br-paragraph-space\">Str\u00e4ckningsprocess: Anv\u00e4nd avancerad str\u00e4ckningsutrustning och procedurer f\u00f6r att garantera diskb\u00e4nkens m\u00e5ttnoggrannhet och ytkvalitet. Var uppm\u00e4rksam p\u00e5 att kontrollera styrkan och vinkeln under str\u00e4ckningsprocessen f\u00f6r att f\u00f6rhindra deformation eller sprickor.<\/div>\n<div><\/div>\n<div class=\"auto-hide-last-sibling-br paragraph-u1TS5p paragraph-element br-paragraph-space\">Svetsningsprocess: N\u00e4r det g\u00e4ller diskb\u00e4nkar med dubbla sp\u00e5r eller diskb\u00e4nkar med speciella formkrav \u00e4r svetsbehandling n\u00f6dv\u00e4ndig. V\u00e4lj svetsmaterial och svetsprocesser av h\u00f6g kvalitet f\u00f6r att s\u00e4kerst\u00e4lla att svetsen \u00e4r fast, sl\u00e4t och l\u00e4ckages\u00e4ker.<\/div>\n<div><\/div>\n<div class=\"auto-hide-last-sibling-br paragraph-u1TS5p paragraph-element br-paragraph-space\">Ytbehandling: Utf\u00f6r ytbehandlingar som borstning, polering, frostning och s\u00e5 vidare enligt designkraven f\u00f6r att f\u00f6rb\u00e4ttra diskb\u00e4nkens estetik och korrosionsbest\u00e4ndighet.<\/div>\n\t\t<\/div>\n\t\t\t\t\t<\/div>\n\n\t\n<\/div>\n\t\t<\/div>\n\n\t\t\n<style>\n#section_239795631 {\n  padding-top: 30px;\n  padding-bottom: 30px;\n  background-color: #f0fcf9;\n}\n<\/style>\n\t<\/section>\n\t\n\t<section class=\"section\" id=\"section_213895761\">\n\t\t<div class=\"bg section-bg fill bg-fill  bg-loaded\" >\n\n\t\t\t\n\t\t\t\n\t\t\t\n\n\t\t<\/div>\n\n\t\t\n\n\t\t<div class=\"section-content relative\">\n\t\t\t\n<div class=\"row\"  id=\"row-660301741\">\n\n\t<div id=\"col-1871277766\" class=\"col medium-2 small-12 large-2\"  >\n\t\t\t\t<div class=\"col-inner\"  >\n\t\t\t\n\t\t\t\n\t<div id=\"gap-61505089\" class=\"gap-element clearfix\" style=\"display:block; height:auto;\">\n\t\t\n<style>\n#gap-61505089 {\n  padding-top: 60px;\n}\n<\/style>\n\t<\/div>\n\t\n\t<div class=\"img has-hover x md-x lg-x y md-y lg-y\" id=\"image_760698635\">\n\t\t\t\t\t\t\t\t<div class=\"img-inner dark\" >\n\t\t\t<img loading=\"lazy\" decoding=\"async\" width=\"200\" height=\"200\" src=\"https:\/\/sinkwithfaucet.com\/wp-content\/uploads\/2024\/10\/\u8d28\u91cf\u68c0\u9a8c.png\" class=\"attachment-original size-original\" alt=\"Kvalitetsinspektion\" srcset=\"https:\/\/sinkwithfaucet.com\/wp-content\/uploads\/2024\/10\/\u8d28\u91cf\u68c0\u9a8c.png 200w, https:\/\/sinkwithfaucet.com\/wp-content\/uploads\/2024\/10\/\u8d28\u91cf\u68c0\u9a8c-150x150.png 150w, https:\/\/sinkwithfaucet.com\/wp-content\/uploads\/2024\/10\/\u8d28\u91cf\u68c0\u9a8c-12x12.png 12w, https:\/\/sinkwithfaucet.com\/wp-content\/uploads\/2024\/10\/\u8d28\u91cf\u68c0\u9a8c-100x100.png 100w\" sizes=\"auto, (max-width: 200px) 100vw, 200px\" title=\"\">\t\t\t\t\t\t\n\t\t\t\t\t<\/div>\n\t\t\t\t\t\t\t\t\n<style>\n#image_760698635 {\n  width: 100%;\n}\n<\/style>\n\t<\/div>\n\t\n\t\t<\/div>\n\t\t\t\t\t<\/div>\n\n\t\n\n\t<div id=\"col-257765463\" class=\"col medium-10 small-12 large-10\"  >\n\t\t\t\t<div class=\"col-inner\"  >\n\t\t\t\n\t\t\t\n<h3>5. kvalitetsinspektion<\/h3>\n<p>Inspektion av utseendet: Kontrollera att diskb\u00e4nkens yta \u00e4r sl\u00e4t, fri fr\u00e5n repor och deformerad samt att svetsen \u00e4r plan och fast.<\/p>\n<p>M\u00e5ttnoggrannhet: Anv\u00e4nd ett m\u00e4tverktyg f\u00f6r att m\u00e4ta diskb\u00e4nkens storlek och se till att den \u00f6verensst\u00e4mmer med designkraven.<\/p>\n<p>L\u00e4ckagetest: H\u00e4ll en l\u00e4mplig m\u00e4ngd vatten i diskhon f\u00f6r att kontrollera om det finns l\u00e4ckage. Du kan observera om vattenytan fluktuerar eller anv\u00e4nda professionell l\u00e4ckagedetekteringsutrustning f\u00f6r detektering.<\/p>\n<p>Funktionstest: Testa diskb\u00e4nkens extrafunktioner, t.ex. om avloppskorgen \u00e4r sl\u00e4t och om sk\u00e4rbr\u00e4dan \u00e4r fast.<\/p>\n\t\t<\/div>\n\t\t\t\t\t<\/div>\n\n\t\n<\/div>\n\t\t<\/div>\n\n\t\t\n<style>\n#section_213895761 {\n  padding-top: 30px;\n  padding-bottom: 30px;\n}\n<\/style>\n\t<\/section>\n\t\n\t<section class=\"section\" id=\"section_944990937\">\n\t\t<div class=\"bg section-bg fill bg-fill  bg-loaded\" >\n\n\t\t\t\n\t\t\t\n\t\t\t\n\n\t\t<\/div>\n\n\t\t\n\n\t\t<div class=\"section-content relative\">\n\t\t\t\n<div class=\"row\"  id=\"row-1939254820\">\n\n\t<div id=\"col-862858226\" class=\"col medium-2 small-12 large-2\"  >\n\t\t\t\t<div class=\"col-inner\"  >\n\t\t\t\n\t\t\t\n\t<div class=\"img has-hover x md-x lg-x y md-y lg-y\" id=\"image_1192741268\">\n\t\t\t\t\t\t\t\t<div class=\"img-inner dark\" >\n\t\t\t<img loading=\"lazy\" decoding=\"async\" width=\"246\" height=\"200\" src=\"https:\/\/sinkwithfaucet.com\/wp-content\/uploads\/2024\/10\/180\u5929\u4fdd\u4fee.png\" class=\"attachment-original size-original\" alt=\"Installation och service efter f\u00f6rs\u00e4ljning\" srcset=\"https:\/\/sinkwithfaucet.com\/wp-content\/uploads\/2024\/10\/180\u5929\u4fdd\u4fee.png 246w, https:\/\/sinkwithfaucet.com\/wp-content\/uploads\/2024\/10\/180\u5929\u4fdd\u4fee-15x12.png 15w\" sizes=\"auto, (max-width: 246px) 100vw, 246px\" title=\"\">\t\t\t\t\t\t\n\t\t\t\t\t<\/div>\n\t\t\t\t\t\t\t\t\n<style>\n#image_1192741268 {\n  width: 100%;\n}\n<\/style>\n\t<\/div>\n\t\n\t\t<\/div>\n\t\t\t\t\t<\/div>\n\n\t\n\n\t<div id=\"col-1422473367\" class=\"col medium-10 small-12 large-10\"  >\n\t\t\t\t<div class=\"col-inner\"  >\n\t\t\t\n\t\t\t\n<h3>6. installation och service efter f\u00f6rs\u00e4ljning<\/h3>\n<div class=\"auto-hide-last-sibling-br paragraph-u1TS5p paragraph-element br-paragraph-space\">Installationsv\u00e4gledning: Erbjud omfattande installationsinstruktioner och v\u00e4gledning f\u00f6r att garantera att anv\u00e4ndarna kan installera diskb\u00e4nken p\u00e5 ett korrekt s\u00e4tt. Vid behov kan professionella installationstj\u00e4nster g\u00f6ras tillg\u00e4ngliga.<\/div>\n<div><\/div>\n<div class=\"auto-hide-last-sibling-br paragraph-u1TS5p paragraph-element br-paragraph-space\">Service efter f\u00f6rs\u00e4ljning: Tillhandah\u00e5lla kvalitetss\u00e4kring och kundservice under en viss period. L\u00f6s kvalitetsproblem omedelbart. Samtidigt erbjuda anv\u00e4ndarna anv\u00e4ndnings- och underh\u00e5llstips f\u00f6r att f\u00f6rl\u00e4nga diskb\u00e4nkens livsl\u00e4ngd.<\/div>\n\t\t<\/div>\n\t\t\t\t\t<\/div>\n\n\t\n<\/div>\n<div class=\"row\"  id=\"row-235718852\">\n\n\t<div id=\"col-2109329573\" class=\"col small-12 large-12\"  >\n\t\t\t\t<div class=\"col-inner\"  >\n\t\t\t\n\t\t\t\n<p><strong>Med ovanst\u00e5ende anpassningsplan kan du skapa en rostfri diskb\u00e4nk som tillgodoser dina individuella behov och f\u00f6rb\u00e4ttrar b\u00e5de praktisk och sk\u00f6nhet i k\u00f6ket.<\/strong><\/p>\n\t\t<\/div>\n\t\t\t\t\t<\/div>\n\n\t\n<\/div>\n\t\t<\/div>\n\n\t\t\n<style>\n#section_944990937 {\n  padding-top: 30px;\n  padding-bottom: 30px;\n  background-color: #f0fcf9;\n}\n<\/style>\n\t<\/section>\n\t\n\t<section class=\"section\" id=\"section_552707224\">\n\t\t<div class=\"bg section-bg fill bg-fill  bg-loaded\" >\n\n\t\t\t\n\t\t\t\n\t\t\t\n\n\t\t<\/div>\n\n\t\t\n\n\t\t<div class=\"section-content relative\">\n\t\t\t\n<div class=\"row\"  id=\"row-569879286\">\n\n\t<div id=\"col-397612432\" class=\"col small-12 large-12\"  >\n\t\t\t\t<div class=\"col-inner\"  >\n\t\t\t\n\t\t\t\n<h2 style=\"text-align: center;\">Kontakta oss<\/h2>\n\t\t<\/div>\n\t\t\t\t\t<\/div>\n\n\t\n<\/div>\n<div class=\"row\"  id=\"row-745500014\">\n\n\t<div id=\"col-165502745\" class=\"col small-12 large-12\"  >\n\t\t\t\t<div class=\"col-inner\"  >\n\t\t\t\n\t\t\t\n\n<div class=\"wpcf7 no-js\" id=\"wpcf7-f280-o1\" lang=\"en-US\" dir=\"ltr\" data-wpcf7-id=\"280\">\n<div class=\"screen-reader-response\"><p role=\"status\" aria-live=\"polite\" aria-atomic=\"true\"><\/p> <ul><\/ul><\/div>\n<form action=\"\/sv\/wp-json\/wp\/v2\/pages\/2011#wpcf7-f280-o1\" method=\"post\" class=\"wpcf7-form init\" aria-label=\"Kontaktformul\u00e4r\" novalidate=\"novalidate\" data-status=\"init\" data-trp-original-action=\"\/sv\/wp-json\/wp\/v2\/pages\/2011#wpcf7-f280-o1\">\n<fieldset class=\"hidden-fields-container\"><input type=\"hidden\" name=\"_wpcf7\" value=\"280\" \/><input type=\"hidden\" name=\"_wpcf7_version\" value=\"6.1\" \/><input type=\"hidden\" name=\"_wpcf7_locale\" value=\"en_US\" \/><input type=\"hidden\" name=\"_wpcf7_unit_tag\" value=\"wpcf7-f280-o1\" \/><input type=\"hidden\" name=\"_wpcf7_container_post\" value=\"0\" \/><input type=\"hidden\" name=\"_wpcf7_posted_data_hash\" value=\"\" \/>\n<\/fieldset>\n<div class='custom_contact_style'>\n\t<div class=\"row row-small\">\n\t\t<div class=\"col medium-6 small-12 large-6\">\n\t\t\t<div class=\"col-inner\">\n\t\t\t\t<p><span class=\"wpcf7-form-control-wrap\" data-name=\"your-name\"><input size=\"40\" maxlength=\"400\" class=\"wpcf7-form-control wpcf7-text wpcf7-validates-as-required\" aria-required=\"true\" aria-invalid=\"false\" placeholder=\"Namn\" value=\"\" type=\"text\" name=\"your-name\" \/><\/span>\n\t\t\t\t<\/p>\n\t\t\t<\/div>\n\t\t<\/div>\n\t\t<div class=\"col medium-6 small-12 large-6\">\n\t\t\t<div class=\"col-inner\">\n\t\t\t\t<p><span class=\"wpcf7-form-control-wrap\" data-name=\"your-email\"><input size=\"40\" maxlength=\"400\" class=\"wpcf7-form-control wpcf7-email wpcf7-validates-as-required wpcf7-text wpcf7-validates-as-email\" aria-required=\"true\" aria-invalid=\"false\" placeholder=\"E-post*\" value=\"\" type=\"email\" name=\"your-email\" \/><\/span>\n\t\t\t\t<\/p>\n\t\t\t<\/div>\n\t\t<\/div>\n\t<\/div>\n\t<div class='cus_contact_form_bottom'>\n\t\t<p><span class=\"wpcf7-form-control-wrap\" data-name=\"your-phone\"><input size=\"40\" maxlength=\"400\" class=\"wpcf7-form-control wpcf7-text\" aria-invalid=\"false\" placeholder=\"Telefon\" value=\"\" type=\"text\" name=\"your-phone\" \/><\/span>\n\t\t<\/p>\n\t<\/div>\n\t<div class='cus_contact_form_bottom'>\n\t\t<p><span class=\"wpcf7-form-control-wrap\" data-name=\"your-country\"><input size=\"40\" maxlength=\"400\" class=\"wpcf7-form-control wpcf7-text\" aria-invalid=\"false\" placeholder=\"Land\" value=\"\" type=\"text\" name=\"your-country\" \/><\/span>\n\t\t<\/p>\n\t<\/div>\n\t<p><span class=\"wpcf7-form-control-wrap\" data-name=\"your-message\"><textarea cols=\"40\" rows=\"10\" maxlength=\"2000\" class=\"wpcf7-form-control wpcf7-textarea wpcf7-validates-as-required\" aria-required=\"true\" aria-invalid=\"false\" placeholder=\"Ditt meddelande *\" name=\"your-message\"><\/textarea><\/span>\n\t<\/p>\n\t<div style=\"margin-bottom:10px;\">\n\t\t<p><span class=\"wpcf7-form-control-wrap kc_captcha cf7ic-toggle\" data-name=\"kc_captcha\"><span class=\"wpcf7-form-control wpcf7-radio\"><span class=\"captcha-image\" style=\"display: none;\"><span class=\"cf7ic_instructions\">Bevisa att du \u00e4r m\u00e4nniska genom att v\u00e4lja<span> hj\u00e4rta<\/span>.<\/span><label><input aria-label=\"1\" type=\"radio\" name=\"kc_captcha\" value=\"kc_human\" \/><svg aria-hidden=\"true\" role=\"img\" xmlns=\"http:\/\/www.w3.org\/2000\/svg\" viewbox=\"0 0 576 512\"><path fill=\"currentColor\" d=\"M415 24c-53 0-103 42-127 65-24-23-74-65-127-65C70 24 16 77 16 166c0 72 67 133 69 135l187 181c9 8 23 8 32 0l187-180c2-3 69-64 69-136 0-89-54-142-145-142z\"\/><\/svg><\/label><label><input aria-label=\"2\" type=\"radio\" name=\"kc_captcha\" value=\"bot\" \/><svg aria-hidden=\"true\" role=\"img\" xmlns=\"http:\/\/www.w3.org\/2000\/svg\" viewbox=\"0 0 576 512\"><path fill=\"currentColor\" d=\"M259 18l-65 132-146 22c-26 3-37 36-18 54l106 103-25 146c-5 26 23 46 46 33l131-68 131 68c23 13 51-7 46-33l-25-146 106-103c19-18 8-51-18-54l-146-22-65-132a32 32 0 00-58 0z\"\/><\/svg><\/label><label><input aria-label=\"3\" type=\"radio\" name=\"kc_captcha\" value=\"bot\" \/><svg aria-hidden=\"true\" role=\"img\" xmlns=\"http:\/\/www.w3.org\/2000\/svg\" viewbox=\"0 0 512 512\"><path fill=\"currentColor\" d=\"M350 99c-54 0-98-35-166-35-25 0-47 4-68 12a56 56 0 004-24C118 24 95 1 66 0a56 56 0 00-34 102v386c0 13 11 24 24 24h16c13 0 24-11 24-24v-94c28-12 64-23 114-23 54 0 98 35 166 35 48 0 86-16 122-41 9-6 14-15 14-26V96c0-23-24-39-45-29-35 16-77 32-117 32z\"\/><\/svg><\/label>\r\n    <\/span>\r\n    <span style=\"display:none\">\r\n        <input type=\"text\" name=\"kc_honeypot\">\r\n    <\/span><\/span><\/span>\n\t\t<\/p>\n\t<\/div>\n\t<p><input class=\"wpcf7-form-control wpcf7-submit has-spinner\" type=\"submit\" value=\"Skicka meddelande\" \/>\n\t<\/p>\n<\/div><div class=\"wpcf7-response-output\" aria-hidden=\"true\"><\/div>\n<input type=\"hidden\" name=\"trp-form-language\" value=\"sv\"\/><\/form>\n<\/div>\n\n\t\t<\/div>\n\t\t\t\t\t<\/div>\n\n\t\n<\/div>\n\t\t<\/div>\n\n\t\t\n<style>\n#section_552707224 {\n  padding-top: 30px;\n  padding-bottom: 30px;\n}\n<\/style>\n\t<\/section>","protected":false},"excerpt":{"rendered":"","protected":false},"author":4,"featured_media":2042,"parent":0,"menu_order":0,"comment_status":"closed","ping_status":"closed","template":"page-blank.php","meta":{"footnotes":""},"class_list":["post-2011","page","type-page","status-publish","has-post-thumbnail","hentry"],"_links":{"self":[{"href":"https:\/\/sinkwithfaucet.com\/sv\/wp-json\/wp\/v2\/pages\/2011","targetHints":{"allow":["GET"]}}],"collection":[{"href":"https:\/\/sinkwithfaucet.com\/sv\/wp-json\/wp\/v2\/pages"}],"about":[{"href":"https:\/\/sinkwithfaucet.com\/sv\/wp-json\/wp\/v2\/types\/page"}],"author":[{"embeddable":true,"href":"https:\/\/sinkwithfaucet.com\/sv\/wp-json\/wp\/v2\/users\/4"}],"replies":[{"embeddable":true,"href":"https:\/\/sinkwithfaucet.com\/sv\/wp-json\/wp\/v2\/comments?post=2011"}],"version-history":[{"count":28,"href":"https:\/\/sinkwithfaucet.com\/sv\/wp-json\/wp\/v2\/pages\/2011\/revisions"}],"predecessor-version":[{"id":2537,"href":"https:\/\/sinkwithfaucet.com\/sv\/wp-json\/wp\/v2\/pages\/2011\/revisions\/2537"}],"wp:featuredmedia":[{"embeddable":true,"href":"https:\/\/sinkwithfaucet.com\/sv\/wp-json\/wp\/v2\/media\/2042"}],"wp:attachment":[{"href":"https:\/\/sinkwithfaucet.com\/sv\/wp-json\/wp\/v2\/media?parent=2011"}],"curies":[{"name":"wp","href":"https:\/\/api.w.org\/{rel}","templated":true}]}}