{"id":2662,"date":"2024-11-11T10:24:59","date_gmt":"2024-11-11T10:24:59","guid":{"rendered":"https:\/\/sinkwithfaucet.com\/?post_type=product&#038;p=2662"},"modified":"2024-11-11T10:24:59","modified_gmt":"2024-11-11T10:24:59","slug":"single-hole-kitchen-sink-faucet-1203","status":"publish","type":"product","link":"https:\/\/sinkwithfaucet.com\/sl\/single-hole-kitchen-sink-faucet-1203\/","title":{"rendered":"Baterija za kuhinjsko korito z eno luknjo 1203"},"content":{"rendered":"<p data-sourcepos=\"1:1-1:198\">Baterija za kuhinjsko korito z eno luknjo je zaradi svoje elegantne in minimalisti\u010dne zasnove priljubljena izbira za sodobne kuhinje. Zasnovana je tako, da se prilega eni sami luknji v pultu, zato je namestitev preprosta.<\/p>\n<h2 data-sourcepos=\"3:1-3:48\">Klju\u010dne lastnosti pip za kuhinjsko korito z eno luknjo:<\/h2>\n<ul data-sourcepos=\"5:1-10:0\">\n<li data-sourcepos=\"5:1-5:81\"><strong>Elegantno oblikovanje:<\/strong> Zasnova z eno luknjo ustvarja \u010dist in sodoben videz.<\/li>\n<li data-sourcepos=\"6:1-6:66\"><strong>Enostavna namestitev:<\/strong> Enostavna namestitev, zlasti za doma\u010de mojstre.<\/li>\n<li data-sourcepos=\"7:1-7:119\"><strong>Razli\u010dni slogi:<\/strong> Na voljo so v razli\u010dnih slogih, od modernega do tradicionalnega, ki ustrezajo razli\u010dnim estetikam kuhinje.<\/li>\n<li data-sourcepos=\"8:1-8:111\"><strong>Trajnost:<\/strong> Izdelan je iz visokokakovostnih materialov, kot sta medenina in nerjavno jeklo, za dolgotrajno delovanje.<\/li>\n<li data-sourcepos=\"9:1-10:0\"><strong>Enostavno vzdr\u017eevanje:<\/strong> Enostavno \u010di\u0161\u010denje in vzdr\u017eevanje.<\/li>\n<\/ul>\n<h2 data-sourcepos=\"11:1-11:41\">Vrste pip za kuhinjsko korito z eno luknjo:<\/h2>\n<ul data-sourcepos=\"13:1-16:0\">\n<li data-sourcepos=\"13:1-13:108\"><strong>Enoro\u010dajne pipe:<\/strong> Z enim samim vzvodom lahko preprosto nadzirate temperaturo vode in pretok.<\/li>\n<li data-sourcepos=\"14:1-14:106\"><strong>Vodovodne baterije z mo\u017enostjo potegov navzdol:<\/strong> Ima prilagodljiv izliv, ki ga je mogo\u010de potegniti navzdol za ve\u010dji doseg in vsestranskost.<\/li>\n<li data-sourcepos=\"15:1-16:0\"><strong>Vodovodne pipe brez dotika:<\/strong> Zagotavlja prostoro\u010dno upravljanje za bolj\u0161o higieno.<\/li>\n<\/ul>\n<h2 data-sourcepos=\"17:1-17:59\">Dejavniki, ki jih je treba upo\u0161tevati pri izbiri enocevne pipe:<\/h2>\n<ul data-sourcepos=\"19:1-23:0\">\n<li data-sourcepos=\"19:1-19:114\"><strong>Vi\u0161ina izliva:<\/strong> Prepri\u010dajte se, da je vi\u0161ina izliva primerna za globino va\u0161ega pomivalnega korita ter velikost loncev in ponev, ki jih uporabljate.<\/li>\n<li data-sourcepos=\"20:1-20:116\"><strong>Zaklju\u010dek:<\/strong> Izberite obdelavo, ki dopolnjuje slog va\u0161e kuhinje, na primer krom, bru\u0161eni nikelj ali mat \u010drno.<\/li>\n<li data-sourcepos=\"21:1-21:78\"><strong>Tlak vode:<\/strong> Prepri\u010dajte se, da je pipa primerna za vodni tlak v va\u0161em domu.<\/li>\n<li data-sourcepos=\"22:1-23:0\"><strong>Namestitev:<\/strong> Upo\u0161tevajte na\u010din namestitve in potrebne vodovodne priklju\u010dke.<\/li>\n<\/ul>\n<p data-sourcepos=\"24:1-24:147\">\u010ce skrbno upo\u0161tevate te dejavnike, lahko izberete kuhinjsko pipo z eno odprtino, ki bo izbolj\u0161ala funkcionalnost in slog va\u0161e kuhinje.<\/p>","protected":false},"excerpt":{"rendered":"<table style=\"height: 407px;\" width=\"704\">\n<tbody>\n<tr>\n<td width=\"808\">1 Dimenzije pipe Celotna velikost<\/td>\n<td width=\"1177\">380 * 225 mm<\/td>\n<\/tr>\n<tr>\n<td width=\"808\">2 Neto te\u017ea pipe<\/td>\n<td width=\"1177\">2 kg<\/td>\n<\/tr>\n<tr>\n<td width=\"808\">3 Baterija s \u0161katlo Bruto te\u017ea<\/td>\n<td width=\"1177\">2,5 kg<\/td>\n<\/tr>\n<tr>\n<td width=\"808\">4 Dimenzija polja<\/td>\n<td width=\"1177\">54 * 32 * 26 mm<\/td>\n<\/tr>\n<tr>\n<td width=\"808\">5 pakiranje<\/td>\n<td width=\"1177\">4 KOSI\/\u0160T.; 10 KOSOV\/\u0160T.; 12 KOSOV\/\u0160T.<\/td>\n<\/tr>\n<tr>\n<td width=\"808\">6 Dol\u017eina dovodne cevi<\/td>\n<td width=\"1177\">60 mm<\/td>\n<\/tr>\n<tr>\n<td width=\"808\">7 Velikost matice vodovoda<\/td>\n<td width=\"1177\">3\/8\u2033 ali 1\/2\u2033 ali 9\/16\u2033<\/td>\n<\/tr>\n<tr>\n<td width=\"808\">8 Velikost izreza monta\u017ene luknje<\/td>\n<td width=\"1177\">35 mm<\/td>\n<\/tr>\n<tr>\n<td width=\"808\">9 Materiali za pipe<\/td>\n<td width=\"1177\">Brez svinca Premium 304 America Standard Stainless<br \/>\njeklo<\/td>\n<\/tr>\n<\/tbody>\n<\/table>","protected":false},"featured_media":2663,"template":"","meta":[],"product_brand":[],"product_cat":[57],"product_tag":[],"class_list":{"0":"post-2662","1":"product","2":"type-product","3":"status-publish","4":"has-post-thumbnail","6":"product_cat-stainless-steel-faucet","8":"first","9":"instock","10":"shipping-taxable","11":"product-type-simple"},"_links":{"self":[{"href":"https:\/\/sinkwithfaucet.com\/sl\/wp-json\/wp\/v2\/product\/2662","targetHints":{"allow":["GET"]}}],"collection":[{"href":"https:\/\/sinkwithfaucet.com\/sl\/wp-json\/wp\/v2\/product"}],"about":[{"href":"https:\/\/sinkwithfaucet.com\/sl\/wp-json\/wp\/v2\/types\/product"}],"wp:featuredmedia":[{"embeddable":true,"href":"https:\/\/sinkwithfaucet.com\/sl\/wp-json\/wp\/v2\/media\/2663"}],"wp:attachment":[{"href":"https:\/\/sinkwithfaucet.com\/sl\/wp-json\/wp\/v2\/media?parent=2662"}],"wp:term":[{"taxonomy":"product_brand","embeddable":true,"href":"https:\/\/sinkwithfaucet.com\/sl\/wp-json\/wp\/v2\/product_brand?post=2662"},{"taxonomy":"product_cat","embeddable":true,"href":"https:\/\/sinkwithfaucet.com\/sl\/wp-json\/wp\/v2\/product_cat?post=2662"},{"taxonomy":"product_tag","embeddable":true,"href":"https:\/\/sinkwithfaucet.com\/sl\/wp-json\/wp\/v2\/product_tag?post=2662"}],"curies":[{"name":"wp","href":"https:\/\/api.w.org\/{rel}","templated":true}]}}