{"id":2660,"date":"2024-11-11T10:19:02","date_gmt":"2024-11-11T10:19:02","guid":{"rendered":"https:\/\/sinkwithfaucet.com\/?post_type=product&#038;p=2660"},"modified":"2024-12-27T03:10:06","modified_gmt":"2024-12-27T03:10:06","slug":"single-handle-pull-out-sprayer-kitchen-faucet","status":"publish","type":"product","link":"https:\/\/sinkwithfaucet.com\/sl\/single-handle-pull-out-sprayer-kitchen-faucet\/","title":{"rendered":"Enoro\u010dna kuhinjska pipa z enim ro\u010dajem 1107"},"content":{"rendered":"<h2 class=\"a-size-base-plus a-text-bold\"><strong>O kuhinjski pipi z enim ro\u010dajem Pull Out Sprayer<\/strong><\/h2>\n<ul class=\"a-unordered-list a-vertical a-spacing-mini\">\n<li class=\"a-spacing-mini\"><span class=\"a-list-item\"><strong>DOLGOTRAJEN IN VZDR\u017dLJIV: <\/strong>Ta izvle\u010dna kuhinjska pipa je izdelana iz visokokakovostnega nerjave\u010dega jekla, ima trdno strukturo, povr\u0161ina pa uporablja tehnologijo visokotemperaturnega pe\u010denja barve, ki je odporna proti obrabi in trpe\u017ena, ne zlahka rjavi in zbledi ter se lahko uporablja dolgo \u010dasa.<\/span><\/li>\n<li class=\"a-spacing-mini\"><span class=\"a-list-item\"><strong>NA\u010cIN Z DVOJNIM IZLIVOM: <\/strong>Baterija za kuhinjsko korito je opremljena tudi s funkcijo dvojnega izliva, s katero lahko preprosto preklapljate med obi\u010dajnim vodnim stolpcem in mo\u010dnim tu\u0161iranjem, da zadovoljite razli\u010dne potrebe.<\/span><\/li>\n<li class=\"a-spacing-mini\"><span class=\"a-list-item\"><strong>NASTAVITEV TEMPERATURE: <\/strong>Spletna stran <a href=\"https:\/\/kitchensink.us\/stainless-steel-kitchen-faucet\/\" target=\"_blank\" rel=\"noopener\">pipa za umivalnik<\/a> opremljen je tudi s funkcijo prilagajanja temperature, s katero lahko poljubno nastavite \u017eeleno temperaturo, kar vam prihrani te\u017eave z ro\u010dnim me\u0161anjem tople in hladne vode.<\/span><\/li>\n<li class=\"a-spacing-mini\"><span class=\"a-list-item\"><strong>OBRA\u010cANJE ZA 360 STOPINJ: <\/strong>Funkcija 360-stopinjskega vrtenja omogo\u010da popoln obseg gibanja in prilagodljivost, tako da vodni tok fleksibilno dose\u017ee vse koti\u010dke pomivalnega korita, kar zagotavlja dovolj prostora za \u010di\u0161\u010denje loncev in sklede.<\/span><\/li>\n<li class=\"a-spacing-mini\"><span class=\"a-list-item\"><strong>VISOKOKAKOVOSTNA \u0160OBA: <\/strong>Mehki penilnik za ko\u017eo ne omogo\u010da le, da je tok vode bogat s peno, mehak in ne brizga, prijeten na dotik, temve\u010d tudi filtrira ne\u010disto\u010de in vam pomaga var\u010devati z vodo v vsakdanjem \u017eivljenju.<\/span><\/li>\n<\/ul>\n<p>&nbsp;<\/p>\n<h2><strong>Vrste kuhinjskih pip Pull Out<\/strong><\/h2>\n<ul>\n<li><strong>Enojna ro\u010dica:<\/strong><\/li>\n<\/ul>\n<p>Najpogostej\u0161a vrsta.Ima eno samo ro\u010dico, ki upravlja temperaturo in pretok vode.  Omogo\u010da enostavno in intuitivno upravljanje.<\/p>\n<ul>\n<li><strong>V profesionalnem slogu:<\/strong><\/li>\n<\/ul>\n<p>Pogosto imajo visok oblok izliva za bolj\u0161i prehod pod pipo.  Obi\u010dajno imajo mo\u010dan pr\u0161ilni curek in vzdr\u017eljivo konstrukcijo, zaradi \u010desar so priljubljene pri kuharjih in resnih doma\u010dih kuharjih.<\/p>\n<ul>\n<li><strong>Tehtano:<\/strong><\/li>\n<\/ul>\n<p>Na dno razpr\u0161ilne glave namestite ute\u017e, ki pomaga pri gladkem izvleku in prepre\u010duje, da bi visela.To zagotavlja bolj elegantno in uporabniku prijazno izku\u0161njo.<\/p>\n<ul>\n<li><strong>Vzmetno polnjenje:<\/strong><\/li>\n<\/ul>\n<p>Z vzmetnim mehanizmom se razpr\u0161ilna glava hitro in brez napora umakne.  S tem lahko prihranite \u010das in trud med uporabo.<\/p>\n<p>&nbsp;<\/p>\n<h2 data-sourcepos=\"16:1-16:57\"><strong>Dejavniki, ki jih je treba upo\u0161tevati pri izbiri kuhinjske baterije z enim ro\u010dajem Pull Out Sprayer<\/strong><\/h2>\n<ul data-sourcepos=\"18:1-22:0\">\n<li data-sourcepos=\"18:1-18:114\"><strong>Vi\u0161ina izliva:<\/strong>\u00a0Prepri\u010dajte se, da je vi\u0161ina izliva primerna za globino va\u0161ega pomivalnega korita ter velikost loncev in ponev, ki jih uporabljate.<\/li>\n<li data-sourcepos=\"19:1-19:116\"><strong>Zaklju\u010dek:<\/strong>\u00a0Izberite zaklju\u010dek, ki dopolnjuje slog va\u0161e kuhinje, na primer krom, bru\u0161eni nikelj ali mat \u010drna barva.<\/li>\n<li data-sourcepos=\"20:1-20:91\"><strong>Namestitev:<\/strong>\u00a0Upo\u0161tevajte na\u010din namestitve in potrebne vodovodne priklju\u010dke.<\/li>\n<li data-sourcepos=\"21:1-22:0\"><strong>Tlak vode:<\/strong>\u00a0Prepri\u010dajte se, da je pipa primerna za vodni tlak v va\u0161em domu.<\/li>\n<\/ul>\n<p>&nbsp;<\/p>\n<h2><strong>Lastnosti in prednosti kuhinjske pipe Pull Out<\/strong><\/h2>\n<ul>\n<li>Vgradnja z eno luknjo - najve\u010dja debelina krova 1,75\"<\/li>\n<li>Skladno z ADA - Enoro\u010dna ro\u010dica omogo\u010da preprosto upravljanje<\/li>\n<li>Vertikalno oblikovan ro\u010daj na glavnem ohi\u0161ju, ki se obrne za 90\u00b0 naprej in omogo\u010da uporabo v tesnih prostorih s hrbtnimi plo\u0161\u010dami.<\/li>\n<li>Razpr\u0161ilna glava z dvojno funkcijo - pretok vode 1,8 GPM se izmeni\u010dno spreminja med mo\u010dnim pr\u0161enjem in zra\u010dnim tokom: Odli\u010dno za zmogljivo \u010di\u0161\u010denje, ne\u017eno izpiranje in polnjenje posode.<\/li>\n<li>Trpe\u017ena medeninasta konstrukcija brez svinca CALGreen California Compliant<\/li>\n<li>360-stopinjsko vrtljivo izlivno korito omogo\u010da nemoteno delovanje pri vle\u010denju navzdol<\/li>\n<li>Zasnova visokega loka izliva zagotavlja dovolj prostora za polnjenje loncev in \u010di\u0161\u010denje ve\u010dje posode.<\/li>\n<li>Kerami\u010dni vlo\u017eek - najvi\u0161ja kakovost in natan\u010dnost brez kapljanja<\/li>\n<li>Visoko u\u010dinkovit aerator, ki zagotavlja ne\u017een tok brez brizganja<\/li>\n<li>Izvle\u010dna razpr\u0161ilna glava s 60-pal\u010dno najlonsko pleteno cevjo omogo\u010da izpiranje umivalnika v vsakem koti\u010dku.<\/li>\n<li>Gumijaste \u0161obe pr\u0161ilne glave je enostavno o\u010distiti mineralnih usedlin za dolgotrajno delovanje<\/li>\n<li>Ve\u010dplastna povr\u0161ina, odporna proti koroziji, ki se s\u010dasoma ne potuhne in ne zbledi<\/li>\n<li>Vklju\u010dena je predhodno name\u0161\u010dena monta\u017ena oprema in cevi za vro\u010do\/hladno vodo, ki prepre\u010dujejo izbruh<\/li>\n<\/ul>\n<p>&nbsp;<\/p>\n<p>Ta elegantna pipa bo s svojo klasi\u010dno obliko in preprostimi linijami videti odli\u010dno v vsaki kuhinji. Izvle\u010dna pipa je na voljo v dveh mo\u017enostih trajne obdelave, ki dopolnjuje barvno paleto va\u0161e kuhinje. Njena pr\u0161ilna glava z dvojnim delovanjem in izvle\u010dno cevjo bo poskrbela, da bosta umivanje in izpiranje enostavna. Ta strokovno izdelana pipa je izdelana iz najkakovostnej\u0161ih materialov in bo zagotavljala dolga leta brezskrbne uporabe.<\/p>\n<p>&nbsp;<\/p>\n<p>&nbsp;<\/p>\n<p>&nbsp;<\/p>\n<p>&nbsp;<\/p>\n<p>&nbsp;<\/p>\n<p>&nbsp;<\/p>","protected":false},"excerpt":{"rendered":"<table style=\"height: 407px;\" width=\"704\">\n<tbody>\n<tr>\n<td width=\"808\">1 Dimenzije pipe Celotna velikost<\/td>\n<td width=\"1177\">380 * 225 mm<\/td>\n<\/tr>\n<tr>\n<td width=\"808\">2 Neto te\u017ea pipe<\/td>\n<td width=\"1177\">2,5 kg<\/td>\n<\/tr>\n<tr>\n<td width=\"808\">3 Baterija s \u0161katlo Bruto te\u017ea<\/td>\n<td width=\"1177\">2,8 kg<\/td>\n<\/tr>\n<tr>\n<td width=\"808\">4 Dimenzija polja<\/td>\n<td width=\"1177\">54 * 32 * 26 mm<\/td>\n<\/tr>\n<tr>\n<td width=\"808\">5 pakiranje<\/td>\n<td width=\"1177\">4 KOSI\/\u0160T.; 10 KOSOV\/\u0160T.; 12 KOSOV\/\u0160T.<\/td>\n<\/tr>\n<tr>\n<td width=\"808\">6 Dol\u017eina dovodne cevi<\/td>\n<td width=\"1177\">60 mm<\/td>\n<\/tr>\n<tr>\n<td width=\"808\">7 Velikost matice vodovoda<\/td>\n<td width=\"1177\">3\/8\u2033 ali 1\/2\u2033 ali 9\/16\u2033<\/td>\n<\/tr>\n<tr>\n<td width=\"808\">8 Velikost izreza monta\u017ene luknje<\/td>\n<td width=\"1177\">35 mm<\/td>\n<\/tr>\n<tr>\n<td width=\"808\">9 Materiali za pipe<\/td>\n<td width=\"1177\">Brez svinca Premium 304 America Standard Stainless<br \/>\njeklo<\/td>\n<\/tr>\n<\/tbody>\n<\/table>","protected":false},"featured_media":2661,"template":"","meta":[],"product_brand":[],"product_cat":[57],"product_tag":[],"class_list":{"0":"post-2660","1":"product","2":"type-product","3":"status-publish","4":"has-post-thumbnail","6":"product_cat-stainless-steel-faucet","8":"first","9":"instock","10":"shipping-taxable","11":"product-type-simple"},"_links":{"self":[{"href":"https:\/\/sinkwithfaucet.com\/sl\/wp-json\/wp\/v2\/product\/2660","targetHints":{"allow":["GET"]}}],"collection":[{"href":"https:\/\/sinkwithfaucet.com\/sl\/wp-json\/wp\/v2\/product"}],"about":[{"href":"https:\/\/sinkwithfaucet.com\/sl\/wp-json\/wp\/v2\/types\/product"}],"wp:featuredmedia":[{"embeddable":true,"href":"https:\/\/sinkwithfaucet.com\/sl\/wp-json\/wp\/v2\/media\/2661"}],"wp:attachment":[{"href":"https:\/\/sinkwithfaucet.com\/sl\/wp-json\/wp\/v2\/media?parent=2660"}],"wp:term":[{"taxonomy":"product_brand","embeddable":true,"href":"https:\/\/sinkwithfaucet.com\/sl\/wp-json\/wp\/v2\/product_brand?post=2660"},{"taxonomy":"product_cat","embeddable":true,"href":"https:\/\/sinkwithfaucet.com\/sl\/wp-json\/wp\/v2\/product_cat?post=2660"},{"taxonomy":"product_tag","embeddable":true,"href":"https:\/\/sinkwithfaucet.com\/sl\/wp-json\/wp\/v2\/product_tag?post=2660"}],"curies":[{"name":"wp","href":"https:\/\/api.w.org\/{rel}","templated":true}]}}