{"id":2650,"date":"2024-11-11T09:47:41","date_gmt":"2024-11-11T09:47:41","guid":{"rendered":"https:\/\/sinkwithfaucet.com\/?post_type=product&#038;p=2650"},"modified":"2024-11-11T09:50:38","modified_gmt":"2024-11-11T09:50:38","slug":"commercial-sink-faucet-1101","status":"publish","type":"product","link":"https:\/\/sinkwithfaucet.com\/sl\/commercial-sink-faucet-1101\/","title":{"rendered":"Komercialna pipa za umivalnik 1101"},"content":{"rendered":"<h2 data-sourcepos=\"1:1-1:61\">Komercialne pipe za umivalnik: Vodnik za izbiro prave pipe: Kako izbrati pravo?<\/h2>\n<p data-sourcepos=\"3:1-3:194\">Komercialne pipe za umivalnike so zasnovane tako, da so odporne na intenzivno uporabo, visokotla\u010dno vodo in ostre kemikalije za \u010di\u0161\u010denje. Izdelane so za dolgo \u017eivljenjsko dobo in zagotavljajo zanesljivo delovanje v zahtevnih okoljih.<\/p>\n<h3 data-sourcepos=\"5:1-5:43\">Klju\u010dne lastnosti komercialnih pip za umivalnik<\/h3>\n<ul data-sourcepos=\"7:1-12:0\">\n<li data-sourcepos=\"7:1-7:88\"><strong>Trajnost:<\/strong> Izdelani so iz visokokakovostnih materialov, kot sta medenina ali nerjavno jeklo.<\/li>\n<li data-sourcepos=\"8:1-8:78\"><strong>Visoka stopnja pretoka:<\/strong> Zagotavlja mo\u010dan vodni tok za u\u010dinkovito \u010di\u0161\u010denje.<\/li>\n<li data-sourcepos=\"9:1-9:51\"><strong>Enostavno vzdr\u017eevanje:<\/strong> Enostavno \u010di\u0161\u010denje in popravilo.<\/li>\n<li data-sourcepos=\"10:1-10:89\"><strong>Razli\u010dni slogi:<\/strong> Na voljo so razli\u010dni slogi, ki se ujemajo z estetiko va\u0161e kuhinje.<\/li>\n<li data-sourcepos=\"11:1-12:0\"><strong>Posebne zna\u010dilnosti:<\/strong> Nekatere pipe imajo dodatne funkcije, kot so pr\u0161ilne glave, nadzor temperature in upravljanje brez dotika.<\/li>\n<\/ul>\n<h3 data-sourcepos=\"13:1-13:36\">Vrste komercialnih pip za umivalnik<\/h3>\n<ol data-sourcepos=\"15:1-34:0\">\n<li data-sourcepos=\"15:1-18:3\">\n<p data-sourcepos=\"15:4-15:28\"><strong>Stenske pipe:<\/strong><\/p>\n<ul data-sourcepos=\"16:4-18:3\">\n<li data-sourcepos=\"16:4-16:45\">Idealno za enostavno \u010di\u0161\u010denje in vzdr\u017eevanje.<\/li>\n<li data-sourcepos=\"17:4-18:3\">Omogo\u010da prilagodljivost pri postavitvi in oblikovanju.<\/li>\n<\/ul>\n<\/li>\n<li data-sourcepos=\"19:1-22:3\">\n<p data-sourcepos=\"19:4-19:28\"><strong>Talni vodovodni priklju\u010dki:<\/strong><\/p>\n<ul data-sourcepos=\"20:4-22:3\">\n<li data-sourcepos=\"20:4-20:42\">Namesti se neposredno na pult.<\/li>\n<li data-sourcepos=\"21:4-22:3\">Na voljo so v razli\u010dnih konfiguracijah, vklju\u010dno z modeli z eno in dvema ro\u010dicama.<\/li>\n<\/ul>\n<\/li>\n<li data-sourcepos=\"23:1-26:3\">\n<p data-sourcepos=\"23:4-23:25\"><strong>Vodovodne pipe z vratom:<\/strong><\/p>\n<ul data-sourcepos=\"24:4-26:3\">\n<li data-sourcepos=\"24:4-24:70\">Ima visok obro\u010dast izliv za la\u017eji dostop do velikih loncev in ponev.<\/li>\n<li data-sourcepos=\"25:4-26:3\">Zaradi svoje vsestranskosti se pogosto uporabljajo v poslovnih kuhinjah.<\/li>\n<\/ul>\n<\/li>\n<li data-sourcepos=\"27:1-30:3\">\n<p data-sourcepos=\"27:4-27:25\"><strong>Me\u0161alniki za splakovanje:<\/strong><\/p>\n<ul data-sourcepos=\"28:4-30:3\">\n<li data-sourcepos=\"28:4-28:85\">Zasnovan je za te\u017eka \u010di\u0161\u010denja, kot je izpiranje ostankov hrane iz posode.<\/li>\n<li data-sourcepos=\"29:4-30:3\">Obi\u010dajno ima visokotla\u010dno razpr\u0161ilno glavo.<\/li>\n<\/ul>\n<\/li>\n<li data-sourcepos=\"31:1-34:0\">\n<p data-sourcepos=\"31:4-31:25\"><strong>Vodovodne pipe brez dotika:<\/strong><\/p>\n<ul data-sourcepos=\"32:4-34:0\">\n<li data-sourcepos=\"32:4-32:81\">Spodbuja higieno, saj ni potreben ro\u010dni stik s pipo.<\/li>\n<li data-sourcepos=\"33:4-34:0\">Idealen je za prostore z veliko prometa, kot so poslovne kuhinje in sanitarije.<\/li>\n<\/ul>\n<\/li>\n<\/ol>\n<p data-sourcepos=\"44:1-44:135\">\u010ce skrbno upo\u0161tevate te dejavnike, lahko izberete popolno pipo za umivalnik za poslovne prostore, ki bo ustrezala posebnim potrebam va\u0161ega podjetja.<\/p>","protected":false},"excerpt":{"rendered":"<h3 data-sourcepos=\"35:1-35:62\">Dejavniki, ki jih je treba upo\u0161tevati pri izbiri komercialne pipe za umivalnik<\/h3>\n<ul data-sourcepos=\"37:1-43:0\">\n<li data-sourcepos=\"37:1-37:94\"><strong>Hitrost pretoka:<\/strong> Prepri\u010dajte se, da lahko pipa zagotavlja potreben pretok vode za va\u0161e posebne potrebe.<\/li>\n<li data-sourcepos=\"38:1-38:96\"><strong>Trajnost:<\/strong> Izberite pipo, izdelano iz visokokakovostnih materialov, ki so odporni na intenzivno uporabo.<\/li>\n<li data-sourcepos=\"39:1-39:79\"><strong>Zaklju\u010dek:<\/strong> Izberite premaz, ki je odporen proti koroziji in ga je enostavno \u010distiti.<\/li>\n<li data-sourcepos=\"40:1-40:91\"><strong>Namestitev:<\/strong> Upo\u0161tevajte na\u010din namestitve in potrebne vodovodne priklju\u010dke.<\/li>\n<li data-sourcepos=\"41:1-41:97\"><strong>Vzdr\u017eevanje:<\/strong> Poi\u0161\u010dite baterije z enostavnimi deli za zamenjavo in preprostimi postopki vzdr\u017eevanja.<\/li>\n<li data-sourcepos=\"42:1-43:0\"><strong>Skladnost s predpisi:<\/strong> Prepri\u010dajte se, da je pipa skladna z lokalnimi vodovodnimi predpisi.<\/li>\n<\/ul>","protected":false},"featured_media":2651,"template":"","meta":[],"product_brand":[],"product_cat":[57],"product_tag":[],"class_list":{"0":"post-2650","1":"product","2":"type-product","3":"status-publish","4":"has-post-thumbnail","6":"product_cat-stainless-steel-faucet","8":"first","9":"instock","10":"shipping-taxable","11":"product-type-simple"},"_links":{"self":[{"href":"https:\/\/sinkwithfaucet.com\/sl\/wp-json\/wp\/v2\/product\/2650","targetHints":{"allow":["GET"]}}],"collection":[{"href":"https:\/\/sinkwithfaucet.com\/sl\/wp-json\/wp\/v2\/product"}],"about":[{"href":"https:\/\/sinkwithfaucet.com\/sl\/wp-json\/wp\/v2\/types\/product"}],"wp:featuredmedia":[{"embeddable":true,"href":"https:\/\/sinkwithfaucet.com\/sl\/wp-json\/wp\/v2\/media\/2651"}],"wp:attachment":[{"href":"https:\/\/sinkwithfaucet.com\/sl\/wp-json\/wp\/v2\/media?parent=2650"}],"wp:term":[{"taxonomy":"product_brand","embeddable":true,"href":"https:\/\/sinkwithfaucet.com\/sl\/wp-json\/wp\/v2\/product_brand?post=2650"},{"taxonomy":"product_cat","embeddable":true,"href":"https:\/\/sinkwithfaucet.com\/sl\/wp-json\/wp\/v2\/product_cat?post=2650"},{"taxonomy":"product_tag","embeddable":true,"href":"https:\/\/sinkwithfaucet.com\/sl\/wp-json\/wp\/v2\/product_tag?post=2650"}],"curies":[{"name":"wp","href":"https:\/\/api.w.org\/{rel}","templated":true}]}}