{"id":2647,"date":"2024-11-11T09:41:51","date_gmt":"2024-11-11T09:41:51","guid":{"rendered":"https:\/\/sinkwithfaucet.com\/?post_type=product&#038;p=2647"},"modified":"2024-11-11T09:41:51","modified_gmt":"2024-11-11T09:41:51","slug":"lead-free-kitchen-faucet-1021","status":"publish","type":"product","link":"https:\/\/sinkwithfaucet.com\/sl\/lead-free-kitchen-faucet-1021\/","title":{"rendered":"Kuhinjska pipa brez svinca 1021"},"content":{"rendered":"<h2 data-sourcepos=\"1:1-1:57\">Kuhinjske pipe brez svinca: Varna izbira za va\u0161 dom<\/h2>\n<p data-sourcepos=\"3:1-3:288\">Kuhinjska pipa, ki ne vsebuje svinca, je klju\u010dni element za zagotavljanje varnosti in kakovosti pitne vode. Izpostavljenost svincu, zlasti pri otrocih, ima lahko resne zdravstvene posledice. Z izbiro pipe brez svinca naredite proaktiven korak za za\u0161\u010dito dobrega po\u010dutja svoje dru\u017eine.<\/p>\n<h3 data-sourcepos=\"5:1-5:34\">Zakaj izbrati pipo brez svinca?<\/h3>\n<ul data-sourcepos=\"7:1-10:0\">\n<li data-sourcepos=\"7:1-7:152\"><strong>Prednosti za zdravje:<\/strong> Izpostavljenost svincu lahko povzro\u010di razli\u010dne zdravstvene te\u017eave, vklju\u010dno z zaostankom v razvoju, u\u010dnimi te\u017eavami in vedenjskimi te\u017eavami.<\/li>\n<li data-sourcepos=\"8:1-8:110\"><strong>Skladnost s predpisi:<\/strong> V \u0161tevilnih regijah veljajo strogi predpisi glede vsebnosti svinca v vodovodnih napeljavah.<\/li>\n<li data-sourcepos=\"9:1-10:0\"><strong>Miren spanec:<\/strong> \u010ce veste, da va\u0161a voda ne vsebuje \u0161kodljivih onesna\u017eevalcev, ste lahko pomirjeni.<\/li>\n<\/ul>\n<h3 data-sourcepos=\"11:1-11:38\">Kako prepoznati pipo, ki ne vsebuje svinca<\/h3>\n<p data-sourcepos=\"13:1-13:49\">Poi\u0161\u010dite naslednje certifikate in oznake:<\/p>\n<ul data-sourcepos=\"15:1-17:0\">\n<li data-sourcepos=\"15:1-15:102\"><strong>NSF\/ANSI 61:<\/strong> Ta certifikat zagotavlja, da pipa izpolnjuje stroge standarde glede vsebnosti svinca.<\/li>\n<li data-sourcepos=\"16:1-17:0\"><strong>WaterSense:<\/strong> Ta oznaka ozna\u010duje, da je pipa var\u010dna z vodo.<\/li>\n<\/ul>\n<p data-sourcepos=\"25:1-25:119\">S premi\u0161ljeno izbiro lahko izberete kuhinjsko pipo brez svinca, ki zdru\u017euje slog, funkcionalnost in varnost.<\/p>","protected":false},"excerpt":{"rendered":"<h3 data-sourcepos=\"18:1-18:48\">Izbira kuhinjske pipe brez svinca<\/h3>\n<ol data-sourcepos=\"20:1-24:0\">\n<li data-sourcepos=\"20:1-20:125\"><strong>Preverite material:<\/strong> Odlo\u010dite se za pipe iz materialov, kot sta nerjavno jeklo ali medenina, ki imata nizko vsebnost svinca.<\/li>\n<li data-sourcepos=\"21:1-21:99\"><strong>Preberite etiketo izdelka:<\/strong> Poi\u0161\u010dite posebne informacije o vsebini svinca in certifikatih.<\/li>\n<li data-sourcepos=\"22:1-22:143\"><strong>Razmislite o zaklju\u010dku:<\/strong> Medtem ko zaklju\u010dna obdelava ne vpliva neposredno na vsebnost svinca, lahko vpliva na celoten videz in trajnost pipe.<\/li>\n<li data-sourcepos=\"23:1-24:0\"><strong>Izberite ugledno blagovno znamko:<\/strong> Znane blagovne znamke pogosto dajejo prednost kakovosti in varnosti.<\/li>\n<\/ol>","protected":false},"featured_media":2648,"template":"","meta":[],"product_brand":[],"product_cat":[57],"product_tag":[],"class_list":{"0":"post-2647","1":"product","2":"type-product","3":"status-publish","4":"has-post-thumbnail","6":"product_cat-stainless-steel-faucet","8":"first","9":"instock","10":"shipping-taxable","11":"product-type-simple"},"_links":{"self":[{"href":"https:\/\/sinkwithfaucet.com\/sl\/wp-json\/wp\/v2\/product\/2647","targetHints":{"allow":["GET"]}}],"collection":[{"href":"https:\/\/sinkwithfaucet.com\/sl\/wp-json\/wp\/v2\/product"}],"about":[{"href":"https:\/\/sinkwithfaucet.com\/sl\/wp-json\/wp\/v2\/types\/product"}],"wp:featuredmedia":[{"embeddable":true,"href":"https:\/\/sinkwithfaucet.com\/sl\/wp-json\/wp\/v2\/media\/2648"}],"wp:attachment":[{"href":"https:\/\/sinkwithfaucet.com\/sl\/wp-json\/wp\/v2\/media?parent=2647"}],"wp:term":[{"taxonomy":"product_brand","embeddable":true,"href":"https:\/\/sinkwithfaucet.com\/sl\/wp-json\/wp\/v2\/product_brand?post=2647"},{"taxonomy":"product_cat","embeddable":true,"href":"https:\/\/sinkwithfaucet.com\/sl\/wp-json\/wp\/v2\/product_cat?post=2647"},{"taxonomy":"product_tag","embeddable":true,"href":"https:\/\/sinkwithfaucet.com\/sl\/wp-json\/wp\/v2\/product_tag?post=2647"}],"curies":[{"name":"wp","href":"https:\/\/api.w.org\/{rel}","templated":true}]}}